{"id":10421,"date":"2019-07-15T23:27:00","date_gmt":"2019-07-15T21:27:00","guid":{"rendered":"http:\/\/agora.xtec.cat\/ceip-pompeufabra-manlleu\/?page_id=10421"},"modified":"2022-09-27T23:14:30","modified_gmt":"2022-09-27T21:14:30","slug":"escola-verda","status":"publish","type":"page","link":"https:\/\/agora.xtec.cat\/ceip-pompeufabra-manlleu\/ampa\/escola-verda\/","title":{"rendered":"Comissi\u00f3 Ecol\u00f2gica"},"content":{"rendered":"<p>MEMBRES DE LA COMISSI\u00d3: N\u00faria Collelldemont &#8211; Maribel S\u00e1nchez &#8211; Mariona Gavald\u00e0<\/p>\n<p>Des d&#8217;aquesta comissi\u00f3, tal i com indica el seu nom, es gestionen temes relacionats amb la sostenibilitat i respecte al medi ambient. Si voleu aportar alguna proposta relacionada amb aquest tema, us podeu posar en contacte al correu <span style=\"color: #008000;\">afa.ecologica@escolapompeufabra.org<\/span><\/p>\n<p>Com segurament sabreu, l&#8217;oli \u00e9s un dels residus dom\u00e8stics m\u00e9s contaminants, i a la vegada, un dels que t\u00e9 menys recollida selectiva. Doncs b\u00e9, des de l&#8217;AFA us facilitem el reciclatge d&#8217;aquest residu.<span style=\"text-decoration: underline;\"> Com ho fem?<\/span> Doncs com veureu, cada dimarts a les 09:00h, a l&#8217;entrada de l&#8217;escola hi trobareu dos carros, un per poder agafar un pot i un altre per retornar-lo un cop estigui ple. Nosaltres ja ens encarreguem de fer-lo arribar a una empresa pel seu tractament.<\/p>\n<p>Ens agradaria que sab\u00e9ssiu que si es separa l\u2019oli a casa, s&#8217;aconsegueix contribuir a la conservaci\u00f3 del medi ambient, sense vessaments de qualsevol tipus a la natura. Tamb\u00e9 significa un estalvi en el tractament d&#8217;aig\u00fces residuals a les depuradores i en el manteniment de canonades i la xarxa de clavegueram. A m\u00e9s, es valoritza un residu contaminant en forma de biocombustible i es redueixen els gasos d&#8217;efecte hivernacle en la fabricaci\u00f3 del biodi\u00e8sel.<\/p>\n<p>Aquesta comissi\u00f3, treballa conjuntament amb l&#8217;escola i t\u00e9 molts projectes en ment, per tant, si t&#8217;interessa aquest tema, no ho dubtis ni un moment, hi posa&#8217;t amb contacte amb nosaltres a trav\u00e9s del nostre correu, que us recordem ara mateix, afa@escolapompeufabra.org.<\/p>\n","protected":false},"excerpt":{"rendered":"<p>MEMBRES DE LA COMISSI\u00d3: N\u00faria Collelldemont &#8211; Maribel S\u00e1nchez &#8211; Mariona Gavald\u00e0 Des d&#8217;aquesta comissi\u00f3, tal i com indica el seu nom, es gestionen temes relacionats amb la sostenibilitat i respecte al medi ambient. Si voleu aportar alguna proposta relacionada amb aquest tema, us podeu posar en contacte al correu afa.ecologica@escolapompeufabra.org Com segurament sabreu, l&#8217;oli [&hellip;]<\/p>\n","protected":false},"author":58,"featured_media":0,"parent":516,"menu_order":0,"comment_status":"closed","ping_status":"closed","template":"","meta":{"_bbp_topic_count":0,"_bbp_reply_count":0,"_bbp_total_topic_count":0,"_bbp_total_reply_count":0,"_bbp_voice_count":0,"_bbp_anonymous_reply_count":0,"_bbp_topic_count_hidden":0,"_bbp_reply_count_hidden":0,"_bbp_forum_subforum_count":0,"site-sidebar-layout":"default","site-content-layout":"","ast-site-content-layout":"","site-content-style":"default","site-sidebar-style":"default","ast-global-header-display":"","ast-banner-title-visibility":"","ast-main-header-display":"","ast-hfb-above-header-display":"","ast-hfb-below-header-display":"","ast-hfb-mobile-header-display":"","site-post-title":"","ast-breadcrumbs-content":"","ast-featured-img":"","footer-sml-layout":"","theme-transparent-header-meta":"","adv-header-id-meta":"","stick-header-meta":"","header-above-stick-meta":"","header-main-stick-meta":"","header-below-stick-meta":"","astra-migrate-meta-layouts":"default","ast-page-background-enabled":"default","ast-page-background-meta":{"desktop":{"background-color":"var(--ast-global-color-4)","background-image":"","background-repeat":"repeat","background-position":"center center","background-size":"auto","background-attachment":"scroll","background-type":"","background-media":"","overlay-type":"","overlay-color":"","overlay-opacity":"","overlay-gradient":""},"tablet":{"background-color":"","background-image":"","background-repeat":"repeat","background-position":"center center","background-size":"auto","background-attachment":"scroll","background-type":"","background-media":"","overlay-type":"","overlay-color":"","overlay-opacity":"","overlay-gradient":""},"mobile":{"background-color":"","background-image":"","background-repeat":"repeat","background-position":"center center","background-size":"auto","background-attachment":"scroll","background-type":"","background-media":"","overlay-type":"","overlay-color":"","overlay-opacity":"","overlay-gradient":""}},"ast-content-background-meta":{"desktop":{"background-color":"var(--ast-global-color-5)","background-image":"","background-repeat":"repeat","background-position":"center center","background-size":"auto","background-attachment":"scroll","background-type":"","background-media":"","overlay-type":"","overlay-color":"","overlay-opacity":"","overlay-gradient":""},"tablet":{"background-color":"var(--ast-global-color-5)","background-image":"","background-repeat":"repeat","background-position":"center center","background-size":"auto","background-attachment":"scroll","background-type":"","background-media":"","overlay-type":"","overlay-color":"","overlay-opacity":"","overlay-gradient":""},"mobile":{"background-color":"var(--ast-global-color-5)","background-image":"","background-repeat":"repeat","background-position":"center center","background-size":"auto","background-attachment":"scroll","background-type":"","background-media":"","overlay-type":"","overlay-color":"","overlay-opacity":"","overlay-gradient":""}},"footnotes":""},"class_list":["post-10421","page","type-page","status-publish","hentry"],"post_mailing_queue_ids":[],"_links":{"self":[{"href":"https:\/\/agora.xtec.cat\/ceip-pompeufabra-manlleu\/wp-json\/wp\/v2\/pages\/10421","targetHints":{"allow":["GET"]}}],"collection":[{"href":"https:\/\/agora.xtec.cat\/ceip-pompeufabra-manlleu\/wp-json\/wp\/v2\/pages"}],"about":[{"href":"https:\/\/agora.xtec.cat\/ceip-pompeufabra-manlleu\/wp-json\/wp\/v2\/types\/page"}],"author":[{"embeddable":true,"href":"https:\/\/agora.xtec.cat\/ceip-pompeufabra-manlleu\/wp-json\/wp\/v2\/users\/58"}],"replies":[{"embeddable":true,"href":"https:\/\/agora.xtec.cat\/ceip-pompeufabra-manlleu\/wp-json\/wp\/v2\/comments?post=10421"}],"version-history":[{"count":4,"href":"https:\/\/agora.xtec.cat\/ceip-pompeufabra-manlleu\/wp-json\/wp\/v2\/pages\/10421\/revisions"}],"predecessor-version":[{"id":18241,"href":"https:\/\/agora.xtec.cat\/ceip-pompeufabra-manlleu\/wp-json\/wp\/v2\/pages\/10421\/revisions\/18241"}],"up":[{"embeddable":true,"href":"https:\/\/agora.xtec.cat\/ceip-pompeufabra-manlleu\/wp-json\/wp\/v2\/pages\/516"}],"wp:attachment":[{"href":"https:\/\/agora.xtec.cat\/ceip-pompeufabra-manlleu\/wp-json\/wp\/v2\/media?parent=10421"}],"curies":[{"name":"wp","href":"https:\/\/api.w.org\/{rel}","templated":true}]}}