{"id":10420,"date":"2019-07-15T23:27:00","date_gmt":"2019-07-15T21:27:00","guid":{"rendered":"http:\/\/agora.xtec.cat\/ceip-pompeufabra-manlleu\/?page_id=10420"},"modified":"2022-09-27T23:18:02","modified_gmt":"2022-09-27T21:18:02","slug":"festes","status":"publish","type":"page","link":"https:\/\/agora.xtec.cat\/ceip-pompeufabra-manlleu\/ampa\/festes\/","title":{"rendered":"Festes"},"content":{"rendered":"<p>MEMBRES: Gemma Blazquez &#8211; Anna Diaz<\/p>\n<p>La\u00a0<strong>Comissi\u00f3 de Festes<\/strong> actuem com a motor de les festes de l&#8217;escola i vetllem perqu\u00e8 tots els actes de les mateixes vagin en conson\u00e0ncia al projecte de l&#8217;escola basades en fer comunitat, compartir, reciclar, etc. Algunes de les festes que organitzem i\/o col\u00b7laborem s\u00f3n: l&#8217;arribada del patge, el carnaval, la festa de fi de curs&#8230; Sempre es necessita la col\u00b7laboraci\u00f3 puntual (abans, durant i despr\u00e9s de la festa) de m\u00e9s voluntaris.<\/p>\n<p>Ens agradaria crear nous esdeveniments i que a poc a poc es vagin consolidant en el calendari, assistint a festes tradicionals del municipi, participant conjuntament amb festes de l&#8217;escola, creant activitats solid\u00e0ries,&#8230;.\u00a0 Demanem la vostra col\u00b7laboraci\u00f3 amb idees fresques i innovadores!<\/p>\n<p>Per tots aquells que ens vulguin donar un cop de m\u00e0 en la coordinaci\u00f3 i preparaci\u00f3 de les festes us podeu posar en contacte amb aquesta comissi\u00f3 a <span style=\"color: #008000;\">afa@escolapompeufabra.org<\/span>.<\/p>\n<p>US NECESSITEM!!!!<\/p>\n","protected":false},"excerpt":{"rendered":"<p>MEMBRES: Gemma Blazquez &#8211; Anna Diaz La\u00a0Comissi\u00f3 de Festes actuem com a motor de les festes de l&#8217;escola i vetllem perqu\u00e8 tots els actes de les mateixes vagin en conson\u00e0ncia al projecte de l&#8217;escola basades en fer comunitat, compartir, reciclar, etc. Algunes de les festes que organitzem i\/o col\u00b7laborem s\u00f3n: l&#8217;arribada del patge, el carnaval, [&hellip;]<\/p>\n","protected":false},"author":58,"featured_media":0,"parent":516,"menu_order":0,"comment_status":"closed","ping_status":"closed","template":"","meta":{"_bbp_topic_count":0,"_bbp_reply_count":0,"_bbp_total_topic_count":0,"_bbp_total_reply_count":0,"_bbp_voice_count":0,"_bbp_anonymous_reply_count":0,"_bbp_topic_count_hidden":0,"_bbp_reply_count_hidden":0,"_bbp_forum_subforum_count":0,"site-sidebar-layout":"default","site-content-layout":"","ast-site-content-layout":"","site-content-style":"default","site-sidebar-style":"default","ast-global-header-display":"","ast-banner-title-visibility":"","ast-main-header-display":"","ast-hfb-above-header-display":"","ast-hfb-below-header-display":"","ast-hfb-mobile-header-display":"","site-post-title":"","ast-breadcrumbs-content":"","ast-featured-img":"","footer-sml-layout":"","theme-transparent-header-meta":"","adv-header-id-meta":"","stick-header-meta":"","header-above-stick-meta":"","header-main-stick-meta":"","header-below-stick-meta":"","astra-migrate-meta-layouts":"default","ast-page-background-enabled":"default","ast-page-background-meta":{"desktop":{"background-color":"var(--ast-global-color-4)","background-image":"","background-repeat":"repeat","background-position":"center center","background-size":"auto","background-attachment":"scroll","background-type":"","background-media":"","overlay-type":"","overlay-color":"","overlay-opacity":"","overlay-gradient":""},"tablet":{"background-color":"","background-image":"","background-repeat":"repeat","background-position":"center center","background-size":"auto","background-attachment":"scroll","background-type":"","background-media":"","overlay-type":"","overlay-color":"","overlay-opacity":"","overlay-gradient":""},"mobile":{"background-color":"","background-image":"","background-repeat":"repeat","background-position":"center center","background-size":"auto","background-attachment":"scroll","background-type":"","background-media":"","overlay-type":"","overlay-color":"","overlay-opacity":"","overlay-gradient":""}},"ast-content-background-meta":{"desktop":{"background-color":"var(--ast-global-color-5)","background-image":"","background-repeat":"repeat","background-position":"center center","background-size":"auto","background-attachment":"scroll","background-type":"","background-media":"","overlay-type":"","overlay-color":"","overlay-opacity":"","overlay-gradient":""},"tablet":{"background-color":"var(--ast-global-color-5)","background-image":"","background-repeat":"repeat","background-position":"center center","background-size":"auto","background-attachment":"scroll","background-type":"","background-media":"","overlay-type":"","overlay-color":"","overlay-opacity":"","overlay-gradient":""},"mobile":{"background-color":"var(--ast-global-color-5)","background-image":"","background-repeat":"repeat","background-position":"center center","background-size":"auto","background-attachment":"scroll","background-type":"","background-media":"","overlay-type":"","overlay-color":"","overlay-opacity":"","overlay-gradient":""}},"footnotes":""},"class_list":["post-10420","page","type-page","status-publish","hentry"],"post_mailing_queue_ids":[],"_links":{"self":[{"href":"https:\/\/agora.xtec.cat\/ceip-pompeufabra-manlleu\/wp-json\/wp\/v2\/pages\/10420","targetHints":{"allow":["GET"]}}],"collection":[{"href":"https:\/\/agora.xtec.cat\/ceip-pompeufabra-manlleu\/wp-json\/wp\/v2\/pages"}],"about":[{"href":"https:\/\/agora.xtec.cat\/ceip-pompeufabra-manlleu\/wp-json\/wp\/v2\/types\/page"}],"author":[{"embeddable":true,"href":"https:\/\/agora.xtec.cat\/ceip-pompeufabra-manlleu\/wp-json\/wp\/v2\/users\/58"}],"replies":[{"embeddable":true,"href":"https:\/\/agora.xtec.cat\/ceip-pompeufabra-manlleu\/wp-json\/wp\/v2\/comments?post=10420"}],"version-history":[{"count":4,"href":"https:\/\/agora.xtec.cat\/ceip-pompeufabra-manlleu\/wp-json\/wp\/v2\/pages\/10420\/revisions"}],"predecessor-version":[{"id":18244,"href":"https:\/\/agora.xtec.cat\/ceip-pompeufabra-manlleu\/wp-json\/wp\/v2\/pages\/10420\/revisions\/18244"}],"up":[{"embeddable":true,"href":"https:\/\/agora.xtec.cat\/ceip-pompeufabra-manlleu\/wp-json\/wp\/v2\/pages\/516"}],"wp:attachment":[{"href":"https:\/\/agora.xtec.cat\/ceip-pompeufabra-manlleu\/wp-json\/wp\/v2\/media?parent=10420"}],"curies":[{"name":"wp","href":"https:\/\/api.w.org\/{rel}","templated":true}]}}