{"id":10419,"date":"2019-07-15T23:27:00","date_gmt":"2019-07-15T21:27:00","guid":{"rendered":"http:\/\/agora.xtec.cat\/ceip-pompeufabra-manlleu\/?page_id=10419"},"modified":"2022-09-27T23:07:36","modified_gmt":"2022-09-27T21:07:36","slug":"acollida-i-menjador","status":"publish","type":"page","link":"https:\/\/agora.xtec.cat\/ceip-pompeufabra-manlleu\/ampa\/acollida-i-menjador\/","title":{"rendered":"Acollida i Menjador"},"content":{"rendered":"<p>MEMBRES DE LA COMISSI\u00d3: Mireia Fabreg\u00f3 &#8211; Mireia Colom<\/p>\n<p>La Comissi\u00f3 d&#8217;acollida i menjador s&#8217;ocupa de tot el relatiu al servei matinal del Bon dia i del servei del menjador de l&#8217;escola. Aix\u00ed doncs, s&#8217;encarrega de gestionar el contacte i la relaci\u00f3 amb l&#8217;empresa que es cuida del monitoratge de l&#8217;acollida del mat\u00ed i amb l&#8217;empesa de cuina i monitoratge de menjador. Resol amb ells qualsevol tema que pugui sorgir (transmissi\u00f3 de queixes i suggeriments, informaci\u00f3 que els afecti&#8230;). Tamb\u00e9 fa visites peri\u00f2diques per comprovar el funcionament del servei i n&#8217;informa a la direcci\u00f3 de l&#8217;escola i a l&#8217;AFA.<\/p>\n<p><span style=\"font-family: inherit; font-size: 1em;\">A m\u00e9s a m\u00e9s, s&#8217;ocupa de gestionar qualsevol incid\u00e8ncia que hi\u00a0 pugui haver amb la m\u00e0quina d&#8217;osmosis del mateix menjador.\u00a0<\/span><\/p>\n<p>Si teniu qualsevol dubte, queixa o suggeriment del servei d&#8217;acollida matinal i del menjador, podeu enviar un email a <span style=\"color: #008000;\">afa.menjador@escolapompeufabra.org<\/span><\/p>\n<p><strong>Si vols participar en aquesta comissi\u00f3 <\/strong>nom\u00e9s et demanem que siguis usuari\/-a d&#8217;aquests serveis, i que et posis en contacte amb l&#8217;AFA a trav\u00e9s dels diferents mitjans disponibles.<\/p>\n","protected":false},"excerpt":{"rendered":"<p>MEMBRES DE LA COMISSI\u00d3: Mireia Fabreg\u00f3 &#8211; Mireia Colom La Comissi\u00f3 d&#8217;acollida i menjador s&#8217;ocupa de tot el relatiu al servei matinal del Bon dia i del servei del menjador de l&#8217;escola. Aix\u00ed doncs, s&#8217;encarrega de gestionar el contacte i la relaci\u00f3 amb l&#8217;empresa que es cuida del monitoratge de l&#8217;acollida del mat\u00ed i amb [&hellip;]<\/p>\n","protected":false},"author":58,"featured_media":0,"parent":516,"menu_order":0,"comment_status":"closed","ping_status":"closed","template":"","meta":{"_bbp_topic_count":0,"_bbp_reply_count":0,"_bbp_total_topic_count":0,"_bbp_total_reply_count":0,"_bbp_voice_count":0,"_bbp_anonymous_reply_count":0,"_bbp_topic_count_hidden":0,"_bbp_reply_count_hidden":0,"_bbp_forum_subforum_count":0,"site-sidebar-layout":"default","site-content-layout":"","ast-site-content-layout":"","site-content-style":"default","site-sidebar-style":"default","ast-global-header-display":"","ast-banner-title-visibility":"","ast-main-header-display":"","ast-hfb-above-header-display":"","ast-hfb-below-header-display":"","ast-hfb-mobile-header-display":"","site-post-title":"","ast-breadcrumbs-content":"","ast-featured-img":"","footer-sml-layout":"","theme-transparent-header-meta":"","adv-header-id-meta":"","stick-header-meta":"","header-above-stick-meta":"","header-main-stick-meta":"","header-below-stick-meta":"","astra-migrate-meta-layouts":"default","ast-page-background-enabled":"default","ast-page-background-meta":{"desktop":{"background-color":"var(--ast-global-color-4)","background-image":"","background-repeat":"repeat","background-position":"center center","background-size":"auto","background-attachment":"scroll","background-type":"","background-media":"","overlay-type":"","overlay-color":"","overlay-opacity":"","overlay-gradient":""},"tablet":{"background-color":"","background-image":"","background-repeat":"repeat","background-position":"center center","background-size":"auto","background-attachment":"scroll","background-type":"","background-media":"","overlay-type":"","overlay-color":"","overlay-opacity":"","overlay-gradient":""},"mobile":{"background-color":"","background-image":"","background-repeat":"repeat","background-position":"center center","background-size":"auto","background-attachment":"scroll","background-type":"","background-media":"","overlay-type":"","overlay-color":"","overlay-opacity":"","overlay-gradient":""}},"ast-content-background-meta":{"desktop":{"background-color":"var(--ast-global-color-5)","background-image":"","background-repeat":"repeat","background-position":"center center","background-size":"auto","background-attachment":"scroll","background-type":"","background-media":"","overlay-type":"","overlay-color":"","overlay-opacity":"","overlay-gradient":""},"tablet":{"background-color":"var(--ast-global-color-5)","background-image":"","background-repeat":"repeat","background-position":"center center","background-size":"auto","background-attachment":"scroll","background-type":"","background-media":"","overlay-type":"","overlay-color":"","overlay-opacity":"","overlay-gradient":""},"mobile":{"background-color":"var(--ast-global-color-5)","background-image":"","background-repeat":"repeat","background-position":"center center","background-size":"auto","background-attachment":"scroll","background-type":"","background-media":"","overlay-type":"","overlay-color":"","overlay-opacity":"","overlay-gradient":""}},"footnotes":""},"class_list":["post-10419","page","type-page","status-publish","hentry"],"post_mailing_queue_ids":[],"_links":{"self":[{"href":"https:\/\/agora.xtec.cat\/ceip-pompeufabra-manlleu\/wp-json\/wp\/v2\/pages\/10419","targetHints":{"allow":["GET"]}}],"collection":[{"href":"https:\/\/agora.xtec.cat\/ceip-pompeufabra-manlleu\/wp-json\/wp\/v2\/pages"}],"about":[{"href":"https:\/\/agora.xtec.cat\/ceip-pompeufabra-manlleu\/wp-json\/wp\/v2\/types\/page"}],"author":[{"embeddable":true,"href":"https:\/\/agora.xtec.cat\/ceip-pompeufabra-manlleu\/wp-json\/wp\/v2\/users\/58"}],"replies":[{"embeddable":true,"href":"https:\/\/agora.xtec.cat\/ceip-pompeufabra-manlleu\/wp-json\/wp\/v2\/comments?post=10419"}],"version-history":[{"count":4,"href":"https:\/\/agora.xtec.cat\/ceip-pompeufabra-manlleu\/wp-json\/wp\/v2\/pages\/10419\/revisions"}],"predecessor-version":[{"id":18236,"href":"https:\/\/agora.xtec.cat\/ceip-pompeufabra-manlleu\/wp-json\/wp\/v2\/pages\/10419\/revisions\/18236"}],"up":[{"embeddable":true,"href":"https:\/\/agora.xtec.cat\/ceip-pompeufabra-manlleu\/wp-json\/wp\/v2\/pages\/516"}],"wp:attachment":[{"href":"https:\/\/agora.xtec.cat\/ceip-pompeufabra-manlleu\/wp-json\/wp\/v2\/media?parent=10419"}],"curies":[{"name":"wp","href":"https:\/\/api.w.org\/{rel}","templated":true}]}}