{"id":10417,"date":"2019-07-15T23:27:00","date_gmt":"2019-07-15T21:27:00","guid":{"rendered":"http:\/\/agora.xtec.cat\/ceip-pompeufabra-manlleu\/?page_id=10417"},"modified":"2022-09-27T23:17:02","modified_gmt":"2022-09-27T21:17:02","slug":"extraescolars-2","status":"publish","type":"page","link":"https:\/\/agora.xtec.cat\/ceip-pompeufabra-manlleu\/ampa\/extraescolars-2\/","title":{"rendered":"Extraescolars i Xarxampa"},"content":{"rendered":"<p>MEMBRES DE LA COMISSI\u00d3: Camelia Stingaciu &#8211; Isa Arrey &#8211; Pili Camps<\/p>\n<p style=\"text-align: left;\">La comissi\u00f3 d&#8217;extraescolars s&#8217;encarrega d&#8217;organitzar i gestionar les activitats extraescolars de l&#8217;escola, per tal de complementar l&#8217;oferta escolar a nivell d&#8217;horaris i activitats educatives. Tamb\u00e9 des d&#8217;aquesta comissi\u00f3 es gestiona el casal d&#8217;estiu.<\/p>\n<p>Podeu consultar les activitats extraescolars per aquest curs 2022-2023 en la seg\u00fcent adre\u00e7a:<\/p>\n<p><a href=\"https:\/\/www.extraescolars360manlleu.cat\/\">extraescolars360manlleu.cat<\/a><\/p>\n<p>L&#8217;oferta d&#8217;extraescolars est\u00e0 pensada perqu\u00e8 tots els\/les nens\/-es de l&#8217;escola tinguin l&#8217;opci\u00f3 d&#8217;inscriure&#8217;s a alguna activitat. Les activitats duren habitualment 1 hora.<\/p>\n<p>Les tasques d&#8217;aquesta comissi\u00f3 s\u00f3n:<\/p>\n<ul>\n<li>Seleccionar i contractar els prove\u00efdors de cada una de les activitats.<\/li>\n<li>En coordinaci\u00f3 amb la comissi\u00f3 de comunicaci\u00f3, facilitar informaci\u00f3 a totes les fam\u00edlies interessades en inscriure&#8217;s<\/li>\n<li>Facilitar la comunicaci\u00f3 entre el prove\u00efdor i les fam\u00edlies: informant de tot all\u00f2 necessari per a l&#8217;activitat, recollint qualsevol proposta, inquietud i dubte de les fam\u00edlies o del prove\u00efdor.<\/li>\n<li>Fer el seguiment del funcionament de les activitats i resoldre les incid\u00e8ncies.<\/li>\n<li>Vetllar per la qualitat del servei i la seva millora continua.<\/li>\n<li>Assistir a les reunions municipals de <span style=\"color: #0000ff;\"><a style=\"color: #0000ff;\" href=\"http:\/\/www.manlleu.cat\/viure\/educacio\/xarxampa.htm\">Xarxampa<\/a><\/span><\/li>\n<\/ul>\n<p>Podeu fer-nos qualsevol proposta, suggeriment, queixa, reclamaci\u00f3&#8230;, a afa.extraescolars@escolapompeufabra.org, i si tens ganes de formar part d&#8217;aquesta comissi\u00f3 nom\u00e9s cal que ens envi\u00efs un correu electr\u00f2nic amb les teves dades, t&#8217;estem esperant!<\/p>\n","protected":false},"excerpt":{"rendered":"<p>MEMBRES DE LA COMISSI\u00d3: Camelia Stingaciu &#8211; Isa Arrey &#8211; Pili Camps La comissi\u00f3 d&#8217;extraescolars s&#8217;encarrega d&#8217;organitzar i gestionar les activitats extraescolars de l&#8217;escola, per tal de complementar l&#8217;oferta escolar a nivell d&#8217;horaris i activitats educatives. Tamb\u00e9 des d&#8217;aquesta comissi\u00f3 es gestiona el casal d&#8217;estiu. Podeu consultar les activitats extraescolars per aquest curs 2022-2023 en [&hellip;]<\/p>\n","protected":false},"author":58,"featured_media":0,"parent":516,"menu_order":0,"comment_status":"closed","ping_status":"closed","template":"","meta":{"_bbp_topic_count":0,"_bbp_reply_count":0,"_bbp_total_topic_count":0,"_bbp_total_reply_count":0,"_bbp_voice_count":0,"_bbp_anonymous_reply_count":0,"_bbp_topic_count_hidden":0,"_bbp_reply_count_hidden":0,"_bbp_forum_subforum_count":0,"site-sidebar-layout":"default","site-content-layout":"","ast-site-content-layout":"","site-content-style":"default","site-sidebar-style":"default","ast-global-header-display":"","ast-banner-title-visibility":"","ast-main-header-display":"","ast-hfb-above-header-display":"","ast-hfb-below-header-display":"","ast-hfb-mobile-header-display":"","site-post-title":"","ast-breadcrumbs-content":"","ast-featured-img":"","footer-sml-layout":"","theme-transparent-header-meta":"","adv-header-id-meta":"","stick-header-meta":"","header-above-stick-meta":"","header-main-stick-meta":"","header-below-stick-meta":"","astra-migrate-meta-layouts":"default","ast-page-background-enabled":"default","ast-page-background-meta":{"desktop":{"background-color":"var(--ast-global-color-4)","background-image":"","background-repeat":"repeat","background-position":"center center","background-size":"auto","background-attachment":"scroll","background-type":"","background-media":"","overlay-type":"","overlay-color":"","overlay-opacity":"","overlay-gradient":""},"tablet":{"background-color":"","background-image":"","background-repeat":"repeat","background-position":"center center","background-size":"auto","background-attachment":"scroll","background-type":"","background-media":"","overlay-type":"","overlay-color":"","overlay-opacity":"","overlay-gradient":""},"mobile":{"background-color":"","background-image":"","background-repeat":"repeat","background-position":"center center","background-size":"auto","background-attachment":"scroll","background-type":"","background-media":"","overlay-type":"","overlay-color":"","overlay-opacity":"","overlay-gradient":""}},"ast-content-background-meta":{"desktop":{"background-color":"var(--ast-global-color-5)","background-image":"","background-repeat":"repeat","background-position":"center center","background-size":"auto","background-attachment":"scroll","background-type":"","background-media":"","overlay-type":"","overlay-color":"","overlay-opacity":"","overlay-gradient":""},"tablet":{"background-color":"var(--ast-global-color-5)","background-image":"","background-repeat":"repeat","background-position":"center center","background-size":"auto","background-attachment":"scroll","background-type":"","background-media":"","overlay-type":"","overlay-color":"","overlay-opacity":"","overlay-gradient":""},"mobile":{"background-color":"var(--ast-global-color-5)","background-image":"","background-repeat":"repeat","background-position":"center center","background-size":"auto","background-attachment":"scroll","background-type":"","background-media":"","overlay-type":"","overlay-color":"","overlay-opacity":"","overlay-gradient":""}},"footnotes":""},"class_list":["post-10417","page","type-page","status-publish","hentry"],"post_mailing_queue_ids":[],"_links":{"self":[{"href":"https:\/\/agora.xtec.cat\/ceip-pompeufabra-manlleu\/wp-json\/wp\/v2\/pages\/10417","targetHints":{"allow":["GET"]}}],"collection":[{"href":"https:\/\/agora.xtec.cat\/ceip-pompeufabra-manlleu\/wp-json\/wp\/v2\/pages"}],"about":[{"href":"https:\/\/agora.xtec.cat\/ceip-pompeufabra-manlleu\/wp-json\/wp\/v2\/types\/page"}],"author":[{"embeddable":true,"href":"https:\/\/agora.xtec.cat\/ceip-pompeufabra-manlleu\/wp-json\/wp\/v2\/users\/58"}],"replies":[{"embeddable":true,"href":"https:\/\/agora.xtec.cat\/ceip-pompeufabra-manlleu\/wp-json\/wp\/v2\/comments?post=10417"}],"version-history":[{"count":4,"href":"https:\/\/agora.xtec.cat\/ceip-pompeufabra-manlleu\/wp-json\/wp\/v2\/pages\/10417\/revisions"}],"predecessor-version":[{"id":18242,"href":"https:\/\/agora.xtec.cat\/ceip-pompeufabra-manlleu\/wp-json\/wp\/v2\/pages\/10417\/revisions\/18242"}],"up":[{"embeddable":true,"href":"https:\/\/agora.xtec.cat\/ceip-pompeufabra-manlleu\/wp-json\/wp\/v2\/pages\/516"}],"wp:attachment":[{"href":"https:\/\/agora.xtec.cat\/ceip-pompeufabra-manlleu\/wp-json\/wp\/v2\/media?parent=10417"}],"curies":[{"name":"wp","href":"https:\/\/api.w.org\/{rel}","templated":true}]}}