{"id":10410,"date":"2019-07-15T23:18:23","date_gmt":"2019-07-15T21:18:23","guid":{"rendered":"http:\/\/agora.xtec.cat\/ceip-pompeufabra-manlleu\/?page_id=10410"},"modified":"2022-09-27T23:05:12","modified_gmt":"2022-09-27T21:05:12","slug":"comissions","status":"publish","type":"page","link":"https:\/\/agora.xtec.cat\/ceip-pompeufabra-manlleu\/ampa\/comissions\/","title":{"rendered":"Comissions"},"content":{"rendered":"<p>L\u2019AFA divideix les seves tasques en diferents comissions de treball formades per pares, mares,tutors i\/o voluntaris, que es comprometen a impulsar i organitzar les activitats i serveis de l\u2019AFA perqu\u00e8 funcionin correctament.<\/p>\n<p>Actualment tenim les seg\u00fcents comissions:<\/p>\n<ul>\n<li>Comissi\u00f3 d&#8217;acollida i menjador<\/li>\n<li>Comissi\u00f3 de comunicaci\u00f3<\/li>\n<li>Comissi\u00f3 ecol\u00f2gica<\/li>\n<li>Comissi\u00f3 d&#8217;extraescolars i Xarxampa<\/li>\n<li>Comissi\u00f3 de festes<\/li>\n<\/ul>\n<p>L&#8217;acc\u00e9s \u00e9s obert i voluntari a qualsevol membre de l&#8217;AFA.<\/p>\n<p>Us recordem que participar en una comissi\u00f3 no significa necess\u00e0riament assistir a les reunions, sin\u00f3 que comporta coordinar-se amb els altres membres i responsabilitzar-se d&#8217;una gesti\u00f3 o tasca determinada (alguns exemples: fer telefonades, ajudar a preparar les diferents festes, anar a comparar all\u00f2 que es necessiti, reunir-se amb els prove\u00efdors de serveis en hores convenients, atendre les sol\u00b7licituds de les fam\u00edlies usu\u00e0ries\u2026).<\/p>\n<p>Si esteu interessats en formar part d&#8217;alguna de les comissions, us podeu posar en contacte al correu <strong><span style=\"text-decoration: underline;\"><span style=\"color: #008000; text-decoration: underline;\">afa@escolapompeufabra.org<\/span><\/span><\/strong>, en breu ens posarem en contacte amb vosaltres.<\/p>\n","protected":false},"excerpt":{"rendered":"<p>L\u2019AFA divideix les seves tasques en diferents comissions de treball formades per pares, mares,tutors i\/o voluntaris, que es comprometen a impulsar i organitzar les activitats i serveis de l\u2019AFA perqu\u00e8 funcionin correctament. Actualment tenim les seg\u00fcents comissions: Comissi\u00f3 d&#8217;acollida i menjador Comissi\u00f3 de comunicaci\u00f3 Comissi\u00f3 ecol\u00f2gica Comissi\u00f3 d&#8217;extraescolars i Xarxampa Comissi\u00f3 de festes L&#8217;acc\u00e9s \u00e9s [&hellip;]<\/p>\n","protected":false},"author":58,"featured_media":0,"parent":516,"menu_order":0,"comment_status":"closed","ping_status":"closed","template":"","meta":{"_bbp_topic_count":0,"_bbp_reply_count":0,"_bbp_total_topic_count":0,"_bbp_total_reply_count":0,"_bbp_voice_count":0,"_bbp_anonymous_reply_count":0,"_bbp_topic_count_hidden":0,"_bbp_reply_count_hidden":0,"_bbp_forum_subforum_count":0,"site-sidebar-layout":"default","site-content-layout":"","ast-site-content-layout":"","site-content-style":"default","site-sidebar-style":"default","ast-global-header-display":"","ast-banner-title-visibility":"","ast-main-header-display":"","ast-hfb-above-header-display":"","ast-hfb-below-header-display":"","ast-hfb-mobile-header-display":"","site-post-title":"","ast-breadcrumbs-content":"","ast-featured-img":"","footer-sml-layout":"","theme-transparent-header-meta":"","adv-header-id-meta":"","stick-header-meta":"","header-above-stick-meta":"","header-main-stick-meta":"","header-below-stick-meta":"","astra-migrate-meta-layouts":"default","ast-page-background-enabled":"default","ast-page-background-meta":{"desktop":{"background-color":"var(--ast-global-color-4)","background-image":"","background-repeat":"repeat","background-position":"center center","background-size":"auto","background-attachment":"scroll","background-type":"","background-media":"","overlay-type":"","overlay-color":"","overlay-opacity":"","overlay-gradient":""},"tablet":{"background-color":"","background-image":"","background-repeat":"repeat","background-position":"center center","background-size":"auto","background-attachment":"scroll","background-type":"","background-media":"","overlay-type":"","overlay-color":"","overlay-opacity":"","overlay-gradient":""},"mobile":{"background-color":"","background-image":"","background-repeat":"repeat","background-position":"center center","background-size":"auto","background-attachment":"scroll","background-type":"","background-media":"","overlay-type":"","overlay-color":"","overlay-opacity":"","overlay-gradient":""}},"ast-content-background-meta":{"desktop":{"background-color":"var(--ast-global-color-5)","background-image":"","background-repeat":"repeat","background-position":"center center","background-size":"auto","background-attachment":"scroll","background-type":"","background-media":"","overlay-type":"","overlay-color":"","overlay-opacity":"","overlay-gradient":""},"tablet":{"background-color":"var(--ast-global-color-5)","background-image":"","background-repeat":"repeat","background-position":"center center","background-size":"auto","background-attachment":"scroll","background-type":"","background-media":"","overlay-type":"","overlay-color":"","overlay-opacity":"","overlay-gradient":""},"mobile":{"background-color":"var(--ast-global-color-5)","background-image":"","background-repeat":"repeat","background-position":"center center","background-size":"auto","background-attachment":"scroll","background-type":"","background-media":"","overlay-type":"","overlay-color":"","overlay-opacity":"","overlay-gradient":""}},"footnotes":""},"class_list":["post-10410","page","type-page","status-publish","hentry"],"post_mailing_queue_ids":[],"_links":{"self":[{"href":"https:\/\/agora.xtec.cat\/ceip-pompeufabra-manlleu\/wp-json\/wp\/v2\/pages\/10410","targetHints":{"allow":["GET"]}}],"collection":[{"href":"https:\/\/agora.xtec.cat\/ceip-pompeufabra-manlleu\/wp-json\/wp\/v2\/pages"}],"about":[{"href":"https:\/\/agora.xtec.cat\/ceip-pompeufabra-manlleu\/wp-json\/wp\/v2\/types\/page"}],"author":[{"embeddable":true,"href":"https:\/\/agora.xtec.cat\/ceip-pompeufabra-manlleu\/wp-json\/wp\/v2\/users\/58"}],"replies":[{"embeddable":true,"href":"https:\/\/agora.xtec.cat\/ceip-pompeufabra-manlleu\/wp-json\/wp\/v2\/comments?post=10410"}],"version-history":[{"count":4,"href":"https:\/\/agora.xtec.cat\/ceip-pompeufabra-manlleu\/wp-json\/wp\/v2\/pages\/10410\/revisions"}],"predecessor-version":[{"id":18235,"href":"https:\/\/agora.xtec.cat\/ceip-pompeufabra-manlleu\/wp-json\/wp\/v2\/pages\/10410\/revisions\/18235"}],"up":[{"embeddable":true,"href":"https:\/\/agora.xtec.cat\/ceip-pompeufabra-manlleu\/wp-json\/wp\/v2\/pages\/516"}],"wp:attachment":[{"href":"https:\/\/agora.xtec.cat\/ceip-pompeufabra-manlleu\/wp-json\/wp\/v2\/media?parent=10410"}],"curies":[{"name":"wp","href":"https:\/\/api.w.org\/{rel}","templated":true}]}}