{"id":10401,"date":"2019-07-15T23:16:47","date_gmt":"2019-07-15T21:16:47","guid":{"rendered":"http:\/\/agora.xtec.cat\/ceip-pompeufabra-manlleu\/?page_id=10401"},"modified":"2022-09-27T23:10:58","modified_gmt":"2022-09-27T21:10:58","slug":"qui-som-i-que-fem","status":"publish","type":"page","link":"https:\/\/agora.xtec.cat\/ceip-pompeufabra-manlleu\/ampa\/qui-som-i-que-fem\/","title":{"rendered":"Qui som i qu\u00e8 fem"},"content":{"rendered":"<p><strong>Qui som?<\/strong><\/p>\n<p style=\"text-align: justify;\">L&#8217;associaci\u00f3 de fam\u00edlies de l&#8217;escola Pompeu Fabra (AFA Pompeu Fabra) som una associaci\u00f3 sense \u00e0nim de lucre plenament involucrada en la vida quotidiana de l&#8217;escola, que est\u00e0 formada per totes les fam\u00edlies dels\/de les alumnes de l&#8217;escola que volunt\u00e0riament contribu\u00efm a la millora de la qualitat del centre.<\/p>\n<p style=\"text-align: justify;\">L&#8217;exist\u00e8ncia de l&#8217;AFA ens permet participar en la vida escolar del centre i fer-nos corresponsables de l&#8217;educaci\u00f3 dels nostres fills i filles, de sentir-nos encara m\u00e9s a prop seu, de col\u00b7laborar amb els professorat del centre i fer costat a la feina dels diversos col\u00b7lectius que treballen i participen, d&#8217;una o altra forma, en l&#8217;educaci\u00f3 i el benestar dels nostres fills i filles.<\/p>\n<p style=\"text-align: justify;\">L&#8217;AFA est\u00e0 inscrita en el Registre d&#8217;Associacions del Departament de Just\u00edcia de la Generalitat de Catalunya i federada amb l&#8217;AFFAC (Associacions federades de fam\u00edlies d&#8217;alumnes de Catalunya). Els nostres estatuts els podeu consultar en aquest <a href=\"https:\/\/agora.xtec.cat\/ceip-pompeufabra-manlleu\/ampa\/documents-2\/\">enlla\u00e7<\/a> o a l&#8217;apartat de <strong>documents<\/strong>.<\/p>\n<p><strong>Els nostres objectius<\/strong><\/p>\n<ul>\n<li>Promoure la participaci\u00f3 de les fam\u00edlies en la vida de l&#8217;escola i la implicaci\u00f3 activa en l\u2019educaci\u00f3 dels nostres fills i filles.<\/li>\n<li>Donar suport als pares i mares amb serveis que els ajudin a conciliar millor treball i fam\u00edlia.<\/li>\n<li>Promoure activitats de formaci\u00f3 i orientaci\u00f3 tant des del vessant cultural com de responsabilitzaci\u00f3 en l\u2019educaci\u00f3 familiar.<\/li>\n<li>Organitzar conjuntament amb l&#8217;escola activitats l\u00fadiques i festives per generar un bon ambient i cohesionar les fam\u00edlies.<\/li>\n<li>Fomentar el di\u00e0leg dels pares i mares amb els diferents estaments de l\u2019escola per incentivar la formaci\u00f3 integral dels nostres fills i filles.<\/li>\n<li>Facilitar la integraci\u00f3 de les fam\u00edlies i de les mestres que cada curs arriben a l&#8217;escola<\/li>\n<li>Facilitar la col\u00b7laboraci\u00f3 del centre en els \u00e0mbits social, cultural, econ\u00f2mic i laboral de l&#8217;entorn.<\/li>\n<li>Donar continu\u00eftat al projecte pedag\u00f2gic<\/li>\n<\/ul>\n<p align=\"JUSTIFY\"><strong>Qu\u00e8 fem?<\/strong><\/p>\n<p style=\"text-align: justify;\" align=\"JUSTIFY\">Treballem i col\u00b7laborem amb l&#8217;equip directiu, pares i mares i mestres de l&#8217;escola per poder millorar el dia a dia dels nostres fills\/-es durant la seva estada a l&#8217;escola.<\/p>\n<p style=\"text-align: justify;\" align=\"JUSTIFY\">La feina principal \u00e9s donar suport a activitats i serveis on l&#8217;escola no pot arribar, com ara, gestionar el servei d&#8217;acollida matinal, les activitats extraescolars, supervisar el servei de menjador, etc.<\/p>\n<p style=\"text-align: justify;\" align=\"JUSTIFY\">Col\u00b7laborem o organitzem les festes de l&#8217;escola que es celebren al llarg de curs, gestionat tamb\u00e9, els recursos econ\u00f2mics per poder fer-ho.<\/p>\n<p style=\"text-align: justify;\" align=\"JUSTIFY\">Tamb\u00e9 tenim una petita representaci\u00f3 al Consell Escolar a trav\u00e9s d&#8217;un dels membres de l&#8217;AFA.<\/p>\n<p align=\"JUSTIFY\">Actualment, l&#8217;AFA est\u00e0 treballant en aquests temes:<\/p>\n<ul>\n<li>Reunions de l&#8217;AFA amb la direcci\u00f3 del centre<\/li>\n<li>Representaci\u00f3 al Consell Escolar del centre i municipal<\/li>\n<li>Col\u00b7laboraci\u00f3 econ\u00f2mica en activitats organitzades pel centre<\/li>\n<li>Gesti\u00f3 del servei d&#8217;acollida matinal<\/li>\n<li>Vetlla pel servei de menjador juntament amb l&#8217;escola, Consell Comarcal i l&#8217;empresa 7 i Tria<\/li>\n<li>Col\u00b7laboraci\u00f3 i\/o organitzaci\u00f3 de festes (rebuda patge reial, festa final de curs, carnaval&#8230;)<\/li>\n<li>Gesti\u00f3 de les col\u00f2nies de final de curs<\/li>\n<li>Gesti\u00f3 de les activitats extraescolars<\/li>\n<li>Manteniment de l&#8217;osmosi d&#8217;Educaci\u00f3 Infantil i del menjador<\/li>\n<li>Administra i finan\u00e7a el servei de biblioteca de l&#8217;escola<\/li>\n<li>Recollida d&#8217;oli<\/li>\n<li>Curset de piscina trimestral a 1r., 2n. i 3r.<\/li>\n<li>&#8230; entre d&#8217;altres.<\/li>\n<\/ul>\n<p>Qualsevol proposta\/idea que ens feu arribar ser\u00e0 benvinguda, per\u00f2 per continuar creixent, \u00e9s indispensable la vostra col\u00b7laboraci\u00f3. <strong><span style=\"color: #008000;\">Ajuda&#8217;ns a fer cr\u00e9ixer l&#8217;AFA!!<\/span><\/strong><\/p>\n","protected":false},"excerpt":{"rendered":"<p>Qui som? L&#8217;associaci\u00f3 de fam\u00edlies de l&#8217;escola Pompeu Fabra (AFA Pompeu Fabra) som una associaci\u00f3 sense \u00e0nim de lucre plenament involucrada en la vida quotidiana de l&#8217;escola, que est\u00e0 formada per totes les fam\u00edlies dels\/de les alumnes de l&#8217;escola que volunt\u00e0riament contribu\u00efm a la millora de la qualitat del centre. L&#8217;exist\u00e8ncia de l&#8217;AFA ens permet [&hellip;]<\/p>\n","protected":false},"author":58,"featured_media":0,"parent":516,"menu_order":0,"comment_status":"closed","ping_status":"closed","template":"","meta":{"_bbp_topic_count":0,"_bbp_reply_count":0,"_bbp_total_topic_count":0,"_bbp_total_reply_count":0,"_bbp_voice_count":0,"_bbp_anonymous_reply_count":0,"_bbp_topic_count_hidden":0,"_bbp_reply_count_hidden":0,"_bbp_forum_subforum_count":0,"site-sidebar-layout":"default","site-content-layout":"","ast-site-content-layout":"","site-content-style":"default","site-sidebar-style":"default","ast-global-header-display":"","ast-banner-title-visibility":"","ast-main-header-display":"","ast-hfb-above-header-display":"","ast-hfb-below-header-display":"","ast-hfb-mobile-header-display":"","site-post-title":"","ast-breadcrumbs-content":"","ast-featured-img":"","footer-sml-layout":"","theme-transparent-header-meta":"","adv-header-id-meta":"","stick-header-meta":"","header-above-stick-meta":"","header-main-stick-meta":"","header-below-stick-meta":"","astra-migrate-meta-layouts":"default","ast-page-background-enabled":"default","ast-page-background-meta":{"desktop":{"background-color":"var(--ast-global-color-4)","background-image":"","background-repeat":"repeat","background-position":"center center","background-size":"auto","background-attachment":"scroll","background-type":"","background-media":"","overlay-type":"","overlay-color":"","overlay-opacity":"","overlay-gradient":""},"tablet":{"background-color":"","background-image":"","background-repeat":"repeat","background-position":"center center","background-size":"auto","background-attachment":"scroll","background-type":"","background-media":"","overlay-type":"","overlay-color":"","overlay-opacity":"","overlay-gradient":""},"mobile":{"background-color":"","background-image":"","background-repeat":"repeat","background-position":"center center","background-size":"auto","background-attachment":"scroll","background-type":"","background-media":"","overlay-type":"","overlay-color":"","overlay-opacity":"","overlay-gradient":""}},"ast-content-background-meta":{"desktop":{"background-color":"var(--ast-global-color-5)","background-image":"","background-repeat":"repeat","background-position":"center center","background-size":"auto","background-attachment":"scroll","background-type":"","background-media":"","overlay-type":"","overlay-color":"","overlay-opacity":"","overlay-gradient":""},"tablet":{"background-color":"var(--ast-global-color-5)","background-image":"","background-repeat":"repeat","background-position":"center center","background-size":"auto","background-attachment":"scroll","background-type":"","background-media":"","overlay-type":"","overlay-color":"","overlay-opacity":"","overlay-gradient":""},"mobile":{"background-color":"var(--ast-global-color-5)","background-image":"","background-repeat":"repeat","background-position":"center center","background-size":"auto","background-attachment":"scroll","background-type":"","background-media":"","overlay-type":"","overlay-color":"","overlay-opacity":"","overlay-gradient":""}},"footnotes":""},"class_list":["post-10401","page","type-page","status-publish","hentry"],"post_mailing_queue_ids":[],"_links":{"self":[{"href":"https:\/\/agora.xtec.cat\/ceip-pompeufabra-manlleu\/wp-json\/wp\/v2\/pages\/10401","targetHints":{"allow":["GET"]}}],"collection":[{"href":"https:\/\/agora.xtec.cat\/ceip-pompeufabra-manlleu\/wp-json\/wp\/v2\/pages"}],"about":[{"href":"https:\/\/agora.xtec.cat\/ceip-pompeufabra-manlleu\/wp-json\/wp\/v2\/types\/page"}],"author":[{"embeddable":true,"href":"https:\/\/agora.xtec.cat\/ceip-pompeufabra-manlleu\/wp-json\/wp\/v2\/users\/58"}],"replies":[{"embeddable":true,"href":"https:\/\/agora.xtec.cat\/ceip-pompeufabra-manlleu\/wp-json\/wp\/v2\/comments?post=10401"}],"version-history":[{"count":3,"href":"https:\/\/agora.xtec.cat\/ceip-pompeufabra-manlleu\/wp-json\/wp\/v2\/pages\/10401\/revisions"}],"predecessor-version":[{"id":18239,"href":"https:\/\/agora.xtec.cat\/ceip-pompeufabra-manlleu\/wp-json\/wp\/v2\/pages\/10401\/revisions\/18239"}],"up":[{"embeddable":true,"href":"https:\/\/agora.xtec.cat\/ceip-pompeufabra-manlleu\/wp-json\/wp\/v2\/pages\/516"}],"wp:attachment":[{"href":"https:\/\/agora.xtec.cat\/ceip-pompeufabra-manlleu\/wp-json\/wp\/v2\/media?parent=10401"}],"curies":[{"name":"wp","href":"https:\/\/api.w.org\/{rel}","templated":true}]}}