{"id":10399,"date":"2019-07-15T23:16:47","date_gmt":"2019-07-15T21:16:47","guid":{"rendered":"http:\/\/agora.xtec.cat\/ceip-pompeufabra-manlleu\/?page_id=10399"},"modified":"2019-10-08T11:54:17","modified_gmt":"2019-10-08T09:54:17","slug":"noticies","status":"publish","type":"page","link":"https:\/\/agora.xtec.cat\/ceip-pompeufabra-manlleu\/ampa\/noticies\/","title":{"rendered":"Not\u00edcies"},"content":{"rendered":"<h5><strong>Nova junta de l\u2019AMPA<\/strong><\/h5>\n<p>El passat dijous 3 d\u2019octubre es va celebrar l\u2019Assemblea Extraordin\u00e0ria per renovar la Junta de l\u2019AMPA.<\/p>\n<p>La nova Junta est\u00e0 formada per:<\/p>\n<ul>\n<li><strong>President<\/strong>: Xevi Comas<\/li>\n<li><strong>Vicepresidenta<\/strong>: Isa Arrey<\/li>\n<li><strong>Secret\u00e0ria<\/strong>: Mariona Gavald\u00e0<\/li>\n<li><strong>Tresorera<\/strong>: Pili Camps<\/li>\n<li><strong>Vocals<\/strong>: Camelia Stingaciu, Manoli Hidalgo, Vanessa Vargas, N\u00faria Collelldemont, Raquel Salvans, Anna Casals, Tat Jurado, Anna Diaz, Carlos Cano, Ester Uy\u00e1, Gemma Bl\u00e1zquez i H\u00e9ctor Ortiz.<\/li>\n<\/ul>\n<p>Us recordem que l\u2019AMPA est\u00e0 oberta a tothom i que hi podeu participar assistint a les reunions mensuals o fent arribar les vostres propostes, idees, suggeriments, queixes, preocupacions\u2026 a trav\u00e9s del correu electr\u00f2nic\u00a0<strong>ampa@escolapompeufabra.org<\/strong><\/p>\n<h5>______________________________________________________________________________________<\/h5>\n<p>&nbsp;<\/p>\n<h5 style=\"text-align: justify;\"><strong>Assamblea General Extraordin\u00e0ria<\/strong><strong> \u00a0<\/strong><\/h5>\n<p style=\"text-align: justify;\">L&#8217;AMPA de l&#8217;Escola Pompeu Fabra convoca a tots els seus socis i s\u00f2cies a l&#8217;Assamblea General Extraordin\u00e0ria que se celebrar\u00e0 a la Biblioteca de l&#8217;Escola el <strong>dijous 3 d&#8217;octubre a les 20.30h<\/strong> <strong>en<\/strong> <strong>primera convocat\u00f2ria<\/strong> i <strong>a les 20.45h en segona convocat\u00f2ria<\/strong>. L&#8217;ordre del dia ser\u00e0 el seg\u00fcent:<b><\/b><\/p>\n<ul>\n<li>Renovaci\u00f3 de c\u00e0rrecs de la Junta.<\/li>\n<li>Informacions de principi de curs<\/li>\n<\/ul>\n<p>Despr\u00e9s de l&#8217;assamblea es far\u00e0 la reuni\u00f3 mensual de l&#8217;AMPA.<\/p>\n<h5>______________________________________________________________________________________<\/h5>\n<p>&nbsp;<\/p>\n<h5><strong>Nou canal de Telegram de l\u2019AMPA<\/strong><img loading=\"lazy\" decoding=\"async\" class=\"alignright wp-image-10520\" src=\"https:\/\/agora.xtec.cat\/ceip-pompeufabra-manlleu\/wp-content\/uploads\/usu846\/2019\/09\/Telegram.jpg\" alt=\"\" width=\"128\" height=\"128\" srcset=\"https:\/\/agora.xtec.cat\/ceip-pompeufabra-manlleu\/wp-content\/uploads\/usu846\/2019\/09\/Telegram.jpg 246w, https:\/\/agora.xtec.cat\/ceip-pompeufabra-manlleu\/wp-content\/uploads\/usu846\/2019\/09\/Telegram-150x150.jpg 150w\" sizes=\"auto, (max-width: 128px) 100vw, 128px\" \/><\/h5>\n<p style=\"text-align: justify;\"><span style=\"font-family: inherit; font-size: 1em;\">El<\/span><strong style=\"font-family: inherit; font-size: 1em;\">\u00a0TELEGRAM<\/strong><span style=\"font-family: inherit; font-size: 1em;\">\u00a0\u00e9s una aplicaci\u00f3 m\u00f2bil totalment gratu\u00efta i es pot fer servir en tots els dispositius m\u00f2bils intel\u00b7ligents. Com a caracter\u00edstiques b\u00e0siques ens permet\u00a0assegurar l\u2019anonimat de totes les persones que hi participin al canal de l\u2019AMPA i la comunicaci\u00f3 unidireccional (l\u2019AMPA enviar\u00e0 missatges per\u00f2 no es podr\u00e0 establir\u00a0cap tipus de di\u00e0leg, l\u2019aplicaci\u00f3 no ho permet).<\/span><\/p>\n<p style=\"text-align: justify;\">Esperem d\u2019aquesta manera arribar a m\u00e9s fam\u00edlies i que tothom tingui la informaci\u00f3 necess\u00e0ria.<\/p>\n<p style=\"text-align: justify;\">Us expliquem pas a pas com descarregar-vos l\u2019aplicaci\u00f3 al vostre dispositiu i com unir-se al canal de comunicaci\u00f3 de l\u2019AMPA:<\/p>\n<ol style=\"text-align: justify;\">\n<li>\u00a0Aneu a la \u00abbotiga\u00bb d\u2019aplicacions del vostre dispositu. Si \u00e9s Android al PlayStore i si \u00e9s Apple a l\u2019AppleStore.<\/li>\n<li>F\u00e9u \u00a0una cerca amb el nom TELEGRAM i descarregueu l\u2019aplicaci\u00f3 al vostre dispositiu.<\/li>\n<li>Quan accediu per primer cop us demanar\u00e0 el vostre n\u00famero de tel\u00e8fon. Un cop introdu\u00eft o b\u00e9 us far\u00e0 arribar un codi, o b\u00e9 rebreu una trucada que NO HEU\u00a0D\u2019AGAFAR. \u00c9s el sistema de verificaci\u00f3 de l\u2019aplicaci\u00f3 m\u00f2bil per demostrar que no sou un robot.<\/li>\n<li>Quan el tingueu instal\u00b7lat, cliqueu al seg\u00fcent enlla\u00e7 (des del dispositiu m\u00f2bil)\u00a0 per accedir al canal de l\u2019AMPA\u00a0<a href=\"https:\/\/t.me\/AMPA_PompeuFabraManlleu\">https:\/\/t.me\/AMPA_PompeuFabraManlleu<\/a>\u00a0i obriu-lo amb l\u2019aplicaci\u00f3 TELEGRAM<\/li>\n<li>Un cop accediu al canal cal premeu l\u2019opci\u00f3 <strong>Unir-se<\/strong>, a partir d\u2019aquest moment rebreu tots els missatges d\u2019aquest canal.<\/li>\n<\/ol>\n<p style=\"text-align: justify;\">Esperem comptar amb la vostra participaci\u00f3. Aquest sistema us permetr\u00e0 estar informats en tot moment.<\/p>\n","protected":false},"excerpt":{"rendered":"<p>Nova junta de l\u2019AMPA El passat dijous 3 d\u2019octubre es va celebrar l\u2019Assemblea Extraordin\u00e0ria per renovar la Junta de l\u2019AMPA. La nova Junta est\u00e0 formada per: President: Xevi Comas Vicepresidenta: Isa Arrey Secret\u00e0ria: Mariona Gavald\u00e0 Tresorera: Pili Camps Vocals: Camelia Stingaciu, Manoli Hidalgo, Vanessa Vargas, N\u00faria Collelldemont, Raquel Salvans, Anna Casals, Tat Jurado, Anna Diaz, [&hellip;]<\/p>\n","protected":false},"author":58,"featured_media":0,"parent":516,"menu_order":0,"comment_status":"closed","ping_status":"closed","template":"","meta":{"_bbp_topic_count":0,"_bbp_reply_count":0,"_bbp_total_topic_count":0,"_bbp_total_reply_count":0,"_bbp_voice_count":0,"_bbp_anonymous_reply_count":0,"_bbp_topic_count_hidden":0,"_bbp_reply_count_hidden":0,"_bbp_forum_subforum_count":0,"site-sidebar-layout":"default","site-content-layout":"","ast-site-content-layout":"","site-content-style":"default","site-sidebar-style":"default","ast-global-header-display":"","ast-banner-title-visibility":"","ast-main-header-display":"","ast-hfb-above-header-display":"","ast-hfb-below-header-display":"","ast-hfb-mobile-header-display":"","site-post-title":"","ast-breadcrumbs-content":"","ast-featured-img":"","footer-sml-layout":"","theme-transparent-header-meta":"","adv-header-id-meta":"","stick-header-meta":"","header-above-stick-meta":"","header-main-stick-meta":"","header-below-stick-meta":"","astra-migrate-meta-layouts":"default","ast-page-background-enabled":"default","ast-page-background-meta":{"desktop":{"background-color":"var(--ast-global-color-4)","background-image":"","background-repeat":"repeat","background-position":"center center","background-size":"auto","background-attachment":"scroll","background-type":"","background-media":"","overlay-type":"","overlay-color":"","overlay-opacity":"","overlay-gradient":""},"tablet":{"background-color":"","background-image":"","background-repeat":"repeat","background-position":"center center","background-size":"auto","background-attachment":"scroll","background-type":"","background-media":"","overlay-type":"","overlay-color":"","overlay-opacity":"","overlay-gradient":""},"mobile":{"background-color":"","background-image":"","background-repeat":"repeat","background-position":"center center","background-size":"auto","background-attachment":"scroll","background-type":"","background-media":"","overlay-type":"","overlay-color":"","overlay-opacity":"","overlay-gradient":""}},"ast-content-background-meta":{"desktop":{"background-color":"var(--ast-global-color-5)","background-image":"","background-repeat":"repeat","background-position":"center center","background-size":"auto","background-attachment":"scroll","background-type":"","background-media":"","overlay-type":"","overlay-color":"","overlay-opacity":"","overlay-gradient":""},"tablet":{"background-color":"var(--ast-global-color-5)","background-image":"","background-repeat":"repeat","background-position":"center center","background-size":"auto","background-attachment":"scroll","background-type":"","background-media":"","overlay-type":"","overlay-color":"","overlay-opacity":"","overlay-gradient":""},"mobile":{"background-color":"var(--ast-global-color-5)","background-image":"","background-repeat":"repeat","background-position":"center center","background-size":"auto","background-attachment":"scroll","background-type":"","background-media":"","overlay-type":"","overlay-color":"","overlay-opacity":"","overlay-gradient":""}},"footnotes":""},"class_list":["post-10399","page","type-page","status-publish","hentry"],"post_mailing_queue_ids":[],"_links":{"self":[{"href":"https:\/\/agora.xtec.cat\/ceip-pompeufabra-manlleu\/wp-json\/wp\/v2\/pages\/10399","targetHints":{"allow":["GET"]}}],"collection":[{"href":"https:\/\/agora.xtec.cat\/ceip-pompeufabra-manlleu\/wp-json\/wp\/v2\/pages"}],"about":[{"href":"https:\/\/agora.xtec.cat\/ceip-pompeufabra-manlleu\/wp-json\/wp\/v2\/types\/page"}],"author":[{"embeddable":true,"href":"https:\/\/agora.xtec.cat\/ceip-pompeufabra-manlleu\/wp-json\/wp\/v2\/users\/58"}],"replies":[{"embeddable":true,"href":"https:\/\/agora.xtec.cat\/ceip-pompeufabra-manlleu\/wp-json\/wp\/v2\/comments?post=10399"}],"version-history":[{"count":3,"href":"https:\/\/agora.xtec.cat\/ceip-pompeufabra-manlleu\/wp-json\/wp\/v2\/pages\/10399\/revisions"}],"predecessor-version":[{"id":10746,"href":"https:\/\/agora.xtec.cat\/ceip-pompeufabra-manlleu\/wp-json\/wp\/v2\/pages\/10399\/revisions\/10746"}],"up":[{"embeddable":true,"href":"https:\/\/agora.xtec.cat\/ceip-pompeufabra-manlleu\/wp-json\/wp\/v2\/pages\/516"}],"wp:attachment":[{"href":"https:\/\/agora.xtec.cat\/ceip-pompeufabra-manlleu\/wp-json\/wp\/v2\/media?parent=10399"}],"curies":[{"name":"wp","href":"https:\/\/api.w.org\/{rel}","templated":true}]}}