{"id":10397,"date":"2019-07-15T23:16:47","date_gmt":"2019-07-15T21:16:47","guid":{"rendered":"http:\/\/agora.xtec.cat\/ceip-pompeufabra-manlleu\/?page_id=10397"},"modified":"2022-02-12T11:02:06","modified_gmt":"2022-02-12T10:02:06","slug":"organitzacio","status":"publish","type":"page","link":"https:\/\/agora.xtec.cat\/ceip-pompeufabra-manlleu\/ampa\/organitzacio\/","title":{"rendered":"Organitzaci\u00f3"},"content":{"rendered":"<p style=\"text-align: justify;\">L\u2019AMPA de l\u2019Escola Pompeu Fabra de Manlleu est\u00e0 formada per la junta directiva, escollida en assemblea general. Aquesta junta l&#8217;integren:<\/p>\n<ul style=\"text-align: justify;\">\n<li style=\"list-style-type: none;\">\n<ul>\n<li><strong>President<\/strong>: Xevi Comas<\/li>\n<li><strong>Vicepresidenta<\/strong>: Isa Arrey<\/li>\n<li><strong>Secret\u00e0ria<\/strong>: Mariona Gavald\u00e0<\/li>\n<li><strong>Tresorera<\/strong>: Pili Camps<\/li>\n<li><strong>Vocals<\/strong>: Camelia Stingaciu, Manoli Hidalgo, N\u00faria Collelldemont, Raquel Salvans, Tat Jurado, Anna Diaz, Gemma Bl\u00e1zquez, H\u00e9ctor Ortiz, Mireia Fabreg\u00f3, Laura Dom\u00e8nech, Maribel S\u00e1nchez, Janira Garc\u00eda.<\/li>\n<\/ul>\n<\/li>\n<\/ul>\n<p style=\"text-align: justify;\">El mandat de la junta \u00e9s per 4 anys, passat aquest per\u00edode, es convoquen eleccions a l&#8217;assemblea general.<\/p>\n<p style=\"text-align: justify;\">A m\u00e9s a m\u00e9s de la junta, hi ha diferents equips de treball formats per mares i pares treballant en una \u00e0rea concreta. Aquests grups de treball s\u00f3n les anomenades comissions. Tenim:<\/p>\n<ul style=\"text-align: justify;\">\n<li style=\"list-style-type: none;\">\n<ul>\n<li>Comissi\u00f3 d&#8217;acollida i menjador<\/li>\n<li>Comissi\u00f3 de col\u00f2nies<\/li>\n<li>Comissi\u00f3 de comunicaci\u00f3<\/li>\n<li>Comissi\u00f3 ecol\u00f2gica<\/li>\n<li>Comissi\u00f3 d&#8217;extraescolars i Xarxampa<\/li>\n<li>Comissi\u00f3 de festes<\/li>\n<\/ul>\n<\/li>\n<\/ul>\n<p style=\"text-align: justify;\">Podeu con\u00e8ixer m\u00e9s de cada comissi\u00f3 a l&#8217;apartat de comissions.<\/p>\n<p style=\"text-align: justify;\">Actualment, l&#8217;AMPA es reuneix de forma virtual un cop al mes. Us recordem que tothom hi \u00e9s benvingut.<\/p>\n<p style=\"text-align: justify;\">A les diferents xarxes socials s\u2019informar\u00e0 de quan tindran lloc les reunions.<\/p>\n","protected":false},"excerpt":{"rendered":"<p>L\u2019AMPA de l\u2019Escola Pompeu Fabra de Manlleu est\u00e0 formada per la junta directiva, escollida en assemblea general. Aquesta junta l&#8217;integren: President: Xevi Comas Vicepresidenta: Isa Arrey Secret\u00e0ria: Mariona Gavald\u00e0 Tresorera: Pili Camps Vocals: Camelia Stingaciu, Manoli Hidalgo, N\u00faria Collelldemont, Raquel Salvans, Tat Jurado, Anna Diaz, Gemma Bl\u00e1zquez, H\u00e9ctor Ortiz, Mireia Fabreg\u00f3, Laura Dom\u00e8nech, Maribel S\u00e1nchez, [&hellip;]<\/p>\n","protected":false},"author":58,"featured_media":0,"parent":516,"menu_order":0,"comment_status":"closed","ping_status":"closed","template":"","meta":{"_bbp_topic_count":0,"_bbp_reply_count":0,"_bbp_total_topic_count":0,"_bbp_total_reply_count":0,"_bbp_voice_count":0,"_bbp_anonymous_reply_count":0,"_bbp_topic_count_hidden":0,"_bbp_reply_count_hidden":0,"_bbp_forum_subforum_count":0,"site-sidebar-layout":"default","site-content-layout":"","ast-site-content-layout":"","site-content-style":"default","site-sidebar-style":"default","ast-global-header-display":"","ast-banner-title-visibility":"","ast-main-header-display":"","ast-hfb-above-header-display":"","ast-hfb-below-header-display":"","ast-hfb-mobile-header-display":"","site-post-title":"","ast-breadcrumbs-content":"","ast-featured-img":"","footer-sml-layout":"","theme-transparent-header-meta":"","adv-header-id-meta":"","stick-header-meta":"","header-above-stick-meta":"","header-main-stick-meta":"","header-below-stick-meta":"","astra-migrate-meta-layouts":"default","ast-page-background-enabled":"default","ast-page-background-meta":{"desktop":{"background-color":"var(--ast-global-color-4)","background-image":"","background-repeat":"repeat","background-position":"center center","background-size":"auto","background-attachment":"scroll","background-type":"","background-media":"","overlay-type":"","overlay-color":"","overlay-opacity":"","overlay-gradient":""},"tablet":{"background-color":"","background-image":"","background-repeat":"repeat","background-position":"center center","background-size":"auto","background-attachment":"scroll","background-type":"","background-media":"","overlay-type":"","overlay-color":"","overlay-opacity":"","overlay-gradient":""},"mobile":{"background-color":"","background-image":"","background-repeat":"repeat","background-position":"center center","background-size":"auto","background-attachment":"scroll","background-type":"","background-media":"","overlay-type":"","overlay-color":"","overlay-opacity":"","overlay-gradient":""}},"ast-content-background-meta":{"desktop":{"background-color":"var(--ast-global-color-5)","background-image":"","background-repeat":"repeat","background-position":"center center","background-size":"auto","background-attachment":"scroll","background-type":"","background-media":"","overlay-type":"","overlay-color":"","overlay-opacity":"","overlay-gradient":""},"tablet":{"background-color":"var(--ast-global-color-5)","background-image":"","background-repeat":"repeat","background-position":"center center","background-size":"auto","background-attachment":"scroll","background-type":"","background-media":"","overlay-type":"","overlay-color":"","overlay-opacity":"","overlay-gradient":""},"mobile":{"background-color":"var(--ast-global-color-5)","background-image":"","background-repeat":"repeat","background-position":"center center","background-size":"auto","background-attachment":"scroll","background-type":"","background-media":"","overlay-type":"","overlay-color":"","overlay-opacity":"","overlay-gradient":""}},"footnotes":""},"class_list":["post-10397","page","type-page","status-publish","hentry"],"post_mailing_queue_ids":[],"_links":{"self":[{"href":"https:\/\/agora.xtec.cat\/ceip-pompeufabra-manlleu\/wp-json\/wp\/v2\/pages\/10397","targetHints":{"allow":["GET"]}}],"collection":[{"href":"https:\/\/agora.xtec.cat\/ceip-pompeufabra-manlleu\/wp-json\/wp\/v2\/pages"}],"about":[{"href":"https:\/\/agora.xtec.cat\/ceip-pompeufabra-manlleu\/wp-json\/wp\/v2\/types\/page"}],"author":[{"embeddable":true,"href":"https:\/\/agora.xtec.cat\/ceip-pompeufabra-manlleu\/wp-json\/wp\/v2\/users\/58"}],"replies":[{"embeddable":true,"href":"https:\/\/agora.xtec.cat\/ceip-pompeufabra-manlleu\/wp-json\/wp\/v2\/comments?post=10397"}],"version-history":[{"count":4,"href":"https:\/\/agora.xtec.cat\/ceip-pompeufabra-manlleu\/wp-json\/wp\/v2\/pages\/10397\/revisions"}],"predecessor-version":[{"id":17327,"href":"https:\/\/agora.xtec.cat\/ceip-pompeufabra-manlleu\/wp-json\/wp\/v2\/pages\/10397\/revisions\/17327"}],"up":[{"embeddable":true,"href":"https:\/\/agora.xtec.cat\/ceip-pompeufabra-manlleu\/wp-json\/wp\/v2\/pages\/516"}],"wp:attachment":[{"href":"https:\/\/agora.xtec.cat\/ceip-pompeufabra-manlleu\/wp-json\/wp\/v2\/media?parent=10397"}],"curies":[{"name":"wp","href":"https:\/\/api.w.org\/{rel}","templated":true}]}}