{"id":84,"date":"2014-09-18T14:11:31","date_gmt":"2014-09-18T13:11:31","guid":{"rendered":"http:\/\/agora.xtec.cat\/ceip-pompeu-cunit\/?page_id=84"},"modified":"2016-01-28T09:26:11","modified_gmt":"2016-01-28T08:26:11","slug":"activitats-extraescolars","status":"publish","type":"page","link":"https:\/\/agora.xtec.cat\/ceip-pompeu-cunit\/serveis\/activitats-extraescolars\/","title":{"rendered":"Activitats extraescolars"},"content":{"rendered":"<p><span style=\"text-decoration: underline;\"><strong>1. ORGANITZADES PER L\u2019AMPA DE L\u2019ESCOLA<\/strong>:<\/span><\/p>\n<p><a href=\"http:\/\/agora.xtec.cat\/ceip-pompeu-cunit\/wp-content\/uploads\/usu1061\/2014\/09\/teatre.png\"><img loading=\"lazy\" decoding=\"async\" class=\"  wp-image-659 alignleft\" src=\"http:\/\/agora.xtec.cat\/ceip-pompeu-cunit\/wp-content\/uploads\/usu1061\/2014\/09\/teatre.png\" alt=\"teatre\" width=\"77\" height=\"62\" srcset=\"https:\/\/agora.xtec.cat\/ceip-pompeu-cunit\/wp-content\/uploads\/usu1061\/2014\/09\/teatre.png 335w, https:\/\/agora.xtec.cat\/ceip-pompeu-cunit\/wp-content\/uploads\/usu1061\/2014\/09\/teatre-300x243.png 300w\" sizes=\"auto, (max-width: 77px) 100vw, 77px\" \/><\/a> &#8211; <strong>\u201cEL MEU ESCENARI\u201d<\/strong>. Activitat extraescolar d\u2019iniciaci\u00f3 al teatre.<\/p>\n<p>&nbsp;<\/p>\n<p><a href=\"http:\/\/agora.xtec.cat\/ceip-pompeu-cunit\/wp-content\/uploads\/usu1061\/2014\/09\/escacs.jpg\"><img loading=\"lazy\" decoding=\"async\" class=\"  wp-image-656 alignleft\" src=\"http:\/\/agora.xtec.cat\/ceip-pompeu-cunit\/wp-content\/uploads\/usu1061\/2014\/09\/escacs.jpg\" alt=\"escacs\" width=\"84\" height=\"63\" srcset=\"https:\/\/agora.xtec.cat\/ceip-pompeu-cunit\/wp-content\/uploads\/usu1061\/2014\/09\/escacs.jpg 500w, https:\/\/agora.xtec.cat\/ceip-pompeu-cunit\/wp-content\/uploads\/usu1061\/2014\/09\/escacs-300x225.jpg 300w, https:\/\/agora.xtec.cat\/ceip-pompeu-cunit\/wp-content\/uploads\/usu1061\/2014\/09\/escacs-200x150.jpg 200w\" sizes=\"auto, (max-width: 84px) 100vw, 84px\" \/><\/a> &#8211; <strong>\u201cCLUB D\u2019ESCACS\u201d.<\/strong> Activitat extraescolar d\u2019iniciaci\u00f3 als escacs.<\/p>\n<p style=\"text-align: left;\">\u00a0 \u00a0 \u00a0 \u00a0 \u00a0 \u00a0 \u00a0 \u00a0 \u00a0 \u00a0 \u00a0 \u00a0 \u00a0 \u00a0 \u00a0 \u00a0 \u00a0 \u00a0 \u00a0 <span style=\"text-decoration: underline;\">\u00a0 o\u00a0 Totes dues activitats: Dilluns a 2\/4 de 5 de la tarda<\/span><\/p>\n<p style=\"text-align: left;\"><span style=\"text-decoration: underline;\"><strong>2. SERVEI COMUNITARI DE L\u2019IES ERNEST LLUC DE CUNIT:<\/strong><\/span><\/p>\n<p style=\"text-align: left;\"><a href=\"http:\/\/agora.xtec.cat\/ceip-pompeu-cunit\/wp-content\/uploads\/usu1061\/2014\/09\/refor\u00e7-escolar_groc.jpg\"><img loading=\"lazy\" decoding=\"async\" class=\"  wp-image-658 alignleft\" src=\"http:\/\/agora.xtec.cat\/ceip-pompeu-cunit\/wp-content\/uploads\/usu1061\/2014\/09\/refor\u00e7-escolar_groc.jpg\" alt=\"refor\u00e7-escolar_groc\" width=\"94\" height=\"41\" \/><\/a>\u00a0\u00a0 &#8211; <strong>\u201cACOMPANYAMENT ESCOLAR\u201d<\/strong>. Activitat extraescolar dels alumnes de 3r d\u2019ESO de l\u2019IES\u00a0\u00a0 ErnestLluch de Cunit per ajudar als nois i noies de la nostra escola amb m\u00e9s dificultats econ\u00f2miques i acad\u00e8miques a realitzar les seves tasques escolars.<\/p>\n<p style=\"text-align: left;\">\u00a0\u00a0\u00a0\u00a0\u00a0\u00a0\u00a0\u00a0\u00a0\u00a0\u00a0\u00a0\u00a0\u00a0\u00a0\u00a0\u00a0\u00a0\u00a0\u00a0\u00a0\u00a0\u00a0\u00a0\u00a0\u00a0\u00a0\u00a0\u00a0\u00a0\u00a0\u00a0\u00a0\u00a0 <span style=\"text-decoration: underline;\">o Dimarts i dijous a 2\/4 de 5 de la tarda.<\/span><\/p>\n<p style=\"text-align: left;\"><a href=\"http:\/\/agora.xtec.cat\/ceip-pompeu-cunit\/wp-content\/uploads\/usu1061\/2014\/09\/esport.jpeg\"><img loading=\"lazy\" decoding=\"async\" class=\"  wp-image-657 alignleft\" src=\"http:\/\/agora.xtec.cat\/ceip-pompeu-cunit\/wp-content\/uploads\/usu1061\/2014\/09\/esport.jpeg\" alt=\"esport\" width=\"102\" height=\"53\" srcset=\"https:\/\/agora.xtec.cat\/ceip-pompeu-cunit\/wp-content\/uploads\/usu1061\/2014\/09\/esport.jpeg 450w, https:\/\/agora.xtec.cat\/ceip-pompeu-cunit\/wp-content\/uploads\/usu1061\/2014\/09\/esport-300x157.jpeg 300w\" sizes=\"auto, (max-width: 102px) 100vw, 102px\" \/><\/a>\u00a0\u00a0\u00a0 &#8211;<strong> \u201cSUPORT A LES ACTIVITATS EXTRAESCOLARS ESPORTIVES\u201d.<\/strong>\u00a0 Activitat extraescolar dels alumnes de 3r d\u2019ESO de l\u2019IES Ernest Lluch de Cunit per organitzar activitats esportives per a aquells nois i noies de la nostra escola amb m\u00e9s dificultats econ\u00f2miques i acad\u00e8miques.<\/p>\n<p style=\"text-align: left;\">\u00a0\u00a0\u00a0\u00a0\u00a0\u00a0\u00a0\u00a0\u00a0\u00a0\u00a0\u00a0\u00a0\u00a0\u00a0\u00a0\u00a0\u00a0\u00a0\u00a0\u00a0\u00a0\u00a0\u00a0\u00a0\u00a0\u00a0\u00a0\u00a0\u00a0\u00a0\u00a0\u00a0\u00a0 <span style=\"text-decoration: underline;\">o Dimarts i dijous a 2\/4 de 5 de la tarda.<\/span><\/p>\n","protected":false},"excerpt":{"rendered":"<p>1. ORGANITZADES PER L\u2019AMPA DE L\u2019ESCOLA:<br \/>\n<a href=\"http:\/\/agora.xtec.cat\/ceip-pompeu-cunit\/wp-content\/uploads\/usu1061\/2014\/09\/teatre.png\"><\/a> &#8211; \u201cEL MEU ESCENARI\u201d. Activitat extraescolar d\u2019iniciaci\u00f3 al teatre.<br \/>\n&nbsp;<br \/>\n<a href=\"http:\/\/agora.xtec.cat\/ceip-pompeu-cunit\/wp-content\/uploads\/usu1061\/2014\/09\/escacs.jpg\"><\/a> &#8211; \u201cCLUB D\u2019ESCACS\u201d. Activitat extraescolar d\u2019iniciaci\u00f3 als escacs.<br \/>\n\u00a0 \u00a0 \u00a0 \u00a0 \u00a0 \u00a0 \u00a0 \u00a0 \u00a0 \u00a0 \u00a0 \u00a0 \u00a0 \u00a0 \u00a0 \u00a0 \u00a0 \u00a0 \u00a0 \u00a0 o\u00a0&hellip;  <a href=\"https:\/\/agora.xtec.cat\/ceip-pompeu-cunit\/serveis\/activitats-extraescolars\/\" title=\"Read Activitats extraescolars\">Llegeix m\u00e9s\u00bb<\/a><\/p>\n","protected":false},"author":1,"featured_media":0,"parent":66,"menu_order":60,"comment_status":"closed","ping_status":"closed","template":"page-templates\/side-menu.php","meta":{"_bbp_topic_count":0,"_bbp_reply_count":0,"_bbp_total_topic_count":0,"_bbp_total_reply_count":0,"_bbp_voice_count":0,"_bbp_anonymous_reply_count":0,"_bbp_topic_count_hidden":0,"_bbp_reply_count_hidden":0,"_bbp_forum_subforum_count":0,"footnotes":""},"class_list":["post-84","page","type-page","status-publish","hentry"],"post_mailing_queue_ids":[],"_links":{"self":[{"href":"https:\/\/agora.xtec.cat\/ceip-pompeu-cunit\/wp-json\/wp\/v2\/pages\/84","targetHints":{"allow":["GET"]}}],"collection":[{"href":"https:\/\/agora.xtec.cat\/ceip-pompeu-cunit\/wp-json\/wp\/v2\/pages"}],"about":[{"href":"https:\/\/agora.xtec.cat\/ceip-pompeu-cunit\/wp-json\/wp\/v2\/types\/page"}],"author":[{"embeddable":true,"href":"https:\/\/agora.xtec.cat\/ceip-pompeu-cunit\/wp-json\/wp\/v2\/users\/1"}],"replies":[{"embeddable":true,"href":"https:\/\/agora.xtec.cat\/ceip-pompeu-cunit\/wp-json\/wp\/v2\/comments?post=84"}],"version-history":[{"count":3,"href":"https:\/\/agora.xtec.cat\/ceip-pompeu-cunit\/wp-json\/wp\/v2\/pages\/84\/revisions"}],"predecessor-version":[{"id":677,"href":"https:\/\/agora.xtec.cat\/ceip-pompeu-cunit\/wp-json\/wp\/v2\/pages\/84\/revisions\/677"}],"up":[{"embeddable":true,"href":"https:\/\/agora.xtec.cat\/ceip-pompeu-cunit\/wp-json\/wp\/v2\/pages\/66"}],"wp:attachment":[{"href":"https:\/\/agora.xtec.cat\/ceip-pompeu-cunit\/wp-json\/wp\/v2\/media?parent=84"}],"curies":[{"name":"wp","href":"https:\/\/api.w.org\/{rel}","templated":true}]}}