{"id":5644,"date":"2023-05-17T13:44:55","date_gmt":"2023-05-17T11:44:55","guid":{"rendered":"https:\/\/agora.xtec.cat\/ceip-pompeu-cunit\/?page_id=5644"},"modified":"2023-05-31T13:55:43","modified_gmt":"2023-05-31T11:55:43","slug":"objectius","status":"publish","type":"page","link":"https:\/\/agora.xtec.cat\/ceip-pompeu-cunit\/estrategia-digital-de-centre\/estrategia-digital\/objectius\/","title":{"rendered":"OBJECTIUS"},"content":{"rendered":"<p>Els objectius definits de l&#8217;estrat\u00e8gia digital de centre s\u00f3n:<\/p>\n<ol>\n<li dir=\"ltr\">\n<p dir=\"ltr\" role=\"presentation\">Definir la seq\u00fc\u00e8ncia de la competencia digital de l&#8217;alumnat per cicles per tal de concretar i poder aplicar la l\u00ednia digital de centre.<\/p>\n<\/li>\n<li dir=\"ltr\">\n<p dir=\"ltr\" role=\"presentation\">Millorar l&#8217;acollida digital per tal que la comunitat educativa visqui la l\u00ednia digital plantejada en el centre.<\/p>\n<\/li>\n<li dir=\"ltr\">\n<p dir=\"ltr\" role=\"presentation\">Actualitzar els documents de centre integrant l&#8217;\u00e0mbit digital per tal de garantir la l\u00ednia digital de centre.<\/p>\n<\/li>\n<li dir=\"ltr\">\n<p dir=\"ltr\" role=\"presentation\">Organitzar la planificaci\u00f3 de la comissi\u00f3 d&#8217;Estrat\u00e8gia Digital de Centre per tal d\u2019assegurar el treball d\u2019aquesta durant tot el curs.<\/p>\n<\/li>\n<li dir=\"ltr\">\n<p dir=\"ltr\" role=\"presentation\">Millorar la competencia digital dels docents per tal que tinguin recursos per poder acompanyar l\u2019alumnat.<\/p>\n<\/li>\n<\/ol>\n<ol start=\"6\">\n<li dir=\"ltr\">\n<p dir=\"ltr\" role=\"presentation\">Millora de l&#8217;avaluaci\u00f3 i el feedback de l&#8217;alumnat en l&#8217;EVA. (Entorn digital d&#8217;aprenentatge) per tal que alumnat i professorat reflexioni sobre el seu proc\u00e9s d\u2019aprenentage.<\/p>\n<\/li>\n<\/ol>\n","protected":false},"excerpt":{"rendered":"<p>Els objectius definits de l&#8217;estrat\u00e8gia digital de centre s\u00f3n:<\/p>\n<ol>\n<li dir=\"ltr\">\nDefinir la seq\u00fc\u00e8ncia de la competencia digital de l&#8217;alumnat per cicles per tal de concretar i poder aplicar la l\u00ednia digital de centre.\n<\/li>\n<li dir=\"ltr\">\nMillorar l&#8217;acollida digital per tal que la comunitat educativa visqui la l\u00ednia digital&hellip;  <a href=\"https:\/\/agora.xtec.cat\/ceip-pompeu-cunit\/estrategia-digital-de-centre\/estrategia-digital\/objectius\/\" title=\"Read OBJECTIUS\">Llegeix m\u00e9s\u00bb<\/a><\/p>\n","protected":false},"author":1,"featured_media":0,"parent":5458,"menu_order":2,"comment_status":"closed","ping_status":"closed","template":"page-templates\/side-menu.php","meta":{"_bbp_topic_count":0,"_bbp_reply_count":0,"_bbp_total_topic_count":0,"_bbp_total_reply_count":0,"_bbp_voice_count":0,"_bbp_anonymous_reply_count":0,"_bbp_topic_count_hidden":0,"_bbp_reply_count_hidden":0,"_bbp_forum_subforum_count":0,"footnotes":""},"class_list":["post-5644","page","type-page","status-publish","hentry"],"post_mailing_queue_ids":[],"_links":{"self":[{"href":"https:\/\/agora.xtec.cat\/ceip-pompeu-cunit\/wp-json\/wp\/v2\/pages\/5644","targetHints":{"allow":["GET"]}}],"collection":[{"href":"https:\/\/agora.xtec.cat\/ceip-pompeu-cunit\/wp-json\/wp\/v2\/pages"}],"about":[{"href":"https:\/\/agora.xtec.cat\/ceip-pompeu-cunit\/wp-json\/wp\/v2\/types\/page"}],"author":[{"embeddable":true,"href":"https:\/\/agora.xtec.cat\/ceip-pompeu-cunit\/wp-json\/wp\/v2\/users\/1"}],"replies":[{"embeddable":true,"href":"https:\/\/agora.xtec.cat\/ceip-pompeu-cunit\/wp-json\/wp\/v2\/comments?post=5644"}],"version-history":[{"count":2,"href":"https:\/\/agora.xtec.cat\/ceip-pompeu-cunit\/wp-json\/wp\/v2\/pages\/5644\/revisions"}],"predecessor-version":[{"id":5667,"href":"https:\/\/agora.xtec.cat\/ceip-pompeu-cunit\/wp-json\/wp\/v2\/pages\/5644\/revisions\/5667"}],"up":[{"embeddable":true,"href":"https:\/\/agora.xtec.cat\/ceip-pompeu-cunit\/wp-json\/wp\/v2\/pages\/5458"}],"wp:attachment":[{"href":"https:\/\/agora.xtec.cat\/ceip-pompeu-cunit\/wp-json\/wp\/v2\/media?parent=5644"}],"curies":[{"name":"wp","href":"https:\/\/api.w.org\/{rel}","templated":true}]}}