{"id":559,"date":"2015-12-24T13:10:29","date_gmt":"2015-12-24T12:10:29","guid":{"rendered":"http:\/\/agora.xtec.cat\/ceip-pompeu-cunit\/?page_id=559"},"modified":"2016-01-02T15:08:58","modified_gmt":"2016-01-02T14:08:58","slug":"polls-3","status":"publish","type":"page","link":"https:\/\/agora.xtec.cat\/ceip-pompeu-cunit\/lescola\/salut\/polls-3\/","title":{"rendered":"POLLS"},"content":{"rendered":"<h4>Qu\u00e8 \u00e9s un <span style=\"color: #ff6600;\"><a style=\"color: #ff6600;\" href=\"http:\/\/canalsalut.gencat.cat\/ca\/home_ciutadania\/salut_az\/p\/polls\/\" target=\"_blank\">poll?<\/a><\/span><\/h4>\n<p>Hi ha tres tipus de polls: els polls del cap, els del cos i els polls p\u00fabics, m\u00e9s coneguts com &#8220;ladelles&#8221;; tots tres tipus de polls s&#8217;alimenten de sang de les persones.<\/p>\n<p>Els polls del cap s\u00f3n la segona infecci\u00f3 m\u00e9s freq\u00fcent en els nens i nenes, nom\u00e9s superada pels refredats. Aquests polls s\u00f3n insectes minusculs de color marr\u00f3 o gris que viuen a l&#8217;arrel del cabell. La seva mida \u00e9s similar a una llavor de s\u00e8sam i tenen sis potes que els hi permet enganxar-se a la tija del cabell i moure&#8217;s r\u00e0pidament per ell.<\/p>\n<p>Els polls adults poden posar fins a <strong>10 ous al dia<\/strong> denominats &#8220;llemenes&#8221; que s\u00f3n de la mida d&#8217;un gra de sorra. Les llemenes s\u00f3n brillants i el seu color es blanc o gris. Es poden veure a prop del cuir cabellut, a menys d&#8217;un cent\u00edmetre de l&#8217;arrel del cabell. S&#8217;agafen a la tija del cabell mitjan\u00e7ant una subst\u00e0ncia que segrega el poll adult i que funciona com a pega, el que fa que siguin dif\u00edcils d&#8217;eliminar.<\/p>\n<p>La incubaci\u00f3 dels ous dura entre <strong>7 i 12 dies<\/strong>. Els polls joves i immadurs, denominats ninfes, s\u00f3n de la mida d&#8217;un cap d&#8217;agulla i son capa\u00e7os de mure&#8217;s r\u00e0pidament. Les ninfes s&#8217;alimenten de sang humana durant les 24 hores posteriors als seu naixement i, per tant, no poden sobreviure en un altre lloc que no sigui el cuir cabellut.<\/p>\n<p>Deu dies despr\u00e9s d&#8217;incubar, les ninfes es converteixen en polls adults, que s\u00f3n capa\u00e7os de reproduir-se i possar ous. Un poll viu entre <strong>20 i 30 dies.<\/strong><\/p>\n<h4><a href=\"http:\/\/agora.xtec.cat\/ceip-pompeu-cunit\/wp-content\/uploads\/usu1061\/2015\/12\/polls.gif\"><img loading=\"lazy\" decoding=\"async\" class=\"  wp-image-569 aligncenter\" src=\"http:\/\/agora.xtec.cat\/ceip-pompeu-cunit\/wp-content\/uploads\/usu1061\/2015\/12\/polls.gif\" alt=\"polls\" width=\"269\" height=\"297\" \/><\/a>COM SABER SI EL SEU FILL T\u00c9 POLLS O LLEMENES?<\/h4>\n<p><strong>Per detectar l&#8217;exist\u00e8ncia de polls:<\/strong><\/p>\n<p>&#8211; Segui en un lloc ben il\u00b7luminat: els polls eviten la llum i al moure&#8217;s poden veure&#8217;s m\u00e9s f\u00e0cilment.<\/p>\n<p>&#8211; Miri amb atenci\u00f3 la part del coll i darrere de les orelles. Faci servir una lupa si ho creu necessari.<\/p>\n<p>&#8211; Mulli el cabell abans de pentinar-lo amb una pinta de pues fines. Si es posa acondicionador pel cabell, es redueix la capacitat de moviment dels polls, aix\u00f2 facilita la detecci\u00f3 i eliminaci\u00f3, per\u00f2 tamb\u00e9 pot reduir l&#8217;eficacia d&#8217;alguns tractaments. Si ho considera necessari, demani m\u00e9s informaci\u00f3 al metge o farmaceutic, sobre aquest tema.<\/p>\n<p>&#8211; Faci servir una pinta de bona qualitat (met\u00e0l\u00b7lic o de pl\u00e0stic ABS).<\/p>\n<p><a href=\"http:\/\/agora.xtec.cat\/ceip-pompeu-cunit\/wp-content\/uploads\/usu1061\/2015\/12\/liendrera.jpg\"><img loading=\"lazy\" decoding=\"async\" class=\"  wp-image-573 aligncenter\" src=\"http:\/\/agora.xtec.cat\/ceip-pompeu-cunit\/wp-content\/uploads\/usu1061\/2015\/12\/liendrera.jpg\" alt=\"liendrera\" width=\"281\" height=\"211\" srcset=\"https:\/\/agora.xtec.cat\/ceip-pompeu-cunit\/wp-content\/uploads\/usu1061\/2015\/12\/liendrera.jpg 960w, https:\/\/agora.xtec.cat\/ceip-pompeu-cunit\/wp-content\/uploads\/usu1061\/2015\/12\/liendrera-300x225.jpg 300w, https:\/\/agora.xtec.cat\/ceip-pompeu-cunit\/wp-content\/uploads\/usu1061\/2015\/12\/liendrera-200x150.jpg 200w\" sizes=\"auto, (max-width: 281px) 100vw, 281px\" \/><\/a>&#8211; Separi el cabell en tro\u00e7os i passi la pinta un a un. Comenci per la part m\u00e9s enganxada al cuir cabellut ficant la pinta a fons fins a les puntes.<\/p>\n<p>&#8211; Quan acabi de pentinar cada tro\u00e7 de cabell, examini les pues de la pinta i netegi amb un mocador de paper blanc per poder veure ve si hi ha polls.<\/p>\n<p>&#8211; Quan acabi renti&#8217;s les mans i els objectes emprats.<\/p>\n<p style=\"text-align: center;\"><span style=\"color: #ff6600;\"><em><strong>SABIA QU\u00c8&#8230;..? Per inspeccionar b\u00e9 el cabell son necessaris uns 30 minuts.<\/strong><\/em><\/span><\/p>\n<h3 style=\"text-align: left;\">\u00a0COM ELIMINAR ELS POLLS<\/h3>\n<p>Es troben a la venta diversos tractaments. Varia la forma en la qual s&#8217;aplica (cabell sec o mullat, per exemple) i el temps d&#8217;aplicaci\u00f3. Tots s&#8217;han d&#8217;aplicar m\u00e9s d&#8217;una vegada, per\u00f2 alguns s&#8217;haur\u00e0n d&#8217;aplicar nom\u00e9s una vegada m\u00e9s (nou dies despr\u00e9s de la primera aplicaci\u00f3), mentres que d&#8217;altres s&#8217;haur\u00e0n d&#8217;aplicar dos cops m\u00e9s (set i catorze dies despr\u00e9s de la primera aplicaci\u00f3). En tots els casos la quantitat aplicada haur\u00e0 de ser suficient com per a saturar el cabell, especialment al coll i darrere de les orelles. Per obtenir uns resultats \u00f2ptims, demani informaci\u00f3 al metge o farmaceutic i segueixi els seus consells.<\/p>\n<p>S&#8217;ha d&#8217;utilitzar una pinta de puntes fines per eliminar els polls, les ninfes i llemenes que estiguin a la vista cada vegada que s&#8217;apliqui el tractament, aix\u00ed com al segon, und\u00e8cim i diset\u00e8 dia despr\u00e9s de la primera aplicaci\u00f3.<\/p>\n<h4>Com evitar que els vostres fills es tornin a infectar:<\/h4>\n<p>&#8211; Examini el cabell de tots els membres de la fam\u00edlia i dels amics \u00edntims dels nens. El tractament preventiu no s&#8217;aconsella, ja que els productes que es fan servir, poden irritar el cuir cabellut. A m\u00e9s, els polls podries fer-se &#8220;resistents&#8221; als tractaments i per tant m\u00e9s dif\u00edcils d&#8217;eliminar si es produ\u00eds una infectaci\u00f3.<\/p>\n<p>&#8211; Renti tots els teixits (roba, roba de llit, tovalloles&#8230;) que hagin estat en contacte amb el cabell dels nens durant els tres dies anteriors al tractament. FAci servir un programa de rentat amb aigua calent i possi-ho a la secadora durant 20 min.<\/p>\n<p>-Guardin dues setmanes en bosses de pl\u00e0stic tancades hermeticament la resta d&#8217;objectes (joguines, coixins de llit, ninos&#8230;) que hagin estat en contacte amb el seu fill durant els tres dies anteriors al tractyament.<\/p>\n<p>&#8211; Possi en remull els raspalls i pintes en un xamp\u00fa antipolls sense diluir o en aigua calenta entre cinc i deu minuts.<\/p>\n<p>&#8211; Neteji tot l&#8217;entorn del nen passant l&#8217;aspiradora pels terres, les superficies dels mobles i els seients del cotxe.<\/p>\n<p>&nbsp;<\/p>\n<h4><strong>M\u00e9s informaci\u00f3: <span style=\"text-decoration: underline;\"><span style=\"color: #ff6600; text-decoration: underline;\"><a style=\"color: #ff6600; text-decoration: underline;\" href=\"http:\/\/canalsalut.gencat.cat\/ca\/home_ciutadania\/salut_az\/p\/polls\/\" target=\"_blank\">CANAL SALUT GENCAT (Generalitat de Catalunya)<\/a><\/span><\/span><br \/>\n<\/strong><\/h4>\n<h4><span style=\"color: #ff6600;\"><strong>\u00a0\u00a0\u00a0\u00a0\u00a0\u00a0\u00a0\u00a0\u00a0\u00a0\u00a0\u00a0\u00a0\u00a0\u00a0\u00a0\u00a0\u00a0\u00a0\u00a0\u00a0\u00a0\u00a0\u00a0\u00a0\u00a0\u00a0\u00a0\u00a0<\/strong><\/span><span style=\"text-decoration: underline;\"><span style=\"color: #ff6600; text-decoration: underline;\"><strong> <a style=\"color: #ff6600; text-decoration: underline;\" href=\"http:\/\/www.sefac.org\/buscar\/piojos\" target=\"_blank\">SEFAC (societat espanyola de fam\u00edlia i farm\u00e0cia comunit\u00e0ria)<\/a><\/strong><\/span><\/span><\/h4>\n<p><span style=\"color: #ff6600;\">\u00a0<\/span><\/p>\n<p>&nbsp;<\/p>\n","protected":false},"excerpt":{"rendered":"<p>Qu\u00e8 \u00e9s un <a style=\"color: #ff6600;\" href=\"http:\/\/canalsalut.gencat.cat\/ca\/home_ciutadania\/salut_az\/p\/polls\/\" target=\"_blank\">poll?<\/a><br \/>\nHi ha tres tipus de polls: els polls del cap, els del cos i els polls p\u00fabics, m\u00e9s coneguts com &#8220;ladelles&#8221;; tots tres tipus de polls s&#8217;alimenten de sang de les persones.<br \/>\nEls polls del cap s\u00f3n la segona&hellip;  <a href=\"https:\/\/agora.xtec.cat\/ceip-pompeu-cunit\/lescola\/salut\/polls-3\/\" title=\"Read POLLS\">Llegeix m\u00e9s\u00bb<\/a><\/p>\n","protected":false},"author":1,"featured_media":0,"parent":38,"menu_order":2,"comment_status":"closed","ping_status":"closed","template":"page-templates\/side-menu.php","meta":{"_bbp_topic_count":0,"_bbp_reply_count":0,"_bbp_total_topic_count":0,"_bbp_total_reply_count":0,"_bbp_voice_count":0,"_bbp_anonymous_reply_count":0,"_bbp_topic_count_hidden":0,"_bbp_reply_count_hidden":0,"_bbp_forum_subforum_count":0,"footnotes":""},"class_list":["post-559","page","type-page","status-publish","hentry"],"post_mailing_queue_ids":[],"_links":{"self":[{"href":"https:\/\/agora.xtec.cat\/ceip-pompeu-cunit\/wp-json\/wp\/v2\/pages\/559","targetHints":{"allow":["GET"]}}],"collection":[{"href":"https:\/\/agora.xtec.cat\/ceip-pompeu-cunit\/wp-json\/wp\/v2\/pages"}],"about":[{"href":"https:\/\/agora.xtec.cat\/ceip-pompeu-cunit\/wp-json\/wp\/v2\/types\/page"}],"author":[{"embeddable":true,"href":"https:\/\/agora.xtec.cat\/ceip-pompeu-cunit\/wp-json\/wp\/v2\/users\/1"}],"replies":[{"embeddable":true,"href":"https:\/\/agora.xtec.cat\/ceip-pompeu-cunit\/wp-json\/wp\/v2\/comments?post=559"}],"version-history":[{"count":4,"href":"https:\/\/agora.xtec.cat\/ceip-pompeu-cunit\/wp-json\/wp\/v2\/pages\/559\/revisions"}],"predecessor-version":[{"id":587,"href":"https:\/\/agora.xtec.cat\/ceip-pompeu-cunit\/wp-json\/wp\/v2\/pages\/559\/revisions\/587"}],"up":[{"embeddable":true,"href":"https:\/\/agora.xtec.cat\/ceip-pompeu-cunit\/wp-json\/wp\/v2\/pages\/38"}],"wp:attachment":[{"href":"https:\/\/agora.xtec.cat\/ceip-pompeu-cunit\/wp-json\/wp\/v2\/media?parent=559"}],"curies":[{"name":"wp","href":"https:\/\/api.w.org\/{rel}","templated":true}]}}