{"id":554,"date":"2015-12-24T13:09:01","date_gmt":"2015-12-24T12:09:01","guid":{"rendered":"http:\/\/agora.xtec.cat\/ceip-pompeu-cunit\/?page_id=554"},"modified":"2016-01-04T15:01:26","modified_gmt":"2016-01-04T14:01:26","slug":"polls-2","status":"publish","type":"page","link":"https:\/\/agora.xtec.cat\/ceip-pompeu-cunit\/lescola\/salut\/polls-2\/","title":{"rendered":"FES SALUT!!!"},"content":{"rendered":"<div class=\"FW_sEditPro\">\n<h3>\u00a0<strong>ALIMENTACI\u00d3 SALUDABLE<\/strong><\/h3>\n<div class=\"field field-name-field-source field-type-link-field field-label-inline clearfix\">\n<div class=\"field-item even\"><em>(Font: Ministerio de Sanidad y Consumo; Ministerio de Educaci\u00f3n y Ciencia)<\/em><\/div>\n<div class=\"field-item even\"><\/div>\n<div class=\"field-item even\"><\/div>\n<\/div>\n<div class=\"field field-name-body field-type-text-with-summary field-label-hidden\">\n<div class=\"field-items\">\n<div class=\"field-item even\">\n<p><strong>Avui dia sabem la gran import\u00e0ncia que t\u00e9 una bona alimentaci\u00f3 per a la salut,<\/strong> per\u00f2 no per aix\u00f2 sempre ens alimentem saludablement. De fet, molts estudis mostren uns alts percentatges de sobrep\u00e8s i obesitat infantil i adolescent i per aix\u00f2 \u00e9s important portar a terme diferents mesures que permetin contrarestar aquestes problem\u00e0tiques que poden ser causa de m\u00faltiples malalties sobretot a la vida adulta.<\/p>\n<p>En aquest sentit, el Ministeri de Sanitat i Consum i el Ministeri d\u2019Educaci\u00f3 i Ci\u00e8ncia van elaborar conjuntament la guia \u201c<a href=\"http:\/\/faroshsjd.net\/item.php?id=1912&amp;lang=1\" target=\"_blank\">Alimentaci\u00f3n Saludable: Gu\u00eda para las familias<\/a>\u201d dirigida a oferir ajuda a les fam\u00edlies al voltant de l\u2019alimentaci\u00f3 saludable dels seus fills per a que existeixi una correlaci\u00f3 entre all\u00f2 apr\u00e8s en el centre educatiu i la vida quotidiana.<\/p>\n<h5>Dec\u00e0leg de consells per a una alimentaci\u00f3 sana i equilibrada<\/h5>\n<p>En la guia es presenta un dec\u00e0leg d\u2019alimentaci\u00f3 saludable per a les fam\u00edlies que detallem a continuaci\u00f3:<\/p>\n<p><strong>1. VARIADA<\/strong>. Acostuma al teu fill\/a com m\u00e9s aviat millor a menjar de tot i a degustar tots els sabors de diversos aliments. La clau per<\/p>\n<p>educar-lo en h\u00e0bits alimentaris saludables est\u00e0 en oferir-li una alimentaci\u00f3 variada des dels seus primers anys de vida.<\/p>\n<p>\u00c9s dif\u00edcil que el nen\/a aprengui a menjar b\u00e9 si no li has donat la possibilitat de tenir contacte amb una gran varietat d&#8217;aliments.<\/p>\n<div>\n<p><strong>2. SANA.<\/strong> Tria els aliments amb menys grassa, amb poca sal, abundants vegetals (verdures, fruites, llegums i cereals integrals), i en quantitats d\u2019acord amb la seva gana i les seves necessitats.<\/p>\n<p><strong>3. EQUILIBRADA.<\/strong> \u00c9s imprescindible que coneguis el men\u00fa de l\u2019escola, per complementar-lo amb l\u2019esmorzar, el dinar, el berenar i el sopar, i aconseguir\u00a0 aix\u00ed una alimentaci\u00f3 equilibrada. Els aliments s\u2019han de distribuir al llarg del dia per a que el cos obtingui d\u2019ells els nutrients i mantingui el nivell d\u2019energia que necessita, segons les seves exig\u00e8ncies.<\/p>\n<p><strong>4. NUTRITIVA.<\/strong> Ofereix-li aliments de tots els grups (fruites, verdures, carns, peixos, cereals, llegums,&#8230;) per a que puguin escollir els que m\u00e9s el hi agraden. Est\u00e0 a les teves mans evitar que el teu fill\/a consumeixi habitualment aliments superflus, plens de calories buides, com dol\u00e7os, refrescos, llaminadures, patates fregides de bossa i similars, o precuinats, com hamburgueses i pizzes.<\/p>\n<p><strong>5. DESITJABLE.<\/strong> Si cuines els aliments (verdures, peixos, llegums,&#8230;) de diferents maneres, combines els aliments que saps que li agraden menys al teu fill\/a amb altres que li agradin m\u00e9s i presentes els plats a la taula de forma atractiva, tens moltes garanties de que el menjar els hi resulti m\u00e9s desitjable.<\/p>\n<p><strong>6. DIVERTIDA<\/strong>. Fes-los part\u00edcips de la compra, l\u2019elaboraci\u00f3 de menjars, la preparaci\u00f3 de la taula, etc. Aix\u00f2 pot ser una oportunitat per a que aprenguin bons h\u00e0bits i gaudeixin del menjar.<\/p>\n<p><strong>7. SORPRENENT.<\/strong> Ensenya\u2019ls tot el que saps sobre els aliments: per a qu\u00e8 serveixen,\u00a0 quines funcions desenvolupen en el cos, quina quantitat necessita el nostre cos de cada aliment,&#8230;<\/p>\n<p><strong>8. ORDENADA.<\/strong> Gaudiu en fam\u00edlia del moment del dinar o el sopar, en un ambient relaxat i tranquil, seguint un ordre a l\u2019hora de menjar: primer plat, segon plat i postres.<\/p>\n<p><strong>9. CONSISTENT.<\/strong> Assegura\u2019t de que el nen\/a fa com a m\u00ednim tres menjars consistents al dia: esmorzar, dinar i sopar. I si passen m\u00e9s de quatre hores entre una i altra, anima\u2019l a que prengui un refrigeri.<\/p>\n<p><strong>10. EDUCATIVA.<\/strong> \u00c9s essencial que l\u2019educaci\u00f3 d\u2019h\u00e0bits alimentaris saludables es porti a terme tant a casa com a l\u2019escola. L\u2019educaci\u00f3 exigeix de la fam\u00edlia paci\u00e8ncia, dedicaci\u00f3, const\u00e0ncia, disciplina, no fer concessions inacceptables i respecte per la gana del nen\/a, sempre que el seu ritme de creixement i desenvolupament es trobi dins de la normalitat.<\/p>\n<\/div>\n<p>L\u2019informe, que va ser elaborat l\u2019any 2007 per\u00f2 que els seus continguts encara s\u00f3n vigents, \u00e9s una guia molt completa que l\u2019Observatori FAROS recomana a tots els pares, mares i professionals de l\u2019educaci\u00f3 a llegir en detall.<\/p>\n<\/div>\n<\/div>\n<\/div>\n<div class=\"FW_sEditPro\">\n<div class=\"FW_sArticleFoto\">\n<div class=\"FW_sEditPro\">\n<p style=\"text-align: left;\"><strong>M\u00e9s informaci\u00f3:\u00a0\u00a0\u00a0\u00a0<a href=\"http:\/\/canalsalut.gencat.cat\/ca\/home_ciutadania\/vida_saludable\/alimentacio\/\" target=\"_blank\"><img loading=\"lazy\" decoding=\"async\" class=\"  wp-image-595 aligncenter\" src=\"http:\/\/agora.xtec.cat\/ceip-pompeu-cunit\/wp-content\/uploads\/usu1061\/2016\/01\/Alimentos-salud2.png\" alt=\"Alimentos salud2\" width=\"184\" height=\"91\" srcset=\"https:\/\/agora.xtec.cat\/ceip-pompeu-cunit\/wp-content\/uploads\/usu1061\/2016\/01\/Alimentos-salud2.png 349w, https:\/\/agora.xtec.cat\/ceip-pompeu-cunit\/wp-content\/uploads\/usu1061\/2016\/01\/Alimentos-salud2-300x148.png 300w\" sizes=\"auto, (max-width: 184px) 100vw, 184px\" \/><\/a>\u00a0\u00a0\u00a0\u00a0\u00a0\u00a0\u00a0\u00a0\u00a0\u00a0 <\/strong><\/p>\n<h3 style=\"text-align: left;\"><strong>ACTIVITAT F\u00cdSICA PER A INFANTS I JOVES<\/strong><\/h3>\n<\/div>\n<\/div>\n<\/div>\n<p>La majoria d&#8217;infants i joves fan exercici gaireb\u00e9 sense proposar-s&#8217;ho, mitjan\u00e7ant el joc i les activitats quotidianes d&#8217;un estil de vida actiu: anar caminant a l&#8217;escola, pujar escales\u00a0o\u00a0passejar el gos.<\/p>\n<p>Per cr\u00e9ixer amb bona salut, cal que facin, com a m\u00ednim, una hora di\u00e0ria d&#8217;activitat f\u00edsica moderada\/intensa: jocs actius, caminar a bon pas, anar amb bicicleta, c\u00f3rrer, saltar a la corda o\u00a0practicar esports.<\/p>\n<p>L&#8217;activitat f\u00edsica ajuda a millorar la salut actual i la\u00a0futura, i ser\u00e0 m\u00e9s f\u00e0cil mantenir uns bons h\u00e0bits si s&#8217;inicien des de la inf\u00e0ncia.<\/p>\n<p>Tamb\u00e9 (igual que una bona alimentaci\u00f3) ajuda a prevenir la <strong><a href=\"http:\/\/agora.xtec.cat\/ceip-pompeu-cunit\/wp-content\/uploads\/usu1061\/2016\/01\/sobrepes_obesitat_infantil.pdf\">obesitat infantil.<\/a><\/strong><\/p>\n<p style=\"text-align: left;\"><strong>M\u00e9s informaci\u00f3: <a href=\"http:\/\/canalsalut.gencat.cat\/ca\/home_ciutadania\/vida_saludable\/activitat_fisica\/activitat_fisica_per_grups_dedat\/\" target=\"_blank\"><img loading=\"lazy\" decoding=\"async\" class=\"  wp-image-589 aligncenter\" src=\"http:\/\/agora.xtec.cat\/ceip-pompeu-cunit\/wp-content\/uploads\/usu1061\/2016\/01\/exercici.jpg\" alt=\"exercici\" width=\"78\" height=\"96\" \/><\/a><\/strong><\/p>\n<div class=\"FW_sEditPro\">\n<h3>H\u00c0BITS D&#8217;HIGIENE<\/h3>\n<div class=\"FW_sArticleFoto\"><\/div>\n<p>La higiene personal \u00e9s imprescindible per evitar microbis i bacteris. Cal tenir una cura especial en la higiene del cos i les mans, la boca i les dents, i els entorns on hi ha animals de companyia.<\/p>\n<p>Mantenir una bona higiene personal permet reduir els microbis que es reprodueixen al cos i evitar malalties.<\/p>\n<\/div>\n<div class=\"FW_sEditPro\"><br class=\"FW_sEditPro\" \/>De manera general, cal que:<\/p>\n<ul>\n<li>us dutxeu di\u00e0riament.<\/li>\n<li>us renteu les dents.<\/li>\n<li>utilitzeu roba neta.<\/li>\n<li>porteu les ungles curtes i netes.<\/li>\n<\/ul>\n<p>La higiene corporal s&#8217;ha de fer amb aigua potable calenta i sab\u00f3.<\/p>\n<div class=\"FW_sInfoCanal\">\n<h5>Salut bucodental<\/h5>\n<\/div>\n<div class=\"FW_sDetallGeneral\">\n<div class=\"\">\n<div class=\"FW_bContingutArticle \">\n<div class=\"FW_sArticleFoto\">\n<div class=\"FW_sEditPro\"><\/div>\n<p>La c\u00e0ries \u00e9s una de les malalties m\u00e9s freq\u00fcents a Catalunya, i afecta a la meitat dels infants.<\/p>\n<p>La formaci\u00f3 de la c\u00e0ries \u00e9s deguda a tres factors ben definits:<\/p>\n<p>&#8211; l&#8217;exc\u00e9s de dol\u00e7os a la dieta<br \/>\n&#8211; la manca d&#8217;higiene bucal, que facilita la pres\u00e8ncia de bacteris a la boca<br \/>\n&#8211; la susceptibilitat de les mateixes dents<br \/>\nPer prevenir l&#8217;aparici\u00f3 de la c\u00e0ries, cal que:<\/p>\n<p>&#8211; redu\u00efu el consum de dol\u00e7os de la dieta, particularment entre \u00e0pats, at\u00e8s que aquests afavoreixen la multiplicaci\u00f3 dels bacteris;<br \/>\n&#8211; us raspalleu les dents despr\u00e9s de cada \u00e0pat;<br \/>\n&#8211; us passeu el fil dental per tal d&#8217;eliminar la placa bacteriana de l&#8217;espai interdental;<br \/>\n&#8211; augmenteu la resist\u00e8ncia de l&#8217;esmalt dental amb glopeigos de solucions fluorades, a partir dels sis anys, i<br \/>\nvisiteu el dentista un cop l&#8217;any, com a m\u00ednim.<\/p>\n<p>A l&#8217;escola es fan dues revisions dentals: <strong>a 1r i a 6\u00e8 de prim\u00e0ria.<\/strong><\/p>\n<\/div>\n<\/div>\n<\/div>\n<\/div>\n<\/div>\n<\/div>\n<div><\/div>\n<div><\/div>\n<div class=\"FW_sEditPro\"><\/div>\n<div class=\"FW_sEditPro\"><\/div>\n<div class=\"FW_sEditPro\"><\/div>\n<div class=\"FW_sEditPro\"><\/div>\n<div class=\"FW_sEditPro\"><span style=\"color: #ff6600;\"><strong>Vols saber m\u00e9s sobre els h\u00e0bits d&#8217;higiene?:<\/strong><\/span><\/div>\n<div class=\"FW_sEditPro\" style=\"text-align: center;\">\u00a0\u00a0\u00a0\u00a0\u00a0\u00a0\u00a0\u00a0\u00a0\u00a0\u00a0 <a href=\"http:\/\/canalsalut.gencat.cat\/ca\/home_ciutadania\/vida_saludable\/habits_dhigiene\/\"><img loading=\"lazy\" decoding=\"async\" class=\"alignnone  wp-image-600\" src=\"http:\/\/agora.xtec.cat\/ceip-pompeu-cunit\/wp-content\/uploads\/usu1061\/2016\/01\/higiene-de-los-ni\u00f1os.jpg\" alt=\"higiene-de-los-ni\u00f1os\" width=\"106\" height=\"228\" srcset=\"https:\/\/agora.xtec.cat\/ceip-pompeu-cunit\/wp-content\/uploads\/usu1061\/2016\/01\/higiene-de-los-ni\u00f1os.jpg 450w, https:\/\/agora.xtec.cat\/ceip-pompeu-cunit\/wp-content\/uploads\/usu1061\/2016\/01\/higiene-de-los-ni\u00f1os-139x300.jpg 139w\" sizes=\"auto, (max-width: 106px) 100vw, 106px\" \/><\/a><\/div>\n","protected":false},"excerpt":{"rendered":"<p>\u00a0ALIMENTACI\u00d3 SALUDABLE<\/p>\n<p>(Font: Ministerio de Sanidad y Consumo; Ministerio de Educaci\u00f3n y Ciencia)<\/p>\n<p>Avui dia sabem la gran import\u00e0ncia que t\u00e9 una bona alimentaci\u00f3 per a la salut, per\u00f2 no per aix\u00f2 sempre ens alimentem saludablement. De fet, molts estudis mostren uns alts percentatges de sobrep\u00e8s i&hellip;  <a href=\"https:\/\/agora.xtec.cat\/ceip-pompeu-cunit\/lescola\/salut\/polls-2\/\" title=\"Read FES SALUT!!!\">Llegeix m\u00e9s\u00bb<\/a><\/p>\n","protected":false},"author":1,"featured_media":0,"parent":38,"menu_order":3,"comment_status":"closed","ping_status":"closed","template":"page-templates\/side-menu.php","meta":{"_bbp_topic_count":0,"_bbp_reply_count":0,"_bbp_total_topic_count":0,"_bbp_total_reply_count":0,"_bbp_voice_count":0,"_bbp_anonymous_reply_count":0,"_bbp_topic_count_hidden":0,"_bbp_reply_count_hidden":0,"_bbp_forum_subforum_count":0,"footnotes":""},"class_list":["post-554","page","type-page","status-publish","hentry"],"post_mailing_queue_ids":[],"_links":{"self":[{"href":"https:\/\/agora.xtec.cat\/ceip-pompeu-cunit\/wp-json\/wp\/v2\/pages\/554","targetHints":{"allow":["GET"]}}],"collection":[{"href":"https:\/\/agora.xtec.cat\/ceip-pompeu-cunit\/wp-json\/wp\/v2\/pages"}],"about":[{"href":"https:\/\/agora.xtec.cat\/ceip-pompeu-cunit\/wp-json\/wp\/v2\/types\/page"}],"author":[{"embeddable":true,"href":"https:\/\/agora.xtec.cat\/ceip-pompeu-cunit\/wp-json\/wp\/v2\/users\/1"}],"replies":[{"embeddable":true,"href":"https:\/\/agora.xtec.cat\/ceip-pompeu-cunit\/wp-json\/wp\/v2\/comments?post=554"}],"version-history":[{"count":4,"href":"https:\/\/agora.xtec.cat\/ceip-pompeu-cunit\/wp-json\/wp\/v2\/pages\/554\/revisions"}],"predecessor-version":[{"id":627,"href":"https:\/\/agora.xtec.cat\/ceip-pompeu-cunit\/wp-json\/wp\/v2\/pages\/554\/revisions\/627"}],"up":[{"embeddable":true,"href":"https:\/\/agora.xtec.cat\/ceip-pompeu-cunit\/wp-json\/wp\/v2\/pages\/38"}],"wp:attachment":[{"href":"https:\/\/agora.xtec.cat\/ceip-pompeu-cunit\/wp-json\/wp\/v2\/media?parent=554"}],"curies":[{"name":"wp","href":"https:\/\/api.w.org\/{rel}","templated":true}]}}