{"id":552,"date":"2015-12-24T13:08:35","date_gmt":"2015-12-24T12:08:35","guid":{"rendered":"http:\/\/agora.xtec.cat\/ceip-pompeu-cunit\/?page_id=552"},"modified":"2022-10-04T16:05:36","modified_gmt":"2022-10-04T14:05:36","slug":"vacunes","status":"publish","type":"page","link":"https:\/\/agora.xtec.cat\/ceip-pompeu-cunit\/lescola\/salut\/vacunes\/","title":{"rendered":"VACUNES"},"content":{"rendered":"<div class=\"FW_sEditPro\">\n<p>Els primers anys de vida s\u00f3n decisius per als infants. Per aix\u00f2 \u00e9s molt important que de bon comen\u00e7ament estiguin protegits contra aquelles malalties que es poden prevenir mitjan\u00e7ant la vacunaci\u00f3.<\/p>\n<p>Les vacunes sistem\u00e0tiques s\u00f3n aquelles que \u00e9s recomanable administrar a tots els nens i nenes d&#8217;una determinada edat sempre que no hi hagi una contraindicaci\u00f3 que ho impedeixi.<\/p>\n<p>En contraposici\u00f3, les vacunes no sistem\u00e0tiques s\u00f3n aquelles que nom\u00e9s es recomanen als infants que, per les seves condicions particulars, tenen m\u00e9s risc d&#8217;adquirir la malaltia o una afecci\u00f3 de base que es podria agreujar si es pateix la malaltia previnguda per la vacuna.<\/p>\n<h3><a href=\"http:\/\/agora.xtec.cat\/ceip-pompeu-cunit\/wp-content\/uploads\/usu1061\/2016\/01\/calendari_vacunacions_2014_12_11.pdf\" target=\"_blank\" rel=\"noopener\"><strong>CALENDARI DE VACUNACIONS<\/strong> <\/a><\/h3>\n<p>A l&#8217;escola s&#8217;administren les seg\u00fcents vacunes a 6\u00e8 de prim\u00e0ria:<\/p>\n<p>Vacuna contra el virus del papil\u00b7loma hum\u00e0 (vacuna VPH), en dues dosis, a nens i nenes.<\/p>\n<p>&#8211; <strong>Vacuna contra l\u2019hepatitis A<\/strong> (vacuna HA), en dues dosis. En el cas que el vostre fill o filla estigui vacunat\/da amb una dosi anterior (als 6 anys), se li administrar\u00e0 \u00fanicament la segona dosi per finalitzar la pauta.<br \/>\n&#8211; <strong>Vacuna contra la varicel\u00b7la<\/strong> (vacuna V), que s\u2019administra en dues dosis als nens i nenes que no hagin passat la malaltia ni hagin rebut la vacuna. En el cas que el vostre fill o filla estigui vacunat\/da amb una dosi, se li administrar\u00e0 la segona dosi.<br \/>\n&#8211; <strong>Vacuna antimeningoc\u00f2ccica<\/strong> conjugada tetravalent (vacuna MACWY), en una \u00fanica dosi als nens i nenes, si no l\u2019han rebut despr\u00e9s dels 10 anys, i independentment de les dosis administrades de la vacuna contra el meningococ C conjugada (vacuna MC).<\/p>\n<p><a href=\"https:\/\/canalsalut.gencat.cat\/ca\/salut-a-z\/v\/vacunacions\/\">Per m\u00e9s informaci\u00f3 feu clic aqu\u00ed<\/a><\/p>\n<\/div>\n","protected":false},"excerpt":{"rendered":"<p>Els primers anys de vida s\u00f3n decisius per als infants. Per aix\u00f2 \u00e9s molt important que de bon comen\u00e7ament estiguin protegits contra aquelles malalties que es poden prevenir mitjan\u00e7ant la vacunaci\u00f3.<br \/>\nLes vacunes sistem\u00e0tiques s\u00f3n aquelles que \u00e9s recomanable administrar a tots els nens i nenes&hellip;  <a href=\"https:\/\/agora.xtec.cat\/ceip-pompeu-cunit\/lescola\/salut\/vacunes\/\" title=\"Read VACUNES\">Llegeix m\u00e9s\u00bb<\/a><\/p>\n","protected":false},"author":1,"featured_media":0,"parent":38,"menu_order":1,"comment_status":"closed","ping_status":"closed","template":"page-templates\/side-menu.php","meta":{"_bbp_topic_count":0,"_bbp_reply_count":0,"_bbp_total_topic_count":0,"_bbp_total_reply_count":0,"_bbp_voice_count":0,"_bbp_anonymous_reply_count":0,"_bbp_topic_count_hidden":0,"_bbp_reply_count_hidden":0,"_bbp_forum_subforum_count":0,"footnotes":""},"class_list":["post-552","page","type-page","status-publish","hentry"],"post_mailing_queue_ids":[],"_links":{"self":[{"href":"https:\/\/agora.xtec.cat\/ceip-pompeu-cunit\/wp-json\/wp\/v2\/pages\/552","targetHints":{"allow":["GET"]}}],"collection":[{"href":"https:\/\/agora.xtec.cat\/ceip-pompeu-cunit\/wp-json\/wp\/v2\/pages"}],"about":[{"href":"https:\/\/agora.xtec.cat\/ceip-pompeu-cunit\/wp-json\/wp\/v2\/types\/page"}],"author":[{"embeddable":true,"href":"https:\/\/agora.xtec.cat\/ceip-pompeu-cunit\/wp-json\/wp\/v2\/users\/1"}],"replies":[{"embeddable":true,"href":"https:\/\/agora.xtec.cat\/ceip-pompeu-cunit\/wp-json\/wp\/v2\/comments?post=552"}],"version-history":[{"count":3,"href":"https:\/\/agora.xtec.cat\/ceip-pompeu-cunit\/wp-json\/wp\/v2\/pages\/552\/revisions"}],"predecessor-version":[{"id":5524,"href":"https:\/\/agora.xtec.cat\/ceip-pompeu-cunit\/wp-json\/wp\/v2\/pages\/552\/revisions\/5524"}],"up":[{"embeddable":true,"href":"https:\/\/agora.xtec.cat\/ceip-pompeu-cunit\/wp-json\/wp\/v2\/pages\/38"}],"wp:attachment":[{"href":"https:\/\/agora.xtec.cat\/ceip-pompeu-cunit\/wp-json\/wp\/v2\/media?parent=552"}],"curies":[{"name":"wp","href":"https:\/\/api.w.org\/{rel}","templated":true}]}}