{"id":5455,"date":"2022-04-21T10:44:53","date_gmt":"2022-04-21T08:44:53","guid":{"rendered":"https:\/\/agora.xtec.cat\/ceip-pompeu-cunit\/?page_id=5455"},"modified":"2023-05-17T13:53:11","modified_gmt":"2023-05-17T11:53:11","slug":"estrategia-digital-de-centre","status":"publish","type":"page","link":"https:\/\/agora.xtec.cat\/ceip-pompeu-cunit\/estrategia-digital-de-centre\/","title":{"rendered":"ESTRAT\u00c8GIA DIGITAL DE CENTRE"},"content":{"rendered":"<p>L&#8217;Estrat\u00e8gia digital de Centre (EDC) \u00e9s el conjunt d&#8217;accions i documents referents a l&#8217;\u00e0mbit digital d&#8217;un centre educatiu i que serveixen per avan\u00e7ar en la millora i documentar tot el que fa refer\u00e8ncia en aquest \u00e0mbit i que es treballa en el centre.<\/p>\n<p style=\"text-align: center;\"><iframe loading=\"lazy\" title=\"YouTube video player\" src=\"https:\/\/www.youtube.com\/embed\/uS5UUZIYLPQ\" width=\"560\" height=\"315\" frameborder=\"0\" allowfullscreen=\"allowfullscreen\"><\/iframe><\/p>\n<p>L&#8217;EDC s&#8217;estructura en dues linies: <a href=\"https:\/\/agora.xtec.cat\/ceip-pompeu-cunit\/estrategia-digital\/\" target=\"_blank\" rel=\"noopener\"><strong>la part estrat\u00e8gica<\/strong> <\/a>i la <a href=\"https:\/\/agora.xtec.cat\/ceip-pompeu-cunit\/cultura-digital\/\" target=\"_blank\" rel=\"noopener\"><strong>part de cultura digital.<\/strong><\/a> Cada una d&#8217;aquestes dues linies la podem dividir en les parts que veiem a continuaci\u00f3:<\/p>\n<p style=\"text-align: center;\"><a class=\"button normal\" style=\"padding: 1em; font-weight: 400; margin: 0.1em; color: white !important; background-color: #ffa00c;\" href=\"https:\/\/agora.xtec.cat\/ceip-pompeu-cunit\/estrategia-digital-de-centre\/estrategia-digital\/\" target=\"_blank\" rel=\"noopener noreferrer\">ESTRAT\u00c8GIA DIGITAL<\/a> \u00a0<a class=\"button normal\" style=\"padding: 1em; font-weight: 400; margin: 0.1em; color: white !important; background-color: #b03bba;\" href=\"https:\/\/agora.xtec.cat\/ceip-pompeu-cunit\/estrategia-digital-de-centre\/cultura-digital\/\" target=\"_blank\" rel=\"noopener noreferrer\">CULTURA DIGITAL<\/a><\/p>\n","protected":false},"excerpt":{"rendered":"<p>L&#8217;Estrat\u00e8gia digital de Centre (EDC) \u00e9s el conjunt d&#8217;accions i documents referents a l&#8217;\u00e0mbit digital d&#8217;un centre educatiu i que serveixen per avan\u00e7ar en la millora i documentar tot el que fa refer\u00e8ncia en aquest \u00e0mbit i que es treballa en el centre.<\/p>\n<p>L&#8217;EDC s&#8217;estructura en&hellip;  <a href=\"https:\/\/agora.xtec.cat\/ceip-pompeu-cunit\/estrategia-digital-de-centre\/\" title=\"Read ESTRAT\u00c8GIA DIGITAL DE CENTRE\">Llegeix m\u00e9s\u00bb<\/a><\/p>\n","protected":false},"author":1,"featured_media":0,"parent":0,"menu_order":0,"comment_status":"closed","ping_status":"closed","template":"page-templates\/side-menu.php","meta":{"_bbp_topic_count":0,"_bbp_reply_count":0,"_bbp_total_topic_count":0,"_bbp_total_reply_count":0,"_bbp_voice_count":0,"_bbp_anonymous_reply_count":0,"_bbp_topic_count_hidden":0,"_bbp_reply_count_hidden":0,"_bbp_forum_subforum_count":0,"footnotes":""},"class_list":["post-5455","page","type-page","status-publish","hentry"],"post_mailing_queue_ids":[],"_links":{"self":[{"href":"https:\/\/agora.xtec.cat\/ceip-pompeu-cunit\/wp-json\/wp\/v2\/pages\/5455","targetHints":{"allow":["GET"]}}],"collection":[{"href":"https:\/\/agora.xtec.cat\/ceip-pompeu-cunit\/wp-json\/wp\/v2\/pages"}],"about":[{"href":"https:\/\/agora.xtec.cat\/ceip-pompeu-cunit\/wp-json\/wp\/v2\/types\/page"}],"author":[{"embeddable":true,"href":"https:\/\/agora.xtec.cat\/ceip-pompeu-cunit\/wp-json\/wp\/v2\/users\/1"}],"replies":[{"embeddable":true,"href":"https:\/\/agora.xtec.cat\/ceip-pompeu-cunit\/wp-json\/wp\/v2\/comments?post=5455"}],"version-history":[{"count":4,"href":"https:\/\/agora.xtec.cat\/ceip-pompeu-cunit\/wp-json\/wp\/v2\/pages\/5455\/revisions"}],"predecessor-version":[{"id":5653,"href":"https:\/\/agora.xtec.cat\/ceip-pompeu-cunit\/wp-json\/wp\/v2\/pages\/5455\/revisions\/5653"}],"wp:attachment":[{"href":"https:\/\/agora.xtec.cat\/ceip-pompeu-cunit\/wp-json\/wp\/v2\/media?parent=5455"}],"curies":[{"name":"wp","href":"https:\/\/api.w.org\/{rel}","templated":true}]}}