{"id":26,"date":"2014-09-18T12:24:32","date_gmt":"2014-09-18T11:24:32","guid":{"rendered":"http:\/\/agora.xtec.cat\/ceip-pompeu-cunit\/?page_id=26"},"modified":"2016-01-13T13:51:37","modified_gmt":"2016-01-13T12:51:37","slug":"historia","status":"publish","type":"page","link":"https:\/\/agora.xtec.cat\/ceip-pompeu-cunit\/lescola\/historia\/","title":{"rendered":"Hist\u00f2ria"},"content":{"rendered":"<p>L\u2019 Escola Pompeu Fabra \u00e9s un Centre de titularitat p\u00fablica depenent del Departament d\u2019Ensenyament, situada al municipi de Cunit, un poble costaner de la comarca del Baix Pened\u00e8s, amb 11.989 habitants (dades de l\u2019INDESCAT a l\u2019any 2014) i una extensi\u00f3 de 9,7 km2.<\/p>\n<p>Cunit hist\u00f2ricament, ha estat un municipi d\u2019arrels i or\u00edgens agr\u00edcoles, que amb l\u2019esclat del turisme de segona resid\u00e8ncia, va anar transformant-se, fonamentalment cap a la construcci\u00f3 i el sector de serveis.<\/p>\n<p>Amb motiu de la crisi econ\u00f2mica dels darrers anys, l\u2019increment de poblaci\u00f3 ha deixat de cr\u00e9ixer i com tot Catalunya i sobretot la comarca del Baix Pened\u00e8s els \u00edndexs d\u2019atur s\u2019han elevat considerablement.<\/p>\n<p>El centre es va inaugurar a l\u2019 any 1956 sent aleshores una escola unit\u00e0ria mixta , despr\u00e9s va passar a ser una \u201c Junta Municipal de Ense\u00f1anza\u201d. L\u2019any 1980 se la va anomenar Escola Pompeu Fabra.<\/p>\n<p>&nbsp;<\/p>\n<p>&nbsp;<\/p>\n","protected":false},"excerpt":{"rendered":"<p>L\u2019 Escola Pompeu Fabra \u00e9s un Centre de titularitat p\u00fablica depenent del Departament d\u2019Ensenyament, situada al municipi de Cunit, un poble costaner de la comarca del Baix Pened\u00e8s, amb 11.989 habitants (dades de l\u2019INDESCAT a l\u2019any 2014) i una extensi\u00f3 de 9,7 km2.<br \/>\nCunit hist\u00f2ricament, ha&hellip;  <a href=\"https:\/\/agora.xtec.cat\/ceip-pompeu-cunit\/lescola\/historia\/\" title=\"Read Hist\u00f2ria\">Llegeix m\u00e9s\u00bb<\/a><\/p>\n","protected":false},"author":1,"featured_media":0,"parent":22,"menu_order":20,"comment_status":"closed","ping_status":"closed","template":"page-templates\/side-menu.php","meta":{"_bbp_topic_count":0,"_bbp_reply_count":0,"_bbp_total_topic_count":0,"_bbp_total_reply_count":0,"_bbp_voice_count":0,"_bbp_anonymous_reply_count":0,"_bbp_topic_count_hidden":0,"_bbp_reply_count_hidden":0,"_bbp_forum_subforum_count":0,"footnotes":""},"class_list":["post-26","page","type-page","status-publish","hentry"],"post_mailing_queue_ids":[],"_links":{"self":[{"href":"https:\/\/agora.xtec.cat\/ceip-pompeu-cunit\/wp-json\/wp\/v2\/pages\/26","targetHints":{"allow":["GET"]}}],"collection":[{"href":"https:\/\/agora.xtec.cat\/ceip-pompeu-cunit\/wp-json\/wp\/v2\/pages"}],"about":[{"href":"https:\/\/agora.xtec.cat\/ceip-pompeu-cunit\/wp-json\/wp\/v2\/types\/page"}],"author":[{"embeddable":true,"href":"https:\/\/agora.xtec.cat\/ceip-pompeu-cunit\/wp-json\/wp\/v2\/users\/1"}],"replies":[{"embeddable":true,"href":"https:\/\/agora.xtec.cat\/ceip-pompeu-cunit\/wp-json\/wp\/v2\/comments?post=26"}],"version-history":[{"count":2,"href":"https:\/\/agora.xtec.cat\/ceip-pompeu-cunit\/wp-json\/wp\/v2\/pages\/26\/revisions"}],"predecessor-version":[{"id":668,"href":"https:\/\/agora.xtec.cat\/ceip-pompeu-cunit\/wp-json\/wp\/v2\/pages\/26\/revisions\/668"}],"up":[{"embeddable":true,"href":"https:\/\/agora.xtec.cat\/ceip-pompeu-cunit\/wp-json\/wp\/v2\/pages\/22"}],"wp:attachment":[{"href":"https:\/\/agora.xtec.cat\/ceip-pompeu-cunit\/wp-json\/wp\/v2\/media?parent=26"}],"curies":[{"name":"wp","href":"https:\/\/api.w.org\/{rel}","templated":true}]}}