{"id":3240,"date":"2022-09-22T13:50:03","date_gmt":"2022-09-22T11:50:03","guid":{"rendered":"https:\/\/agora.xtec.cat\/ceip-pirineu\/?page_id=3240"},"modified":"2022-09-29T14:13:33","modified_gmt":"2022-09-29T12:13:33","slug":"transport-escolar","status":"publish","type":"page","link":"https:\/\/agora.xtec.cat\/ceip-pirineu\/transport-escolar\/","title":{"rendered":"Transport escolar"},"content":{"rendered":"<p style=\"text-align: center;\"><img loading=\"lazy\" decoding=\"async\" class=\"alignnone wp-image-3278\" src=\"https:\/\/agora.xtec.cat\/ceip-pirineu\/wp-content\/uploads\/usu1653\/2022\/09\/transporte-escolar-autobus-grupo-ninos-paisaje_24640-46308-1024x1024.jpg\" alt=\"\" width=\"382\" height=\"382\" srcset=\"https:\/\/agora.xtec.cat\/ceip-pirineu\/wp-content\/uploads\/usu1653\/2022\/09\/transporte-escolar-autobus-grupo-ninos-paisaje_24640-46308-1024x1024.jpg 1024w, https:\/\/agora.xtec.cat\/ceip-pirineu\/wp-content\/uploads\/usu1653\/2022\/09\/transporte-escolar-autobus-grupo-ninos-paisaje_24640-46308-300x300.jpg 300w, https:\/\/agora.xtec.cat\/ceip-pirineu\/wp-content\/uploads\/usu1653\/2022\/09\/transporte-escolar-autobus-grupo-ninos-paisaje_24640-46308-150x150.jpg 150w, https:\/\/agora.xtec.cat\/ceip-pirineu\/wp-content\/uploads\/usu1653\/2022\/09\/transporte-escolar-autobus-grupo-ninos-paisaje_24640-46308-768x768.jpg 768w, https:\/\/agora.xtec.cat\/ceip-pirineu\/wp-content\/uploads\/usu1653\/2022\/09\/transporte-escolar-autobus-grupo-ninos-paisaje_24640-46308-1536x1536.jpg 1536w, https:\/\/agora.xtec.cat\/ceip-pirineu\/wp-content\/uploads\/usu1653\/2022\/09\/transporte-escolar-autobus-grupo-ninos-paisaje_24640-46308.jpg 2000w\" sizes=\"auto, (max-width: 382px) 100vw, 382px\" \/><\/p>\n<p style=\"text-align: center;\"><b>S&#8217;ofereix el transport gratu\u00eft per l&#8217;alumnat de Gombr\u00e8n i rodalies. Aquest \u00e9s gestionat pel Consell Comarcal del Ripoll\u00e8s.<\/b><\/p>\n","protected":false},"excerpt":{"rendered":"<p>S&#8217;ofereix el transport gratu\u00eft per l&#8217;alumnat de Gombr\u00e8n i rodalies. Aquest \u00e9s gestionat pel Consell Comarcal del Ripoll\u00e8s.<\/p>\n","protected":false},"author":1,"featured_media":0,"parent":0,"menu_order":0,"comment_status":"closed","ping_status":"closed","template":"","meta":{"_bbp_topic_count":0,"_bbp_reply_count":0,"_bbp_total_topic_count":0,"_bbp_total_reply_count":0,"_bbp_voice_count":0,"_bbp_anonymous_reply_count":0,"_bbp_topic_count_hidden":0,"_bbp_reply_count_hidden":0,"_bbp_forum_subforum_count":0,"footnotes":""},"class_list":["post-3240","page","type-page","status-publish","hentry"],"post_mailing_queue_ids":[],"_links":{"self":[{"href":"https:\/\/agora.xtec.cat\/ceip-pirineu\/wp-json\/wp\/v2\/pages\/3240","targetHints":{"allow":["GET"]}}],"collection":[{"href":"https:\/\/agora.xtec.cat\/ceip-pirineu\/wp-json\/wp\/v2\/pages"}],"about":[{"href":"https:\/\/agora.xtec.cat\/ceip-pirineu\/wp-json\/wp\/v2\/types\/page"}],"author":[{"embeddable":true,"href":"https:\/\/agora.xtec.cat\/ceip-pirineu\/wp-json\/wp\/v2\/users\/1"}],"replies":[{"embeddable":true,"href":"https:\/\/agora.xtec.cat\/ceip-pirineu\/wp-json\/wp\/v2\/comments?post=3240"}],"version-history":[{"count":3,"href":"https:\/\/agora.xtec.cat\/ceip-pirineu\/wp-json\/wp\/v2\/pages\/3240\/revisions"}],"predecessor-version":[{"id":3401,"href":"https:\/\/agora.xtec.cat\/ceip-pirineu\/wp-json\/wp\/v2\/pages\/3240\/revisions\/3401"}],"wp:attachment":[{"href":"https:\/\/agora.xtec.cat\/ceip-pirineu\/wp-json\/wp\/v2\/media?parent=3240"}],"curies":[{"name":"wp","href":"https:\/\/api.w.org\/{rel}","templated":true}]}}