{"id":3238,"date":"2022-09-22T13:50:02","date_gmt":"2022-09-22T11:50:02","guid":{"rendered":"https:\/\/agora.xtec.cat\/ceip-pirineu\/?page_id=3238"},"modified":"2024-09-18T13:00:45","modified_gmt":"2024-09-18T11:00:45","slug":"menjador","status":"publish","type":"page","link":"https:\/\/agora.xtec.cat\/ceip-pirineu\/menjador\/","title":{"rendered":"Menjador"},"content":{"rendered":"<h2>SERVEI DE MENJADOR ESCOLAR<\/h2>\n<p>El Servei de Menjador d\u00f3na atenci\u00f3 a alumnes entre les 12:30 del migdia i les 3 de la tarda. Compr\u00e8n el dinar i l\u2019estona de lleure.<br \/>\nEl\u00a0<a href=\"https:\/\/ripolles.cat\/ensenyament\/\" target=\"_blank\" rel=\"noopener\"><strong>Consell Comarcal del Ripoll\u00e8s<\/strong><\/a>\u00a0es responsabilitza de la gesti\u00f3\u00a0del Servei de Menjador mitjan\u00e7ant un contracte\u00a0 amb\u00a0<em>Serunion <a href=\"http:\/\/www.serunion-educa.com\/Paginas\/Default_ca.aspx\">,<\/a><\/em>\u00a0una empresa especialitzada del sector.<\/p>\n<p>&nbsp;<\/p>\n<h3>ORGANITZACI\u00d3<\/h3>\n<p>El servei de menjador fa 2 torns diaris: un torn per Educaci\u00f3 Infantil, 1r, 2n i 3r\u00a0 i un darrer torn de 4t, 5\u00e8 i 6\u00e8.<br \/>\nAccepta dos tipus d\u2019usuari:\u00a0habitual, donat d\u2019alta durant tot el curs, i\u00a0eventual\u00a0que fa \u00fas del servei de forma ocasional.<br \/>\nEls alumnes del torn d\u2019Educaci\u00f3 Infantil (I3) despr\u00e9s de dinar van a dormir, i els de I4 i I5 van a fer jocs al pati o altres activitats dirigides dins les aules. Els de Prim\u00e0ria fan jocs i activitats diverses.<\/p>\n<p>&nbsp;<\/p>\n<h3>MEN\u00daS<\/h3>\n<p>Els men\u00fas s\u00f3n elaborats a la cuina de l\u2019escola per l\u2019empresa contractada i revisats, peri\u00f2dicament. Cada mes s\u2019envia el men\u00fa a les fam\u00edlies del centre. Tots els usuaris poden consultar el men\u00fa, recomanacions, i activitats a trav\u00e9s de l\u2019APP <a href=\"https:\/\/colechef.com\/\">ColeChef<\/a>.<\/p>\n<p>&nbsp;<\/p>\n<h3>FUNCIONAMENT ADMINISTRATIU DEL MENJADOR<\/h3>\n<p>El pagament es fa per rebut bancari mensual.\u00a0 Les abs\u00e8ncies s\u00f3n descomptades a final de mes.\u00a0 Per aquest curs el preu del men\u00fa d\u2019alumnes fixes ser\u00e0 de\u00a0<strong>6,31 \u20ac<\/strong>.<br \/>\nEl preu pels\u00a0 alumnes espor\u00e0dics ser\u00e0 de\u00a0<strong>6,96 \u20ac,<\/strong>\u00a0abans de fer servir el servei de me.<br \/>\nEs poden sol\u00b7licitar beques o ajuts al Consell Comarcal, en els per\u00edodes establerts amb aquesta finalitat.<\/p>\n<p>&nbsp;<\/p>\n<h3>FUNCIONAMENT ORGANITZATIU DEL MENJADOR<\/h3>\n<p>Els alumnes de I3 que acostumen a dormir han de dur tamb\u00e9 una tovallola (amb el nom marcat).<\/p>\n<p>Cap alumne de menjador no pot sortir de l\u2019escola sense autoritzaci\u00f3 expressa de les fam\u00edlies.<br \/>\nEl recompte de comensals es fa cada dia a les 9:30 del mat\u00ed. Si un alumne no \u00e9s llavors a l\u2019escola, i la fam\u00edlia no ha avisat, es considera que aquell dia no es queda a dinar.<\/p>\n<p>Un cop al trimestre es passa un informe del servei de menjador on es valoren el comportament general, els h\u00e0bits alimentaris, els h\u00e0bits higi\u00e8nics i la participaci\u00f3 en les activitats.<\/p>\n","protected":false},"excerpt":{"rendered":"<p>SERVEI DE MENJADOR ESCOLAR<br \/>\nEl Servei de Menjador d\u00f3na atenci\u00f3 a alumnes entre les 12:30 del migdia i les 3 de la tarda. Compr\u00e8n el dinar i l\u2019estona de lleure.<br \/>\nEl\u00a0<a href=\"https:\/\/ripolles.cat\/ensenyament\/\" target=\"_blank\" rel=\"noopener\">Consell Comarcal del Ripoll\u00e8s<\/a>\u00a0es responsabilitza de la gesti\u00f3\u00a0del Servei de Menjador mitjan\u00e7ant un contracte\u00a0&hellip;  <a href=\"https:\/\/agora.xtec.cat\/ceip-pirineu\/menjador\/\" title=\"Read Menjador\">Llegeix m\u00e9s\u00bb<\/a><\/p>\n","protected":false},"author":1,"featured_media":0,"parent":0,"menu_order":0,"comment_status":"closed","ping_status":"closed","template":"","meta":{"_bbp_topic_count":0,"_bbp_reply_count":0,"_bbp_total_topic_count":0,"_bbp_total_reply_count":0,"_bbp_voice_count":0,"_bbp_anonymous_reply_count":0,"_bbp_topic_count_hidden":0,"_bbp_reply_count_hidden":0,"_bbp_forum_subforum_count":0,"footnotes":""},"class_list":["post-3238","page","type-page","status-publish","hentry"],"post_mailing_queue_ids":[],"_links":{"self":[{"href":"https:\/\/agora.xtec.cat\/ceip-pirineu\/wp-json\/wp\/v2\/pages\/3238","targetHints":{"allow":["GET"]}}],"collection":[{"href":"https:\/\/agora.xtec.cat\/ceip-pirineu\/wp-json\/wp\/v2\/pages"}],"about":[{"href":"https:\/\/agora.xtec.cat\/ceip-pirineu\/wp-json\/wp\/v2\/types\/page"}],"author":[{"embeddable":true,"href":"https:\/\/agora.xtec.cat\/ceip-pirineu\/wp-json\/wp\/v2\/users\/1"}],"replies":[{"embeddable":true,"href":"https:\/\/agora.xtec.cat\/ceip-pirineu\/wp-json\/wp\/v2\/comments?post=3238"}],"version-history":[{"count":6,"href":"https:\/\/agora.xtec.cat\/ceip-pirineu\/wp-json\/wp\/v2\/pages\/3238\/revisions"}],"predecessor-version":[{"id":4478,"href":"https:\/\/agora.xtec.cat\/ceip-pirineu\/wp-json\/wp\/v2\/pages\/3238\/revisions\/4478"}],"wp:attachment":[{"href":"https:\/\/agora.xtec.cat\/ceip-pirineu\/wp-json\/wp\/v2\/media?parent=3238"}],"curies":[{"name":"wp","href":"https:\/\/api.w.org\/{rel}","templated":true}]}}