{"id":30,"date":"2014-09-18T12:30:23","date_gmt":"2014-09-18T11:30:23","guid":{"rendered":"http:\/\/agora.xtec.cat\/ceip-pirineu\/?page_id=30"},"modified":"2025-01-15T11:38:22","modified_gmt":"2025-01-15T10:38:22","slug":"instal%c2%b7lacions","status":"publish","type":"page","link":"https:\/\/agora.xtec.cat\/ceip-pirineu\/lescola\/instal%c2%b7lacions\/","title":{"rendered":"Instal\u00b7lacions"},"content":{"rendered":"<p>L\u2019edifici est\u00e0 format per dues plantes i un espai exterior. Per accedir a l\u2019escola disposem de dues entrades, la principal i una de lateral. L\u2019entrada principal\u00a0 disposa d\u2019una rampa d\u2019acc\u00e9s.<\/p>\n<p>Per entrar a dins l\u2019edifici hi ha dues entrades. Una de principal que en fan \u00fas els alumnes de prim\u00e0ria i una de lateral pels alumnes d\u2019infantil. Aquests tamb\u00e9 disposen d\u2019un acc\u00e9s directe a l\u2019aula per la zona d\u2019esbarjo.<\/p>\n<p>Per accedir a la segona planta disposem de dues escales \u00e0mplies, un que comuniquem amb les respectives entrades a l\u2019edifici.<\/p>\n<p>D\u2019altra banda l\u2019edifici est\u00e0 adaptat per les persones i\/o alumnes amb discapacitat motriu i\/o visual. Disposem de rampes, ascensor i marques per invidents.<\/p>\n<p>A la <strong>primera planta<\/strong> hi trobem:<\/p>\n<ul>\n<li><img loading=\"lazy\" decoding=\"async\" class=\"wp-image-3391 alignright\" src=\"https:\/\/agora.xtec.cat\/ceip-pirineu\/wp-content\/uploads\/usu1653\/2022\/09\/vestibul.png\" alt=\"\" width=\"332\" height=\"247\" srcset=\"https:\/\/agora.xtec.cat\/ceip-pirineu\/wp-content\/uploads\/usu1653\/2022\/09\/vestibul.png 983w, https:\/\/agora.xtec.cat\/ceip-pirineu\/wp-content\/uploads\/usu1653\/2022\/09\/vestibul-300x223.png 300w, https:\/\/agora.xtec.cat\/ceip-pirineu\/wp-content\/uploads\/usu1653\/2022\/09\/vestibul-768x571.png 768w, https:\/\/agora.xtec.cat\/ceip-pirineu\/wp-content\/uploads\/usu1653\/2022\/09\/vestibul-200x150.png 200w\" sizes=\"auto, (max-width: 332px) 100vw, 332px\" \/>Recepci\u00f3<\/li>\n<\/ul>\n<ul>\n<li>Zona de despatxos on hi ubicat:<\/li>\n<li>Consergeria<\/li>\n<\/ul>\n<ul>\n<li style=\"list-style-type: none;\"><\/li>\n<li>Secretaria<\/li>\n<li>Despatxos (equip directiu, aules de reunions, EAP)<\/li>\n<li>Sala de mestres<\/li>\n<\/ul>\n<ul>\n<li>Biblioteca<\/li>\n<li>Aula escolta\u2019m<\/li>\n<li>Menjador\u00a0 i cuina pr\u00f2pia<\/li>\n<\/ul>\n<p><img loading=\"lazy\" decoding=\"async\" class=\"alignnone wp-image-3452\" src=\"https:\/\/agora.xtec.cat\/ceip-pirineu\/wp-content\/uploads\/usu1653\/2022\/10\/WhatsApp-Image-2022-10-06-at-12.13.17-1024x771.jpeg\" alt=\"\" width=\"294\" height=\"221\" srcset=\"https:\/\/agora.xtec.cat\/ceip-pirineu\/wp-content\/uploads\/usu1653\/2022\/10\/WhatsApp-Image-2022-10-06-at-12.13.17-1024x771.jpeg 1024w, https:\/\/agora.xtec.cat\/ceip-pirineu\/wp-content\/uploads\/usu1653\/2022\/10\/WhatsApp-Image-2022-10-06-at-12.13.17-300x226.jpeg 300w, https:\/\/agora.xtec.cat\/ceip-pirineu\/wp-content\/uploads\/usu1653\/2022\/10\/WhatsApp-Image-2022-10-06-at-12.13.17-768x578.jpeg 768w, https:\/\/agora.xtec.cat\/ceip-pirineu\/wp-content\/uploads\/usu1653\/2022\/10\/WhatsApp-Image-2022-10-06-at-12.13.17-1536x1157.jpeg 1536w, https:\/\/agora.xtec.cat\/ceip-pirineu\/wp-content\/uploads\/usu1653\/2022\/10\/WhatsApp-Image-2022-10-06-at-12.13.17-200x150.jpeg 200w, https:\/\/agora.xtec.cat\/ceip-pirineu\/wp-content\/uploads\/usu1653\/2022\/10\/WhatsApp-Image-2022-10-06-at-12.13.17.jpeg 2040w\" sizes=\"auto, (max-width: 294px) 100vw, 294px\" \/><\/p>\n<p>Disposem de 6 aules d\u2019educaci\u00f3 infantil que es distribueixen de la seg\u00fcent forma:<\/p>\n<ul>\n<li>Tutories amb lavabos inclosos dins l\u2019aula. Aquestes aules tenen acc\u00e9s directe a la zona d\u2019esbarjo exterior.<\/li>\n<li><img loading=\"lazy\" decoding=\"async\" class=\"wp-image-3420 alignright\" src=\"https:\/\/agora.xtec.cat\/ceip-pirineu\/wp-content\/uploads\/usu1653\/2022\/09\/aulainfantil.png\" alt=\"\" width=\"315\" height=\"234\" srcset=\"https:\/\/agora.xtec.cat\/ceip-pirineu\/wp-content\/uploads\/usu1653\/2022\/09\/aulainfantil.png 826w, https:\/\/agora.xtec.cat\/ceip-pirineu\/wp-content\/uploads\/usu1653\/2022\/09\/aulainfantil-300x223.png 300w, https:\/\/agora.xtec.cat\/ceip-pirineu\/wp-content\/uploads\/usu1653\/2022\/09\/aulainfantil-768x571.png 768w, https:\/\/agora.xtec.cat\/ceip-pirineu\/wp-content\/uploads\/usu1653\/2022\/09\/aulainfantil-200x150.png 200w\" sizes=\"auto, (max-width: 315px) 100vw, 315px\" \/>Aula de m\u00fasica (en fan \u00fas infantil i prim\u00e0ria)<\/li>\n<li>Aula de pl\u00e0stica.<\/li>\n<\/ul>\n<p>D\u2019altra banda hi tenim l\u2019aula de psicomotricitat.<\/p>\n<p>Disposem de 5 lavabos (1 per a minusv\u00e0lids, 2 per adults i 2 per alumnes)<\/p>\n<p>A la<strong> segona planta<\/strong> hi trobem:<\/p>\n<ul>\n<li>7 aules de prim\u00e0ria,<\/li>\n<li>4 aules polivalents<\/li>\n<li>Aula d\u2019angl\u00e8s<\/li>\n<li>Aula del laboratori<\/li>\n<li>Aula de rob\u00f2tica<\/li>\n<li>Aula d&#8217;audiovisuals<\/li>\n<li>Aula de pl\u00e0stica<img loading=\"lazy\" decoding=\"async\" class=\"wp-image-3480 alignright\" src=\"https:\/\/agora.xtec.cat\/ceip-pirineu\/wp-content\/uploads\/usu1653\/2022\/10\/Capturaaula-angles-1024x611.png\" alt=\"\" width=\"412\" height=\"246\" srcset=\"https:\/\/agora.xtec.cat\/ceip-pirineu\/wp-content\/uploads\/usu1653\/2022\/10\/Capturaaula-angles-1024x611.png 1024w, https:\/\/agora.xtec.cat\/ceip-pirineu\/wp-content\/uploads\/usu1653\/2022\/10\/Capturaaula-angles-300x179.png 300w, https:\/\/agora.xtec.cat\/ceip-pirineu\/wp-content\/uploads\/usu1653\/2022\/10\/Capturaaula-angles-768x458.png 768w, https:\/\/agora.xtec.cat\/ceip-pirineu\/wp-content\/uploads\/usu1653\/2022\/10\/Capturaaula-angles.png 1028w\" sizes=\"auto, (max-width: 412px) 100vw, 412px\" \/><\/li>\n<li>Aula d&#8217;inform\u00e0tica<\/li>\n<\/ul>\n<p>&nbsp;<\/p>\n<p>Disposem de 3 lavabos (1 per a minusv\u00e0lids i 1 per nens i 1 per nenes)<\/p>\n<p>&nbsp;<\/p>\n<p>L\u2019escola disposa d\u2019uns <strong>espais exteriors<\/strong> on hi trobem:<\/p>\n<ul>\n<li>Un gimn\u00e0s cobert amb dos vestidors amb dutxes i lavabos per nens i nenes.<\/li>\n<li>El curs 2019-2020 es va iniciar el projecte pati implicant tota la comunitat educativa per reformar-lo, adequar-lo i transformar-lo en un espai educatiu.<\/li>\n<\/ul>\n<p>La zona d\u2019esbarjo inclou:<\/p>\n<ul>\n<li>Un pati de sorra amb un sorral i amb diferents estructures de fusta (mikado, cuineta, balances\u2026) aix\u00ed com tamb\u00e9 altres elements que promouen el joc, la lectura, la conversa, la creativitat&#8230; \u00a0i un hort.<\/li>\n<li>Una pista esportiva que inclou un camp de futbol i b\u00e0squet de ciment (amb 2 porteries i 4 cistelles )<\/li>\n<\/ul>\n<p>Tot el pati est\u00e0 envoltat amb un porxo que permet que els alumnes no es mullin per anar a les diferents instal\u00b7lacions i poder sortir a l\u2019esbarjo en cas de pluja moderada.<\/p>\n<div style=\"width: 640px;\" class=\"wp-video\"><!--[if lt IE 9]><script>document.createElement('video');<\/script><![endif]-->\n<video class=\"wp-video-shortcode\" id=\"video-30-1\" width=\"640\" height=\"352\" preload=\"metadata\" controls=\"controls\"><source type=\"video\/mp4\" src=\"https:\/\/agora.xtec.cat\/ceip-pirineu\/wp-content\/uploads\/usu1653\/2022\/10\/WhatsApp-Video-2022-10-06-at-12.31.57.mp4?_=1\" \/><a href=\"https:\/\/agora.xtec.cat\/ceip-pirineu\/wp-content\/uploads\/usu1653\/2022\/10\/WhatsApp-Video-2022-10-06-at-12.31.57.mp4\">https:\/\/agora.xtec.cat\/ceip-pirineu\/wp-content\/uploads\/usu1653\/2022\/10\/WhatsApp-Video-2022-10-06-at-12.31.57.mp4<\/a><\/video><\/div>\n","protected":false},"excerpt":{"rendered":"<p>L\u2019edifici est\u00e0 format per dues plantes i un espai exterior. Per accedir a l\u2019escola disposem de dues entrades, la principal i una de lateral. L\u2019entrada principal\u00a0 disposa d\u2019una rampa d\u2019acc\u00e9s.<br \/>\nPer entrar a dins l\u2019edifici hi ha dues entrades. Una de principal que en fan \u00fas&hellip;  <a href=\"https:\/\/agora.xtec.cat\/ceip-pirineu\/lescola\/instal%c2%b7lacions\/\" title=\"Read Instal\u00b7lacions\">Llegeix m\u00e9s\u00bb<\/a><\/p>\n","protected":false},"author":1,"featured_media":0,"parent":22,"menu_order":5,"comment_status":"closed","ping_status":"closed","template":"page-templates\/side-menu.php","meta":{"_bbp_topic_count":0,"_bbp_reply_count":0,"_bbp_total_topic_count":0,"_bbp_total_reply_count":0,"_bbp_voice_count":0,"_bbp_anonymous_reply_count":0,"_bbp_topic_count_hidden":0,"_bbp_reply_count_hidden":0,"_bbp_forum_subforum_count":0,"footnotes":""},"class_list":["post-30","page","type-page","status-publish","hentry"],"post_mailing_queue_ids":[],"_links":{"self":[{"href":"https:\/\/agora.xtec.cat\/ceip-pirineu\/wp-json\/wp\/v2\/pages\/30","targetHints":{"allow":["GET"]}}],"collection":[{"href":"https:\/\/agora.xtec.cat\/ceip-pirineu\/wp-json\/wp\/v2\/pages"}],"about":[{"href":"https:\/\/agora.xtec.cat\/ceip-pirineu\/wp-json\/wp\/v2\/types\/page"}],"author":[{"embeddable":true,"href":"https:\/\/agora.xtec.cat\/ceip-pirineu\/wp-json\/wp\/v2\/users\/1"}],"replies":[{"embeddable":true,"href":"https:\/\/agora.xtec.cat\/ceip-pirineu\/wp-json\/wp\/v2\/comments?post=30"}],"version-history":[{"count":5,"href":"https:\/\/agora.xtec.cat\/ceip-pirineu\/wp-json\/wp\/v2\/pages\/30\/revisions"}],"predecessor-version":[{"id":4768,"href":"https:\/\/agora.xtec.cat\/ceip-pirineu\/wp-json\/wp\/v2\/pages\/30\/revisions\/4768"}],"up":[{"embeddable":true,"href":"https:\/\/agora.xtec.cat\/ceip-pirineu\/wp-json\/wp\/v2\/pages\/22"}],"wp:attachment":[{"href":"https:\/\/agora.xtec.cat\/ceip-pirineu\/wp-json\/wp\/v2\/media?parent=30"}],"curies":[{"name":"wp","href":"https:\/\/api.w.org\/{rel}","templated":true}]}}