{"id":1844,"date":"2019-10-14T11:53:52","date_gmt":"2019-10-14T09:53:52","guid":{"rendered":"http:\/\/agora.xtec.cat\/ceip-pirineu\/?page_id=1844"},"modified":"2019-10-14T12:14:50","modified_gmt":"2019-10-14T10:14:50","slug":"que-fem","status":"publish","type":"page","link":"https:\/\/agora.xtec.cat\/ceip-pirineu\/afa\/que-fem\/","title":{"rendered":"Qu\u00e8 fem?"},"content":{"rendered":"<ul>\n<li>Administrar i gestionar els recursos aportats pels associats, per subvencions, extraescolars&#8230;<\/li>\n<li>Participar en la presa de decisions i en el govern de l\u2019escola mitjan\u00e7ant un representant al Consell Escolar.<\/li>\n<li>Gestionar el menjador escolar.<\/li>\n<li>Avan\u00e7ar el pagament de les beques i ajuts de menjador fins que es percep l&#8217;import de la beca o ajut, de manera que el pes d&#8217;avan\u00e7ar els diners no recau sobre les fam\u00edlies.<\/li>\n<li>Gestionar gran part les activitats extraescolars ofertes als alumnes de l&#8217;escola.<\/li>\n<li>Dotar a l\u2019escola dels mitjans necessaris per millorar la funci\u00f3 pedag\u00f2gica.<\/li>\n<li>Fer-se c\u00e0rrec de la gesti\u00f3 de les llic\u00e8ncies digital.<\/li>\n<li>Responsabilitzar-se de la gesti\u00f3, compra, venda i distribuci\u00f3 de les bates i roba esportiva de l\u2019escola.<\/li>\n<li>Representar a trav\u00e9s de la seva junta al conjunt de fam\u00edlies davant de l\u2019administraci\u00f3 o qualsevol altre \u00f2rgan per prendre decisions o lluitar per la millora de l\u2019educaci\u00f3 dels nostres fills i filles.<\/li>\n<li>Organitzar diferents tasques amb la finalitat d\u2019aconseguir finan\u00e7ament per a les activitats que organitza l\u2019AMPA.<\/li>\n<\/ul>\n<h1>Com ho fem?<\/h1>\n<p>Tot el que fa l&#8217;AMPA \u00e9s gr\u00e0cies a la <strong>quota anual de 25,50 euros<\/strong> que paguen els socis. Tamb\u00e9 del que es recol\u00b7lecta en accions espor\u00e0diques com la venda de loterial.<\/p>\n<p>La junta de l&#8217;AMPA es reuneix cada primer divendres de mes a la nit al despatx habilitat a l&#8217;escola, i decideix les activitats i serveis on cal destinar aquests diners en funci\u00f3 del que li han demanat l&#8217;escola i les fam\u00edlies.<\/p>\n<h1>A qu\u00e8 es van destinar\u00a0les quotes de l&#8217;AMPA el curs 2018-2019?<\/h1>\n<ul>\n<li>Servei de reutilitzaci\u00f3 de llibres<\/li>\n<li>Inversi\u00f3 en la cuina de la nova Escola<\/li>\n<li>Compra de 4 pantalles d\u2019ordinador per l\u2019aula d\u2019inform\u00e0tica de la nova Escola<\/li>\n<li>Compra de 6 Beebots per Educaci\u00f3 Infantil<\/li>\n<li>Compra d\u2019obsequis de Nadal pels nens i nenes<\/li>\n<li>Compra de material per fer manualitats per recaptar fons per les col\u00f2nies de Cicle Superior<\/li>\n<li>Festa de l\u2019Arbre<\/li>\n<li>Esmorzars de Sant Jordi pels nens i nenes de l\u2019Escola<\/li>\n<li>Esmorzars i berenar el cap de setmana de la mudan\u00e7a d\u2019Escola<\/li>\n<li>Pica &#8211; Pica de la caminada nocturna<\/li>\n<li>Esmorzars del Festival de\u00a0 Nadal<\/li>\n<li>Castanyes pels nens i nens pels dies de la Castanyada<\/li>\n<\/ul>\n<h1>Nou curs, noves inversions<\/h1>\n<p>Ja fa uns dies que ha comen\u00e7at el nou curs i des de l&#8217;AMPA ho hem celebrat comprant <u><strong>7 nous port\u00e0tils<\/strong><\/u> per l&#8217;escola, per assegurar que quan es fan les particions de classes per fer inform\u00e0tica o projectes tots els alumnes en tinguin un.\u00a0Aquesta inversi\u00f3 ha estat de <u><strong>2700 euros<\/strong><\/u>, que correspon al 50% dels ingressos de les quotes d&#8217;AMPA d&#8217;aquest curs.<\/p>\n","protected":false},"excerpt":{"rendered":"<ul>\n<li>Administrar i gestionar els recursos aportats pels associats, per subvencions, extraescolars&#8230;<\/li>\n<li>Participar en la presa de decisions i en el govern de l\u2019escola mitjan\u00e7ant un representant al Consell Escolar.<\/li>\n<li>Gestionar el menjador escolar.<\/li>\n<li>Avan\u00e7ar el pagament de les beques i ajuts de menjador fins que es percep l&#8217;import&hellip;  <a href=\"https:\/\/agora.xtec.cat\/ceip-pirineu\/afa\/que-fem\/\" title=\"Read Qu\u00e8 fem?\">Llegeix m\u00e9s\u00bb<\/a><br \/>\n","protected":false},"author":40,"featured_media":0,"parent":1830,"menu_order":1,"comment_status":"closed","ping_status":"closed","template":"","meta":{"_bbp_topic_count":0,"_bbp_reply_count":0,"_bbp_total_topic_count":0,"_bbp_total_reply_count":0,"_bbp_voice_count":0,"_bbp_anonymous_reply_count":0,"_bbp_topic_count_hidden":0,"_bbp_reply_count_hidden":0,"_bbp_forum_subforum_count":0,"footnotes":""},"class_list":["post-1844","page","type-page","status-publish","hentry"],"post_mailing_queue_ids":[],"_links":{"self":[{"href":"https:\/\/agora.xtec.cat\/ceip-pirineu\/wp-json\/wp\/v2\/pages\/1844","targetHints":{"allow":["GET"]}}],"collection":[{"href":"https:\/\/agora.xtec.cat\/ceip-pirineu\/wp-json\/wp\/v2\/pages"}],"about":[{"href":"https:\/\/agora.xtec.cat\/ceip-pirineu\/wp-json\/wp\/v2\/types\/page"}],"author":[{"embeddable":true,"href":"https:\/\/agora.xtec.cat\/ceip-pirineu\/wp-json\/wp\/v2\/users\/40"}],"replies":[{"embeddable":true,"href":"https:\/\/agora.xtec.cat\/ceip-pirineu\/wp-json\/wp\/v2\/comments?post=1844"}],"version-history":[{"count":3,"href":"https:\/\/agora.xtec.cat\/ceip-pirineu\/wp-json\/wp\/v2\/pages\/1844\/revisions"}],"predecessor-version":[{"id":1855,"href":"https:\/\/agora.xtec.cat\/ceip-pirineu\/wp-json\/wp\/v2\/pages\/1844\/revisions\/1855"}],"up":[{"embeddable":true,"href":"https:\/\/agora.xtec.cat\/ceip-pirineu\/wp-json\/wp\/v2\/pages\/1830"}],"wp:attachment":[{"href":"https:\/\/agora.xtec.cat\/ceip-pirineu\/wp-json\/wp\/v2\/media?parent=1844"}],"curies":[{"name":"wp","href":"https:\/\/api.w.org\/{rel}","templated":true}]}}