{"id":1842,"date":"2019-10-14T11:57:44","date_gmt":"2019-10-14T09:57:44","guid":{"rendered":"http:\/\/agora.xtec.cat\/ceip-pirineu\/?page_id=1842"},"modified":"2021-11-01T18:03:50","modified_gmt":"2021-11-01T17:03:50","slug":"serveis-de-lampa","status":"publish","type":"page","link":"https:\/\/agora.xtec.cat\/ceip-pirineu\/afa\/serveis-de-lampa\/","title":{"rendered":"Serveis de l&#8217;AFA"},"content":{"rendered":"<h3>Venda de bates i xandalls<\/h3>\n<p>Des de l&#8217;AFA coordinem 2 vendes anuals de xandalls i bates pels nens i nenes de l&#8217;escola. Una venda es fa al voltant del mes de maig, i la segona entre octubre i novembre. El dia de la compra no s&#8217;entrega la roba comprada, sin\u00f3 que es fa l&#8217;enc\u00e0rrec i un cop arriba, des de l&#8217;AFA fem el repartiment a les diferents classes.<\/p>\n<p>El xandall de l&#8217;escola consta de samarreta de m\u00e0niga curta, samarreta de m\u00e0niga llarga, pantalons i suadora. Els preus s\u00f3n els que trobareu a continuaci\u00f3:<\/p>\n<p><strong>Samarreta m\u00e0niga curta:<\/strong><br \/>\nT 2-8: 9,75\u20ac\u00a0 \u00a0 \u00a0T 10-16: 10,55\u20ac\u00a0 \u00a0 \u00a0 \u00a0T S-XXL: 11,50\u20ac<br \/>\n<strong>Samarreta m\u00e0niga llarga:<\/strong><br \/>\nT 2-8: 10,75\u20ac T 10-16: 11,85\u20ac T S-XXL: 13,00\u20ac<br \/>\n<strong>Pantalons llargs:<\/strong><br \/>\nT 2-8: 10,65\u20ac T 10-16: 12,05\u20ac T S-XXL: 13,60\u20ac<br \/>\n<strong>Suadora:<\/strong><br \/>\nT 2-8: 18,80\u20ac T 10-16: 20,25\u20ac T S-XXL: 21,75\u20ac<br \/>\n<strong>Bates<\/strong>:<br \/>\nTalla de 0 a 3: 18,00\u20ac\u00a0 \u00a0 \u00a0 \u00a0 Talla de 4 a 7: 20,00\u20ac<\/p>\n<p><span style=\"color: #999999;\"><em>***Als NO socis d\u2019AFA, se\u2019ls incrementar\u00e0 un 10% els preus de bates i xandalls.<\/em><\/span><\/p>\n<h3>Servei Bon dia<\/h3>\n<p>Per totes aquelles fam\u00edlies que treballen m\u00e9s d&#8217;hora que l&#8217;horari escolar, l&#8217;AFA posa al seu servei el &#8220;Servei Bon Dia&#8221;, que permet que els nens i nenes vagin a l&#8217;escola de 8 a 9 del mat\u00ed.<\/p>\n<p>El cost del servei \u00e9s de 25 euros mensuals en cas d&#8217;\u00fas fixe del servei, o b\u00e9 de 3 euros\/dia per \u00fas espor\u00e0dic. El cost mensual es pagar\u00e0 al compte corrent de l&#8217;AFA a mes ven\u00e7ut, mentre que el cost espor\u00e0dic es pagar\u00e0 en m\u00e0 a la monitora del servei.<\/p>\n<p><span style=\"color: #999999;\"><em>***Els NO socis d\u2019AMPA no podran gaudir d&#8217;aquest servei.<\/em><\/span><\/p>\n<h3>Adquisici\u00f3 de llic\u00e8ncies digitals i material manipulatiu<\/h3>\n<p>&nbsp;<\/p>\n<h3>Servei de menjador<\/h3>\n<p>&nbsp;<\/p>\n<h3>Extraescolars<\/h3>\n<p>&nbsp;<\/p>\n","protected":false},"excerpt":{"rendered":"<p>Venda de bates i xandalls<br \/>\nDes de l&#8217;AFA coordinem 2 vendes anuals de xandalls i bates pels nens i nenes de l&#8217;escola. Una venda es fa al voltant del mes de maig, i la segona entre octubre i novembre. El dia de la compra no s&#8217;entrega&hellip;  <a href=\"https:\/\/agora.xtec.cat\/ceip-pirineu\/afa\/serveis-de-lampa\/\" title=\"Read Serveis de l&#8217;AFA\">Llegeix m\u00e9s\u00bb<\/a><\/p>\n","protected":false},"author":40,"featured_media":0,"parent":1830,"menu_order":2,"comment_status":"closed","ping_status":"closed","template":"","meta":{"_bbp_topic_count":0,"_bbp_reply_count":0,"_bbp_total_topic_count":0,"_bbp_total_reply_count":0,"_bbp_voice_count":0,"_bbp_anonymous_reply_count":0,"_bbp_topic_count_hidden":0,"_bbp_reply_count_hidden":0,"_bbp_forum_subforum_count":0,"footnotes":""},"class_list":["post-1842","page","type-page","status-publish","hentry"],"post_mailing_queue_ids":[],"_links":{"self":[{"href":"https:\/\/agora.xtec.cat\/ceip-pirineu\/wp-json\/wp\/v2\/pages\/1842","targetHints":{"allow":["GET"]}}],"collection":[{"href":"https:\/\/agora.xtec.cat\/ceip-pirineu\/wp-json\/wp\/v2\/pages"}],"about":[{"href":"https:\/\/agora.xtec.cat\/ceip-pirineu\/wp-json\/wp\/v2\/types\/page"}],"author":[{"embeddable":true,"href":"https:\/\/agora.xtec.cat\/ceip-pirineu\/wp-json\/wp\/v2\/users\/40"}],"replies":[{"embeddable":true,"href":"https:\/\/agora.xtec.cat\/ceip-pirineu\/wp-json\/wp\/v2\/comments?post=1842"}],"version-history":[{"count":4,"href":"https:\/\/agora.xtec.cat\/ceip-pirineu\/wp-json\/wp\/v2\/pages\/1842\/revisions"}],"predecessor-version":[{"id":2998,"href":"https:\/\/agora.xtec.cat\/ceip-pirineu\/wp-json\/wp\/v2\/pages\/1842\/revisions\/2998"}],"up":[{"embeddable":true,"href":"https:\/\/agora.xtec.cat\/ceip-pirineu\/wp-json\/wp\/v2\/pages\/1830"}],"wp:attachment":[{"href":"https:\/\/agora.xtec.cat\/ceip-pirineu\/wp-json\/wp\/v2\/media?parent=1842"}],"curies":[{"name":"wp","href":"https:\/\/api.w.org\/{rel}","templated":true}]}}