{"id":1830,"date":"2019-10-10T13:36:42","date_gmt":"2019-10-10T11:36:42","guid":{"rendered":"http:\/\/agora.xtec.cat\/ceip-pirineu\/?page_id=1830"},"modified":"2021-11-01T18:01:15","modified_gmt":"2021-11-01T17:01:15","slug":"afa","status":"publish","type":"page","link":"https:\/\/agora.xtec.cat\/ceip-pirineu\/afa\/","title":{"rendered":"AFA"},"content":{"rendered":"<p>Des de la junta de l&#8217;AFA hem pensat que seria bo poder informar-vos a tots vosaltres, pares i mares, del que fem per l&#8217;escola. Creiem que \u00e9s una manera de donar transpar\u00e8ncia al dest\u00ed de les quotes que cada any pagueu. I per aix\u00f2, hem demanat a la direcci\u00f3 de l&#8217;Escola que ens deixi un raconet de la seva p\u00e0gina web. Aix\u00ed, cada vegada que fem alguna activitat la penjarem al nodes de l&#8217;escola.<\/p>\n<p>Tamb\u00e9 tenim a disposici\u00f3 de tots vosaltres aquesta p\u00e0gina on hi ha la informaci\u00f3 gen\u00e8rica de l&#8217;AFA, aix\u00ed com el correu electr\u00f2nic ampapirineu@gmail.com i el tel\u00e8fon 610 32 74 50 per qualsevol dubte que tingueu.<\/p>\n<p>Per seguir tots els articles publicats per l&#8217;AFA, ho podeu fer <a href=\"https:\/\/agora.xtec.cat\/ceip-pirineu\/categoria\/ampa\/\" target=\"_blank\" rel=\"noopener noreferrer\">aqu\u00ed<\/a>.<\/p>\n<p>Esperem que us sigui molt \u00fatil!!!<\/p>\n<blockquote><p>&gt; <a href=\"http:\/\/agora.xtec.cat\/ceip-pirineu\/afa\/que-fem\/\" target=\"_blank\" rel=\"noopener noreferrer\">Qu\u00e8 fem?<\/a><\/p>\n<p>&gt; <a href=\"http:\/\/agora.xtec.cat\/ceip-pirineu\/afa\/serveis-de-lampa\/\" target=\"_blank\" rel=\"noopener noreferrer\">Serveis de l&#8217;AFA<\/a><\/p>\n<p>&gt; Servei de menjador<\/p>\n<p>&gt; Extraescolars<\/p><\/blockquote>\n<p>&nbsp;<\/p>\n<p>&nbsp;<\/p>\n","protected":false},"excerpt":{"rendered":"<p>Des de la junta de l&#8217;AFA hem pensat que seria bo poder informar-vos a tots vosaltres, pares i mares, del que fem per l&#8217;escola. Creiem que \u00e9s una manera de donar transpar\u00e8ncia al dest\u00ed de les quotes que cada any pagueu. I per aix\u00f2, hem&hellip;  <a href=\"https:\/\/agora.xtec.cat\/ceip-pirineu\/afa\/\" title=\"Read AFA\">Llegeix m\u00e9s\u00bb<\/a><\/p>\n","protected":false},"author":1,"featured_media":0,"parent":0,"menu_order":0,"comment_status":"closed","ping_status":"closed","template":"","meta":{"_bbp_topic_count":0,"_bbp_reply_count":0,"_bbp_total_topic_count":0,"_bbp_total_reply_count":0,"_bbp_voice_count":0,"_bbp_anonymous_reply_count":0,"_bbp_topic_count_hidden":0,"_bbp_reply_count_hidden":0,"_bbp_forum_subforum_count":0,"footnotes":""},"class_list":["post-1830","page","type-page","status-publish","hentry"],"post_mailing_queue_ids":[],"_links":{"self":[{"href":"https:\/\/agora.xtec.cat\/ceip-pirineu\/wp-json\/wp\/v2\/pages\/1830","targetHints":{"allow":["GET"]}}],"collection":[{"href":"https:\/\/agora.xtec.cat\/ceip-pirineu\/wp-json\/wp\/v2\/pages"}],"about":[{"href":"https:\/\/agora.xtec.cat\/ceip-pirineu\/wp-json\/wp\/v2\/types\/page"}],"author":[{"embeddable":true,"href":"https:\/\/agora.xtec.cat\/ceip-pirineu\/wp-json\/wp\/v2\/users\/1"}],"replies":[{"embeddable":true,"href":"https:\/\/agora.xtec.cat\/ceip-pirineu\/wp-json\/wp\/v2\/comments?post=1830"}],"version-history":[{"count":4,"href":"https:\/\/agora.xtec.cat\/ceip-pirineu\/wp-json\/wp\/v2\/pages\/1830\/revisions"}],"predecessor-version":[{"id":4146,"href":"https:\/\/agora.xtec.cat\/ceip-pirineu\/wp-json\/wp\/v2\/pages\/1830\/revisions\/4146"}],"wp:attachment":[{"href":"https:\/\/agora.xtec.cat\/ceip-pirineu\/wp-json\/wp\/v2\/media?parent=1830"}],"curies":[{"name":"wp","href":"https:\/\/api.w.org\/{rel}","templated":true}]}}