{"id":84,"date":"2014-09-18T14:11:31","date_gmt":"2014-09-18T13:11:31","guid":{"rendered":"http:\/\/agora.xtec.cat\/ceip-pins\/?page_id=84"},"modified":"2018-02-28T23:45:12","modified_gmt":"2018-02-28T22:45:12","slug":"activitats-extraescolars","status":"publish","type":"page","link":"https:\/\/agora.xtec.cat\/ceip-pins\/activitats-extraescolars\/","title":{"rendered":"Activitats extraescolars"},"content":{"rendered":"<p>Les activitats extraescolars de l\u2019escola Pins del Vall\u00e8s estan gestionades i coordinades per PAIDOS+FUNDESPLAI i el seguiment del projecte es fa conjuntament entre AFA, PAIDOS, i l\u2019Equip Directiu del centre.<\/p>\n<p>&nbsp;<\/p>\n<p>La proposta de Paidos vol anar m\u00e9s enll\u00e0 de ser un servei d\u2019activitats , pret\u00e9n dotar al projecte d\u2019extraescolars d\u2019una organitzaci\u00f3 global dins d\u2019un marc conceptual i educatiu, que es fonamenta en els seg\u00fcents trets:<\/p>\n<p>&nbsp;<\/p>\n<div class=\"myList\">\n<ul class=\"fa-ul\">\n<li><i class=\"fa-li fa fa-check-square\"><\/i>Organitzaci\u00f3 presencial que facilita el contacte i la comunicaci\u00f3 entre alumnes, familiars i especialistes.<\/li>\n<li><i class=\"fa-li fa fa-check-square\"><\/i>Proposta d\u2019activitats variada. Ofereix una \u00e0mplia oferta de propostes que compren aspectes creatius, expressius, formatius, l\u00fadics o esportius. Les extraescolars pretenen donar resposta a les inquietuds de tots\/es els nens i nenes, i ajuden al desenvolupament integral dels infants<\/li>\n<li><i class=\"fa-li fa fa-check-square\"><\/i>Desenvolupament de les activitats extraescolars: segueix un itinerari al llarg dels cursos que comen\u00e7a amb una descoberta inicial o sensibilitzaci\u00f3, segueix amb un aprenentatge espec\u00edfic i, finalment, culmina amb la tecnificaci\u00f3. Al mateix temps, s\u2019incideix en la formaci\u00f3 integral de la persona ja que, a part dels aspectes t\u00e8cnics, tamb\u00e9 es treballen els valors personals i de conviv\u00e8ncia amb el grup i l\u2019entorn.<\/li>\n<li><i class=\"fa-li fa fa-check-square\"><\/i>Gesti\u00f3 local de les activitats extraescolars amb l\u2019objectiu de garantir la qualitat, continu\u00eftat i estabilitat de la proposta, cercant vincles amb associacions que ens aportin el programa i personal de les activitats. Intentant promoure la xarxa associativa local.<\/li>\n<li><i class=\"fa-li fa fa-check-square\"><\/i>Treball conjunt amb la comunitat educativa.<\/li>\n<li><i class=\"fa-li fa fa-check-square\"><\/i>Seguiment d\u2019un coordinador general de PAIDOS dels serveis extraescolars per supervisar tots els aspectes que a diari es deriven de la realitzaci\u00f3 d\u2019activitats (assist\u00e8ncia de monitors i supervisi\u00f3 d\u2019activitats, inici i final d\u2019activitats, recollida dels nens\/es, dies de pluja, utilitzaci\u00f3 d\u2019espais&#8230;)<\/li>\n<\/ul>\n<\/div>\n<p>&nbsp;<\/p>\n<p>Totes les activitats extraescolars <span style=\"text-decoration: underline;\">de la tarda<\/span>\u00a0a la nostra escola s\u00f3n gestionades per\u00a0<a href=\"https:\/\/www.paidos.cat\/escola\/Pins-del-Valles\"><img loading=\"lazy\" decoding=\"async\" class=\"alignnone wp-image-598\" src=\"http:\/\/agora.xtec.cat\/ceip-pins\/wp-content\/uploads\/usu1715\/2017\/11\/logo-fundesplaipaidos.jpg\" alt=\"\" width=\"224\" height=\"66\" srcset=\"https:\/\/agora.xtec.cat\/ceip-pins\/wp-content\/uploads\/usu1715\/2017\/11\/logo-fundesplaipaidos.jpg 591w, https:\/\/agora.xtec.cat\/ceip-pins\/wp-content\/uploads\/usu1715\/2017\/11\/logo-fundesplaipaidos-300x88.jpg 300w\" sizes=\"auto, (max-width: 224px) 100vw, 224px\" \/><\/a><\/p>\n<p>&nbsp;<\/p>\n<div class=\"panel panel-default\">\n<div id=\"headingOne\" class=\"panel-heading featured\">\n<h4 class=\"panel-title\">Extraescolars: Vinculaci\u00f3 amb entitats locals, itineraris especialitzats, formaci\u00f3 integral<\/h4>\n<\/div>\n<div id=\"collapseOne\" class=\"panel-collapse collapse in\">\n<div class=\"panel-body\">\n<p class=\"fr-tag\">Amb les activitats extraescolars pretenem anar m\u00e9s enll\u00e0 d\u2019oferir un servei d\u2019activitats, per aix\u00f2 hem estat pioners en vincular les activitats a entitats del teixit municipal. Aix\u00ed, fer una activitat extraescolar \u00e9s una oportunitat per generar identificaci\u00f3 entre l\u2019infant i la fam\u00edlia amb el seu entorn.<\/p>\n<p class=\"fr-tag\">El vincle entre entitat i Paidos s\u2019estableix mitjan\u00e7ant un conveni de col.laboraci\u00f3, en el que Paidos aporta el projecte gen\u00e8ric, la coordinaci\u00f3 pedag\u00f2gica, la gesti\u00f3 operativa, seguiment i avaluaci\u00f3 del projecte i l\u2019estructura organitzativa; i l\u2019entitat el programa de l\u2019activitat, la metodologia, el personal t\u00e8cnic i les activitats extraordin\u00e0ries fora del centre per fomentar la identificaci\u00f3 del nen\/a amb l\u2019entitat i amb Sant Cugat.<\/p>\n<p class=\"fr-tag\">Actualment tenim convenis amb m\u00e9s de 15 entitats, podeu consultar-les a la secci\u00f3 d\u2019amics i col\u00b7laboradors\/es.<\/p>\n<p class=\"fr-tag\">Els trets principals de la proposta s\u00f3n:<\/p>\n<ul class=\"fr-tag\">\n<li class=\"fr-tag\">\n<p class=\"fr-tag\">Qualitat: associant-nos amb entitats especialitzades.<\/p>\n<\/li>\n<li class=\"fr-tag\">\n<p class=\"fr-tag\">Continu\u00eftat: la proposta garanteix itineraris de continu\u00eftat a les activitats un cop acaba l\u2019etapa escolar.<\/p>\n<\/li>\n<li class=\"fr-tag\">\n<p class=\"fr-tag\">Varietat: fem una aposta per fer una proposta \u00e0mplia i variada en tots els \u00e0mbits (esports, idiomes, creativitat, cultural&#8230;).<\/p>\n<\/li>\n<li class=\"fr-tag\">\n<p class=\"fr-tag\">Homogene\u00eftat: seguiment d\u2019una coordinaci\u00f3 estructural i t\u00e8cnica per alinear la proposta amb la l\u00ednia pedag\u00f2gica del centre.<\/p>\n<\/li>\n<li class=\"fr-tag\">\n<p class=\"fr-tag\">Treball de valors: demanem als especialistes intervenci\u00f3 pedag\u00f2gica, no nom\u00e9s t\u00e8cnica de la seva activitat.<\/p>\n<\/li>\n<li class=\"fr-tag\">\n<p class=\"fr-tag\">Valor afegit: col\u00b7laborem en la vinculaci\u00f3 de l\u2019escola amb el seu entorn. Fem xarxa i generem identitat.<\/p>\n<\/li>\n<\/ul>\n<p class=\"fr-tag\"><img decoding=\"async\" class=\"fr-tag fr-fin\" src=\"https:\/\/www.paidos.cat\/files\/froala\/b9531a052e55c9c67ab64befacbebf5f4968780e.jpg\" alt=\"Image title\" width=\"418\" \/><\/p>\n<\/div>\n<\/div>\n<\/div>\n<div class=\"panel panel-default\">\n<div id=\"heading1\" class=\"panel-heading\">\n<h4 class=\"panel-title\"><a class=\"accordion-toggle\" href=\"https:\/\/www.paidos.cat\/serveis\/Pins-del-Valles\/Extraescolars#collapse1\" data-toggle=\"collapse\" data-parent=\"#accordion\">\u00a0<\/a>Inscripci\u00f3 a les activitats<\/h4>\n<\/div>\n<div id=\"collapse1\" class=\"panel-collapse collapse in\">\n<div class=\"panel-body\">\n<p class=\"fr-tag\"><strong>Per\u00edode d&#8217;inscripcions:\u00a0<\/strong>del 8 de juny al 3 de juliol.<\/p>\n<p class=\"fr-tag\">Al setembre s\u2019obrir\u00e0 un segon per\u00edode per les activitats amb places disponibles.<\/p>\n<p class=\"fr-tag\"><strong>Per tramitar la vostra inscripci\u00f3 cal fer-ho online a trav\u00e9s de la secci\u00f3 web &#8220;\u00e0rea privada \/ inscripcions&#8221;\u00a0<\/strong><\/p>\n<ul class=\"fr-tag\">\n<li class=\"fr-tag\">\n<p class=\"fr-tag\">Us adjuntem un tutorial amb els passos que cal seguir per formalitzar una inscripci\u00f3 online.<\/p>\n<\/li>\n<\/ul>\n<p class=\"fr-tag\"><a class=\"fr-file\" href=\"https:\/\/www.paidos.cat\/files\/froala\/60043dc17cab6a9a980a02f054cb1acb04ca087d.pdf\" target=\"_blank\" rel=\"nofollow noopener noreferrer\">Instruccions per inscripcions online a les activitats.pdf<\/a><\/p>\n<ul class=\"fr-tag\">\n<li class=\"fr-tag\">\n<p class=\"fr-tag\">Presencialment: disposeu del suport de les coordinacions\u00a0del centre que us assistiran durant el proc\u00e9s d&#8217;inscripci\u00f3.<\/p>\n<\/li>\n<\/ul>\n<p class=\"fr-tag\"><strong>Documentaci\u00f3 adjunta\u00a0<\/strong><\/p>\n<ul class=\"fr-tag\">\n<li class=\"fr-tag\">\n<p class=\"fr-tag\">\u00c9s imprescindible\u00a0fer-nos arribar\u00a0els seg\u00fcents\u00a0documents (en cas de no haver-ho fet amb anterioritat):<\/p>\n<ul class=\"fr-tag\">\n<li class=\"fr-tag\">\n<p class=\"fr-tag\"><a class=\"fr-file\" href=\"https:\/\/www.paidos.cat\/files\/froala\/a02462e26f5a37aa8c09db719328fdf11d5a6f70.pdf\" target=\"_blank\" rel=\"nofollow noopener noreferrer\">Autoritzaci\u00f3 drets d&#8217;imatge.pdf<\/a><\/p>\n<\/li>\n<li class=\"fr-tag\">\n<p class=\"fr-tag\"><a class=\"fr-file\" href=\"https:\/\/www.paidos.cat\/files\/froala\/c1da3bbf31675f7c03a6dfb36008912b0b3f7019.pdf\" target=\"_blank\" rel=\"nofollow noopener noreferrer\">Fitxa salut.pdf<\/a><\/p>\n<\/li>\n<li class=\"fr-tag\">\n<p class=\"fr-tag\">Fotoc\u00f2pia del CATSALUT<\/p>\n<\/li>\n<li class=\"fr-tag\">\n<p class=\"fr-tag\">Fotoc\u00f2pia del carnet de fam\u00edlia nombrosa o monoparental (Per\u00a0activitats OMET, si presenteu una c\u00f2pia del carnet,\u00a0gaudireu d&#8217;un 20% de descompte)<\/p>\n<\/li>\n<\/ul>\n<\/li>\n<\/ul>\n<p class=\"fr-tag\"><strong>Places:<\/strong><\/p>\n<ul class=\"fr-tag\">\n<li class=\"fr-tag\">\n<p class=\"fr-tag\">El 10 de juliol enviarem un mail informatiu indicant quin \u00e9s l\u2019estat d\u2019inscripcions de cada grup (a la vostra \u00e1rea privada podreu veure a quines activitats esteu inscrits).<\/p>\n<\/li>\n<li class=\"fr-tag\">\n<p class=\"fr-tag\">Limitades per activitat (m\u00ednim i m\u00e0xim).<\/p>\n<\/li>\n<li class=\"fr-tag\">\n<p class=\"fr-tag\">Garantides a antics usuaris a l\u2019activitat que s\u2019inscriuen durant el mes de juny.<\/p>\n<\/li>\n<\/ul>\n<p class=\"fr-tag\"><strong>Criteris d&#8217;admissi\u00f3:<\/strong><\/p>\n<ul class=\"fr-tag\">\n<li class=\"fr-tag\">\n<p class=\"fr-tag\">Les activitats de Bon dia i Esplai de tarda no tenen limitaci\u00f3 de places.<\/p>\n<\/li>\n<li class=\"fr-tag\">\n<p class=\"fr-tag\">La resta d\u2019activitats extraescolars tenen un m\u00e0xim de places. Durant el primer per\u00edode d\u2019inscripci\u00f3, en cas de sobrepassar el m\u00e0xim de places en alguna activitat, els criteris de selecci\u00f3 seran:<\/p>\n<ul class=\"fr-tag\">\n<li class=\"fr-tag\">\n<p class=\"fr-tag\">Antiguitat a l\u2019activitat.<\/p>\n<\/li>\n<li class=\"fr-tag\">\n<p class=\"fr-tag\">Sorteig.<\/p>\n<\/li>\n<\/ul>\n<\/li>\n<li class=\"fr-tag\">\n<p class=\"fr-tag\">Un cop finalitzat el primer per\u00edode d\u2019inscripci\u00f3, el criteri d\u2019admissi\u00f3 per les activitats amb places vacants ser\u00e0 l\u2019ordre d\u2019arribada.<\/p>\n<\/li>\n<\/ul>\n<\/div>\n<\/div>\n<\/div>\n<div class=\"panel panel-default\">\n<div id=\"heading2\" class=\"panel-heading\">\n<h4 class=\"panel-title\"><a class=\"accordion-toggle\" href=\"https:\/\/www.paidos.cat\/serveis\/Pins-del-Valles\/Extraescolars#collapse2\" data-toggle=\"collapse\" data-parent=\"#accordion\">\u00a0<\/a>Graella d&#8217;activitats extraescolars<\/h4>\n<\/div>\n<div id=\"collapse2\" class=\"panel-collapse collapse in\">\n<div class=\"panel-body\">\n<p class=\"fr-tag\"><img decoding=\"async\" class=\"fr-tag fr-fin\" src=\"https:\/\/www.paidos.cat\/files\/froala\/893e50328906cb5cb184f9bb384cbb657e3b0073.jpg\" alt=\"Image title\" width=\"595\" \/><\/p>\n<\/div>\n<\/div>\n<\/div>\n<div class=\"panel panel-default\">\n<div id=\"heading3\" class=\"panel-heading\">\n<h4 class=\"panel-title\">\u00a0Aspectes normatius que regulen l&#8217;activitat al centre<\/h4>\n<\/div>\n<div id=\"collapse3\" class=\"panel-collapse collapse in\">\n<div class=\"panel-body\">\n<p class=\"fr-tag\"><strong>Durada de les activitats:<\/strong><\/p>\n<ul class=\"fr-tag\">\n<li class=\"fr-tag\">\n<p class=\"fr-tag\">Les activitats de Bon dia i esplai de tarda comencen el primer dia de curs (12 de setembre), i finalitzen l\u2019\u00faltim dia (21 de juny).<\/p>\n<\/li>\n<li class=\"fr-tag\">\n<p class=\"fr-tag\">La resta d\u2019activitats extraescolars comencen a partir del dilluns 2 d\u2019octubre i finalitzaran l\u2019\u00faltim dia de curs (21 de juny).<\/p>\n<\/li>\n<\/ul>\n<p class=\"fr-tag\"><strong>Assist\u00e8ncia<\/strong><\/p>\n<ul class=\"fr-tag\">\n<li class=\"fr-tag\">\n<p class=\"fr-tag\">Quan un nen\/a es queda espor\u00e0dicament a l\u2019 acollida o esplai de tarda, tamb\u00e9 cal informar\u2010ho per escrit a la coordinaci\u00f3 d\u2019extraescolars i al\/la mestre\/a.<\/p>\n<\/li>\n<li class=\"fr-tag\">\n<p class=\"fr-tag\">Quan un nen\/a no es queda espor\u00e0dicament a l\u2019activitat extraescolar, cal comunicar\u2010ho per escrit a la coordinaci\u00f3 d\u2019extraescolars i, si s\u00f3n alumnes de P3 a 2n, tamb\u00e9 al\/a la mestre\/a.<\/p>\n<\/li>\n<\/ul>\n<p class=\"fr-tag\"><strong>Modificacions<\/strong><\/p>\n<ul class=\"fr-tag\">\n<li class=\"fr-tag\">\n<p class=\"fr-tag\">Qualsevol modificaci\u00f3 (alta o baixa) d\u2019activitats \u00a0extraescolars \u00a0s\u2019ha de comunicar per escrit (trobareu el model a www.paidos.cat a la secci\u00f3 de documentaci\u00f3)<strong>\u00a0<\/strong>com a m\u00e0xim el dia 20 del mes anterior a la modificaci\u00f3.<\/p>\n<\/li>\n<\/ul>\n<p class=\"fr-tag\"><strong>Quotes<\/strong><\/p>\n<p class=\"fr-tag\">Les activitats extraescolars tindran 9 quotes (d\u2019octubre a juny). Als\/les alumnes inscrits durant el primer per\u00edode d\u2019inscripci\u00f3, se\u2019ls hi cobrar\u00e0 una quota de 10\u20ac, per verificar la inscripci\u00f3, que es descomptaran de la primera quota del mes d\u2019octubre.<\/p>\n<p class=\"fr-tag\">A partir d&#8217;aqu\u00ed, la forma de pagament ser\u00e0 mitjan\u00e7ant quotes mensuals que varien en funci\u00f3 de les activitats:<\/p>\n<ul class=\"fr-tag\">\n<li class=\"fr-tag\">\n<p class=\"fr-tag\">Rebuts retornats del banc\/caixa: si \u00e9s per motius imputables al client, es cobraran les despeses financeres.<\/p>\n<\/li>\n<li class=\"fr-tag\">\n<p class=\"fr-tag\">Data pagament quotes: tant els rebuts domiciliats com els pagaments efectius, es faran els 5 primers dies laborables de cada mes.<\/p>\n<\/li>\n<li class=\"fr-tag\">\n<p class=\"fr-tag\">Les activitats extraescolars parteixen d\u2019un cost anual, i us apliquem un fraccionament en el seu pagament per a que sigui m\u00e9s assequible.<\/p>\n<\/li>\n<li class=\"fr-tag\">\n<p class=\"fr-tag\">Si s\u2019acumula una quota sense pagar, no es podr\u00e0 seguir fent \u00fas de l\u2019activitat d\u2019extraescolar fins que no s\u2019aboni la quantitat corresponent.<\/p>\n<\/li>\n<li class=\"fr-tag\">\n<p class=\"fr-tag\">Qualsevol fam\u00edlia que acumuli deutes del curs anterior no podr\u00e0 inscriure\u2019s al servei.<\/p>\n<\/li>\n<\/ul>\n<p class=\"fr-tag\"><strong>Autoritzacions<\/strong><\/p>\n<ul class=\"fr-tag\">\n<li class=\"fr-tag\">\n<p class=\"fr-tag\">Recollida nen\/a: En cas que el\/la pare\/mare\/tutor\/a no sigui la persona que el\/la ve a recollir, de manera fixa o espor\u00e0dica, caldr\u00e0 lliurar a la coordinaci\u00f3 d\u2019extraescolars l\u2019autoritzaci\u00f3 conforme el\/la recull una altra persona (cangur, una altra mare\/pare, etc.)<\/p>\n<\/li>\n<li class=\"fr-tag\">\n<p class=\"fr-tag\">Nens\/es de 3 a 6\u00e8 : Cal una autoritzaci\u00f3 pels que poden marxar sols de l\u2019escola acabada l\u2019activitat extraescolar. Cal lliurar\u2010la a la coordinaci\u00f3.<\/p>\n<\/li>\n<li class=\"fr-tag\">\n<p class=\"fr-tag\">Acollida matinal: Cal lliurar a la coordinaci\u00f3 d&#8217;extraescolars una autoritzaci\u00f3 pels germans\/es petits (de P3 a 2n) que s\u00f3n acompanyats per un germ\u00e0 o una germana gran (a partir de 3r) a l&#8217;aula d&#8217;acollida matinal.<\/p>\n<\/li>\n<li class=\"fr-tag\">\n<p class=\"fr-tag\">Medicaments: Per administrar medicaments als alumnes, cal que el pare\/mare\/tutor legal porti una recepta, o informe del metge, on hi consti el nom del nen\/a, la pauta i el nom del medicament que ha de prendre. Igualment, tamb\u00e9 ha d\u2019aportar un escrit oficial \u201cAutoritzaci\u00f3 d\u2019administraci\u00f3 de medicaci\u00f3 als alumnes\u201d on es demana i autoritza al personal de centre, o monitor, que administri al nen\/a la medicaci\u00f3 prescrita.<\/p>\n<\/li>\n<\/ul>\n<p class=\"fr-tag\"><strong>Organitzaci\u00f3<\/strong><\/p>\n<ul class=\"fr-tag\">\n<li class=\"fr-tag\">\n<p class=\"fr-tag\">Calendari de les activitats:\u00a0l\u2019esplai i l\u2019acollida de mat\u00ed i tarda comencen el primer dia de curs (12\u00a0de setembre) i acaben el darrer dia de curs (21\u00a0de juny). La resta d\u2019activitats extraescolars comencen el 2 d\u2019octubre i acaben al juny (l\u2019\u00faltima setmana de curs). Els dies de festa tradicional (carnestoltes, Sant Jordi&#8230;) tamb\u00e9 hi ha activitats extraescolars.<\/p>\n<\/li>\n<li class=\"fr-tag\">\n<p class=\"fr-tag\">Horari de les activitats de tarda:<\/p>\n<ul class=\"fr-tag\">\n<li class=\"fr-tag\">\n<p class=\"fr-tag\">Acollida de tarda (berenar): de 16.30h a 17.00h<\/p>\n<\/li>\n<li class=\"fr-tag\">\n<p class=\"fr-tag\">Activitats i esplai: de 16.30h a 18h<\/p>\n<\/li>\n<\/ul>\n<\/li>\n<li class=\"fr-tag\">\n<p class=\"fr-tag\">Portes obertes d\u2019extraescolars: al llarg del segon trimestre hi haur\u00e0 unes jornades de portes obertes, on les fam\u00edlies podreu assistir\/participar a una classe del vostre fill\/a.\u00a0La piscina del CAR fa unes jornades diferents de portes obertes. Es comunicar\u00e0 a les fam\u00edlies un cop estiguin confirmades.<\/p>\n<\/li>\n<li class=\"fr-tag\">\n<p class=\"fr-tag\">Berenar: hi haur\u00e0 un espai, en funci\u00f3 de l\u2019activitat, en el que els nens\/es tindran una estona per berenar abans de l\u2019 inici de l\u2019activitat espec\u00edfica. El berenar s\u2019ha de portar de casa. D\u2019aquesta manera, els nens\/es poden gaudir d\u2019un descans entre l\u2019horari lectiu i l\u2019 inici de l\u2019activitat extraescolar.<\/p>\n<\/li>\n<li class=\"fr-tag\">\n<p class=\"fr-tag\">Recomanacions pel berenar (d\u2019acord amb la normativa escolar): fruita, entrep\u00e0, etc<\/p>\n<\/li>\n<li class=\"fr-tag\">\n<p class=\"fr-tag\">Els nens\/es no poden entrar a les aules de l\u2019escola despr\u00e9s de les 16.30h.<\/p>\n<\/li>\n<\/ul>\n<\/div>\n<\/div>\n<\/div>\n","protected":false},"excerpt":{"rendered":"<p>Les activitats extraescolars de l\u2019escola Pins del Vall\u00e8s estan gestionades i coordinades per PAIDOS+FUNDESPLAI i el seguiment del projecte es fa conjuntament entre AFA, PAIDOS, i l\u2019Equip Directiu del centre.<br \/>\n&nbsp;<br \/>\nLa proposta de Paidos vol anar m\u00e9s enll\u00e0 de ser un servei d\u2019activitats , pret\u00e9n dotar&hellip;  <a href=\"https:\/\/agora.xtec.cat\/ceip-pins\/activitats-extraescolars\/\" title=\"Read Activitats extraescolars\">Llegeix m\u00e9s\u00bb<\/a><\/p>\n","protected":false},"author":1,"featured_media":0,"parent":0,"menu_order":50,"comment_status":"closed","ping_status":"closed","template":"page-templates\/side-menu.php","meta":{"_bbp_topic_count":0,"_bbp_reply_count":0,"_bbp_total_topic_count":0,"_bbp_total_reply_count":0,"_bbp_voice_count":0,"_bbp_anonymous_reply_count":0,"_bbp_topic_count_hidden":0,"_bbp_reply_count_hidden":0,"_bbp_forum_subforum_count":0,"footnotes":""},"class_list":["post-84","page","type-page","status-publish","hentry"],"post_mailing_queue_ids":[],"_links":{"self":[{"href":"https:\/\/agora.xtec.cat\/ceip-pins\/wp-json\/wp\/v2\/pages\/84","targetHints":{"allow":["GET"]}}],"collection":[{"href":"https:\/\/agora.xtec.cat\/ceip-pins\/wp-json\/wp\/v2\/pages"}],"about":[{"href":"https:\/\/agora.xtec.cat\/ceip-pins\/wp-json\/wp\/v2\/types\/page"}],"author":[{"embeddable":true,"href":"https:\/\/agora.xtec.cat\/ceip-pins\/wp-json\/wp\/v2\/users\/1"}],"replies":[{"embeddable":true,"href":"https:\/\/agora.xtec.cat\/ceip-pins\/wp-json\/wp\/v2\/comments?post=84"}],"version-history":[{"count":3,"href":"https:\/\/agora.xtec.cat\/ceip-pins\/wp-json\/wp\/v2\/pages\/84\/revisions"}],"predecessor-version":[{"id":781,"href":"https:\/\/agora.xtec.cat\/ceip-pins\/wp-json\/wp\/v2\/pages\/84\/revisions\/781"}],"wp:attachment":[{"href":"https:\/\/agora.xtec.cat\/ceip-pins\/wp-json\/wp\/v2\/media?parent=84"}],"curies":[{"name":"wp","href":"https:\/\/api.w.org\/{rel}","templated":true}]}}