{"id":82,"date":"2014-09-18T14:10:51","date_gmt":"2014-09-18T13:10:51","guid":{"rendered":"http:\/\/agora.xtec.cat\/ceip-pins\/?page_id=82"},"modified":"2018-02-28T23:45:43","modified_gmt":"2018-02-28T22:45:43","slug":"casal-destiu","status":"publish","type":"page","link":"https:\/\/agora.xtec.cat\/ceip-pins\/casal-destiu\/","title":{"rendered":"Casal d&#8217;estiu"},"content":{"rendered":"<p>Els casals i les col\u00f2nies a la nostra escola s\u00f3n gestionades per\u00a0<a href=\"https:\/\/www.paidos.cat\/escola\/Pins-del-Valles\"><img loading=\"lazy\" decoding=\"async\" class=\"alignnone wp-image-598\" src=\"http:\/\/agora.xtec.cat\/ceip-pins\/wp-content\/uploads\/usu1715\/2017\/11\/logo-fundesplaipaidos.jpg\" alt=\"\" width=\"224\" height=\"66\" srcset=\"https:\/\/agora.xtec.cat\/ceip-pins\/wp-content\/uploads\/usu1715\/2017\/11\/logo-fundesplaipaidos.jpg 591w, https:\/\/agora.xtec.cat\/ceip-pins\/wp-content\/uploads\/usu1715\/2017\/11\/logo-fundesplaipaidos-300x88.jpg 300w\" sizes=\"auto, (max-width: 224px) 100vw, 224px\" \/><\/a><\/p>\n<p>&nbsp;<\/p>\n<div id=\"headingOne\" class=\"panel-heading featured\">\n<h4 class=\"panel-title\">Casals i col\u00f2nies: Gaudir amb el lleure, proposta \u00e0mplia i variada, casal inclusiu<\/h4>\n<\/div>\n<div id=\"collapseOne\" class=\"panel-collapse collapse in\">\n<div class=\"panel-body\">\n<p class=\"fr-tag\">Provenim del m\u00f3n del lleure educatiu, concretament del m\u00f3n de l\u2019esplai, aix\u00ed que els nostres inicis en aquest sector van ser amb col\u00f2nies i casals. Per a nosaltres s\u00f3n unes activitats especials en les quals, durant tot l\u2019any, l\u2019equip de Paidos est\u00e0 dissenyant la proposta final de Nadal, Setmana Santa i estiu, aportant millores i novetats cada curs. Fem una proposta de casals adaptada a les diferents edats.<\/p>\n<\/div>\n<\/div>\n","protected":false},"excerpt":{"rendered":"<p>Els casals i les col\u00f2nies a la nostra escola s\u00f3n gestionades per\u00a0<a href=\"https:\/\/www.paidos.cat\/escola\/Pins-del-Valles\"><\/a><br \/>\n&nbsp;<\/p>\n<p>Casals i col\u00f2nies: Gaudir amb el lleure, proposta \u00e0mplia i variada, casal inclusiu<\/p>\n<p>Provenim del m\u00f3n del lleure educatiu, concretament del m\u00f3n de l\u2019esplai, aix\u00ed que els nostres inicis en aquest sector van ser&hellip;  <a href=\"https:\/\/agora.xtec.cat\/ceip-pins\/casal-destiu\/\" title=\"Read Casal d&#8217;estiu\">Llegeix m\u00e9s\u00bb<\/a><\/p>\n","protected":false},"author":1,"featured_media":0,"parent":0,"menu_order":60,"comment_status":"closed","ping_status":"closed","template":"page-templates\/side-menu.php","meta":{"_bbp_topic_count":0,"_bbp_reply_count":0,"_bbp_total_topic_count":0,"_bbp_total_reply_count":0,"_bbp_voice_count":0,"_bbp_anonymous_reply_count":0,"_bbp_topic_count_hidden":0,"_bbp_reply_count_hidden":0,"_bbp_forum_subforum_count":0,"footnotes":""},"class_list":["post-82","page","type-page","status-publish","hentry"],"post_mailing_queue_ids":[],"_links":{"self":[{"href":"https:\/\/agora.xtec.cat\/ceip-pins\/wp-json\/wp\/v2\/pages\/82","targetHints":{"allow":["GET"]}}],"collection":[{"href":"https:\/\/agora.xtec.cat\/ceip-pins\/wp-json\/wp\/v2\/pages"}],"about":[{"href":"https:\/\/agora.xtec.cat\/ceip-pins\/wp-json\/wp\/v2\/types\/page"}],"author":[{"embeddable":true,"href":"https:\/\/agora.xtec.cat\/ceip-pins\/wp-json\/wp\/v2\/users\/1"}],"replies":[{"embeddable":true,"href":"https:\/\/agora.xtec.cat\/ceip-pins\/wp-json\/wp\/v2\/comments?post=82"}],"version-history":[{"count":1,"href":"https:\/\/agora.xtec.cat\/ceip-pins\/wp-json\/wp\/v2\/pages\/82\/revisions"}],"predecessor-version":[{"id":609,"href":"https:\/\/agora.xtec.cat\/ceip-pins\/wp-json\/wp\/v2\/pages\/82\/revisions\/609"}],"wp:attachment":[{"href":"https:\/\/agora.xtec.cat\/ceip-pins\/wp-json\/wp\/v2\/media?parent=82"}],"curies":[{"name":"wp","href":"https:\/\/api.w.org\/{rel}","templated":true}]}}