{"id":2769,"date":"2018-05-25T12:10:46","date_gmt":"2018-05-25T10:10:46","guid":{"rendered":"http:\/\/agora.xtec.cat\/ceip-pins\/?page_id=2769"},"modified":"2018-05-25T13:54:25","modified_gmt":"2018-05-25T11:54:25","slug":"politica-de-privadesa","status":"publish","type":"page","link":"https:\/\/agora.xtec.cat\/ceip-pins\/afa\/politica-de-privadesa\/","title":{"rendered":"Pol\u00edtica de privadesa"},"content":{"rendered":"<ol>\n<li><strong>TITULARITAT<\/strong><\/li>\n<\/ol>\n<p>En compliment del Reglament (UE) 2016\/ 679 del Parlament Europeu i del Consell, de 27 d\u2019abril de 2016 (d\u2019ara endavant RGPD) l\u2019informem que les dades personals comunicades a AMPA PINS DEL VALL\u00c8S, seran incorporades a la nostra Base de Dades.<\/p>\n<p><em>AMPA PINS DEL VALL\u00c8S <\/em><\/p>\n<p><em><span class=\"il\">NIF<\/span>\u00a0G-59574830<\/em><\/p>\n<p><em>Av. Can Volpelleres, 51<\/em><\/p>\n<p><em>08173 Sant Cugat del Vall\u00e8s<\/em><\/p>\n<p><em>afa@pinsdelvalles.cat<\/em><\/p>\n<p>&nbsp;<\/p>\n<ol start=\"2\">\n<li><strong>CONTACTE<\/strong><\/li>\n<\/ol>\n<p>Per a qualsevol assumpte relacionat amb el tractament de dades de persones f\u00edsiques per part de l\u2019AMPA PINS DEL VALL\u00c8S\u00a0 pots contactar-nos al correu electr\u00f2nic\u00a0<a href=\"mailto:afa@pinsdelvalles.cat\">afa@pinsdelvalles.cat<\/a>\u00a0o al tel\u00e8fon 935897812.<\/p>\n<p>&nbsp;<\/p>\n<ol start=\"3\">\n<li><strong>DADES PERSONALS<\/strong><\/li>\n<\/ol>\n<p>AMPA PINS DEL VALL\u00c8S t\u00e9 disponible la seg\u00fcent informaci\u00f3:<\/p>\n<p>INFORMACI\u00d3 DE LES FAM\u00cdLIES<\/p>\n<p>&#8211;\u00a0nom i cognoms de l&#8217;alumnat<\/p>\n<p>&#8211; nom de les fam\u00edlies (mares, pares, persones tutores&#8230;)<\/p>\n<p>&#8211; data de naixement de l&#8217;alumnat<\/p>\n<p>&#8211; curs de l&#8217;alumnat<\/p>\n<p>&#8211; correu electr\u00f2nic<\/p>\n<p>&#8211; adre\u00e7a domicili familiar<\/p>\n<p>&#8211; tel\u00e8fon\/s contacte<\/p>\n<p>&#8211; dades banc\u00e0ries<\/p>\n<p>&#8211; dades relatives a les activitats que es desenvolupen en el temps gestionat per l&#8217;AFA<\/p>\n<p>&#8211; dades relatives a al\u00b7l\u00e8rgies aliment\u00e0ries<\/p>\n<p>&nbsp;<\/p>\n<p>INFORMACI\u00d3 de la resta de contactes de la comunitat educativa (persones empleades, mestres,&#8230;)<\/p>\n<p>&#8211; nom i cognoms<\/p>\n<p>&#8211; correu electr\u00f2nic<\/p>\n<p>&nbsp;<\/p>\n<ol start=\"4\">\n<li><strong>EXERCICI DE DRETS<\/strong><\/li>\n<\/ol>\n<p>La persona interessada t\u00e9 reconeguts els seus drets d\u2019acc\u00e9s, rectificaci\u00f3, supressi\u00f3, limitaci\u00f3, oposici\u00f3 i portabilitat de les seves dades personals que estan sota responsabilitat de l\u2019AMPA PINS DEL VALL\u00c8S.<\/p>\n<p>Seguirem tractant les seves dades mentre existeixi la finalitat de tractament i no hagi suprimit expressament les seves dades personals dels nostres fitxers.<\/p>\n<p>Per a l\u2019AFA les seves dades s\u00f3n necess\u00e0ries per a la relaci\u00f3 i la informaci\u00f3 amb les fam\u00edlies.<\/p>\n<p>En qualsevol moment, la persona interessada podr\u00e0 exercitar els seus drets via correu electr\u00f2nic a l&#8217;adre\u00e7a\u00a0<a href=\"mailto:afa@pinsdelvalles.cat\">afa@pinsdelvalles.cat<\/a>\u00a0indicant expressament el dret que desitja exercir.<\/p>\n<p>&nbsp;<\/p>\n<ol start=\"5\">\n<li><strong>MESURES DE SEGURETAT T\u00c8CNIQUES I ORGANITZATIVES<\/strong><\/li>\n<\/ol>\n<p>AMPA PINS DEL VALL\u00c8S ha adoptat les mesures t\u00e8cniques i organitzatives necess\u00e0ries per garantir la seguretat i integritat de les dades i per evitar la seva alteraci\u00f3, p\u00e8rdua, tractament o acc\u00e9s no autoritzat.<\/p>\n<p>&nbsp;<\/p>\n","protected":false},"excerpt":{"rendered":"<ol>\n<li>TITULARITAT<\/li>\n<\/ol>\n<p>En compliment del Reglament (UE) 2016\/ 679 del Parlament Europeu i del Consell, de 27 d\u2019abril de 2016 (d\u2019ara endavant RGPD) l\u2019informem que les dades personals comunicades a AMPA PINS DEL VALL\u00c8S, seran incorporades a la nostra Base de Dades.<br \/>\nAMPA PINS DEL VALL\u00c8S<br \/>\nNIF\u00a0G-59574830<br \/>\nAv. Can&hellip;  <a href=\"https:\/\/agora.xtec.cat\/ceip-pins\/afa\/politica-de-privadesa\/\" title=\"Read Pol\u00edtica de privadesa\">Llegeix m\u00e9s\u00bb<\/a><\/p>\n","protected":false},"author":4,"featured_media":0,"parent":1069,"menu_order":7,"comment_status":"closed","ping_status":"closed","template":"page-templates\/side-menu.php","meta":{"_bbp_topic_count":0,"_bbp_reply_count":0,"_bbp_total_topic_count":0,"_bbp_total_reply_count":0,"_bbp_voice_count":0,"_bbp_anonymous_reply_count":0,"_bbp_topic_count_hidden":0,"_bbp_reply_count_hidden":0,"_bbp_forum_subforum_count":0,"footnotes":""},"class_list":["post-2769","page","type-page","status-publish","hentry"],"post_mailing_queue_ids":[],"_links":{"self":[{"href":"https:\/\/agora.xtec.cat\/ceip-pins\/wp-json\/wp\/v2\/pages\/2769","targetHints":{"allow":["GET"]}}],"collection":[{"href":"https:\/\/agora.xtec.cat\/ceip-pins\/wp-json\/wp\/v2\/pages"}],"about":[{"href":"https:\/\/agora.xtec.cat\/ceip-pins\/wp-json\/wp\/v2\/types\/page"}],"author":[{"embeddable":true,"href":"https:\/\/agora.xtec.cat\/ceip-pins\/wp-json\/wp\/v2\/users\/4"}],"replies":[{"embeddable":true,"href":"https:\/\/agora.xtec.cat\/ceip-pins\/wp-json\/wp\/v2\/comments?post=2769"}],"version-history":[{"count":3,"href":"https:\/\/agora.xtec.cat\/ceip-pins\/wp-json\/wp\/v2\/pages\/2769\/revisions"}],"predecessor-version":[{"id":2775,"href":"https:\/\/agora.xtec.cat\/ceip-pins\/wp-json\/wp\/v2\/pages\/2769\/revisions\/2775"}],"up":[{"embeddable":true,"href":"https:\/\/agora.xtec.cat\/ceip-pins\/wp-json\/wp\/v2\/pages\/1069"}],"wp:attachment":[{"href":"https:\/\/agora.xtec.cat\/ceip-pins\/wp-json\/wp\/v2\/media?parent=2769"}],"curies":[{"name":"wp","href":"https:\/\/api.w.org\/{rel}","templated":true}]}}