{"id":24,"date":"2014-09-18T12:23:15","date_gmt":"2014-09-18T11:23:15","guid":{"rendered":"http:\/\/agora.xtec.cat\/ceip-pins\/?page_id=24"},"modified":"2021-11-04T13:18:02","modified_gmt":"2021-11-04T12:18:02","slug":"on-som","status":"publish","type":"page","link":"https:\/\/agora.xtec.cat\/ceip-pins\/lescola\/on-som\/","title":{"rendered":"On som"},"content":{"rendered":"<p><strong>Escola Pins del Vall\u00e8s<\/strong><br \/>\nAvinguda Volpelleres, 51<br \/>\n08173 Sant Cugat del Vall\u00e8s<\/p>\n<div><strong>93 589 78 12<\/strong><\/div>\n<p>escola<span class=\"atwho-query\">@pinsdelvalles.cat<\/span><\/p>\n<p><iframe loading=\"lazy\" style=\"border: 0;\" src=\"https:\/\/www.google.com\/maps\/embed?pb=!1m18!1m12!1m3!1d2988.9991847812166!2d2.0737841154287486!3d41.48261737925556!2m3!1f0!2f0!3f0!3m2!1i1024!2i768!4f13.1!3m3!1m2!1s0x12a496b7fdf7b721%3A0xfad511e20360eefe!2sEscola+Pins+del+Vall%C3%A8s!5e0!3m2!1ses!2ses!4v1510147498972\" width=\"600\" height=\"450\" frameborder=\"0\" allowfullscreen=\"allowfullscreen\"><\/iframe><\/p>\n<p><strong>Com arribar-hi:<\/strong><\/p>\n<p><strong>Tren:<\/strong><\/p>\n<ul>\n<li>Estaci\u00f3 Sant Cugat del Vall\u00e8s (Renfe-Rodalies) &#8211; <em>L\u00ednia R8<\/em><\/li>\n<li>Estaci\u00f3 Volpelleres (FGC) &#8211; <em>L\u00ednies S2 i S6<\/em><\/li>\n<\/ul>\n<p><strong>Bus:<\/strong>\u00a0Volpelleres &#8211; <em>L\u00ednia L9<\/em><\/p>\n<p>&nbsp;<\/p>\n","protected":false},"excerpt":{"rendered":"<p>Escola Pins del Vall\u00e8s<br \/>\nAvinguda Volpelleres, 51<br \/>\n08173 Sant Cugat del Vall\u00e8s<br \/>\n93 589 78 12<br \/>\nescola@pinsdelvalles.cat<\/p>\n<p>Com arribar-hi:<br \/>\nTren:<\/p>\n<ul>\n<li>Estaci\u00f3 Sant Cugat del Vall\u00e8s (Renfe-Rodalies) &#8211; L\u00ednia R8<\/li>\n<li>Estaci\u00f3 Volpelleres (FGC) &#8211; L\u00ednies S2 i S6<\/li>\n<\/ul>\n<p>Bus:\u00a0Volpelleres &#8211; L\u00ednia L9<br \/>\n&nbsp;<\/p>\n","protected":false},"author":1,"featured_media":0,"parent":22,"menu_order":10,"comment_status":"closed","ping_status":"closed","template":"page-templates\/side-menu.php","meta":{"_bbp_topic_count":0,"_bbp_reply_count":0,"_bbp_total_topic_count":0,"_bbp_total_reply_count":0,"_bbp_voice_count":0,"_bbp_anonymous_reply_count":0,"_bbp_topic_count_hidden":0,"_bbp_reply_count_hidden":0,"_bbp_forum_subforum_count":0,"footnotes":""},"class_list":["post-24","page","type-page","status-publish","hentry"],"post_mailing_queue_ids":[],"_links":{"self":[{"href":"https:\/\/agora.xtec.cat\/ceip-pins\/wp-json\/wp\/v2\/pages\/24","targetHints":{"allow":["GET"]}}],"collection":[{"href":"https:\/\/agora.xtec.cat\/ceip-pins\/wp-json\/wp\/v2\/pages"}],"about":[{"href":"https:\/\/agora.xtec.cat\/ceip-pins\/wp-json\/wp\/v2\/types\/page"}],"author":[{"embeddable":true,"href":"https:\/\/agora.xtec.cat\/ceip-pins\/wp-json\/wp\/v2\/users\/1"}],"replies":[{"embeddable":true,"href":"https:\/\/agora.xtec.cat\/ceip-pins\/wp-json\/wp\/v2\/comments?post=24"}],"version-history":[{"count":4,"href":"https:\/\/agora.xtec.cat\/ceip-pins\/wp-json\/wp\/v2\/pages\/24\/revisions"}],"predecessor-version":[{"id":7978,"href":"https:\/\/agora.xtec.cat\/ceip-pins\/wp-json\/wp\/v2\/pages\/24\/revisions\/7978"}],"up":[{"embeddable":true,"href":"https:\/\/agora.xtec.cat\/ceip-pins\/wp-json\/wp\/v2\/pages\/22"}],"wp:attachment":[{"href":"https:\/\/agora.xtec.cat\/ceip-pins\/wp-json\/wp\/v2\/media?parent=24"}],"curies":[{"name":"wp","href":"https:\/\/api.w.org\/{rel}","templated":true}]}}