{"id":1429,"date":"2018-02-04T18:22:15","date_gmt":"2018-02-04T17:22:15","guid":{"rendered":"http:\/\/agora.xtec.cat\/ceip-pins\/?page_id=1429"},"modified":"2026-01-30T20:19:48","modified_gmt":"2026-01-30T19:19:48","slug":"comunicacio-families","status":"publish","type":"page","link":"https:\/\/agora.xtec.cat\/ceip-pins\/afa\/gt_menjador_i_temps_de_lleure\/comunicacio-families\/","title":{"rendered":"Comunicaci\u00f3 fam\u00edlies"},"content":{"rendered":"<p>Les fam\u00edlies poden concertar una entrevista amb el monitor\/a i\/o venir a veure els seus fills durant el temps del migdia. Contacteu amb l\u2019AFA en el mail <a href=\"mailto:afa@pinsdelvalles.cat\" target=\"_blank\" rel=\"noopener noreferrer\">afa@pinsdelvalles.cat<\/a> o per <a href=\"https:\/\/app.dinantia.com\">Dinantia<\/a> enviant un missatge a &#8220;AFA Pins del Vall\u00e8s&#8221;.<\/p>\n<p><strong>Informes del temps de migdia<\/strong><\/p>\n<table>\n<tbody>\n<tr>\n<td width=\"78\"><strong>\u00a0<\/strong><\/td>\n<td colspan=\"2\" width=\"176\"><strong>Seguiment de l\u2019adaptaci\u00f3<\/strong><\/td>\n<td colspan=\"3\" width=\"192\"><strong>Informes<\/strong><\/td>\n<\/tr>\n<tr>\n<td width=\"78\"><strong>\u00a0<\/strong><\/td>\n<td width=\"94\"><strong>Octubre<\/strong><\/td>\n<td width=\"82\"><strong>Desembre<\/strong><\/td>\n<td width=\"64\"><strong>Desembre<\/strong><\/td>\n<td width=\"64\"><strong>Febrer<\/strong><\/td>\n<td width=\"64\"><strong>Juny<\/strong><\/td>\n<\/tr>\n<tr>\n<td width=\"78\"><strong>I3<\/strong><\/td>\n<td width=\"94\"><strong>X<\/strong><\/td>\n<td width=\"82\"><strong>X<\/strong><\/td>\n<td width=\"64\"><strong>\u00a0<\/strong><\/td>\n<td width=\"64\"><strong>X<\/strong><\/td>\n<td width=\"64\"><strong>X<\/strong><\/td>\n<\/tr>\n<tr>\n<td width=\"78\"><strong>I4<\/strong><\/td>\n<td width=\"94\"><strong>\u00a0<\/strong><\/td>\n<td width=\"82\"><\/td>\n<td width=\"64\"><strong>\u00a0<\/strong><\/td>\n<td width=\"64\"><strong>X<\/strong><\/td>\n<td width=\"64\"><strong>X<\/strong><\/td>\n<\/tr>\n<tr>\n<td width=\"78\"><strong>I5<\/strong><\/td>\n<td width=\"94\"><strong>\u00a0<\/strong><\/td>\n<td width=\"82\"><strong>\u00a0<\/strong><\/td>\n<td width=\"64\"><strong>\u00a0<\/strong><\/td>\n<td width=\"64\"><strong>X<\/strong><\/td>\n<td width=\"64\"><strong>X<\/strong><\/td>\n<\/tr>\n<tr>\n<td width=\"78\"><strong>Prim\u00e0ria<\/strong><\/td>\n<td width=\"94\"><strong>\u00a0<\/strong><\/td>\n<td width=\"82\"><strong>\u00a0<\/strong><\/td>\n<td width=\"64\"><strong>X<\/strong><\/td>\n<td width=\"64\"><strong>\u00a0<\/strong><\/td>\n<td width=\"64\"><strong>X<\/strong><\/td>\n<\/tr>\n<\/tbody>\n<\/table>\n<p><strong>\u00a0<\/strong><\/p>\n<p><strong>Comunicaci\u00f3 de les INCID\u00c8NCIES puntuals<\/strong><\/p>\n<ul>\n<li><strong>Comunicaci\u00f3 monitor\/a-equip docent. <\/strong>L\u2019equip de monitors\/es de migdia i l\u2019equip docent estan en constant contacte per comunicar incid\u00e8ncies.<\/li>\n<li><strong>Comunicaci\u00f3 monitor- fam\u00edlia. <\/strong>Es comunicar\u00e0 a les fam\u00edlies per escrit les incid\u00e8ncies m\u00e9s rellevants que sorgeixin en el temps de migdia (comportament, situacions de salut, etc.)<\/li>\n<li><strong>Comunicaci\u00f3 fam\u00edlia- monitor<\/strong>. Les fam\u00edlies poden utilitzar <a href=\"https:\/\/app.dinantia.com\">Dinantia<\/a> enviant un missatge a &#8220;AFA Pins del Vall\u00e8s&#8221; per explicar qualsevol incid\u00e8ncia o suggeriment: explica\u2019ns-ho!<\/li>\n<\/ul>\n<p>&nbsp;<\/p>\n","protected":false},"excerpt":{"rendered":"<p>Les fam\u00edlies poden concertar una entrevista amb el monitor\/a i\/o venir a veure els seus fills durant el temps del migdia. Contacteu amb l\u2019AFA en el mail <a href=\"mailto:afa@pinsdelvalles.cat\" target=\"_blank\" rel=\"noopener noreferrer\">afa@pinsdelvalles.cat<\/a> o per <a href=\"https:\/\/app.dinantia.com\">Dinantia<\/a> enviant un missatge a &#8220;AFA Pins del Vall\u00e8s&#8221;.<br \/>\nInformes del&hellip;  <a href=\"https:\/\/agora.xtec.cat\/ceip-pins\/afa\/gt_menjador_i_temps_de_lleure\/comunicacio-families\/\" title=\"Read Comunicaci\u00f3 fam\u00edlies\">Llegeix m\u00e9s\u00bb<\/a><\/p>\n","protected":false},"author":4,"featured_media":0,"parent":1071,"menu_order":5,"comment_status":"closed","ping_status":"closed","template":"page-templates\/side-menu.php","meta":{"_bbp_topic_count":0,"_bbp_reply_count":0,"_bbp_total_topic_count":0,"_bbp_total_reply_count":0,"_bbp_voice_count":0,"_bbp_anonymous_reply_count":0,"_bbp_topic_count_hidden":0,"_bbp_reply_count_hidden":0,"_bbp_forum_subforum_count":0,"footnotes":""},"class_list":["post-1429","page","type-page","status-publish","hentry"],"post_mailing_queue_ids":[],"_links":{"self":[{"href":"https:\/\/agora.xtec.cat\/ceip-pins\/wp-json\/wp\/v2\/pages\/1429","targetHints":{"allow":["GET"]}}],"collection":[{"href":"https:\/\/agora.xtec.cat\/ceip-pins\/wp-json\/wp\/v2\/pages"}],"about":[{"href":"https:\/\/agora.xtec.cat\/ceip-pins\/wp-json\/wp\/v2\/types\/page"}],"author":[{"embeddable":true,"href":"https:\/\/agora.xtec.cat\/ceip-pins\/wp-json\/wp\/v2\/users\/4"}],"replies":[{"embeddable":true,"href":"https:\/\/agora.xtec.cat\/ceip-pins\/wp-json\/wp\/v2\/comments?post=1429"}],"version-history":[{"count":5,"href":"https:\/\/agora.xtec.cat\/ceip-pins\/wp-json\/wp\/v2\/pages\/1429\/revisions"}],"predecessor-version":[{"id":11489,"href":"https:\/\/agora.xtec.cat\/ceip-pins\/wp-json\/wp\/v2\/pages\/1429\/revisions\/11489"}],"up":[{"embeddable":true,"href":"https:\/\/agora.xtec.cat\/ceip-pins\/wp-json\/wp\/v2\/pages\/1071"}],"wp:attachment":[{"href":"https:\/\/agora.xtec.cat\/ceip-pins\/wp-json\/wp\/v2\/media?parent=1429"}],"curies":[{"name":"wp","href":"https:\/\/api.w.org\/{rel}","templated":true}]}}