{"id":1424,"date":"2018-02-04T18:19:40","date_gmt":"2018-02-04T17:19:40","guid":{"rendered":"http:\/\/agora.xtec.cat\/ceip-pins\/?page_id=1424"},"modified":"2025-09-11T23:01:33","modified_gmt":"2025-09-11T21:01:33","slug":"normativa","status":"publish","type":"page","link":"https:\/\/agora.xtec.cat\/ceip-pins\/afa\/gt_menjador_i_temps_de_lleure\/normativa\/","title":{"rendered":"Quotes"},"content":{"rendered":"<p><strong>\u00a0<\/strong><\/p>\n<p><strong>Quotes <\/strong><\/p>\n<p>Les quotes de menjador pel curs 2025-2026 estan aprovades d&#8217;acord amb la RESOLUCI\u00d3 EDF1222\/2025, de 2 d&#8217;abril, del Departament d&#8217;Educaci\u00f3, per la qual determina el preu m\u00e0xim de la prestaci\u00f3 del servei escolar de menjador.<\/p>\n<p>Us detallem les quotes de l&#8217;AFA i de menjador aprovades a l&#8217;Assemblea Extraordin\u00e0ria de l&#8217;AFA celebrada el 12 de juny 2025.<\/p>\n<p>La quota del temps del migdia \u00e9s de 10 mensualitats de 133,46 \u20ac (de setembre a juny).<\/p>\n<p>El preu del temps del migdia per a l\u2019alumnat eventual \u00e9s de 8,29 \u20ac\/dia.<\/p>\n<p>Les quotes inclouen el servei de menjador, aix\u00ed com l\u2019acompanyament durant el lleure.<\/p>\n<p><strong>\u00a0<\/strong><\/p>\n<p><strong>Beques <\/strong><\/p>\n<p>L\u2019Ajuntament de Sant Cugat concedeix ajuts de menjador a les fam\u00edlies en situacions de necessitat. Se sol\u00b7liciten directament a l\u2019Ajuntament (Pla\u00e7a de la Vila, 1) durant el mes de maig.<\/p>\n","protected":false},"excerpt":{"rendered":"<p>\u00a0<br \/>\nQuotes<br \/>\nLes quotes de menjador pel curs 2025-2026 estan aprovades d&#8217;acord amb la RESOLUCI\u00d3 EDF1222\/2025, de 2 d&#8217;abril, del Departament d&#8217;Educaci\u00f3, per la qual determina el preu m\u00e0xim de la prestaci\u00f3 del servei escolar de menjador.<br \/>\nUs detallem les quotes de l&#8217;AFA i de menjador aprovades&hellip;  <a href=\"https:\/\/agora.xtec.cat\/ceip-pins\/afa\/gt_menjador_i_temps_de_lleure\/normativa\/\" title=\"Read Quotes\">Llegeix m\u00e9s\u00bb<\/a><\/p>\n","protected":false},"author":4,"featured_media":0,"parent":1071,"menu_order":4,"comment_status":"closed","ping_status":"closed","template":"page-templates\/side-menu.php","meta":{"_bbp_topic_count":0,"_bbp_reply_count":0,"_bbp_total_topic_count":0,"_bbp_total_reply_count":0,"_bbp_voice_count":0,"_bbp_anonymous_reply_count":0,"_bbp_topic_count_hidden":0,"_bbp_reply_count_hidden":0,"_bbp_forum_subforum_count":0,"footnotes":""},"class_list":["post-1424","page","type-page","status-publish","hentry"],"post_mailing_queue_ids":[],"_links":{"self":[{"href":"https:\/\/agora.xtec.cat\/ceip-pins\/wp-json\/wp\/v2\/pages\/1424","targetHints":{"allow":["GET"]}}],"collection":[{"href":"https:\/\/agora.xtec.cat\/ceip-pins\/wp-json\/wp\/v2\/pages"}],"about":[{"href":"https:\/\/agora.xtec.cat\/ceip-pins\/wp-json\/wp\/v2\/types\/page"}],"author":[{"embeddable":true,"href":"https:\/\/agora.xtec.cat\/ceip-pins\/wp-json\/wp\/v2\/users\/4"}],"replies":[{"embeddable":true,"href":"https:\/\/agora.xtec.cat\/ceip-pins\/wp-json\/wp\/v2\/comments?post=1424"}],"version-history":[{"count":7,"href":"https:\/\/agora.xtec.cat\/ceip-pins\/wp-json\/wp\/v2\/pages\/1424\/revisions"}],"predecessor-version":[{"id":11374,"href":"https:\/\/agora.xtec.cat\/ceip-pins\/wp-json\/wp\/v2\/pages\/1424\/revisions\/11374"}],"up":[{"embeddable":true,"href":"https:\/\/agora.xtec.cat\/ceip-pins\/wp-json\/wp\/v2\/pages\/1071"}],"wp:attachment":[{"href":"https:\/\/agora.xtec.cat\/ceip-pins\/wp-json\/wp\/v2\/media?parent=1424"}],"curies":[{"name":"wp","href":"https:\/\/api.w.org\/{rel}","templated":true}]}}