{"id":1195,"date":"2018-01-20T00:43:40","date_gmt":"2018-01-19T23:43:40","guid":{"rendered":"http:\/\/agora.xtec.cat\/ceip-pins\/?page_id=1195"},"modified":"2024-02-25T22:48:06","modified_gmt":"2024-02-25T21:48:06","slug":"pinsapiens","status":"publish","type":"page","link":"https:\/\/agora.xtec.cat\/ceip-pins\/afa\/gt_aprenentatge\/pinsapiens\/","title":{"rendered":"PINSapiens"},"content":{"rendered":"<div class=\"stacks_div stacks_left\">\n<div id=\"stacks_out_450_page114\" class=\"stacks_out\"><\/div>\n<div id=\"stacks_out_3939_page114\" class=\"stacks_out\">\n<div id=\"stacks_in_3939_page114\" class=\"stacks_in image_stack\">\n<div class=\"centered_image\"> <!-- <img loading=\"lazy\" decoding=\"async\" class=\"imageStyle alignright\" src=\"http:\/\/www.ampapins.cat\/Festes\/Festes\/PINSapiens_files\/stacks_image_3940.png\" alt=\"Stacks Image 3940\" width=\"409\" height=\"364\" \/> --><img loading=\"lazy\" decoding=\"async\" src=\"https:\/\/agora.xtec.cat\/ceip-pins\/wp-content\/uploads\/usu1715\/2024\/02\/PINSapiens_2023-212x300.jpeg\" alt=\"\" width=\"212\" height=\"300\" class=\"alignright size-medium wp-image-10207\" srcset=\"https:\/\/agora.xtec.cat\/ceip-pins\/wp-content\/uploads\/usu1715\/2024\/02\/PINSapiens_2023-212x300.jpeg 212w, https:\/\/agora.xtec.cat\/ceip-pins\/wp-content\/uploads\/usu1715\/2024\/02\/PINSapiens_2023-724x1024.jpeg 724w, https:\/\/agora.xtec.cat\/ceip-pins\/wp-content\/uploads\/usu1715\/2024\/02\/PINSapiens_2023-768x1087.jpeg 768w, https:\/\/agora.xtec.cat\/ceip-pins\/wp-content\/uploads\/usu1715\/2024\/02\/PINSapiens_2023-1085x1536.jpeg 1085w, https:\/\/agora.xtec.cat\/ceip-pins\/wp-content\/uploads\/usu1715\/2024\/02\/PINSapiens_2023.jpeg 1447w\" sizes=\"auto, (max-width: 212px) 100vw, 212px\" \/> <\/div>\n<\/div>\n<\/div>\n<\/div>\n<div class=\"stacks_div stacks_right\">\n<div id=\"stacks_out_3725_page114\" class=\"stacks_out\">\n<div id=\"stacks_in_3725_page114\" class=\"stacks_in text_stack\">\n<p>Es tracta d\u2019un\u00a0<strong>joc<\/strong>\u00a0per a pares, mares, mestres, monitors i monitores, cuiners i cuineres\u2026 I tota la\u00a0<strong>comunitat ADULTA del Pins<\/strong>.<\/p>\n<p><em>Sabeu qui era Juan Ramon Jim\u00e9nez? Quantes versions s\u2019han fet de \u2018Boig per tu\u2019? Qui va pintar \u2018La rendici\u00f3 de Breda\u2019? Quantes potes t\u00e9 una aranya? Qui va ser el primer marit de Liz Taylor?<br \/>\n<\/em><br \/>\n<strong>EL REPTE:<\/strong>\u00a0el vostre equip haur\u00e0 d\u2019encertar el major nombre de preguntes com aquestes per guanyar el concurs PINSapiens. Per\u00f2\u00a0el m\u00e9s important \u00e9s que\u00a0us ho passeu molt b\u00e9!<\/p>\n<p><strong>QUAN:<\/strong> molt properament \ud83d\ude0e.<\/p>\n<p><strong>ON:<\/strong>\u00a0al gimn\u00e0s de l\u2019escola.<\/p>\n<p><strong>COM:<\/strong>\u00a0ens organitzem per equips de 6.<\/p>\n<p><strong>PER QU\u00c8:\u00a0<\/strong>perqu\u00e8 sempre fem coses amb i per als infants, i ara ens toca a nosaltres. Tamb\u00e9 volem divertir-nos!<\/p>\n<p>Ser\u00e0 una nit per passar-s&#8217;ho molt b\u00e9. Pensarem, jugarem, competirem, riurem i soparem amb altres membres de la comunitat del Pins.<\/p>\n<p><strong>Comenceu a buscar el vostre equip de 6 persones i poseu-vos un nom!\u00a0<\/strong><\/p>\n<p>La participaci\u00f3 a PINSapiens t\u00e9 un cost que compr\u00e8n l\u2019organitzaci\u00f3, el material i el sopar.<\/p>\n<p>Animeu-vos-hi i aneu formant el vostre equip per al PINSapiens!!!<\/p>\n<\/div>\n<\/div>\n<\/div>\n","protected":false},"excerpt":{"rendered":"<p>Es tracta d\u2019un\u00a0joc\u00a0per a pares, mares, mestres, monitors i monitores, cuiners i cuineres\u2026 I tota la\u00a0comunitat ADULTA del Pins.<br \/>\nSabeu qui era Juan Ramon Jim\u00e9nez? Quantes versions s\u2019han fet de \u2018Boig per tu\u2019? Qui va pintar \u2018La rendici\u00f3 de Breda\u2019? Quantes potes t\u00e9 una&hellip;  <a href=\"https:\/\/agora.xtec.cat\/ceip-pins\/afa\/gt_aprenentatge\/pinsapiens\/\" title=\"Read PINSapiens\">Llegeix m\u00e9s\u00bb<\/a><\/p>\n","protected":false},"author":4,"featured_media":0,"parent":1191,"menu_order":2,"comment_status":"closed","ping_status":"closed","template":"page-templates\/side-menu.php","meta":{"_bbp_topic_count":0,"_bbp_reply_count":0,"_bbp_total_topic_count":0,"_bbp_total_reply_count":0,"_bbp_voice_count":0,"_bbp_anonymous_reply_count":0,"_bbp_topic_count_hidden":0,"_bbp_reply_count_hidden":0,"_bbp_forum_subforum_count":0,"footnotes":""},"class_list":["post-1195","page","type-page","status-publish","hentry"],"post_mailing_queue_ids":[],"_links":{"self":[{"href":"https:\/\/agora.xtec.cat\/ceip-pins\/wp-json\/wp\/v2\/pages\/1195","targetHints":{"allow":["GET"]}}],"collection":[{"href":"https:\/\/agora.xtec.cat\/ceip-pins\/wp-json\/wp\/v2\/pages"}],"about":[{"href":"https:\/\/agora.xtec.cat\/ceip-pins\/wp-json\/wp\/v2\/types\/page"}],"author":[{"embeddable":true,"href":"https:\/\/agora.xtec.cat\/ceip-pins\/wp-json\/wp\/v2\/users\/4"}],"replies":[{"embeddable":true,"href":"https:\/\/agora.xtec.cat\/ceip-pins\/wp-json\/wp\/v2\/comments?post=1195"}],"version-history":[{"count":4,"href":"https:\/\/agora.xtec.cat\/ceip-pins\/wp-json\/wp\/v2\/pages\/1195\/revisions"}],"predecessor-version":[{"id":10208,"href":"https:\/\/agora.xtec.cat\/ceip-pins\/wp-json\/wp\/v2\/pages\/1195\/revisions\/10208"}],"up":[{"embeddable":true,"href":"https:\/\/agora.xtec.cat\/ceip-pins\/wp-json\/wp\/v2\/pages\/1191"}],"wp:attachment":[{"href":"https:\/\/agora.xtec.cat\/ceip-pins\/wp-json\/wp\/v2\/media?parent=1195"}],"curies":[{"name":"wp","href":"https:\/\/api.w.org\/{rel}","templated":true}]}}