{"id":1193,"date":"2018-01-20T00:43:15","date_gmt":"2018-01-19T23:43:15","guid":{"rendered":"http:\/\/agora.xtec.cat\/ceip-pins\/?page_id=1193"},"modified":"2026-02-21T21:23:56","modified_gmt":"2026-02-21T20:23:56","slug":"contacontes","status":"publish","type":"page","link":"https:\/\/agora.xtec.cat\/ceip-pins\/afa\/gt_aprenentatge\/contacontes\/","title":{"rendered":"Comissi\u00f3 de biblioteca"},"content":{"rendered":"<p>Comissi\u00f3 mixta AFA-Escola. Fa una supervisi\u00f3 del projecte de biblioteca i organitza l&#8217;activitat a la biblioteca al temps de migdia.\u200b<img loading=\"lazy\" decoding=\"async\" class=\"wp-image-1925 alignleft\" src=\"http:\/\/agora.xtec.cat\/ceip-pins\/wp-content\/uploads\/usu1715\/2018\/01\/conta-contes.png\" alt=\"\" width=\"299\" height=\"292\" srcset=\"https:\/\/agora.xtec.cat\/ceip-pins\/wp-content\/uploads\/usu1715\/2018\/01\/conta-contes.png 719w, https:\/\/agora.xtec.cat\/ceip-pins\/wp-content\/uploads\/usu1715\/2018\/01\/conta-contes-300x292.png 300w\" sizes=\"auto, (max-width: 299px) 100vw, 299px\" \/><\/p>\n<p>&nbsp;<\/p>\n<p>\u00c9s una activitat pensada per <strong>gaudir<\/strong> de la biblioteca de l\u2019escola i endinsar els infants en l\u2019apassionant <strong>m\u00f3n<\/strong> <strong>de<\/strong> <strong>la<\/strong> <strong>lectura<\/strong>.<\/p>\n<p>Volem explicar\u00a0contes i hist\u00f2ries m\u00e0giques;\u00a0volem\u00a0obrir portes a la imaginaci\u00f3. Busquem veus per transmetre valors sobre respecte i igualtat, per ensenyar relats amb noves mirades, amb mirades alternatives i inclusives.<\/p>\n<p><!--\n<strong>Us animeu?<\/strong>\u00a0Teniu una hist\u00f2ria a casa que voleu compartir? Heu llegit un llibre a la biblioteca i voleu fer somniar als nostres nens i nenes?\n\nOmpliu aquest\u00a0<strong>formulari<\/strong>\u00a0amb les vostres dades.\n\nBenvolgudes i benvolguts ContaContes, us estem esperant!\n\n&nbsp;\n\n<iframe loading=\"lazy\" src=\"https:\/\/docs.google.com\/forms\/d\/e\/1FAIpQLSfzTiskDd9bILlMuLKmFt95IuX-bF5L-gJMjKXY55WBjvDo2Q\/viewform?embedded=true\" width=\"760\" height=\"500\" frameborder=\"0\" marginwidth=\"0\" marginheight=\"0\">Cargando...<\/iframe>\n--><\/p>\n","protected":false},"excerpt":{"rendered":"<p>Comissi\u00f3 mixta AFA-Escola. Fa una supervisi\u00f3 del projecte de biblioteca i organitza l&#8217;activitat a la biblioteca al temps de migdia.\u200b<br \/>\n&nbsp;<br \/>\n\u00c9s una activitat pensada per gaudir de la biblioteca de l\u2019escola i endinsar els infants en l\u2019apassionant m\u00f3n de la lectura.<br \/>\nVolem explicar\u00a0contes i hist\u00f2ries m\u00e0giques;\u00a0volem\u00a0obrir portes&hellip;  <a href=\"https:\/\/agora.xtec.cat\/ceip-pins\/afa\/gt_aprenentatge\/contacontes\/\" title=\"Read Comissi\u00f3 de biblioteca\">Llegeix m\u00e9s\u00bb<\/a><\/p>\n","protected":false},"author":4,"featured_media":0,"parent":1191,"menu_order":1,"comment_status":"closed","ping_status":"closed","template":"page-templates\/side-menu.php","meta":{"_bbp_topic_count":0,"_bbp_reply_count":0,"_bbp_total_topic_count":0,"_bbp_total_reply_count":0,"_bbp_voice_count":0,"_bbp_anonymous_reply_count":0,"_bbp_topic_count_hidden":0,"_bbp_reply_count_hidden":0,"_bbp_forum_subforum_count":0,"footnotes":""},"class_list":["post-1193","page","type-page","status-publish","hentry"],"post_mailing_queue_ids":[],"_links":{"self":[{"href":"https:\/\/agora.xtec.cat\/ceip-pins\/wp-json\/wp\/v2\/pages\/1193","targetHints":{"allow":["GET"]}}],"collection":[{"href":"https:\/\/agora.xtec.cat\/ceip-pins\/wp-json\/wp\/v2\/pages"}],"about":[{"href":"https:\/\/agora.xtec.cat\/ceip-pins\/wp-json\/wp\/v2\/types\/page"}],"author":[{"embeddable":true,"href":"https:\/\/agora.xtec.cat\/ceip-pins\/wp-json\/wp\/v2\/users\/4"}],"replies":[{"embeddable":true,"href":"https:\/\/agora.xtec.cat\/ceip-pins\/wp-json\/wp\/v2\/comments?post=1193"}],"version-history":[{"count":6,"href":"https:\/\/agora.xtec.cat\/ceip-pins\/wp-json\/wp\/v2\/pages\/1193\/revisions"}],"predecessor-version":[{"id":11565,"href":"https:\/\/agora.xtec.cat\/ceip-pins\/wp-json\/wp\/v2\/pages\/1193\/revisions\/11565"}],"up":[{"embeddable":true,"href":"https:\/\/agora.xtec.cat\/ceip-pins\/wp-json\/wp\/v2\/pages\/1191"}],"wp:attachment":[{"href":"https:\/\/agora.xtec.cat\/ceip-pins\/wp-json\/wp\/v2\/media?parent=1193"}],"curies":[{"name":"wp","href":"https:\/\/api.w.org\/{rel}","templated":true}]}}