{"id":1191,"date":"2018-01-20T00:42:48","date_gmt":"2018-01-19T23:42:48","guid":{"rendered":"http:\/\/agora.xtec.cat\/ceip-pins\/?page_id=1191"},"modified":"2026-02-21T21:32:29","modified_gmt":"2026-02-21T20:32:29","slug":"gt_aprenentatge","status":"publish","type":"page","link":"https:\/\/agora.xtec.cat\/ceip-pins\/afa\/gt_aprenentatge\/","title":{"rendered":"GT Aprenentatge"},"content":{"rendered":"<p>Aconseguir una participaci\u00f3 activa i estreta de les fam\u00edlies de manera efectiva en comissions mixtes, que son equips de treballs integrats pels diferents membres de la comunitat educativa (docents, fam\u00edlies, alumnat&#8230;). Treballar en diversos \u00e0mbits d&#8217;aprenentatges i sensibilitzaci\u00f3 com la ci\u00e8ncia, la sostenibilitat, la coeducaci\u00f3, la salut&#8230;<\/p>\n<p>Tota aquesta participaci\u00f3 organitzada a trav\u00e9s de diferents comissions de treball:<\/p>\n<p><a href=\"https:\/\/agora.xtec.cat\/ceip-pins\/afa\/gt_aprenentatge\/comissio_activitats_familiars\/\"><strong>Comissi\u00f3 d&#8217;activitats familiars<\/strong><\/a>: organitzant Pon\u00e8ncies amb tem\u00e0tiques d&#8217;inter\u00e8s per la comunitat educativa i altres activitats familiars que enforteixen el vincles de les fam\u00edlies de l&#8217;escola a trav\u00e9s de l&#8217;oci i el coneixement: <a href=\"https:\/\/agora.xtec.cat\/ceip-pins\/afa\/gt_aprenentatge\/comissio_activitats_familiars\/\"><strong>BatuPINS<\/strong> <\/a>( grup de batucada), <a href=\"https:\/\/agora.xtec.cat\/ceip-pins\/afa\/gt_aprenentatge\/comissio_activitats_familiars\/\"><strong>Coral la Pinya<\/strong><\/a> i <a href=\"https:\/\/agora.xtec.cat\/ceip-pins\/afa\/gt_aprenentatge\/pinsapiens\/\"><strong>PINSapiens<\/strong><\/a> (concurs festiu), ambdues per docents, mares i pares. Classes de catal\u00e0.<\/p>\n<p><a href=\"https:\/\/agora.xtec.cat\/ceip-pins\/afa\/gt_aprenentatge\/comissio-feminista\/\"><strong>Comissi\u00f3 feminista<\/strong><\/a>: realitzar una an\u00e0lisi cr\u00edtica des de la perspectiva de g\u00e8nere de tots els \u00e0mbits de l\u2019escola per tal d\u2019identificar possibles transmissors de desigualtat (llenguatge, corresponsabillitat de les cures, etc). Fomentar una educaci\u00f3 basada en l&#8217;empatia i el respecte com a llavor en la prevenci\u00f3 de les viol\u00e8ncies masclistes, lliure d\u2019estereotips o rols de g\u00e8nere i mostrant referents femenins. Treballem conjuntament amb amb una comissi\u00f3 formada per professorat per promoure activitats de sensibilitzaci\u00f3 per a la coeducaci\u00f3 entre l\u2019alumnat, el professorat i les fam\u00edlies.<\/p>\n<p><strong>Comissi\u00f3 de medi<\/strong>: impulsar accions que millorin la sostenibilitat de l&#8217;AFA i de l&#8217;escola. Treballar de forma transversal amb les altres comissions fomentant la pr\u00e0ctica de les tres R: reduir, reutilitzar i reciclar. Ajudar i vetllar perqu\u00e8 totes aquelles activitats que organitzi l&#8217;AFA siguin respectuoses amb el medi ambient i d&#8217;acord amb els principis de sostenibilitat de l&#8217;escola.<\/p>\n<p><a href=\"https:\/\/agora.xtec.cat\/ceip-pins\/afa\/gt_aprenentatge\/comissio_pinscience\/\"><strong>Comissi\u00f3 Pinscience<\/strong><\/a>: pret\u00e9n apropar la ci\u00e8ncia i la tecnologia a la inf\u00e0ncia en tal de sensibilitzar-los de la import\u00e0ncia i l&#8217;impacte que t\u00e9 en el benestar de la societat. Uns dies en qu\u00e8 les fam\u00edlies de l&#8217;escola participen de forma activa i de la m\u00e0 dels docents organitzant activitats i tallers cient\u00edfics en l\u00ednia als centres d&#8217;inter\u00e8s de cada grup d&#8217;edat.<\/p>\n<p><a href=\"https:\/\/agora.xtec.cat\/ceip-pins\/afa\/gt_aprenentatge\/contacontes\/\"><strong>Comissi\u00f3 biblioteca:<\/strong><\/a> \u00das integral de la biblioteca com a sala d&#8217;aprenentatge, consulta i joc. Potenciar l&#8217;horari no lectiu.<\/p>\n<p><a href=\"https:\/\/agora.xtec.cat\/ceip-pins\/categoria\/especialitats\/blog-natura\/\"><strong>URPA:<\/strong><\/a> \u00e9s un projecte mediambiental de present i futur. Cal cuidar-lo i fomentar. \u00c9s el tipus d\u2019innovaci\u00f3 pedag\u00f2gica que valorem i que volem que defineixi el projecte PINS.<\/p>\n<p>Totes aquestes comissions volen oferir la possibilitat d&#8217;enriquir i enfortir la comunitat educativa a trav\u00e9s de la participaci\u00f3 en experi\u00e8ncies transcendents.<\/p>\n","protected":false},"excerpt":{"rendered":"<p>Aconseguir una participaci\u00f3 activa i estreta de les fam\u00edlies de manera efectiva en comissions mixtes, que son equips de treballs integrats pels diferents membres de la comunitat educativa (docents, fam\u00edlies, alumnat&#8230;). Treballar en diversos \u00e0mbits d&#8217;aprenentatges i sensibilitzaci\u00f3 com la ci\u00e8ncia, la sostenibilitat, la coeducaci\u00f3,&hellip;  <a href=\"https:\/\/agora.xtec.cat\/ceip-pins\/afa\/gt_aprenentatge\/\" title=\"Read GT Aprenentatge\">Llegeix m\u00e9s\u00bb<\/a><\/p>\n","protected":false},"author":4,"featured_media":0,"parent":1069,"menu_order":4,"comment_status":"closed","ping_status":"closed","template":"page-templates\/side-menu.php","meta":{"_bbp_topic_count":0,"_bbp_reply_count":0,"_bbp_total_topic_count":0,"_bbp_total_reply_count":0,"_bbp_voice_count":0,"_bbp_anonymous_reply_count":0,"_bbp_topic_count_hidden":0,"_bbp_reply_count_hidden":0,"_bbp_forum_subforum_count":0,"footnotes":""},"class_list":["post-1191","page","type-page","status-publish","hentry"],"post_mailing_queue_ids":[],"_links":{"self":[{"href":"https:\/\/agora.xtec.cat\/ceip-pins\/wp-json\/wp\/v2\/pages\/1191","targetHints":{"allow":["GET"]}}],"collection":[{"href":"https:\/\/agora.xtec.cat\/ceip-pins\/wp-json\/wp\/v2\/pages"}],"about":[{"href":"https:\/\/agora.xtec.cat\/ceip-pins\/wp-json\/wp\/v2\/types\/page"}],"author":[{"embeddable":true,"href":"https:\/\/agora.xtec.cat\/ceip-pins\/wp-json\/wp\/v2\/users\/4"}],"replies":[{"embeddable":true,"href":"https:\/\/agora.xtec.cat\/ceip-pins\/wp-json\/wp\/v2\/comments?post=1191"}],"version-history":[{"count":7,"href":"https:\/\/agora.xtec.cat\/ceip-pins\/wp-json\/wp\/v2\/pages\/1191\/revisions"}],"predecessor-version":[{"id":11571,"href":"https:\/\/agora.xtec.cat\/ceip-pins\/wp-json\/wp\/v2\/pages\/1191\/revisions\/11571"}],"up":[{"embeddable":true,"href":"https:\/\/agora.xtec.cat\/ceip-pins\/wp-json\/wp\/v2\/pages\/1069"}],"wp:attachment":[{"href":"https:\/\/agora.xtec.cat\/ceip-pins\/wp-json\/wp\/v2\/media?parent=1191"}],"curies":[{"name":"wp","href":"https:\/\/api.w.org\/{rel}","templated":true}]}}