{"id":1185,"date":"2018-01-20T00:40:23","date_gmt":"2018-01-19T23:40:23","guid":{"rendered":"http:\/\/agora.xtec.cat\/ceip-pins\/?page_id=1185"},"modified":"2024-01-21T17:27:38","modified_gmt":"2024-01-21T16:27:38","slug":"comissio_mercat_segona_ma","status":"publish","type":"page","link":"https:\/\/agora.xtec.cat\/ceip-pins\/afa\/gt_festes\/comissio_mercat_segona_ma\/","title":{"rendered":"Comissi\u00f3 mercat de segona m\u00e0"},"content":{"rendered":"<p><img loading=\"lazy\" decoding=\"async\" class=\"alignright wp-image-1842 size-full\" src=\"http:\/\/agora.xtec.cat\/ceip-pins\/wp-content\/uploads\/usu1715\/2018\/01\/logo-wallapins.png\" alt=\"\" width=\"283\" height=\"151\" \/><\/p>\n<p>Volem reciclar, reaprofitar tot all\u00f2 que ja no serveix a casa, per\u00f2 pot ser \u00fatil per a altres fam\u00edlies a preus molt econ\u00f2mics.<\/p>\n<p>Fam\u00edlies: <strong>no llencem<\/strong> res a final de curs, guardem i el curs vinent&#8230;\u201cestocs fora\u201d.<\/p>\n<p>Aix\u00ed aprofitarem el moment per fer neteja d\u2019armaris, joguines i tot all\u00f2 que creiem convenient.<\/p>\n<p><img decoding=\"async\" src=\"https:\/\/agora.xtec.cat\/ceip-pins\/wp-content\/uploads\/usu1715\/2023\/03\/2023_wallapins.jpeg\"\/><\/p>\n","protected":false},"excerpt":{"rendered":"<p>Volem reciclar, reaprofitar tot all\u00f2 que ja no serveix a casa, per\u00f2 pot ser \u00fatil per a altres fam\u00edlies a preus molt econ\u00f2mics.<br \/>\nFam\u00edlies: no llencem res a final de curs, guardem i el curs vinent&#8230;\u201cestocs fora\u201d.<br \/>\nAix\u00ed aprofitarem el moment per fer neteja d\u2019armaris, joguines i&hellip;  <a href=\"https:\/\/agora.xtec.cat\/ceip-pins\/afa\/gt_festes\/comissio_mercat_segona_ma\/\" title=\"Read Comissi\u00f3 mercat de segona m\u00e0\">Llegeix m\u00e9s\u00bb<\/a><\/p>\n","protected":false},"author":4,"featured_media":0,"parent":1179,"menu_order":1,"comment_status":"closed","ping_status":"closed","template":"page-templates\/side-menu.php","meta":{"_bbp_topic_count":0,"_bbp_reply_count":0,"_bbp_total_topic_count":0,"_bbp_total_reply_count":0,"_bbp_voice_count":0,"_bbp_anonymous_reply_count":0,"_bbp_topic_count_hidden":0,"_bbp_reply_count_hidden":0,"_bbp_forum_subforum_count":0,"footnotes":""},"class_list":["post-1185","page","type-page","status-publish","hentry"],"post_mailing_queue_ids":[],"_links":{"self":[{"href":"https:\/\/agora.xtec.cat\/ceip-pins\/wp-json\/wp\/v2\/pages\/1185","targetHints":{"allow":["GET"]}}],"collection":[{"href":"https:\/\/agora.xtec.cat\/ceip-pins\/wp-json\/wp\/v2\/pages"}],"about":[{"href":"https:\/\/agora.xtec.cat\/ceip-pins\/wp-json\/wp\/v2\/types\/page"}],"author":[{"embeddable":true,"href":"https:\/\/agora.xtec.cat\/ceip-pins\/wp-json\/wp\/v2\/users\/4"}],"replies":[{"embeddable":true,"href":"https:\/\/agora.xtec.cat\/ceip-pins\/wp-json\/wp\/v2\/comments?post=1185"}],"version-history":[{"count":6,"href":"https:\/\/agora.xtec.cat\/ceip-pins\/wp-json\/wp\/v2\/pages\/1185\/revisions"}],"predecessor-version":[{"id":10031,"href":"https:\/\/agora.xtec.cat\/ceip-pins\/wp-json\/wp\/v2\/pages\/1185\/revisions\/10031"}],"up":[{"embeddable":true,"href":"https:\/\/agora.xtec.cat\/ceip-pins\/wp-json\/wp\/v2\/pages\/1179"}],"wp:attachment":[{"href":"https:\/\/agora.xtec.cat\/ceip-pins\/wp-json\/wp\/v2\/media?parent=1185"}],"curies":[{"name":"wp","href":"https:\/\/api.w.org\/{rel}","templated":true}]}}