{"id":1183,"date":"2018-01-20T00:39:33","date_gmt":"2018-01-19T23:39:33","guid":{"rendered":"http:\/\/agora.xtec.cat\/ceip-pins\/?page_id=1183"},"modified":"2025-04-06T22:58:56","modified_gmt":"2025-04-06T20:58:56","slug":"comissio_bricopins","status":"publish","type":"page","link":"https:\/\/agora.xtec.cat\/ceip-pins\/afa\/gt_festes\/comissio_bricopins\/","title":{"rendered":"Comissi\u00f3 BricoPINS"},"content":{"rendered":"<p>Cada any, quan s\u2019apropa la primavera, fem la <strong>BricoPINS<\/strong>.<\/p>\n<p>Anima&#8217;t a participar ja que necessitarem refor\u00e7os !<\/p>\n<p>Posem l\u2019escola encara m\u00e9s maca i tothom hi col\u00b7labora: pares, mares, mestres, canalla&#8230; totes les mans s\u00f3n benvingudes per pintar, decorar, muntar mobles&#8230;<br \/>\n<img loading=\"lazy\" decoding=\"async\" class=\"alignright wp-image-1344\" src=\"http:\/\/agora.xtec.cat\/ceip-pins\/wp-content\/uploads\/usu1715\/2018\/01\/Logo.png\" alt=\"\" width=\"500\" height=\"440\" srcset=\"https:\/\/agora.xtec.cat\/ceip-pins\/wp-content\/uploads\/usu1715\/2018\/01\/Logo.png 724w, https:\/\/agora.xtec.cat\/ceip-pins\/wp-content\/uploads\/usu1715\/2018\/01\/Logo-300x264.png 300w\" sizes=\"auto, (max-width: 500px) 100vw, 500px\" \/><\/p>\n<p>L\u2019AFA i l\u2019Equip docent de l\u2019escola determinem les activitats que cal realitzar durant la jornada, orientades a la millora i conservaci\u00f3 de les instal\u00b7lacions de l\u2019escola. D\u2019aquesta manera, organitzem les tasques per cicles i repartim les feines per espais segons la quantitat de participants.<\/p>\n<p>La jornada s\u2019inicia amb un bon cafet\u00f3 i finalitza amb un aperitiu per a tothom. Nenes i nens poden saltar-se algunes normes, per un dia, i poden patinar i anar amb bici per l\u2019escola. \u00c9s una festa oberta i una bona oportunitat per fomentar la conviv\u00e8ncia i la relaci\u00f3 entre les fam\u00edlies i l\u2019escola.<\/p>\n<p>Aix\u00ed doncs, aquesta festa permet <strong>conservar<\/strong> i <strong>arreglar<\/strong> mobiliari que es fa malb\u00e9 per l\u2019\u00fas. Tamb\u00e9 \u00e9s una bona ocasi\u00f3 per sensibilitzar a tothom de la import\u00e0ncia de tenir cura dels elements i espais compartits.<\/p>\n<h5><\/h5>\n<p>&nbsp;<\/p>\n\r\n\t<div class=\"slideshow_container slideshow_container_style-light\" style=\"height: 600px; \" data-slideshow-id=\"8846\" data-style-name=\"style-light\" data-style-version=\"2.3.1\" >\r\n\r\n\t\t\t\t\t<div class=\"slideshow_loading_icon\"><\/div>\r\n\t\t\r\n\t\t<div class=\"slideshow_content\" style=\"display: none;\">\r\n\r\n\t\t\t<div class=\"slideshow_view\">\r\n\t\t\t\t<div class=\"slideshow_slide slideshow_slide_image\">\r\n\t\t\t\t\t\t\t\t\t\t\t<img src=\"https:\/\/agora.xtec.cat\/ceip-pins\/wp-content\/uploads\/usu1715\/2022\/05\/bricopins_2022_cabanes.jpeg\" alt=\"bricopins_2022_cabanes\" width=\"738\" height=\"1600\" \/>\r\n\t\t\t\t\t\t\t\t\t\t<div class=\"slideshow_description_box slideshow_transparent\">\r\n\t\t\t\t\t\t<div class=\"slideshow_title\">bricopins_2022_cabanes<\/div>\t\t\t\t\t\t\t\t\t\t\t<\/div>\r\n\t\t\t\t<\/div>\r\n\r\n\t\t\t\t\t\t<div style=\"clear: both;\"><\/div><\/div><div class=\"slideshow_view\">\r\n\t\t\t\t<div class=\"slideshow_slide slideshow_slide_image\">\r\n\t\t\t\t\t\t\t\t\t\t\t<img src=\"https:\/\/agora.xtec.cat\/ceip-pins\/wp-content\/uploads\/usu1715\/2022\/05\/bricopins_2022_hort.jpeg\" alt=\"bricopins_2022_hort\" width=\"2048\" height=\"1536\" \/>\r\n\t\t\t\t\t\t\t\t\t\t<div class=\"slideshow_description_box slideshow_transparent\">\r\n\t\t\t\t\t\t<div class=\"slideshow_title\">bricopins_2022_hort<\/div>\t\t\t\t\t\t\t\t\t\t\t<\/div>\r\n\t\t\t\t<\/div>\r\n\r\n\t\t\t\t\t\t<div style=\"clear: both;\"><\/div><\/div><div class=\"slideshow_view\">\r\n\t\t\t\t<div class=\"slideshow_slide slideshow_slide_image\">\r\n\t\t\t\t\t\t\t\t\t\t\t<img src=\"https:\/\/agora.xtec.cat\/ceip-pins\/wp-content\/uploads\/usu1715\/2022\/05\/bricopins_2022_pintant2.jpeg\" alt=\"bricopins_2022_pintant2\" width=\"2048\" height=\"1536\" \/>\r\n\t\t\t\t\t\t\t\t\t\t<div class=\"slideshow_description_box slideshow_transparent\">\r\n\t\t\t\t\t\t<div class=\"slideshow_title\">bricopins_2022_pintant2<\/div>\t\t\t\t\t\t\t\t\t\t\t<\/div>\r\n\t\t\t\t<\/div>\r\n\r\n\t\t\t\t\t\t<div style=\"clear: both;\"><\/div><\/div><div class=\"slideshow_view\">\r\n\t\t\t\t<div class=\"slideshow_slide slideshow_slide_image\">\r\n\t\t\t\t\t\t\t\t\t\t\t<img src=\"https:\/\/agora.xtec.cat\/ceip-pins\/wp-content\/uploads\/usu1715\/2022\/05\/bricopins_2022_hort2.jpeg\" alt=\"bricopins_2022_hort2\" width=\"2048\" height=\"1536\" \/>\r\n\t\t\t\t\t\t\t\t\t\t<div class=\"slideshow_description_box slideshow_transparent\">\r\n\t\t\t\t\t\t<div class=\"slideshow_title\">bricopins_2022_hort2<\/div>\t\t\t\t\t\t\t\t\t\t\t<\/div>\r\n\t\t\t\t<\/div>\r\n\r\n\t\t\t\t\t\t<div style=\"clear: both;\"><\/div><\/div><div class=\"slideshow_view\">\r\n\t\t\t\t<div class=\"slideshow_slide slideshow_slide_image\">\r\n\t\t\t\t\t\t\t\t\t\t\t<img src=\"https:\/\/agora.xtec.cat\/ceip-pins\/wp-content\/uploads\/usu1715\/2022\/05\/bricopins_2022_classe.jpeg\" alt=\"bricopins_2022_classe\" width=\"2048\" height=\"1536\" \/>\r\n\t\t\t\t\t\t\t\t\t\t<div class=\"slideshow_description_box slideshow_transparent\">\r\n\t\t\t\t\t\t<div class=\"slideshow_title\">bricopins_2022_classe<\/div>\t\t\t\t\t\t\t\t\t\t\t<\/div>\r\n\t\t\t\t<\/div>\r\n\r\n\t\t\t\t\t\t<div style=\"clear: both;\"><\/div><\/div><div class=\"slideshow_view\">\r\n\t\t\t\t<div class=\"slideshow_slide slideshow_slide_image\">\r\n\t\t\t\t\t\t\t\t\t\t\t<img src=\"https:\/\/agora.xtec.cat\/ceip-pins\/wp-content\/uploads\/usu1715\/2022\/05\/bricopins_2022_classe2.jpeg\" alt=\"bricopins_2022_classe2\" width=\"2048\" height=\"1536\" \/>\r\n\t\t\t\t\t\t\t\t\t\t<div class=\"slideshow_description_box slideshow_transparent\">\r\n\t\t\t\t\t\t<div class=\"slideshow_title\">bricopins_2022_classe2<\/div>\t\t\t\t\t\t\t\t\t\t\t<\/div>\r\n\t\t\t\t<\/div>\r\n\r\n\t\t\t\t\t\t<div style=\"clear: both;\"><\/div><\/div><div class=\"slideshow_view\">\r\n\t\t\t\t<div class=\"slideshow_slide slideshow_slide_image\">\r\n\t\t\t\t\t\t\t\t\t\t\t<img src=\"https:\/\/agora.xtec.cat\/ceip-pins\/wp-content\/uploads\/usu1715\/2022\/05\/bricopins_2022_classe3.jpeg\" alt=\"bricopins_2022_classe3\" width=\"1200\" height=\"1600\" \/>\r\n\t\t\t\t\t\t\t\t\t\t<div class=\"slideshow_description_box slideshow_transparent\">\r\n\t\t\t\t\t\t<div class=\"slideshow_title\">bricopins_2022_classe3<\/div>\t\t\t\t\t\t\t\t\t\t\t<\/div>\r\n\t\t\t\t<\/div>\r\n\r\n\t\t\t\t\t\t<div style=\"clear: both;\"><\/div><\/div>\r\n\t\t<\/div>\r\n\r\n\t\t<div class=\"slideshow_controlPanel slideshow_transparent\" style=\"display: none;\"><ul><li class=\"slideshow_togglePlay\" data-play-text=\"Visualitza\" data-pause-text=\"Pausa\"><\/li><\/ul><\/div>\r\n\r\n\t\t<div class=\"slideshow_button slideshow_previous slideshow_transparent\" role=\"button\" data-previous-text=\"Anterior\" style=\"display: none;\"><\/div>\r\n\t\t<div class=\"slideshow_button slideshow_next slideshow_transparent\" role=\"button\" data-next-text=\"Seg\u00fcent\" style=\"display: none;\"><\/div>\r\n\r\n\t\t<div class=\"slideshow_pagination\" style=\"display: none;\" data-go-to-text=\"V\u00e9s a la diapositiva\"><div class=\"slideshow_pagination_center\"><\/div><\/div>\r\n\r\n\t\t<!-- WordPress Slideshow Version 2.3.1 -->\r\n\r\n\t\t\t<\/div>\r\n\r\n\n","protected":false},"excerpt":{"rendered":"<p>Cada any, quan s\u2019apropa la primavera, fem la BricoPINS.<br \/>\nAnima&#8217;t a participar ja que necessitarem refor\u00e7os !<br \/>\nPosem l\u2019escola encara m\u00e9s maca i tothom hi col\u00b7labora: pares, mares, mestres, canalla&#8230; totes les mans s\u00f3n benvingudes per pintar, decorar, muntar mobles&#8230;<\/p>\n<p>L\u2019AFA i l\u2019Equip docent de l\u2019escola determinem les&hellip;  <a href=\"https:\/\/agora.xtec.cat\/ceip-pins\/afa\/gt_festes\/comissio_bricopins\/\" title=\"Read Comissi\u00f3 BricoPINS\">Llegeix m\u00e9s\u00bb<\/a><\/p>\n","protected":false},"author":4,"featured_media":0,"parent":1179,"menu_order":3,"comment_status":"closed","ping_status":"closed","template":"page-templates\/side-menu.php","meta":{"_bbp_topic_count":0,"_bbp_reply_count":0,"_bbp_total_topic_count":0,"_bbp_total_reply_count":0,"_bbp_voice_count":0,"_bbp_anonymous_reply_count":0,"_bbp_topic_count_hidden":0,"_bbp_reply_count_hidden":0,"_bbp_forum_subforum_count":0,"footnotes":""},"class_list":["post-1183","page","type-page","status-publish","hentry"],"post_mailing_queue_ids":[],"_links":{"self":[{"href":"https:\/\/agora.xtec.cat\/ceip-pins\/wp-json\/wp\/v2\/pages\/1183","targetHints":{"allow":["GET"]}}],"collection":[{"href":"https:\/\/agora.xtec.cat\/ceip-pins\/wp-json\/wp\/v2\/pages"}],"about":[{"href":"https:\/\/agora.xtec.cat\/ceip-pins\/wp-json\/wp\/v2\/types\/page"}],"author":[{"embeddable":true,"href":"https:\/\/agora.xtec.cat\/ceip-pins\/wp-json\/wp\/v2\/users\/4"}],"replies":[{"embeddable":true,"href":"https:\/\/agora.xtec.cat\/ceip-pins\/wp-json\/wp\/v2\/comments?post=1183"}],"version-history":[{"count":7,"href":"https:\/\/agora.xtec.cat\/ceip-pins\/wp-json\/wp\/v2\/pages\/1183\/revisions"}],"predecessor-version":[{"id":11207,"href":"https:\/\/agora.xtec.cat\/ceip-pins\/wp-json\/wp\/v2\/pages\/1183\/revisions\/11207"}],"up":[{"embeddable":true,"href":"https:\/\/agora.xtec.cat\/ceip-pins\/wp-json\/wp\/v2\/pages\/1179"}],"wp:attachment":[{"href":"https:\/\/agora.xtec.cat\/ceip-pins\/wp-json\/wp\/v2\/media?parent=1183"}],"curies":[{"name":"wp","href":"https:\/\/api.w.org\/{rel}","templated":true}]}}