{"id":1176,"date":"2018-01-20T00:34:32","date_gmt":"2018-01-19T23:34:32","guid":{"rendered":"http:\/\/agora.xtec.cat\/ceip-pins\/?page_id=1176"},"modified":"2026-02-20T20:11:27","modified_gmt":"2026-02-20T19:11:27","slug":"equip","status":"publish","type":"page","link":"https:\/\/agora.xtec.cat\/ceip-pins\/afa\/gt_menjador_i_temps_de_lleure\/equip\/","title":{"rendered":"Equip"},"content":{"rendered":"<p style=\"text-align: center;\"><img loading=\"lazy\" decoding=\"async\" src=\"https:\/\/agora.xtec.cat\/ceip-pins\/wp-content\/uploads\/usu1715\/2026\/01\/attachment-12384619-1759735733647.jpg\" alt=\"\" width=\"800\" height=\"600\" \/><\/p>\n<table style=\"width: 32.1739%; height: 1022px;\">\n<tbody>\n<tr style=\"height: 36px;\">\n<td style=\"width: 58.8752%; height: 36px;\" width=\"209\">GEMMA CANO i S\u00d2NIA MINGURANCE<\/td>\n<td style=\"width: 39.5431%; height: 36px;\" width=\"138\">I3-A<\/td>\n<\/tr>\n<tr style=\"height: 36px;\">\n<td style=\"width: 58.8752%; height: 36px;\"><\/td>\n<td style=\"width: 39.5431%; height: 36px;\"><\/td>\n<\/tr>\n<tr style=\"height: 36px;\">\n<td style=\"width: 58.8752%; height: 36px;\">EIDEN G\u00c1LVEZ<\/td>\n<td style=\"width: 39.5431%; height: 36px;\">I4-A<\/td>\n<\/tr>\n<tr style=\"height: 36px;\">\n<td style=\"width: 58.8752%; height: 36px;\">MARIA CEBRI\u00c1N<\/td>\n<td style=\"width: 39.5431%; height: 36px;\">I4-B<\/td>\n<\/tr>\n<tr style=\"height: 36px;\">\n<td style=\"width: 58.8752%; height: 36px;\">DANIELA VAQUERO<\/td>\n<td style=\"width: 39.5431%; height: 36px;\">I5-A<\/td>\n<\/tr>\n<tr style=\"height: 36px;\">\n<td style=\"width: 58.8752%; height: 36px;\">PAULA MILL\u00c1N<\/td>\n<td style=\"width: 39.5431%; height: 36px;\">I5-B<\/td>\n<\/tr>\n<tr style=\"height: 36px;\">\n<td style=\"width: 58.8752%; height: 36px;\">ENCARNA S\u00c1NCHEZ<\/td>\n<td style=\"width: 39.5431%; height: 36px;\">1r-A<\/td>\n<\/tr>\n<tr style=\"height: 36px;\">\n<td style=\"width: 58.8752%; height: 36px;\">LAIA MART\u00cdNEZ subst. REME MART\u00cdNEZ<\/td>\n<td style=\"width: 39.5431%; height: 36px;\">1r-B<\/td>\n<\/tr>\n<tr style=\"height: 36px;\">\n<td style=\"width: 58.8752%; height: 36px;\">J\u00daLIA MERINO<\/td>\n<td style=\"width: 39.5431%; height: 36px;\">2n-A<\/td>\n<\/tr>\n<tr style=\"height: 36px;\">\n<td style=\"width: 58.8752%; height: 36px;\">GUILLEM ISABAL<\/td>\n<td style=\"width: 39.5431%; height: 36px;\">2n-B<\/td>\n<\/tr>\n<tr style=\"height: 36px;\">\n<td style=\"width: 58.8752%; height: 36px;\">CUQUI SEGURA<\/td>\n<td style=\"width: 39.5431%; height: 36px;\">3r-A<\/td>\n<\/tr>\n<tr style=\"height: 36px;\">\n<td style=\"width: 58.8752%; height: 36px;\">CRISTINA GERM\u00c1N<\/td>\n<td style=\"width: 39.5431%; height: 36px;\">3r-B<\/td>\n<\/tr>\n<tr style=\"height: 36px;\">\n<td style=\"width: 58.8752%; height: 36px;\">ELIONOR SABATER<\/td>\n<td style=\"width: 39.5431%; height: 36px;\">4t-A<\/td>\n<\/tr>\n<tr style=\"height: 36px;\">\n<td style=\"width: 58.8752%; height: 36px;\">EVA BUENDIA<\/td>\n<td style=\"width: 39.5431%; height: 36px;\">4t-B<\/td>\n<\/tr>\n<tr style=\"height: 33px;\">\n<td style=\"width: 58.8752%; height: 33px;\">DELMY ZELMAR<\/td>\n<td style=\"width: 39.5431%; height: 33px;\">5\u00e8-A<\/td>\n<\/tr>\n<tr style=\"height: 33px;\">\n<td style=\"width: 58.8752%; height: 33px;\">ARANTXA ESCUDERO<\/td>\n<td style=\"width: 39.5431%; height: 33px;\">5\u00e8-B<\/td>\n<\/tr>\n<tr style=\"height: 33px;\">\n<td style=\"width: 58.8752%; height: 33px;\">\u00a0JENNIFER FUENTES<\/td>\n<td style=\"width: 39.5431%; height: 33px;\">6\u00e8-A<\/td>\n<\/tr>\n<tr style=\"height: 36px;\">\n<td style=\"width: 58.8752%; height: 36px;\">FIDEL FERN\u00c1NDEZ<\/td>\n<td style=\"width: 39.5431%; height: 36px;\">6\u00e8-B<\/td>\n<\/tr>\n<tr style=\"height: 36px;\">\n<td style=\"width: 58.8752%; height: 36px;\">S\u00d2NIA MINGURANCE<\/td>\n<td style=\"width: 39.5431%; height: 36px;\">6\u00e8-C<\/td>\n<\/tr>\n<tr style=\"height: 36px;\">\n<td style=\"width: 58.8752%; height: 36px;\"><\/td>\n<td style=\"width: 39.5431%; height: 36px;\"><\/td>\n<\/tr>\n<tr style=\"height: 137px;\">\n<td style=\"width: 58.8752%; height: 137px;\">LAURA ROCA (llitets 12:30h)<\/p>\n<p>S\u00d2NIA MINGURANCE (dinar i llevar)<\/p>\n<p>Una educadora d&#8217;I5 (lavabo i dormir 13:45h)<\/td>\n<td style=\"width: 39.5431%; height: 137px;\">Suport I3<\/td>\n<\/tr>\n<tr style=\"height: 33px;\">\n<td style=\"width: 58.8752%; height: 33px;\">LAURA MART\u00cdNEZ<\/td>\n<td style=\"width: 39.5431%; height: 33px;\">Vetlladora<\/td>\n<\/tr>\n<tr style=\"height: 36px;\">\n<td style=\"width: 58.8752%; height: 36px;\">YOLANDA BERENGUERAS<\/td>\n<td style=\"width: 39.5431%; height: 36px;\">BIBLIOTECA<\/td>\n<\/tr>\n<tr style=\"height: 36px;\">\n<td style=\"width: 58.8752%; height: 36px;\">MARIA ESTOP<\/td>\n<td style=\"width: 39.5431%; height: 36px;\">AULA ESTUDI<\/td>\n<\/tr>\n<tr style=\"height: 36px;\">\n<td style=\"width: 58.8752%; height: 36px;\"><a href=\"https:\/\/agora.xtec.cat\/ceip-pins\/wp-content\/uploads\/usu1715\/2021\/10\/PROJECTE-MEDIAMBIENTAL.pdf\">ASSOCIACI\u00d3 L\u2019URPA<\/a><\/td>\n<td style=\"width: 39.5431%; height: 36px;\">HORT<\/td>\n<\/tr>\n<tr style=\"height: 33px;\">\n<td style=\"width: 58.8752%; height: 33px;\"><\/td>\n<td style=\"width: 39.5431%; height: 33px;\"><\/td>\n<\/tr>\n<\/tbody>\n<\/table>\n<p>&nbsp;<\/p>\n<p><b>PERSONAL DE CUINA<\/b><\/p>\n<p>Wagner Arboleda<\/p>\n<p>Souad Nait<\/p>\n<p>Nadya Shali<\/p>\n<p>Eva Guijarro<\/p>\n<p>Gina Costabalos<\/p>\n<p>&nbsp;<\/p>\n<p><strong>PERSONAL ADMINISTRATIU<\/strong><\/p>\n<p>Laura Roca<\/p>\n<p>Marta Cullell<\/p>\n<p>&nbsp;<\/p>\n<blockquote><p><em>Resoluci\u00f3 de 9 de setembre de 2003 del conseller d\u2019educaci\u00f3 i cultura, per la qual es regulen l\u2019organitzaci\u00f3 i el funcionament dels servei CEIP XALOC 2 escolar de menjador als centres p\u00fablics no universitaris i les necessitats del centre. Les dotacions de personal d\u2019atenci\u00f3 dels alumnes seran en funci\u00f3 de les caracter\u00edstiques dels usuaris, d\u2019acord amb la r\u00e0tio seg\u00fcent: un\/a mestre\/a o educador\/a per cada 25 alumnes, o fracci\u00f3 superior a 15 en educaci\u00f3 prim\u00e0ria. Un\/a mestre\/a o educador\/a per cada 15 alumnes, o fracci\u00f3 superior a 10 en educaci\u00f3 infantil. En el cas d\u2019usuaris amb necessitats educatives especials, sense autonomia personal, el Consell Escolar del centre adequar\u00e0 la r\u00e0tio en funci\u00f3 de les necessitats.<\/em><\/p><\/blockquote>\n","protected":false},"excerpt":{"rendered":"<p>GEMMA CANO i S\u00d2NIA MINGURANCE<br \/>\nI3-A<\/p>\n<p>EIDEN G\u00c1LVEZ<br \/>\nI4-A<\/p>\n<p>MARIA CEBRI\u00c1N<br \/>\nI4-B<\/p>\n<p>DANIELA VAQUERO<br \/>\nI5-A<\/p>\n<p>PAULA MILL\u00c1N<br \/>\nI5-B<\/p>\n<p>ENCARNA S\u00c1NCHEZ<br \/>\n1r-A<\/p>\n<p>LAIA MART\u00cdNEZ subst. REME MART\u00cdNEZ<br \/>\n1r-B<\/p>\n<p>J\u00daLIA MERINO<br \/>\n2n-A<\/p>\n<p>GUILLEM ISABAL<br \/>\n2n-B<\/p>\n<p>CUQUI SEGURA<br \/>\n3r-A<\/p>\n<p>CRISTINA GERM\u00c1N<br \/>\n3r-B<\/p>\n<p>ELIONOR SABATER<br \/>\n4t-A<\/p>\n<p>EVA BUENDIA<br \/>\n4t-B<\/p>\n<p>DELMY ZELMAR<br \/>\n5\u00e8-A<\/p>\n<p>ARANTXA ESCUDERO<br \/>\n5\u00e8-B<\/p>\n<p>\u00a0JENNIFER FUENTES<br \/>\n6\u00e8-A<\/p>\n<p>FIDEL FERN\u00c1NDEZ<br \/>\n6\u00e8-B<\/p>\n<p>S\u00d2NIA MINGURANCE<br \/>\n6\u00e8-C<\/p>\n<p>LAURA ROCA (llitets 12:30h)<br \/>\nS\u00d2NIA MINGURANCE (dinar i llevar)<br \/>\nUna educadora d&#8217;I5 (lavabo i dormir 13:45h)<br \/>\nSuport I3<\/p>\n<p>LAURA MART\u00cdNEZ<br \/>\nVetlladora<\/p>\n<p>YOLANDA BERENGUERAS<br \/>\nBIBLIOTECA<\/p>\n<p>MARIA ESTOP<br \/>\nAULA ESTUDI<\/p>\n<p><a href=\"https:\/\/agora.xtec.cat\/ceip-pins\/wp-content\/uploads\/usu1715\/2021\/10\/PROJECTE-MEDIAMBIENTAL.pdf\">ASSOCIACI\u00d3 L\u2019URPA<\/a><br \/>\nHORT<\/p>\n<p>&nbsp;<br \/>\nPERSONAL&hellip;  <a href=\"https:\/\/agora.xtec.cat\/ceip-pins\/afa\/gt_menjador_i_temps_de_lleure\/equip\/\" title=\"Read Equip\">Llegeix m\u00e9s\u00bb<\/a><\/p>\n","protected":false},"author":4,"featured_media":0,"parent":1071,"menu_order":3,"comment_status":"closed","ping_status":"closed","template":"page-templates\/side-menu.php","meta":{"_bbp_topic_count":0,"_bbp_reply_count":0,"_bbp_total_topic_count":0,"_bbp_total_reply_count":0,"_bbp_voice_count":0,"_bbp_anonymous_reply_count":0,"_bbp_topic_count_hidden":0,"_bbp_reply_count_hidden":0,"_bbp_forum_subforum_count":0,"footnotes":""},"class_list":["post-1176","page","type-page","status-publish","hentry"],"post_mailing_queue_ids":[],"_links":{"self":[{"href":"https:\/\/agora.xtec.cat\/ceip-pins\/wp-json\/wp\/v2\/pages\/1176","targetHints":{"allow":["GET"]}}],"collection":[{"href":"https:\/\/agora.xtec.cat\/ceip-pins\/wp-json\/wp\/v2\/pages"}],"about":[{"href":"https:\/\/agora.xtec.cat\/ceip-pins\/wp-json\/wp\/v2\/types\/page"}],"author":[{"embeddable":true,"href":"https:\/\/agora.xtec.cat\/ceip-pins\/wp-json\/wp\/v2\/users\/4"}],"replies":[{"embeddable":true,"href":"https:\/\/agora.xtec.cat\/ceip-pins\/wp-json\/wp\/v2\/comments?post=1176"}],"version-history":[{"count":6,"href":"https:\/\/agora.xtec.cat\/ceip-pins\/wp-json\/wp\/v2\/pages\/1176\/revisions"}],"predecessor-version":[{"id":11554,"href":"https:\/\/agora.xtec.cat\/ceip-pins\/wp-json\/wp\/v2\/pages\/1176\/revisions\/11554"}],"up":[{"embeddable":true,"href":"https:\/\/agora.xtec.cat\/ceip-pins\/wp-json\/wp\/v2\/pages\/1071"}],"wp:attachment":[{"href":"https:\/\/agora.xtec.cat\/ceip-pins\/wp-json\/wp\/v2\/media?parent=1176"}],"curies":[{"name":"wp","href":"https:\/\/api.w.org\/{rel}","templated":true}]}}