{"id":1174,"date":"2018-01-20T00:33:20","date_gmt":"2018-01-19T23:33:20","guid":{"rendered":"http:\/\/agora.xtec.cat\/ceip-pins\/?page_id=1174"},"modified":"2026-02-21T21:13:41","modified_gmt":"2026-02-21T20:13:41","slug":"menjador","status":"publish","type":"page","link":"https:\/\/agora.xtec.cat\/ceip-pins\/afa\/gt_menjador_i_temps_de_lleure\/menjador\/","title":{"rendered":"El menjador del Pins"},"content":{"rendered":"<p><center><br \/>\n<a href=\"https:\/\/agora.xtec.cat\/ceip-pins\/afa\/gt_menjador_i_temps_de_lleure\/lleure-educatiu\/\"><img loading=\"lazy\" decoding=\"async\" class=\"alignnone wp-image-8748\" src=\"https:\/\/agora.xtec.cat\/ceip-pins\/wp-content\/uploads\/usu1715\/2022\/05\/Botonlleureeducatiu.png\" alt=\"\" width=\"300\" height=\"66\" \/><\/a><a href=\"https:\/\/app.dinantia.com\/web\/system\/track_link\/SadmYNKwbY4z\/19935370\"><img loading=\"lazy\" decoding=\"async\" class=\"alignnone wp-image-1660\" src=\"http:\/\/agora.xtec.cat\/ceip-pins\/wp-content\/uploads\/usu1715\/2018\/02\/Botonmenum.png\" alt=\"\" width=\"300\" height=\"66\" srcset=\"https:\/\/agora.xtec.cat\/ceip-pins\/wp-content\/uploads\/usu1715\/2018\/02\/Botonmenum.png 575w, https:\/\/agora.xtec.cat\/ceip-pins\/wp-content\/uploads\/usu1715\/2018\/02\/Botonmenum-300x66.png 300w\" sizes=\"auto, (max-width: 300px) 100vw, 300px\" \/><\/a><a href=\"https:\/\/agora.xtec.cat\/ceip-pins\/afa\/gt_menjador_i_temps_de_lleure\/equip\/\"><img loading=\"lazy\" decoding=\"async\" class=\"alignnone wp-image-1660\" src=\"https:\/\/agora.xtec.cat\/ceip-pins\/wp-content\/uploads\/usu1715\/2022\/05\/Botonequip.png\" alt=\"\" width=\"300\" height=\"66\" \/><\/a><\/center><\/p>\n<blockquote><p><!--\n\n\n<h6 style=\"text-align: left;\"><em> --><br \/>\nEl menjador de l\u2019Escola Pins del Vall\u00e8s \u00e9s molt apreciat per fam\u00edlies i canalla.<em><br \/>\nTenim cuina pr\u00f2pia i comptem amb <a href=\"https:\/\/agora.xtec.cat\/ceip-pins\/afa\/gt_menjador_i_temps_de_lleure\/equip\/\">22 educadors i educadores de lleure\u00a0i 5 professionals de cuina<\/a>. \u00c9s una de les poques escoles p\u00fabliques de Catalunya on el menjador est\u00e0 gestionat directament per l&#8217;AFA<\/em><em><br \/>\nBusquem <a href=\"#aliments\">aliments de proximitat i primera qualitat<\/a>, molts d\u2019ells ecol\u00f2gics, i tenim cura d\u2019oferir men\u00fas variats, saludables i equilibrats.\u00a0<\/em><em>La fam\u00edlia pot estar tranquil\u00b7la; la canalla dina de gust i m\u00e9s d\u2019un dia es llepen els dits.<\/em><em><br \/>\nCada mes podeu consultar els nostres men\u00fas al web de l\u2019AFA. <a href=\"https:\/\/agora.xtec.cat\/ceip-pins\/wp-content\/uploads\/usu1715\/2024\/02\/Informe_valoraci_menjador_2023-2024.pdf\">Informe de valoraci\u00f3 de la programaci\u00f3 de men\u00fas 2023-2024.<\/a><br \/>\n<!-- <\/em><\/h6>\n\n\n--> <\/em><\/p><\/blockquote>\n\r\n\t<div class=\"slideshow_container slideshow_container_style-light\" style=\"height: 550px; \" data-slideshow-id=\"1232\" data-style-name=\"style-light\" data-style-version=\"2.3.1\" >\r\n\r\n\t\t\t\t\t<div class=\"slideshow_loading_icon\"><\/div>\r\n\t\t\r\n\t\t<div class=\"slideshow_content\" style=\"display: none;\">\r\n\r\n\t\t\t<div class=\"slideshow_view\">\r\n\t\t\t\t<div class=\"slideshow_slide slideshow_slide_image\">\r\n\t\t\t\t\t\t\t\t\t\t\t<img src=\"https:\/\/agora.xtec.cat\/ceip-pins\/wp-content\/uploads\/usu1715\/2018\/02\/Cocina-1.jpg\" alt=\"mde\" width=\"3968\" height=\"2976\" \/>\r\n\t\t\t\t\t\t\t\t\t\t<div class=\"slideshow_description_box slideshow_transparent\">\r\n\t\t\t\t\t\t<div class=\"slideshow_title\">mde<\/div>\t\t\t\t\t\t\t\t\t\t\t<\/div>\r\n\t\t\t\t<\/div>\r\n\r\n\t\t\t\t\t\t<div style=\"clear: both;\"><\/div><\/div><div class=\"slideshow_view\">\r\n\t\t\t\t<div class=\"slideshow_slide slideshow_slide_image\">\r\n\t\t\t\t\t\t\t\t\t\t\t<img src=\"https:\/\/agora.xtec.cat\/ceip-pins\/wp-content\/uploads\/usu1715\/2018\/02\/Cocina-4.jpg\" alt=\"edf\" width=\"3968\" height=\"2976\" \/>\r\n\t\t\t\t\t\t\t\t\t\t<div class=\"slideshow_description_box slideshow_transparent\">\r\n\t\t\t\t\t\t<div class=\"slideshow_title\">edf<\/div>\t\t\t\t\t\t\t\t\t\t\t<\/div>\r\n\t\t\t\t<\/div>\r\n\r\n\t\t\t\t\t\t<div style=\"clear: both;\"><\/div><\/div><div class=\"slideshow_view\">\r\n\t\t\t\t<div class=\"slideshow_slide slideshow_slide_image\">\r\n\t\t\t\t\t\t\t\t\t\t\t<img src=\"https:\/\/agora.xtec.cat\/ceip-pins\/wp-content\/uploads\/usu1715\/2018\/02\/Cocina-3.jpg\" alt=\"edf\" width=\"3968\" height=\"2976\" \/>\r\n\t\t\t\t\t\t\t\t\t\t<div class=\"slideshow_description_box slideshow_transparent\">\r\n\t\t\t\t\t\t<div class=\"slideshow_title\">edf<\/div>\t\t\t\t\t\t\t\t\t\t\t<\/div>\r\n\t\t\t\t<\/div>\r\n\r\n\t\t\t\t\t\t<div style=\"clear: both;\"><\/div><\/div><div class=\"slideshow_view\">\r\n\t\t\t\t<div class=\"slideshow_slide slideshow_slide_image\">\r\n\t\t\t\t\t\t\t\t\t\t\t<img src=\"https:\/\/agora.xtec.cat\/ceip-pins\/wp-content\/uploads\/usu1715\/2018\/02\/Cocina-6.jpg\" alt=\"edf\" width=\"3968\" height=\"2976\" \/>\r\n\t\t\t\t\t\t\t\t\t\t<div class=\"slideshow_description_box slideshow_transparent\">\r\n\t\t\t\t\t\t<div class=\"slideshow_title\">edf<\/div>\t\t\t\t\t\t\t\t\t\t\t<\/div>\r\n\t\t\t\t<\/div>\r\n\r\n\t\t\t\t\t\t<div style=\"clear: both;\"><\/div><\/div><div class=\"slideshow_view\">\r\n\t\t\t\t<div class=\"slideshow_slide slideshow_slide_image\">\r\n\t\t\t\t\t\t\t\t\t\t\t<img src=\"https:\/\/agora.xtec.cat\/ceip-pins\/wp-content\/uploads\/usu1715\/2018\/02\/Cocina-19.jpg\" alt=\"edf\" width=\"3968\" height=\"2976\" \/>\r\n\t\t\t\t\t\t\t\t\t\t<div class=\"slideshow_description_box slideshow_transparent\">\r\n\t\t\t\t\t\t<div class=\"slideshow_title\">edf<\/div>\t\t\t\t\t\t\t\t\t\t\t<\/div>\r\n\t\t\t\t<\/div>\r\n\r\n\t\t\t\t\t\t<div style=\"clear: both;\"><\/div><\/div><div class=\"slideshow_view\">\r\n\t\t\t\t<div class=\"slideshow_slide slideshow_slide_image\">\r\n\t\t\t\t\t\t\t\t\t\t\t<img src=\"https:\/\/agora.xtec.cat\/ceip-pins\/wp-content\/uploads\/usu1715\/2018\/02\/Cocina-18.jpg\" alt=\"edf\" width=\"3968\" height=\"2976\" \/>\r\n\t\t\t\t\t\t\t\t\t\t<div class=\"slideshow_description_box slideshow_transparent\">\r\n\t\t\t\t\t\t<div class=\"slideshow_title\">edf<\/div>\t\t\t\t\t\t\t\t\t\t\t<\/div>\r\n\t\t\t\t<\/div>\r\n\r\n\t\t\t\t\t\t<div style=\"clear: both;\"><\/div><\/div><div class=\"slideshow_view\">\r\n\t\t\t\t<div class=\"slideshow_slide slideshow_slide_image\">\r\n\t\t\t\t\t\t\t\t\t\t\t<img src=\"https:\/\/agora.xtec.cat\/ceip-pins\/wp-content\/uploads\/usu1715\/2018\/02\/Cocina-17.jpg\" alt=\"edf\" width=\"3968\" height=\"2976\" \/>\r\n\t\t\t\t\t\t\t\t\t\t<div class=\"slideshow_description_box slideshow_transparent\">\r\n\t\t\t\t\t\t<div class=\"slideshow_title\">edf<\/div>\t\t\t\t\t\t\t\t\t\t\t<\/div>\r\n\t\t\t\t<\/div>\r\n\r\n\t\t\t\t\t\t<div style=\"clear: both;\"><\/div><\/div><div class=\"slideshow_view\">\r\n\t\t\t\t<div class=\"slideshow_slide slideshow_slide_image\">\r\n\t\t\t\t\t\t\t\t\t\t\t<img src=\"https:\/\/agora.xtec.cat\/ceip-pins\/wp-content\/uploads\/usu1715\/2018\/02\/Cocina-14.jpg\" alt=\"edf\" width=\"3968\" height=\"2976\" \/>\r\n\t\t\t\t\t\t\t\t\t\t<div class=\"slideshow_description_box slideshow_transparent\">\r\n\t\t\t\t\t\t<div class=\"slideshow_title\">edf<\/div>\t\t\t\t\t\t\t\t\t\t\t<\/div>\r\n\t\t\t\t<\/div>\r\n\r\n\t\t\t\t\t\t<div style=\"clear: both;\"><\/div><\/div><div class=\"slideshow_view\">\r\n\t\t\t\t<div class=\"slideshow_slide slideshow_slide_image\">\r\n\t\t\t\t\t\t\t\t\t\t\t<img src=\"https:\/\/agora.xtec.cat\/ceip-pins\/wp-content\/uploads\/usu1715\/2018\/02\/Cocina-11.jpg\" alt=\"edf\" width=\"3968\" height=\"2976\" \/>\r\n\t\t\t\t\t\t\t\t\t\t<div class=\"slideshow_description_box slideshow_transparent\">\r\n\t\t\t\t\t\t<div class=\"slideshow_title\">edf<\/div>\t\t\t\t\t\t\t\t\t\t\t<\/div>\r\n\t\t\t\t<\/div>\r\n\r\n\t\t\t\t\t\t<div style=\"clear: both;\"><\/div><\/div><div class=\"slideshow_view\">\r\n\t\t\t\t<div class=\"slideshow_slide slideshow_slide_image\">\r\n\t\t\t\t\t\t\t\t\t\t\t<img src=\"https:\/\/agora.xtec.cat\/ceip-pins\/wp-content\/uploads\/usu1715\/2018\/02\/Cocina-8.jpg\" alt=\"cof\" width=\"3968\" height=\"2976\" \/>\r\n\t\t\t\t\t\t\t\t\t\t<div class=\"slideshow_description_box slideshow_transparent\">\r\n\t\t\t\t\t\t<div class=\"slideshow_title\">cof<\/div>\t\t\t\t\t\t\t\t\t\t\t<\/div>\r\n\t\t\t\t<\/div>\r\n\r\n\t\t\t\t\t\t<div style=\"clear: both;\"><\/div><\/div><div class=\"slideshow_view\">\r\n\t\t\t\t<div class=\"slideshow_slide slideshow_slide_image\">\r\n\t\t\t\t\t\t\t\t\t\t\t<img src=\"https:\/\/agora.xtec.cat\/ceip-pins\/wp-content\/uploads\/usu1715\/2018\/02\/Cocina-7.jpg\" alt=\"edf\" width=\"3968\" height=\"2976\" \/>\r\n\t\t\t\t\t\t\t\t\t\t<div class=\"slideshow_description_box slideshow_transparent\">\r\n\t\t\t\t\t\t<div class=\"slideshow_title\">edf<\/div>\t\t\t\t\t\t\t\t\t\t\t<\/div>\r\n\t\t\t\t<\/div>\r\n\r\n\t\t\t\t\t\t<div style=\"clear: both;\"><\/div><\/div><div class=\"slideshow_view\">\r\n\t\t\t\t<div class=\"slideshow_slide slideshow_slide_image\">\r\n\t\t\t\t\t\t\t\t\t\t\t<img src=\"https:\/\/agora.xtec.cat\/ceip-pins\/wp-content\/uploads\/usu1715\/2018\/02\/Cocina-16.jpg\" alt=\"edf\" width=\"3968\" height=\"2976\" \/>\r\n\t\t\t\t\t\t\t\t\t\t<div class=\"slideshow_description_box slideshow_transparent\">\r\n\t\t\t\t\t\t<div class=\"slideshow_title\">edf<\/div>\t\t\t\t\t\t\t\t\t\t\t<\/div>\r\n\t\t\t\t<\/div>\r\n\r\n\t\t\t\t\t\t<div style=\"clear: both;\"><\/div><\/div><div class=\"slideshow_view\">\r\n\t\t\t\t<div class=\"slideshow_slide slideshow_slide_image\">\r\n\t\t\t\t\t\t\t\t\t\t\t<img src=\"https:\/\/agora.xtec.cat\/ceip-pins\/wp-content\/uploads\/usu1715\/2018\/02\/Cocina-2.jpg\" alt=\"edf\" width=\"3968\" height=\"2976\" \/>\r\n\t\t\t\t\t\t\t\t\t\t<div class=\"slideshow_description_box slideshow_transparent\">\r\n\t\t\t\t\t\t<div class=\"slideshow_title\">edf<\/div>\t\t\t\t\t\t\t\t\t\t\t<\/div>\r\n\t\t\t\t<\/div>\r\n\r\n\t\t\t\t\t\t<div style=\"clear: both;\"><\/div><\/div>\r\n\t\t<\/div>\r\n\r\n\t\t<div class=\"slideshow_controlPanel slideshow_transparent\" style=\"display: none;\"><ul><li class=\"slideshow_togglePlay\" data-play-text=\"Visualitza\" data-pause-text=\"Pausa\"><\/li><\/ul><\/div>\r\n\r\n\t\t<div class=\"slideshow_button slideshow_previous slideshow_transparent\" role=\"button\" data-previous-text=\"Anterior\" style=\"display: none;\"><\/div>\r\n\t\t<div class=\"slideshow_button slideshow_next slideshow_transparent\" role=\"button\" data-next-text=\"Seg\u00fcent\" style=\"display: none;\"><\/div>\r\n\r\n\t\t<div class=\"slideshow_pagination\" style=\"display: none;\" data-go-to-text=\"V\u00e9s a la diapositiva\"><div class=\"slideshow_pagination_center\"><\/div><\/div>\r\n\r\n\t\t<!-- WordPress Slideshow Version 2.3.1 -->\r\n\r\n\t\t\t<\/div>\r\n\r\n\n<p>&nbsp;<\/p>\n<hr class=\"style-one\" \/>\n<div class=\"curriculum\">\n<div id=\"sw\">\n<h2 id=\"aliments\" class=\"fortyfive\"><strong>Aliments de primera qualitat i molts d\u2019ecol\u00f2gics<\/strong><\/h2>\n<\/div>\n<div id=\"proj1\">\n<p>Ens preocupem per treballar amb menjar de qualitat i de temporada.<\/p>\n<p>Aix\u00ed, ara per ara, utilitzem una gran varietat de productes ecol\u00f2gics per elaborar els plats al menjador de l\u2019escola: les llenties, els cigrons, les mongetes, l\u2019arr\u00f2s, el iogurt, tota la pasta (macarrons, espagueti, pasta de sopa), la farina i el sucre.<\/p>\n<\/div>\n<hr class=\"style-one\" \/>\n<div id=\"sw1\">\n<h2 class=\"fortyfive\"><strong>Gran oportunitat educativa en h\u00e0bits i costums<\/strong><\/h2>\n<\/div>\n<p><img loading=\"lazy\" decoding=\"async\" class=\"wp-image-8827 alignleft\" src=\"https:\/\/agora.xtec.cat\/ceip-pins\/wp-content\/uploads\/usu1715\/2022\/05\/habits_alimentaris-1024x838.jpeg\" alt=\"\" width=\"518\" height=\"424\" srcset=\"https:\/\/agora.xtec.cat\/ceip-pins\/wp-content\/uploads\/usu1715\/2022\/05\/habits_alimentaris-1024x838.jpeg 1024w, https:\/\/agora.xtec.cat\/ceip-pins\/wp-content\/uploads\/usu1715\/2022\/05\/habits_alimentaris-300x246.jpeg 300w, https:\/\/agora.xtec.cat\/ceip-pins\/wp-content\/uploads\/usu1715\/2022\/05\/habits_alimentaris-768x629.jpeg 768w, https:\/\/agora.xtec.cat\/ceip-pins\/wp-content\/uploads\/usu1715\/2022\/05\/habits_alimentaris.jpeg 1191w\" sizes=\"auto, (max-width: 518px) 100vw, 518px\" \/><\/p>\n<div id=\"proj4\">\n<p>Creiem que el temps de menjador i el temps de lleure, entre les 12.30 i les 15.00 hores, \u00a0tenen gran rellev\u00e0ncia educativa. Eduquem sobre pautes aliment\u00e0ries, normes d\u2019higiene personal i comportament. Ensenyem a menjar en col\u00b7lectivitat, fomentant el di\u00e0leg i la conviv\u00e8ncia. Aix\u00ed, l\u2019\u00e0pat s\u2019ent\u00e9n com un acte social, amb tot el que aix\u00f2 comporta.H\u00e0bits que treballem cada dia:<\/p>\n<ul>\n<li>Neteja de les mans, abans i despr\u00e9s de dinar.<\/li>\n<li>Menjar amb tranquil\u00b7litat.<\/li>\n<li>Utilitzar els estris de manera adequada.<\/li>\n<li>Treballar l\u2019autocontrol del menjar que es precisa.<\/li>\n<li>Mantenir un to de veu adequat.<\/li>\n<li>Mantenir una correcta higiene postural.<\/li>\n<li>Col\u00b7laborar a parar i desparar taula i netejar l\u2019espai utilitzat.<\/li>\n<\/ul>\n<\/div>\n<hr class=\"style-one\" \/>\n<div id=\"sw2\">\n<h2 class=\"fortyfive\"><strong>\u00c0mbits \u00a0per treballar en l\u2019espai de migdia<\/strong><\/h2>\n<\/div>\n<div id=\"proj3\">\n<p>Per a l\u2019AFA, gestionar l\u2019espai del menjador \u00e9s una responsabilitat i un privilegi.<\/p>\n<p>Treballem en tres \u00e0mbits: nutritiu, educatiu i ambiental, amb diferents objectius.<\/p>\n<table style=\"width: 701px;\">\n<tbody>\n<tr>\n<td style=\"width: 120px;\"><strong>\u00c0mbit nutritiu<\/strong><\/td>\n<td style=\"width: 574px;\">\n<ul style=\"list-style-type: disc;\">\n<li>Cobrir els requeriments nutricionals<\/li>\n<li>Oferir una dieta equilibrada<\/li>\n<li>Atendre les necessitats individuals (al\u00b7l\u00e8rgies, especificitats nutricionals, etc.)<\/li>\n<li>Oferir productes i plats del nostre entorn (proximitat) i de temporada<\/li>\n<li>Oferir productes ecol\u00f2gics<\/li>\n<\/ul>\n<\/td>\n<\/tr>\n<tr>\n<td style=\"width: 120px;\"><strong>\u00c0mbit educatiu<\/strong><\/td>\n<td style=\"width: 574px;\">\n<ul style=\"list-style-type: square;\">\n<li>Promoure l\u2019acte de menjar com a element de salut.<\/li>\n<li>Fomentar h\u00e0bits correctes.<\/li>\n<li>Incorporar h\u00e0bits de conviv\u00e8ncia.<\/li>\n<li>Desenvolupar actituds i h\u00e0bits de participaci\u00f3.<\/li>\n<li>Considerar el menjador com a un espai d\u2019aprenentatge.<\/li>\n<li>Fomentar l\u2019autonomia (parant i desparant taula, servint-se l\u2019aigua i el menjar, etc. d\u2019acord amb les seves habilitats i possibilitats)<\/li>\n<\/ul>\n<\/td>\n<\/tr>\n<tr>\n<td style=\"width: 120px;\"><strong>\u00c0mbit ambiental<\/strong><\/td>\n<td style=\"width: 574px;\">&#8211; Disposar un entorn agradable (poc soroll\u00f3s, tranquil, acollidor).<\/p>\n<p>&#8211; Aconseguir que l\u2019acte de menjar sigui un moment agradable.<\/p>\n<p>&#8211; Valorar el temps del dinar com un moment i un espai comunicatius.<\/td>\n<\/tr>\n<\/tbody>\n<\/table>\n<\/div>\n<hr class=\"style-one\" \/>\n<div id=\"sw3\">\n<h2 class=\"fortyfive\"><strong>Projecte d\u2019autonomia al menjador<\/strong><\/h2>\n<\/div>\n<div id=\"proj4\">\n<p class=\"curricpar\">Els a\u0300pats so\u0301n una bona oportunitat per educar en ha\u0300bits saludables i d\u2019autonomia personal i, al mateix temps, per educar en aspectes socials com la convive\u0300ncia i la responsabilitat de la pro\u0300pia salut i de l\u2019entorn.<\/p>\n<p>L\u2019escola impulsa i incentiva l\u2019autonomia dels infants com a objectiu, especialment a l\u2019Educaci\u00f3 Infantil.<\/p>\n<p>En el proc\u00e9s educatiu es promou la capacitat de l\u2019infant per vestir-se o rentar-se i participar en algunes activitats tot sol.\u00a0 En el temps de migdia s\u2019incideix tamb\u00e9 en aquesta autonomia\u00a0 tot fent diverses tasques: parar taula, servir-se el menjar, dinar i recollir. Pel que fa a servir-se els aliments, creiem que els ajuda a ser m\u00e9s conscients de les quantitats que mengen, de la mateixa manera, les\/els anima a tastar plats diferents, fins i tot els que els agraden menys.<\/p>\n<p><img loading=\"lazy\" decoding=\"async\" class=\" wp-image-8825 alignleft\" src=\"https:\/\/agora.xtec.cat\/ceip-pins\/wp-content\/uploads\/usu1715\/2022\/05\/habits_autonomia.jpeg\" alt=\"\" width=\"460\" height=\"390\" srcset=\"https:\/\/agora.xtec.cat\/ceip-pins\/wp-content\/uploads\/usu1715\/2022\/05\/habits_autonomia.jpeg 876w, https:\/\/agora.xtec.cat\/ceip-pins\/wp-content\/uploads\/usu1715\/2022\/05\/habits_autonomia-300x255.jpeg 300w, https:\/\/agora.xtec.cat\/ceip-pins\/wp-content\/uploads\/usu1715\/2022\/05\/habits_autonomia-768x652.jpeg 768w\" sizes=\"auto, (max-width: 460px) 100vw, 460px\" \/><\/p>\n<p>Aix\u00ed, el projecte promou diferents objectius.<\/p>\n<ul>\n<li>Potenciar l\u2019autonomia de l\u2019alumnat en el temps de menjador.<\/li>\n<li>Promoure l\u2019autonomia en la mateixa l\u00ednia treballada per l\u2019escola.<\/li>\n<\/ul>\n<p>Els infants paren taula (agafen els seus coberts, got i tovall\u00f3 de roba), se serveixen el menjar (seran garantides les quantitats adequades) i recullen taula. Es fa en tots els cursos (des de I3).<\/p>\n<hr class=\"style-one\" \/>\n<div id=\"sw7\"><\/div>\n<\/div>\n<div id=\"sw6\">\n<h2 class=\"fortyfive\"><strong>Men\u00fa i receptes de la nostra cuina<\/strong><\/h2>\n<\/div>\n<div id=\"proj7\">\n<p><strong>L\u2019Ag\u00e8ncia de Salut P\u00fablica de Catalunya de la Generalitat, dins del Programa PREME, fa un seguiment mensual dels men\u00fas de l\u2019escola<\/strong>. L\u2019Ag\u00e8ncia elabora informes d\u2019aspectes nutricionals i sensorials ajustat a les recomanacions diet\u00e8tiques pel que fa a racions, freq\u00fc\u00e8ncia de consum d\u2019aliments o aportaci\u00f3 energ\u00e8tica i de nutrients recomanats.<\/p>\n<p>El Departament de Salut de la Generalitat (Ag\u00e8ncia de protecci\u00f3 de la salut) certifica la qualitat dels men\u00fas de l\u2019escola Pins del Vall\u00e8s.<\/p>\n<p>Els nostres men\u00fas ofereixen varietat d\u2019aliments, de preparacions i textures. En aquest sentit, un cop per setmana es menja llegum; les verdures es presenten com a pur\u00e9s, cremes i bullits i s\u00f3n de temporada; d\u2019altra banda, per als segons plats, s\u2019hi alterna carn blanca, amb carn de vedella i,un cop per setmana, s\u2019hi dona peix.<\/p>\n<p>La nostra cuina no s\u2019excedeix amb les preparacions greixoses (fregits, arrebossats o empanats). A m\u00e9s, els plats van acompanyats de guarnicions variades: verdures, amanides, etc.<\/p>\n<p>Per a les\u00a0 postres, oferim sempre fruita fresca o l\u00e0ctics senzills.<\/p>\n<p>Caracter\u00edstiques del men\u00fa:<\/p>\n<ul>\n<li><strong>Equilibrat<\/strong>: seguim la guia de la pir\u00e0mide dels aliments per establir-ne el grup i la freq\u00fc\u00e8ncia.<\/li>\n<li><strong>Variat<\/strong>: diversitat en el tipus d\u2019aliments (diferents llegums, verdures, carns&#8230;) i tamb\u00e9 quant a t\u00e8cniques culin\u00e0ries (presentacions i textures diverses).<\/li>\n<li><strong>Sostenible<\/strong>: molts productes s\u00f3n ecol\u00f2gics (arr\u00f2s, llegum, pasta o iogurt entre d\u2019altres) i a m\u00e9s molts s\u00f3n de temporada i de proximitat.<\/li>\n<li><strong>Ajustada a les necessitats personals<\/strong>: la canalla ha d\u2019aprendre a autoregular-se, \u00e9s a dir, saber la quantitat de menjar adequada per al seu cos, ni m\u00e9s ni menys.<\/li>\n<li><strong>Individualitzada: <\/strong>d\u2019una banda<strong><u>,<\/u><\/strong> es fa atenci\u00f3 a les necessitats de dietes especials per atendre malalties agudes i\/o cr\u00f2niques (intoler\u00e0ncies, al\u00b7l\u00e8rgies alimentaries, celiaquia, metabulopaties, alteracions hidroelectrol\u00edtiques&#8230;); i d\u2019altra banda, es dona una atenci\u00f3 puntual a situacions de diarrees o restrenyiments.<\/li>\n<li><strong>De qualitat<\/strong>: alta qualitat de les mat\u00e8ries primeres.<\/li>\n<\/ul>\n<\/div>\n<hr class=\"style-one\" \/>\n<div id=\"sw7\">\n<h2 class=\"fortyfive\"><strong>Horaris del menjador<\/strong><\/h2>\n<\/div>\n<div id=\"proj8\">\n<table style=\"height: 106px;\" width=\"324\">\n<tbody>\n<tr style=\"height: 50px;\">\n<td style=\"height: 50px; width: 157.273px; text-align: left;\">12.30h a 13.45h<\/td>\n<td style=\"height: 50px; width: 159.091px; text-align: left;\">I3-I4-I5-1r-2n-3r<\/td>\n<\/tr>\n<tr style=\"height: 52px;\">\n<td style=\"height: 52px; width: 157.273px; text-align: left;\">13.45h a 15.00h<\/td>\n<td style=\"height: 52px; width: 159.091px; text-align: left;\">4t-5\u00e8-6\u00e8<\/td>\n<\/tr>\n<\/tbody>\n<\/table>\n<p>Aquest curs, cada dijous l\u2019alumnat de 1r va a piscina (activitat organitzada pel Departament d\u2019Educaci\u00f3) i dinen a les 14.15 h. Aix\u00ed, puntualment, s\u2019intercanvien respectivament l\u2019horari amb els infants de 4t, que dinen al primer torn.<\/p>\n<\/div>\n<hr class=\"style-one\" \/>\n<h2 id=\"sw8\"><strong>Altres consideracions<\/strong><\/h2>\n<div id=\"proj9\">\n<ul>\n<li>Els infants de I3 fan la migdiada.<\/li>\n<li>Di\u00e0riament, si s\u2019escau, es comunica qualsevol incid\u00e8ncia tant al menjador com dins el temps de migdia (malestars, no haver-ne pres algun dels plats, caigudes, baralles\u2026).<\/li>\n<li>Coincidint amb els informes docents del primer i l\u2019\u00faltim trimestre, es notifica a les fam\u00edlies l\u2019actitud general, comportament i h\u00e0bits alimentaris de cada infant.<\/li>\n<\/ul>\n<div id=\"proj8\"><\/div>\n<hr class=\"style-one\" \/>\n<div id=\"sw8\">\n<h2><strong>Visiteu-nos i us encantar\u00e0!<\/strong><\/h2>\n<\/div>\n<div id=\"proj9\">\n<p>Voleu con\u00e8ixer i gaudir del menjador?<\/p>\n<p>Convidem totes les fam\u00edlies a visitar la vostra canalla a l\u2019hora de dinar.<\/p>\n<p>Podeu veure qu\u00e8 fem al temps de migdia i com dinem.<\/p>\n<p>Contacteu-nos per correu electr\u00f2nic a <a href=\"mailto:afa@pinsdelvalles.cat\">afa@pinsdelvalles.cat<\/a>.<\/p>\n<\/div>\n<\/div>\n<\/div>\n","protected":false},"excerpt":{"rendered":"<p><a href=\"https:\/\/agora.xtec.cat\/ceip-pins\/afa\/gt_menjador_i_temps_de_lleure\/lleure-educatiu\/\"><\/a><a href=\"https:\/\/app.dinantia.com\/web\/system\/track_link\/SadmYNKwbY4z\/19935370\"><\/a><a href=\"https:\/\/agora.xtec.cat\/ceip-pins\/afa\/gt_menjador_i_temps_de_lleure\/equip\/\"><\/a><\/p>\n<p>El menjador de l\u2019Escola Pins del Vall\u00e8s \u00e9s molt apreciat per fam\u00edlies i canalla.<br \/>\nTenim cuina pr\u00f2pia i comptem amb <a href=\"https:\/\/agora.xtec.cat\/ceip-pins\/afa\/gt_menjador_i_temps_de_lleure\/equip\/\">22 educadors i educadores de lleure\u00a0i 5 professionals de cuina<\/a>. \u00c9s una de les poques escoles p\u00fabliques de Catalunya on el menjador&hellip;  <a href=\"https:\/\/agora.xtec.cat\/ceip-pins\/afa\/gt_menjador_i_temps_de_lleure\/menjador\/\" title=\"Read El menjador del Pins\">Llegeix m\u00e9s\u00bb<\/a><\/p>\n","protected":false},"author":4,"featured_media":0,"parent":1071,"menu_order":1,"comment_status":"closed","ping_status":"closed","template":"page-templates\/side-menu.php","meta":{"_bbp_topic_count":0,"_bbp_reply_count":0,"_bbp_total_topic_count":0,"_bbp_total_reply_count":0,"_bbp_voice_count":0,"_bbp_anonymous_reply_count":0,"_bbp_topic_count_hidden":0,"_bbp_reply_count_hidden":0,"_bbp_forum_subforum_count":0,"footnotes":""},"class_list":["post-1174","page","type-page","status-publish","hentry"],"post_mailing_queue_ids":[],"_links":{"self":[{"href":"https:\/\/agora.xtec.cat\/ceip-pins\/wp-json\/wp\/v2\/pages\/1174","targetHints":{"allow":["GET"]}}],"collection":[{"href":"https:\/\/agora.xtec.cat\/ceip-pins\/wp-json\/wp\/v2\/pages"}],"about":[{"href":"https:\/\/agora.xtec.cat\/ceip-pins\/wp-json\/wp\/v2\/types\/page"}],"author":[{"embeddable":true,"href":"https:\/\/agora.xtec.cat\/ceip-pins\/wp-json\/wp\/v2\/users\/4"}],"replies":[{"embeddable":true,"href":"https:\/\/agora.xtec.cat\/ceip-pins\/wp-json\/wp\/v2\/comments?post=1174"}],"version-history":[{"count":7,"href":"https:\/\/agora.xtec.cat\/ceip-pins\/wp-json\/wp\/v2\/pages\/1174\/revisions"}],"predecessor-version":[{"id":11563,"href":"https:\/\/agora.xtec.cat\/ceip-pins\/wp-json\/wp\/v2\/pages\/1174\/revisions\/11563"}],"up":[{"embeddable":true,"href":"https:\/\/agora.xtec.cat\/ceip-pins\/wp-json\/wp\/v2\/pages\/1071"}],"wp:attachment":[{"href":"https:\/\/agora.xtec.cat\/ceip-pins\/wp-json\/wp\/v2\/media?parent=1174"}],"curies":[{"name":"wp","href":"https:\/\/api.w.org\/{rel}","templated":true}]}}