{"id":1075,"date":"2017-11-30T16:50:22","date_gmt":"2017-11-30T15:50:22","guid":{"rendered":"http:\/\/agora.xtec.cat\/ceip-pins\/?page_id=1075"},"modified":"2026-02-21T21:11:09","modified_gmt":"2026-02-21T20:11:09","slug":"lleure-educatiu","status":"publish","type":"page","link":"https:\/\/agora.xtec.cat\/ceip-pins\/afa\/gt_menjador_i_temps_de_lleure\/lleure-educatiu\/","title":{"rendered":"Lleure educatiu"},"content":{"rendered":"<div class=\"curriculum\">\n<div id=\"proj5\">\n<h6 style=\"text-align: left;\"><\/h6>\n<p><img loading=\"lazy\" decoding=\"async\" class=\"wp-image-8823 alignleft\" src=\"https:\/\/agora.xtec.cat\/ceip-pins\/wp-content\/uploads\/usu1715\/2022\/05\/lleure_educatiu.jpeg\" alt=\"\" width=\"310\" height=\"232\" \/><\/p>\n<blockquote><p>Durant el temps de migdia oferim activitats vinculades al projecte educatiu del Pins, organitzades en coordinaci amb l\u2019equip docent.<br \/>\nEls infants del Pins poden accedir de forma lliure a\u00a0 qualsevol de les <a href=\"#activitats_organitzades\">activitats.<\/a><br \/>\nEl temps de lleure \u00e9s un espai per gaudir i una franja id\u00f2nia per treballar diferents objectius pedag\u00f2gics.<\/p><\/blockquote>\n<p><strong>TREBALLEM<\/strong><\/p>\n<ul>\n<li>la coeducaci\u00f3, \u00e9s a dir, la igualtat entre sexes i la no discriminaci\u00f3 per ra\u00f3 de gen\u00e8re.<\/li>\n<li>l\u2019educaci\u00f3 i la gesti\u00f3 de les emocions, les habilitats socials o el treball en equip.<\/li>\n<li>la conviv\u00e8ncia amb la resta de companys\/es, el respecte a les difer\u00e8ncies o les actituds de servei i cooperaci\u00f3 o l\u2019\u00fas de modismes d\u2019educaci\u00f3 ( si us plau, gr\u00e0cies, etc.).<\/li>\n<\/ul>\n<p><strong>POTENCIEM<\/strong><\/p>\n<ul>\n<li>habilitats comunicatives com l\u2019escolta activa o l\u2019empatia.<\/li>\n<li>el respecte a les regles del joc per tenir cura i compartir material, respectar els infants i monitors\/es.<\/li>\n<\/ul>\n<p><strong>BUSQUEM<\/strong><\/p>\n<ul>\n<li>aprendre a treballar i jugar en grup, entre iguals, promoci\u00f3 de l\u2019autonomia, habilitats manuals, habilitats motrius, afavorir activitats d\u2019oci alternatives a les propostes comercials i individualistes.<\/li>\n<li>promoure la integraci\u00f3 de tot l\u2019alumnat per aconseguir el sentiment d\u2019integraci\u00f3 i participaci\u00f3 dins el grup; tamb\u00e9 l\u2019observaci\u00f3, la cura i el descobriment de l\u2019entorn natural de l\u2019escola, entre d\u2019altres.<\/li>\n<\/ul>\n<\/div>\n<hr class=\"style-one\" \/>\n<div id=\"sw5\">\n<h2 class=\"fortyfive\"><strong>Activitats en el temps de migdia<\/strong><\/h2>\n<\/div>\n<div id=\"proj6\">\n<h4><strong>Joc lliure<\/strong><\/h4>\n<p>El joc lliure \u00e9s una activitat agradable on la canalla decideix, \u00e9s protagonista de l\u2019acci\u00f3, s\u2019orienta segons els seus interessos, neguits, motivacions\u2026 i fa el que li ve de gust.<\/p>\n<p>A m\u00e9s \u00e9s un espai natural per al desenvolupament infantil. En aquest sentit, els infants mostren capacitat de concentraci\u00f3; \u00e9s un espai de descoberta des de la curiositat i tamb\u00e9 un espai de comunicaci\u00f3 i expressi\u00f3; i finalment, un espai on es desenvolupen les relacions socials.<\/p>\n<p>Els infants volen con\u00e8ixer el m\u00f3n que els envolta. Els m\u00e9s petits juguen interaccionant amb objectes i persones, adaptant-s\u2019hi constantment i, alhora, al medi. Permet autosuperar-se, v\u00e8ncer els conflictes amb els quals es van trobant. Durant el joc lliure poden gaudir del joc d\u2019exploraci\u00f3, el joc simb\u00f2lic, el joc amb regles, etc.<\/p>\n<p>La pista, la pineda, el parc de parvulari, el parc d\u2019infantil o el camp de futbol s\u00f3n alguns dels entorns de l\u2019escola on gaudeix la canalla del Pins. Aquests m\u00faltiples i diferents espais afavoreixen una major varietat d\u2019opcions de joc, d\u2019exploracions de l\u2019entorn.<\/p>\n<p>Per incidir en l\u2019exploraci\u00f3 de l\u2019entorn, des del curs 2017 l\u2019escola ha establert el Dia sense pilota cada dimecres. Aix\u00ed, nens i nenes de l\u2019escola gaudeixen de jocs com la corda o jocs de taula\u00a0\u00a0. Es promou per igual la participaci\u00f3 de tothom en tot tipus de joc, posant especial \u00e8mfasi en jocs tradicionalment carregats d\u2019elements m\u00e9s discriminatoris. Al mateix temps s\u2019afavoreixen noves din\u00e0miques de joc i noves oportunitats de relacions i activitats.<\/p>\n<h3><strong>Propostes d\u2019activitats variades<\/strong><\/h3>\n<h4><strong>Rac\u00f3 de la creativitat<\/strong><br \/>\n<img loading=\"lazy\" decoding=\"async\" class=\"wp-image-8823 alignleft\" src=\"https:\/\/agora.xtec.cat\/ceip-pins\/wp-content\/uploads\/usu1715\/2022\/05\/raco_creativitat.jpeg\" alt=\"\" width=\"310\" height=\"232\" \/><\/h4>\n<p>Realitzem tallers amb tot tipus de material: llana, cartolines, fang&#8230; Molts d\u2019aquests treballs s\u2019utilitzaran per decorar l\u2019escola.<\/p>\n<p>&nbsp;<\/p>\n<p>&nbsp;<\/p>\n<p>&nbsp;<\/p>\n<p>&nbsp;<\/p>\n<h4><strong>Aula d\u2019estudi i inform\u00e0tica<\/strong><\/h4>\n<p><img loading=\"lazy\" decoding=\"async\" class=\"wp-image-8823 alignleft\" src=\"https:\/\/agora.xtec.cat\/ceip-pins\/wp-content\/uploads\/usu1715\/2022\/05\/aula_informatica-1024x768.jpeg\" alt=\"\" width=\"310\" height=\"232\" srcset=\"https:\/\/agora.xtec.cat\/ceip-pins\/wp-content\/uploads\/usu1715\/2022\/05\/aula_informatica-1024x768.jpeg 1024w, https:\/\/agora.xtec.cat\/ceip-pins\/wp-content\/uploads\/usu1715\/2022\/05\/aula_informatica-300x225.jpeg 300w, https:\/\/agora.xtec.cat\/ceip-pins\/wp-content\/uploads\/usu1715\/2022\/05\/aula_informatica-768x576.jpeg 768w, https:\/\/agora.xtec.cat\/ceip-pins\/wp-content\/uploads\/usu1715\/2022\/05\/aula_informatica-1536x1152.jpeg 1536w, https:\/\/agora.xtec.cat\/ceip-pins\/wp-content\/uploads\/usu1715\/2022\/05\/aula_informatica-200x150.jpeg 200w, https:\/\/agora.xtec.cat\/ceip-pins\/wp-content\/uploads\/usu1715\/2022\/05\/aula_informatica.jpeg 1600w\" sizes=\"auto, (max-width: 310px) 100vw, 310px\" \/>L&#8217;aula d&#8217;estudi i l\u2019aula d\u2019inform\u00e0tica (TIC-2) s\u00f3n espais on nenes i nens de cicle mitj\u00e0 i superior poden anar a fer els seus deures, treballar en grup o estudiar en horari de 12.30 a 15 h.<\/p>\n<p>S\u00f3n espais din\u00e0mics. Poden anar des d&#8217;una aula a una altra en funci\u00f3 de les seves necessitats. A l&#8217;aula sempre hi ha una persona de suport i poden treballar a gust en un entorn agradable.<\/p>\n<p>&nbsp;<\/p>\n<p>&nbsp;<\/p>\n<p>&nbsp;<\/p>\n<h4><\/h4>\n<h4><strong>Biblioteca<\/strong><\/h4>\n<p><img loading=\"lazy\" decoding=\"async\" class=\"wp-image-8822 alignleft\" src=\"https:\/\/agora.xtec.cat\/ceip-pins\/wp-content\/uploads\/usu1715\/2022\/05\/bibliopati-1024x768.jpeg\" alt=\"\" width=\"313\" height=\"235\" srcset=\"https:\/\/agora.xtec.cat\/ceip-pins\/wp-content\/uploads\/usu1715\/2022\/05\/bibliopati-1024x768.jpeg 1024w, https:\/\/agora.xtec.cat\/ceip-pins\/wp-content\/uploads\/usu1715\/2022\/05\/bibliopati-300x225.jpeg 300w, https:\/\/agora.xtec.cat\/ceip-pins\/wp-content\/uploads\/usu1715\/2022\/05\/bibliopati-768x576.jpeg 768w, https:\/\/agora.xtec.cat\/ceip-pins\/wp-content\/uploads\/usu1715\/2022\/05\/bibliopati-1536x1152.jpeg 1536w, https:\/\/agora.xtec.cat\/ceip-pins\/wp-content\/uploads\/usu1715\/2022\/05\/bibliopati-200x150.jpeg 200w, https:\/\/agora.xtec.cat\/ceip-pins\/wp-content\/uploads\/usu1715\/2022\/05\/bibliopati.jpeg 2016w\" sizes=\"auto, (max-width: 313px) 100vw, 313px\" \/>A la biblioteca, els infants consulten i agafen, en pr\u00e9stec, llibres per fer treballs o per gaudir de la lectura a casa. L\u2019educadora de la biblioteca dinamitzar\u00e0 activitats a partir d\u2019I4 fins a 6\u00e8, amb l\u2019objectiu de fomentar l\u2019inter\u00e8s per la lectura.<\/p>\n<\/div>\n<\/div>\n<p>&nbsp;<\/p>\n<p>&nbsp;<\/p>\n<p>&nbsp;<\/p>\n<p>&nbsp;<\/p>\n<div class=\"curriculum\">\n<div id=\"proj6\">\n<p>&nbsp;<\/p>\n<h4><strong>Hort<\/strong><\/h4>\n<p>L&#8217;escola conjuntament amb l&#8217;AFA, hem fet un canvi de perspectiva respecte al projecte d&#8217;hort i granja, ampliant la nostra mirada, amb l&#8217;objectiu d&#8217;englobar tot el nostre entorn escolar m\u00e9s proper.<\/p>\n<p>En aquest sentit, l&#8217;associaci\u00f3 l&#8217;URPA, agafa les rendes del projecte.<\/p>\n<p>En Pau, la Iolanda i en David, s\u00f3n els encarregats d&#8217;ensenyar i apropar als vostres infants a la natura, endinsant-los m\u00e9s enll\u00e0, amb la finalitat de fer-los sentir que el medi ambient i la sostenibilitat s\u00f3n la base del nostre m\u00f3n.<\/p>\n<p>Aquestes sessions s\u00f3n setmanals i en grup redu\u00eft, de I4 fins a 6\u00e8.<\/p>\n<h5><a href=\"https:\/\/agora.xtec.cat\/ceip-pins\/categoria\/especialitats\/blog-natura\/\">&gt;&gt;Projecte mediambiental.<\/a><\/h5>\n<h3><\/h3>\n<h3 id=\"activitats_organitzades\"><strong>Activitats organitzades<\/strong><\/h3>\n<h4><strong>Migdiada (I3)<\/strong><\/h4>\n<p>Despr\u00e9s de dinar, I3 fa migdiada de \u00be de 2 a \u00be de 3. La fan a les seves aules. Si no tenen son, descansen una estona estirats al matal\u00e0s i carreguen energia per a la resta del dia. Tenen l\u2019atenci\u00f3 dels \u00a0mateixos monitors i monitores del menjador.<\/p>\n<\/div>\n<p><!-- img class=\"alignnone size-large wp-image-9641\" src=\"https:\/\/agora.xtec.cat\/ceip-pins\/wp-content\/uploads\/usu1715\/2023\/10\/horari_activitats_menjador_2023-24-1024x393.png\" alt=\"\" width=\"1024\" height=\"393\" \/ --><\/p>\n<p>&nbsp;<\/p>\n<div class=\"curriculum\">\n<div id=\"proj6\">\n<h4><b>Proposta de lleure migdia<\/b><\/h4>\n<p>S\u2019organitzaran activitats tem\u00e0tiques cada mes seguint un fil conductor. L\u2019objectiu \u00e9s realitzar jocs i din\u00e0miques de grup per tal de potenciar els vincles amb els infants, per con\u00e8ixer les seves prefer\u00e8ncies l\u00fadiques, les relacions entre ells, les seves sensibilitats i dificultats.<br \/>\nAix\u00ed com, activitats que fomentin el treball de valors com la solidaritat, el respecte, etc&#8230;<\/p>\n<p>Les propostes s\u2019emmarquen dins dels tres eixos pedag\u00f2gics que guien aquesta iniciativa i que es recullen en els conceptes de <strong>JUGA, CREA i CONVIU<\/strong>, promovent el joc lliure, l\u2019expressi\u00f3 creativa i les relacions positives entre els infants.<\/p>\n<p>Aquestes activitats es faran un dia a la setmana i per cicles. Mensualment les fam\u00edlies rebreu el calendari de les activitats. Evidentment aquestes activitats no s\u00f3n obligat\u00f2ries, s\u00f3n absolutament volunt\u00e0ries i s\u00f3n un complement al joc lliure que tant benefici\u00f3s \u00e9s pels infants.<\/p>\n<\/div>\n<hr class=\"style-one\" \/>\n<div id=\"sw6\"><\/div>\n<div id=\"proj9\"><\/div>\n<\/div>\n<\/div>\n","protected":false},"excerpt":{"rendered":"<p>Durant el temps de migdia oferim activitats vinculades al projecte educatiu del Pins, organitzades en coordinaci amb l\u2019equip docent.<br \/>\nEls infants del Pins poden accedir de forma lliure a\u00a0 qualsevol de les <a href=\"#activitats_organitzades\">activitats.<\/a><br \/>\nEl temps de lleure \u00e9s un espai per gaudir i una franja id\u00f2nia&hellip;  <a href=\"https:\/\/agora.xtec.cat\/ceip-pins\/afa\/gt_menjador_i_temps_de_lleure\/lleure-educatiu\/\" title=\"Read Lleure educatiu\">Llegeix m\u00e9s\u00bb<\/a><\/p>\n","protected":false},"author":3,"featured_media":0,"parent":1071,"menu_order":2,"comment_status":"closed","ping_status":"closed","template":"page-templates\/side-menu.php","meta":{"_bbp_topic_count":0,"_bbp_reply_count":0,"_bbp_total_topic_count":0,"_bbp_total_reply_count":0,"_bbp_voice_count":0,"_bbp_anonymous_reply_count":0,"_bbp_topic_count_hidden":0,"_bbp_reply_count_hidden":0,"_bbp_forum_subforum_count":0,"footnotes":""},"class_list":["post-1075","page","type-page","status-publish","hentry"],"post_mailing_queue_ids":[],"_links":{"self":[{"href":"https:\/\/agora.xtec.cat\/ceip-pins\/wp-json\/wp\/v2\/pages\/1075","targetHints":{"allow":["GET"]}}],"collection":[{"href":"https:\/\/agora.xtec.cat\/ceip-pins\/wp-json\/wp\/v2\/pages"}],"about":[{"href":"https:\/\/agora.xtec.cat\/ceip-pins\/wp-json\/wp\/v2\/types\/page"}],"author":[{"embeddable":true,"href":"https:\/\/agora.xtec.cat\/ceip-pins\/wp-json\/wp\/v2\/users\/3"}],"replies":[{"embeddable":true,"href":"https:\/\/agora.xtec.cat\/ceip-pins\/wp-json\/wp\/v2\/comments?post=1075"}],"version-history":[{"count":7,"href":"https:\/\/agora.xtec.cat\/ceip-pins\/wp-json\/wp\/v2\/pages\/1075\/revisions"}],"predecessor-version":[{"id":11562,"href":"https:\/\/agora.xtec.cat\/ceip-pins\/wp-json\/wp\/v2\/pages\/1075\/revisions\/11562"}],"up":[{"embeddable":true,"href":"https:\/\/agora.xtec.cat\/ceip-pins\/wp-json\/wp\/v2\/pages\/1071"}],"wp:attachment":[{"href":"https:\/\/agora.xtec.cat\/ceip-pins\/wp-json\/wp\/v2\/media?parent=1075"}],"curies":[{"name":"wp","href":"https:\/\/api.w.org\/{rel}","templated":true}]}}