{"id":77,"date":"2014-09-18T14:05:08","date_gmt":"2014-09-18T13:05:08","guid":{"rendered":"http:\/\/agora.xtec.cat\/ceip-pilarmestres\/?page_id=77"},"modified":"2025-07-07T10:16:07","modified_gmt":"2025-07-07T08:16:07","slug":"acollida","status":"publish","type":"page","link":"https:\/\/agora.xtec.cat\/ceip-pilarmestres\/serveis\/acollida\/","title":{"rendered":"Acollida"},"content":{"rendered":"<p>El servei d&#8217;acollida \u00e9s gestionat completament per l&#8217;AFA i pot variar els seus horaris segons la demanda de les fam\u00edlies. Els preus per al curs 25-26 s\u00f3n els seg\u00fcents:<\/p>\n<table dir=\"ltr\" style=\"width: 92.4103%; height: 186px;\" border=\"1\" cellspacing=\"0\" cellpadding=\"0\">\n<colgroup>\n<col width=\"210\" \/>\n<col width=\"94\" \/>\n<col width=\"163\" \/>\n<col width=\"140\" \/>\n<col width=\"136\" \/>\n<col width=\"135\" \/><\/colgroup>\n<tbody>\n<tr>\n<td data-sheets-value=\"{&quot;1&quot;:2,&quot;2&quot;:&quot;Servei d'acollida matinal&quot;}\"><strong>Servei d&#8217;acollida matinal<\/strong><\/td>\n<td data-sheets-value=\"{&quot;1&quot;:2,&quot;2&quot;:&quot;P3 a 6\u00e8&quot;}\"><strong>P3 a 6\u00e8<\/strong><\/td>\n<td data-sheets-value=\"{&quot;1&quot;:2,&quot;2&quot;:&quot;5 dies\/setmana&quot;}\"><strong>5 dies\/setmana<\/strong><\/td>\n<td data-sheets-value=\"{&quot;1&quot;:2,&quot;2&quot;:&quot;7,30h a 9h&quot;}\"><strong>7,30h a 9h<\/strong><\/td>\n<td data-sheets-value=\"{&quot;1&quot;:3,&quot;3&quot;:54}\" data-sheets-numberformat=\"{&quot;1&quot;:2,&quot;2&quot;:&quot;#,##0.00\\\\ \\&quot;\u20ac\\&quot;&quot;,&quot;3&quot;:1}\"><strong>57,00 \u20ac<\/strong><\/td>\n<td data-sheets-value=\"{&quot;1&quot;:2,&quot;2&quot;:&quot;AMPA&quot;}\"><strong>AFA<\/strong><\/td>\n<\/tr>\n<tr>\n<td data-sheets-value=\"{&quot;1&quot;:2,&quot;2&quot;:&quot;Servei d'acollida matinal&quot;}\"><strong>Servei d&#8217;acollida matinal<\/strong><\/td>\n<td data-sheets-value=\"{&quot;1&quot;:2,&quot;2&quot;:&quot;P3 a 6\u00e8&quot;}\"><strong>P3 a 6\u00e8<\/strong><\/td>\n<td data-sheets-value=\"{&quot;1&quot;:2,&quot;2&quot;:&quot;5 dies\/setmana&quot;}\"><strong>5 dies\/setmana<\/strong><\/td>\n<td data-sheets-value=\"{&quot;1&quot;:2,&quot;2&quot;:&quot;8,15h a 9h&quot;}\"><strong>8,15h a 9h<\/strong><\/td>\n<td data-sheets-value=\"{&quot;1&quot;:3,&quot;3&quot;:34}\" data-sheets-numberformat=\"{&quot;1&quot;:2,&quot;2&quot;:&quot;#,##0.00\\\\ \\&quot;\u20ac\\&quot;&quot;,&quot;3&quot;:1}\"><strong>36,00 \u20ac<\/strong><\/td>\n<td data-sheets-value=\"{&quot;1&quot;:2,&quot;2&quot;:&quot;AMPA&quot;}\"><strong>AFA<\/strong><\/td>\n<\/tr>\n<tr>\n<td data-sheets-value=\"{&quot;1&quot;:2,&quot;2&quot;:&quot;Servei d'acollida tarda&quot;}\"><strong>Servei d&#8217;acollida tarda<\/strong><\/td>\n<td data-sheets-value=\"{&quot;1&quot;:2,&quot;2&quot;:&quot;P3 a 6\u00e8&quot;}\"><strong>P3 a 6\u00e8<\/strong><\/td>\n<td data-sheets-value=\"{&quot;1&quot;:2,&quot;2&quot;:&quot;5 dies\/setmana&quot;}\"><strong>5 dies\/setmana<\/strong><\/td>\n<td data-sheets-value=\"{&quot;1&quot;:2,&quot;2&quot;:&quot;16,30h a 17h&quot;}\"><strong>16,30h a 17h<\/strong><\/td>\n<td data-sheets-value=\"{&quot;1&quot;:3,&quot;3&quot;:20}\" data-sheets-numberformat=\"{&quot;1&quot;:2,&quot;2&quot;:&quot;#,##0.00\\\\ \\&quot;\u20ac\\&quot;&quot;,&quot;3&quot;:1}\"><strong>21,00 \u20ac<\/strong><\/td>\n<td data-sheets-value=\"{&quot;1&quot;:2,&quot;2&quot;:&quot;AMPA&quot;}\"><strong>AFA<\/strong><\/td>\n<\/tr>\n<\/tbody>\n<\/table>\n<table style=\"border-collapse: collapse; width: 92.2619%;\">\n<tbody>\n<tr>\n<td style=\"width: 22.1429%;\">Espor\u00e0dics. Servei d&#8217;acollida matinal<\/td>\n<td style=\"width: 9.40478%;\">I3 a 6\u00e8<\/td>\n<td style=\"width: 18.0953%;\">\u00a01 dia<\/td>\n<td style=\"width: 14.6428%;\">7,30h a 9h8:15h A 9h<\/td>\n<td style=\"width: 14.1667%;\">7,00\u20ac5,00\u20ac<\/td>\n<td style=\"width: 13.8096%;\">AFA<\/td>\n<\/tr>\n<tr>\n<td style=\"width: 22.1429%;\">Espor\u00e0dics. Servei d&#8217;acollida tarda<\/td>\n<td style=\"width: 9.40478%;\">I3 a 6\u00e8<\/td>\n<td style=\"width: 18.0953%;\">1 dia<\/td>\n<td style=\"width: 14.6428%;\">16,30h a 17h<\/td>\n<td style=\"width: 14.1667%;\">3,00\u20ac<\/td>\n<td style=\"width: 13.8096%;\">AFA<\/td>\n<\/tr>\n<\/tbody>\n<\/table>\n<p>* Els alumnes que utilitzin el servei d&#8217;acollida m\u00e9s de 10 dies al mes, es consideraran alumnes fixes.<\/p>\n","protected":false},"excerpt":{"rendered":"<p>El servei d&#8217;acollida \u00e9s gestionat completament per l&#8217;AFA i pot variar els seus horaris segons la demanda de les fam\u00edlies. Els preus per al curs 25-26 s\u00f3n els seg\u00fcents:<\/p>\n<p>Servei d&#8217;acollida matinal<br \/>\nP3 a 6\u00e8<br \/>\n5 dies\/setmana<br \/>\n7,30h a 9h<br \/>\n57,00 \u20ac<br \/>\nAFA<\/p>\n<p>Servei d&#8217;acollida matinal<br \/>\nP3 a 6\u00e8<br \/>\n5 dies\/setmana<br \/>\n8,15h a 9h<br \/>\n36,00 \u20ac<br \/>\nAFA<\/p>\n<p>Servei&hellip;  <a href=\"https:\/\/agora.xtec.cat\/ceip-pilarmestres\/serveis\/acollida\/\" title=\"Read Acollida\">Llegeix m\u00e9s\u00bb<\/a><\/p>\n","protected":false},"author":1,"featured_media":0,"parent":66,"menu_order":2,"comment_status":"closed","ping_status":"closed","template":"page-templates\/side-menu.php","meta":{"_bbp_topic_count":0,"_bbp_reply_count":0,"_bbp_total_topic_count":0,"_bbp_total_reply_count":0,"_bbp_voice_count":0,"_bbp_anonymous_reply_count":0,"_bbp_topic_count_hidden":0,"_bbp_reply_count_hidden":0,"_bbp_forum_subforum_count":0,"footnotes":""},"class_list":["post-77","page","type-page","status-publish","hentry"],"post_mailing_queue_ids":[],"_links":{"self":[{"href":"https:\/\/agora.xtec.cat\/ceip-pilarmestres\/wp-json\/wp\/v2\/pages\/77","targetHints":{"allow":["GET"]}}],"collection":[{"href":"https:\/\/agora.xtec.cat\/ceip-pilarmestres\/wp-json\/wp\/v2\/pages"}],"about":[{"href":"https:\/\/agora.xtec.cat\/ceip-pilarmestres\/wp-json\/wp\/v2\/types\/page"}],"author":[{"embeddable":true,"href":"https:\/\/agora.xtec.cat\/ceip-pilarmestres\/wp-json\/wp\/v2\/users\/1"}],"replies":[{"embeddable":true,"href":"https:\/\/agora.xtec.cat\/ceip-pilarmestres\/wp-json\/wp\/v2\/comments?post=77"}],"version-history":[{"count":5,"href":"https:\/\/agora.xtec.cat\/ceip-pilarmestres\/wp-json\/wp\/v2\/pages\/77\/revisions"}],"predecessor-version":[{"id":4909,"href":"https:\/\/agora.xtec.cat\/ceip-pilarmestres\/wp-json\/wp\/v2\/pages\/77\/revisions\/4909"}],"up":[{"embeddable":true,"href":"https:\/\/agora.xtec.cat\/ceip-pilarmestres\/wp-json\/wp\/v2\/pages\/66"}],"wp:attachment":[{"href":"https:\/\/agora.xtec.cat\/ceip-pilarmestres\/wp-json\/wp\/v2\/media?parent=77"}],"curies":[{"name":"wp","href":"https:\/\/api.w.org\/{rel}","templated":true}]}}