{"id":73,"date":"2014-09-18T14:01:51","date_gmt":"2014-09-18T13:01:51","guid":{"rendered":"http:\/\/agora.xtec.cat\/ceip-pilarmestres\/?page_id=73"},"modified":"2025-07-07T10:14:01","modified_gmt":"2025-07-07T08:14:01","slug":"menjador-escolar","status":"publish","type":"page","link":"https:\/\/agora.xtec.cat\/ceip-pilarmestres\/serveis\/menjador-escolar\/","title":{"rendered":"Menjador escolar"},"content":{"rendered":"<p>L&#8217;escola ofereix servei de menjador amb cuina pr\u00f2pia. El servei \u00e9s gestionat per l&#8217;AMPA i l&#8217;equip directiu a trav\u00e9s de l&#8217;empresa <strong>MENJACOLE<\/strong><strong>.<\/strong><\/p>\n<p>El preu del menjador per alumnes fixos \u00e9s de 7,54\u20ac, i per als que es quedin ocasionalment, de 8,29\u20ac.<\/p>\n<p>Els usuaris de menjador, tant si s\u00f3n fixes com espor\u00e0dics, han d\u2019omplir la sol\u00b7licitud del servei amb les dades banc\u00e0ries i es far\u00e0 el c\u00e0rrec al compte sempre per avan\u00e7at. L&#8217;empresa en cas d&#8217;haver cobrat de m\u00e9s es posar\u00e0 en contacte amb vosaltres per veure com es fa el retorn.<\/p>\n<p>Per parlar amb la coordinadora del menjador podeu adre\u00e7ar-vos directament el 1r i 3r dilluns de cada mes a sota les escales que hi ha a l&#8217;edifici principal de 9:00 a 10:00h. Tamb\u00e9 podeu parlar amb la coordinadora trucant al tel\u00e8fon <strong>644 667 650 (Sra. S\u00edlvia)<\/strong><\/p>\n<p>Si un dia, un alumne fix no es queda, cal avisar abans de les 10:00h perqu\u00e8 no se us cobri l\u2019import del dinar.<\/p>\n<p>Les beques de menjador, concedides pel Consell Comarcal, s\u00f3n gestionades des dels Serveis Socials de l\u2019Ajuntament.<\/p>\n<p>Els men\u00fas dels alumnes, inscripcions al servei i la normativa del funcionament general del servei, els podeu trobar clicant als diferents logos.<\/p>\n<p dir=\"ltr\">*Venta de men\u00fas espor\u00e0dics: Si voleu que el vostre fill o filla es quedi al menjador de forma espor\u00e0dica, heu d\u2019avisar a la Silvia el mateix dia o amb antelaci\u00f3 i el pagament dels mateixos es realitzar\u00e0 en efectiu els DOS DIES AL MES ( primer i tercer dilluns de cada mes) que la Silvia estar\u00e0 a l\u2019escola de 9h-10h.\u00a0 Les fam\u00edlies podreu entrar dins el recinte de l\u2019escola, i la nostra coordinadora us atendr\u00e0 a sota l\u2019escala principal, on hi ha l\u2019 entrada al menjador.<\/p>\n<ul>\n<li dir=\"ltr\">\n<p dir=\"ltr\" role=\"presentation\">\u00a0Per baixes puntuals de menjador: Truqueu o envieu whatsapp a la Silvia, i sempre que s\u2019avisi abans de les 10h la devoluci\u00f3 del tiquet ser\u00e0 del 100% i es regularitzar\u00e0 el mes seg\u00fcent. ( per exemple, devolucions relatives a l\u2019octubre es descompten de la quota de novembre)<\/p>\n<\/li>\n<\/ul>\n<ul>\n<li dir=\"ltr\">\n<p dir=\"ltr\" role=\"presentation\">Us adjuntem l\u2019enlla\u00e7 per a les Inscripci\u00f3 online\u00a0 per aquelles fam\u00edlies que encara no l\u2019hagueu realitzat:<\/p>\n<\/li>\n<\/ul>\n<p><a href=\"https:\/\/menjacole.com\/inscripcio-2024\/2025\">https:\/\/menjacole.com\/inscripcio-2024\/2025<\/a><\/p>\n<p><a href=\"https:\/\/agora.xtec.cat\/ceip-pilarmestres\/wp-content\/uploads\/usu1873\/2021\/09\/menu.png\"><img loading=\"lazy\" decoding=\"async\" class=\"alignnone size-full wp-image-1993\" src=\"https:\/\/agora.xtec.cat\/ceip-pilarmestres\/wp-content\/uploads\/usu1873\/2021\/09\/menu.png\" alt=\"\" width=\"236\" height=\"213\" \/><\/a><a href=\"https:\/\/drive.google.com\/file\/d\/1uRP5FZfVKuOFqeRGKA2PQw42svI9s3Es\/view?usp=sharing\"><img loading=\"lazy\" decoding=\"async\" class=\"size-full wp-image-1989\" src=\"https:\/\/agora.xtec.cat\/ceip-pilarmestres\/wp-content\/uploads\/usu1873\/2021\/09\/menjacole.jpg\" alt=\"\" width=\"225\" height=\"224\" srcset=\"https:\/\/agora.xtec.cat\/ceip-pilarmestres\/wp-content\/uploads\/usu1873\/2021\/09\/menjacole.jpg 225w, https:\/\/agora.xtec.cat\/ceip-pilarmestres\/wp-content\/uploads\/usu1873\/2021\/09\/menjacole-150x150.jpg 150w\" sizes=\"auto, (max-width: 225px) 100vw, 225px\" \/><\/a> \u00a0\u00a0 \u00a0\u00a0 <a href=\"https:\/\/drive.google.com\/file\/d\/1Bpy6K_xHGngVDErYKMWNF2OBY-opqBad\/view?usp=sharing\"><img loading=\"lazy\" decoding=\"async\" class=\"wp-image-1995 alignnone\" src=\"https:\/\/agora.xtec.cat\/ceip-pilarmestres\/wp-content\/uploads\/usu1873\/2021\/09\/inscripcio-menjador.jpg\" alt=\"\" width=\"347\" height=\"87\" srcset=\"https:\/\/agora.xtec.cat\/ceip-pilarmestres\/wp-content\/uploads\/usu1873\/2021\/09\/inscripcio-menjador.jpg 651w, https:\/\/agora.xtec.cat\/ceip-pilarmestres\/wp-content\/uploads\/usu1873\/2021\/09\/inscripcio-menjador-300x75.jpg 300w\" sizes=\"auto, (max-width: 347px) 100vw, 347px\" \/><\/a><\/p>\n","protected":false},"excerpt":{"rendered":"<p>L&#8217;escola ofereix servei de menjador amb cuina pr\u00f2pia. El servei \u00e9s gestionat per l&#8217;AMPA i l&#8217;equip directiu a trav\u00e9s de l&#8217;empresa MENJACOLE.<br \/>\nEl preu del menjador per alumnes fixos \u00e9s de 7,54\u20ac, i per als que es quedin ocasionalment, de 8,29\u20ac.<br \/>\nEls usuaris de menjador, tant si&hellip;  <a href=\"https:\/\/agora.xtec.cat\/ceip-pilarmestres\/serveis\/menjador-escolar\/\" title=\"Read Menjador escolar\">Llegeix m\u00e9s\u00bb<\/a><\/p>\n","protected":false},"author":1,"featured_media":0,"parent":66,"menu_order":1,"comment_status":"closed","ping_status":"closed","template":"page-templates\/side-menu.php","meta":{"_bbp_topic_count":0,"_bbp_reply_count":0,"_bbp_total_topic_count":0,"_bbp_total_reply_count":0,"_bbp_voice_count":0,"_bbp_anonymous_reply_count":0,"_bbp_topic_count_hidden":0,"_bbp_reply_count_hidden":0,"_bbp_forum_subforum_count":0,"footnotes":""},"class_list":["post-73","page","type-page","status-publish","hentry"],"post_mailing_queue_ids":[],"_links":{"self":[{"href":"https:\/\/agora.xtec.cat\/ceip-pilarmestres\/wp-json\/wp\/v2\/pages\/73","targetHints":{"allow":["GET"]}}],"collection":[{"href":"https:\/\/agora.xtec.cat\/ceip-pilarmestres\/wp-json\/wp\/v2\/pages"}],"about":[{"href":"https:\/\/agora.xtec.cat\/ceip-pilarmestres\/wp-json\/wp\/v2\/types\/page"}],"author":[{"embeddable":true,"href":"https:\/\/agora.xtec.cat\/ceip-pilarmestres\/wp-json\/wp\/v2\/users\/1"}],"replies":[{"embeddable":true,"href":"https:\/\/agora.xtec.cat\/ceip-pilarmestres\/wp-json\/wp\/v2\/comments?post=73"}],"version-history":[{"count":5,"href":"https:\/\/agora.xtec.cat\/ceip-pilarmestres\/wp-json\/wp\/v2\/pages\/73\/revisions"}],"predecessor-version":[{"id":4908,"href":"https:\/\/agora.xtec.cat\/ceip-pilarmestres\/wp-json\/wp\/v2\/pages\/73\/revisions\/4908"}],"up":[{"embeddable":true,"href":"https:\/\/agora.xtec.cat\/ceip-pilarmestres\/wp-json\/wp\/v2\/pages\/66"}],"wp:attachment":[{"href":"https:\/\/agora.xtec.cat\/ceip-pilarmestres\/wp-json\/wp\/v2\/media?parent=73"}],"curies":[{"name":"wp","href":"https:\/\/api.w.org\/{rel}","templated":true}]}}