{"id":709,"date":"2019-11-18T19:27:20","date_gmt":"2019-11-18T18:27:20","guid":{"rendered":"http:\/\/agora.xtec.cat\/ceip-pilarmestres\/?page_id=709"},"modified":"2022-11-22T12:37:39","modified_gmt":"2022-11-22T11:37:39","slug":"pla-tac","status":"publish","type":"page","link":"https:\/\/agora.xtec.cat\/ceip-pilarmestres\/documents-del-centre\/pla-tac\/","title":{"rendered":"EDC (Estrat\u00e8gia Digital de Centre)"},"content":{"rendered":"<p>&nbsp;<\/p>\n<p>&nbsp;<\/p>\n<p>L&#8217;estrat\u00e8gia digital de centre (EDC) defineix i concreta les l\u00ednies d&#8217;actuaci\u00f3 d&#8217;un centre que fan possible que docents, alumnat i centre assoleixin la compet\u00e8ncia digital. Per aconseguir aquesta compet\u00e8ncia digital, l&#8217;EDC compr\u00e8n tots els \u00e0mbits del centre: organitzatius, metodol\u00f2gics, curriculars i comunicatius, els quals s&#8217;han de veure necess\u00e0riament implicats i, si escau, transformats, des d\u2019una perspectiva d&#8217;innovaci\u00f3 i de millora cont\u00ednua.<\/p>\n<p>Els objectius de l&#8217;EDC es poden agrupar en cinc \u00e0mbits, que tenen com a fita el m\u00e0xim assoliment de la compet\u00e8ncia digital de l\u2019alumnat, del professorat i del centre:<\/p>\n<ul>\n<li>Assoliment de la compet\u00e8ncia digital<\/li>\n<li>Planificaci\u00f3 estrat\u00e8gica i organitzaci\u00f3<\/li>\n<li>Metodologies did\u00e0ctiques i innovaci\u00f3<\/li>\n<li>Inclusi\u00f3 digital i de g\u00e8nere<\/li>\n<li>Seguretat i protecci\u00f3 de dades<\/li>\n<\/ul>\n<p>L&#8217;EDC t\u00e9 per objectiu formalitzar la governan\u00e7a de la tecnologia en el marc de l\u2019autonomia de centre i del Projecte Educatiu. Es recullen les caracter\u00edstiques actuals del centre amb relaci\u00f3 a les TAC, es defineixen els objectius i es planifiquen les actuacions que es duran a terme pel que fa als aspectes organitzatius, didacticopedag\u00f2gics i curriculars durant els propers cursos.<\/p>\n<p>Els objectius principals s\u00f3n els seg\u00fcents:<\/p>\n<ul class=\"n8H08c UVNKR\">\n<li class=\"TYR86d zfr3Q\" dir=\"ltr\">\n<p class=\"CDt4Ke zfr3Q\" dir=\"ltr\">Assegurar la compet\u00e8ncia digital de tot l&#8217;alumnat i\/o professorat.<\/p>\n<\/li>\n<li class=\"TYR86d zfr3Q\" dir=\"ltr\">\n<p class=\"CDt4Ke zfr3Q\" dir=\"ltr\">Aconseguir la integraci\u00f3 de la compet\u00e8ncia digital en les 5 \u00e0rees de la DigComp<\/p>\n<\/li>\n<li class=\"TYR86d zfr3Q\" dir=\"ltr\">\n<p class=\"CDt4Ke zfr3Q\" dir=\"ltr\">Afavorir la inclusi\u00f3 digital de tota la comunitat educativa.<\/p>\n<\/li>\n<li class=\"TYR86d zfr3Q\" dir=\"ltr\">\n<p class=\"CDt4Ke zfr3Q\" dir=\"ltr\">Promoure la innovaci\u00f3 pedag\u00f2gica.<\/p>\n<\/li>\n<\/ul>\n<p>Per accedir a la nostra EDC cliqueu <a href=\"https:\/\/sites.google.com\/pilarmestres.cat\/escola-pilar-mestres-jaume-tor\/p%C3%A0gina-dinici\">aqu\u00ed<\/a><\/p>\n<p>&nbsp;<\/p>\n<p><a href=\"https:\/\/agora.xtec.cat\/ceip-pilarmestres\/wp-content\/uploads\/usu1873\/2022\/11\/wordcloud.jpg\"><img loading=\"lazy\" decoding=\"async\" class=\"wp-image-3246 aligncenter\" src=\"https:\/\/agora.xtec.cat\/ceip-pilarmestres\/wp-content\/uploads\/usu1873\/2022\/11\/wordcloud-1024x1024.jpg\" alt=\"\" width=\"584\" height=\"584\" srcset=\"https:\/\/agora.xtec.cat\/ceip-pilarmestres\/wp-content\/uploads\/usu1873\/2022\/11\/wordcloud.jpg 1024w, https:\/\/agora.xtec.cat\/ceip-pilarmestres\/wp-content\/uploads\/usu1873\/2022\/11\/wordcloud-300x300.jpg 300w, https:\/\/agora.xtec.cat\/ceip-pilarmestres\/wp-content\/uploads\/usu1873\/2022\/11\/wordcloud-150x150.jpg 150w, https:\/\/agora.xtec.cat\/ceip-pilarmestres\/wp-content\/uploads\/usu1873\/2022\/11\/wordcloud-768x768.jpg 768w\" sizes=\"auto, (max-width: 584px) 100vw, 584px\" \/><\/a><\/p>\n","protected":false},"excerpt":{"rendered":"<p>&nbsp;<br \/>\n&nbsp;<br \/>\nL&#8217;estrat\u00e8gia digital de centre (EDC) defineix i concreta les l\u00ednies d&#8217;actuaci\u00f3 d&#8217;un centre que fan possible que docents, alumnat i centre assoleixin la compet\u00e8ncia digital. Per aconseguir aquesta compet\u00e8ncia digital, l&#8217;EDC compr\u00e8n tots els \u00e0mbits del centre: organitzatius, metodol\u00f2gics, curriculars i comunicatius, els quals s&#8217;han&hellip;  <a href=\"https:\/\/agora.xtec.cat\/ceip-pilarmestres\/documents-del-centre\/pla-tac\/\" title=\"Read EDC (Estrat\u00e8gia Digital de Centre)\">Llegeix m\u00e9s\u00bb<\/a><\/p>\n","protected":false},"author":1,"featured_media":0,"parent":698,"menu_order":4,"comment_status":"closed","ping_status":"closed","template":"page-templates\/side-menu.php","meta":{"_bbp_topic_count":0,"_bbp_reply_count":0,"_bbp_total_topic_count":0,"_bbp_total_reply_count":0,"_bbp_voice_count":0,"_bbp_anonymous_reply_count":0,"_bbp_topic_count_hidden":0,"_bbp_reply_count_hidden":0,"_bbp_forum_subforum_count":0,"footnotes":""},"class_list":["post-709","page","type-page","status-publish","hentry"],"post_mailing_queue_ids":[],"_links":{"self":[{"href":"https:\/\/agora.xtec.cat\/ceip-pilarmestres\/wp-json\/wp\/v2\/pages\/709","targetHints":{"allow":["GET"]}}],"collection":[{"href":"https:\/\/agora.xtec.cat\/ceip-pilarmestres\/wp-json\/wp\/v2\/pages"}],"about":[{"href":"https:\/\/agora.xtec.cat\/ceip-pilarmestres\/wp-json\/wp\/v2\/types\/page"}],"author":[{"embeddable":true,"href":"https:\/\/agora.xtec.cat\/ceip-pilarmestres\/wp-json\/wp\/v2\/users\/1"}],"replies":[{"embeddable":true,"href":"https:\/\/agora.xtec.cat\/ceip-pilarmestres\/wp-json\/wp\/v2\/comments?post=709"}],"version-history":[{"count":4,"href":"https:\/\/agora.xtec.cat\/ceip-pilarmestres\/wp-json\/wp\/v2\/pages\/709\/revisions"}],"predecessor-version":[{"id":3270,"href":"https:\/\/agora.xtec.cat\/ceip-pilarmestres\/wp-json\/wp\/v2\/pages\/709\/revisions\/3270"}],"up":[{"embeddable":true,"href":"https:\/\/agora.xtec.cat\/ceip-pilarmestres\/wp-json\/wp\/v2\/pages\/698"}],"wp:attachment":[{"href":"https:\/\/agora.xtec.cat\/ceip-pilarmestres\/wp-json\/wp\/v2\/media?parent=709"}],"curies":[{"name":"wp","href":"https:\/\/api.w.org\/{rel}","templated":true}]}}