{"id":703,"date":"2019-11-18T19:25:48","date_gmt":"2019-11-18T18:25:48","guid":{"rendered":"http:\/\/agora.xtec.cat\/ceip-pilarmestres\/?page_id=703"},"modified":"2022-09-19T12:19:52","modified_gmt":"2022-09-19T10:19:52","slug":"normes-dorganitzacio-i-funcionament-del-centre","status":"publish","type":"page","link":"https:\/\/agora.xtec.cat\/ceip-pilarmestres\/documents-del-centre\/normes-dorganitzacio-i-funcionament-del-centre\/","title":{"rendered":"Normes d&#8217;organitzaci\u00f3 i funcionament del centre"},"content":{"rendered":"<p align=\"justify\"><a href=\"https:\/\/agora.xtec.cat\/ceip-pilarmestres\/wp-content\/uploads\/usu1873\/2020\/10\/unnamed.png\"><img loading=\"lazy\" decoding=\"async\" class=\"wp-image-1116 aligncenter\" src=\"https:\/\/agora.xtec.cat\/ceip-pilarmestres\/wp-content\/uploads\/usu1873\/2020\/10\/unnamed.png\" alt=\"\" width=\"697\" height=\"215\" srcset=\"https:\/\/agora.xtec.cat\/ceip-pilarmestres\/wp-content\/uploads\/usu1873\/2020\/10\/unnamed.png 512w, https:\/\/agora.xtec.cat\/ceip-pilarmestres\/wp-content\/uploads\/usu1873\/2020\/10\/unnamed-300x93.png 300w\" sizes=\"auto, (max-width: 697px) 100vw, 697px\" \/><\/a><\/p>\n<p align=\"justify\">La Llei d\u2019educaci\u00f3 de Catalunya (LEC) estableix que un dels principis organitzatius pel qual s\u2019ha de regir el sistema educatiu ha de ser el de l\u2019autonomia de cada centre. Aix\u00ed doncs, l&#8217;Equip directiu, amb l&#8217;aportaci\u00f3 de criteris i propostes per part dels docent, elabora el document que recull la Normativa d\u2019Organitzaci\u00f3 i Funcionament de Centre, d\u2019acord amb la normativa vigent.<\/p>\n<p align=\"justify\">Correspon a la direcci\u00f3 del centre vetllar pel compliment d\u2019aquesta normativa, essent obligaci\u00f3 de tots els membres d\u2019aquesta comunitat educativa con\u00e8ixer-lo i complir-lo. L\u2019aplicaci\u00f3 de les NOFC afecta tots els integrants de la comunitat educativa de l&#8217;escola<strong>\u00a0Pilar Mestres &#8211; Jaume Torrens<\/strong> i haur\u00e0 de vigilar i avaluar les normes inherents al present reglament, sempre amb un esperit de comprensi\u00f3 i de recerca de solucions per damunt de la repressi\u00f3 i el c\u00e0stig. Entenem doncs que aquest document \u00e9s l\u2019instrument regulador de la vida interna del centre, que concreta els seg\u00fcents fonaments:<\/p>\n<ul>\n<li>Les relacions entre els diferents sectors que formen part de la comunitat educativa.<\/li>\n<li>Plasma normes i\/o pautes a seguir per tots\/es aquells\/es que participen en el proc\u00e9s educatiu dels alumnes del centre.<\/li>\n<li>Garanteix, al mateix temps, els drets i deures que la legislaci\u00f3 vigent preveu.<\/li>\n<\/ul>\n<p align=\"justify\">Les Normes d\u2019Organitzaci\u00f3 i Funcionament del Centre, que formen part del projecte educatiu, \u00e9s el document que recull de manera ordenada els preceptes que regeixen la nostra organitzaci\u00f3 i les interrelacions de la vida escolar: explicita l\u2019estructura; defineix els vincles; recull les funcions, els drets i els deures dels diferents sectors que formen l\u2019escola; fixa els procediments; adapta la normativa general a la nostra realitat i estableix l\u2019espec\u00edfica pel nostre centre educatiu. Podeu trobar el document sencer <a href=\"https:\/\/drive.google.com\/file\/d\/1f5xA67VBWkEFvJFbn-fgz-QzjTtDlatM\/view?usp=sharing\">aqu\u00ed<\/a>.<\/p>\n","protected":false},"excerpt":{"rendered":"<p><a href=\"https:\/\/agora.xtec.cat\/ceip-pilarmestres\/wp-content\/uploads\/usu1873\/2020\/10\/unnamed.png\"><\/a><br \/>\nLa Llei d\u2019educaci\u00f3 de Catalunya (LEC) estableix que un dels principis organitzatius pel qual s\u2019ha de regir el sistema educatiu ha de ser el de l\u2019autonomia de cada centre. Aix\u00ed doncs, l&#8217;Equip directiu, amb l&#8217;aportaci\u00f3 de criteris i propostes per part dels docent, elabora&hellip;  <a href=\"https:\/\/agora.xtec.cat\/ceip-pilarmestres\/documents-del-centre\/normes-dorganitzacio-i-funcionament-del-centre\/\" title=\"Read Normes d&#8217;organitzaci\u00f3 i funcionament del centre\">Llegeix m\u00e9s\u00bb<\/a><\/p>\n","protected":false},"author":1,"featured_media":0,"parent":698,"menu_order":2,"comment_status":"closed","ping_status":"closed","template":"page-templates\/side-menu.php","meta":{"_bbp_topic_count":0,"_bbp_reply_count":0,"_bbp_total_topic_count":0,"_bbp_total_reply_count":0,"_bbp_voice_count":0,"_bbp_anonymous_reply_count":0,"_bbp_topic_count_hidden":0,"_bbp_reply_count_hidden":0,"_bbp_forum_subforum_count":0,"footnotes":""},"class_list":["post-703","page","type-page","status-publish","hentry"],"post_mailing_queue_ids":[],"_links":{"self":[{"href":"https:\/\/agora.xtec.cat\/ceip-pilarmestres\/wp-json\/wp\/v2\/pages\/703","targetHints":{"allow":["GET"]}}],"collection":[{"href":"https:\/\/agora.xtec.cat\/ceip-pilarmestres\/wp-json\/wp\/v2\/pages"}],"about":[{"href":"https:\/\/agora.xtec.cat\/ceip-pilarmestres\/wp-json\/wp\/v2\/types\/page"}],"author":[{"embeddable":true,"href":"https:\/\/agora.xtec.cat\/ceip-pilarmestres\/wp-json\/wp\/v2\/users\/1"}],"replies":[{"embeddable":true,"href":"https:\/\/agora.xtec.cat\/ceip-pilarmestres\/wp-json\/wp\/v2\/comments?post=703"}],"version-history":[{"count":3,"href":"https:\/\/agora.xtec.cat\/ceip-pilarmestres\/wp-json\/wp\/v2\/pages\/703\/revisions"}],"predecessor-version":[{"id":3081,"href":"https:\/\/agora.xtec.cat\/ceip-pilarmestres\/wp-json\/wp\/v2\/pages\/703\/revisions\/3081"}],"up":[{"embeddable":true,"href":"https:\/\/agora.xtec.cat\/ceip-pilarmestres\/wp-json\/wp\/v2\/pages\/698"}],"wp:attachment":[{"href":"https:\/\/agora.xtec.cat\/ceip-pilarmestres\/wp-json\/wp\/v2\/media?parent=703"}],"curies":[{"name":"wp","href":"https:\/\/api.w.org\/{rel}","templated":true}]}}