{"id":662,"date":"2019-11-10T19:59:05","date_gmt":"2019-11-10T18:59:05","guid":{"rendered":"http:\/\/agora.xtec.cat\/ceip-pilarmestres\/?page_id=662"},"modified":"2020-08-09T13:18:11","modified_gmt":"2020-08-09T11:18:11","slug":"tpvescola","status":"publish","type":"page","link":"https:\/\/agora.xtec.cat\/ceip-pilarmestres\/serveis\/tpvescola\/","title":{"rendered":"TPV escola"},"content":{"rendered":"<p>TPVEscola \u00e9s un sistema ideat per fer m\u00e9s c\u00f2modes els pagaments escolars a les fam\u00edlies i simplificar la gesti\u00f3 a l&#8217;escola i l&#8217;AMPA.<\/p>\n<p>Tots els pagaments de sortides i col\u00f2nies, material escolar, activitats complement\u00e0ries, acollides i extraescolars s&#8217;han d&#8217;efectuar a trav\u00e9s de la plataforma virtual TPV escola. <strong><em>Cliqueu al logo per anar directament a la seva p\u00e0gina web.<\/em><\/strong><\/p>\n<p>Tamb\u00e9 podeu descarregar-vos la seva app TPV escola o pagar directament al caixer que hi ha a l&#8217;entrada de l&#8217;escola.<\/p>\n<p><a href=\"https:\/\/tpvescola.com\/\" target=\"_blank\" rel=\"noopener noreferrer\"><img loading=\"lazy\" decoding=\"async\" class=\"wp-image-742 aligncenter\" src=\"https:\/\/agora.xtec.cat\/ceip-pilarmestres\/wp-content\/uploads\/usu1873\/2019\/11\/logo-tpv-escola.png\" alt=\"\" width=\"416\" height=\"165\" srcset=\"https:\/\/agora.xtec.cat\/ceip-pilarmestres\/wp-content\/uploads\/usu1873\/2019\/11\/logo-tpv-escola.png 519w, https:\/\/agora.xtec.cat\/ceip-pilarmestres\/wp-content\/uploads\/usu1873\/2019\/11\/logo-tpv-escola-300x119.png 300w\" sizes=\"auto, (max-width: 416px) 100vw, 416px\" \/><\/a><\/p>\n<p>&nbsp;<\/p>\n<p>&nbsp;<\/p>\n<p>&nbsp;<\/p>\n<p>&nbsp;<\/p>\n<p>&nbsp;<\/p>\n<p>&nbsp;<\/p>\n","protected":false},"excerpt":{"rendered":"<p>TPVEscola \u00e9s un sistema ideat per fer m\u00e9s c\u00f2modes els pagaments escolars a les fam\u00edlies i simplificar la gesti\u00f3 a l&#8217;escola i l&#8217;AMPA.<br \/>\nTots els pagaments de sortides i col\u00f2nies, material escolar, activitats complement\u00e0ries, acollides i extraescolars s&#8217;han d&#8217;efectuar a trav\u00e9s de la plataforma virtual TPV&hellip;  <a href=\"https:\/\/agora.xtec.cat\/ceip-pilarmestres\/serveis\/tpvescola\/\" title=\"Read TPV escola\">Llegeix m\u00e9s\u00bb<\/a><\/p>\n","protected":false},"author":1,"featured_media":0,"parent":66,"menu_order":4,"comment_status":"closed","ping_status":"closed","template":"page-templates\/side-menu.php","meta":{"_bbp_topic_count":0,"_bbp_reply_count":0,"_bbp_total_topic_count":0,"_bbp_total_reply_count":0,"_bbp_voice_count":0,"_bbp_anonymous_reply_count":0,"_bbp_topic_count_hidden":0,"_bbp_reply_count_hidden":0,"_bbp_forum_subforum_count":0,"footnotes":""},"class_list":["post-662","page","type-page","status-publish","hentry"],"post_mailing_queue_ids":[],"_links":{"self":[{"href":"https:\/\/agora.xtec.cat\/ceip-pilarmestres\/wp-json\/wp\/v2\/pages\/662","targetHints":{"allow":["GET"]}}],"collection":[{"href":"https:\/\/agora.xtec.cat\/ceip-pilarmestres\/wp-json\/wp\/v2\/pages"}],"about":[{"href":"https:\/\/agora.xtec.cat\/ceip-pilarmestres\/wp-json\/wp\/v2\/types\/page"}],"author":[{"embeddable":true,"href":"https:\/\/agora.xtec.cat\/ceip-pilarmestres\/wp-json\/wp\/v2\/users\/1"}],"replies":[{"embeddable":true,"href":"https:\/\/agora.xtec.cat\/ceip-pilarmestres\/wp-json\/wp\/v2\/comments?post=662"}],"version-history":[{"count":4,"href":"https:\/\/agora.xtec.cat\/ceip-pilarmestres\/wp-json\/wp\/v2\/pages\/662\/revisions"}],"predecessor-version":[{"id":889,"href":"https:\/\/agora.xtec.cat\/ceip-pilarmestres\/wp-json\/wp\/v2\/pages\/662\/revisions\/889"}],"up":[{"embeddable":true,"href":"https:\/\/agora.xtec.cat\/ceip-pilarmestres\/wp-json\/wp\/v2\/pages\/66"}],"wp:attachment":[{"href":"https:\/\/agora.xtec.cat\/ceip-pilarmestres\/wp-json\/wp\/v2\/media?parent=662"}],"curies":[{"name":"wp","href":"https:\/\/api.w.org\/{rel}","templated":true}]}}