{"id":4291,"date":"2024-10-17T13:19:29","date_gmt":"2024-10-17T11:19:29","guid":{"rendered":"https:\/\/agora.xtec.cat\/ceip-pilarmestres\/?page_id=4291"},"modified":"2026-03-26T14:01:36","modified_gmt":"2026-03-26T13:01:36","slug":"erasmus","status":"publish","type":"page","link":"https:\/\/agora.xtec.cat\/ceip-pilarmestres\/projectes-descola\/erasmus\/","title":{"rendered":"ERASMUS +"},"content":{"rendered":"\n<figure class=\"wp-block-image size-full\"><a href=\"https:\/\/agora.xtec.cat\/ceip-pilarmestres\/wp-content\/uploads\/usu1873\/2024\/10\/logo-erasmus.png\"><img loading=\"lazy\" decoding=\"async\" width=\"420\" height=\"120\" src=\"https:\/\/agora.xtec.cat\/ceip-pilarmestres\/wp-content\/uploads\/usu1873\/2024\/10\/logo-erasmus.png\" alt=\"\" class=\"wp-image-4292\" srcset=\"https:\/\/agora.xtec.cat\/ceip-pilarmestres\/wp-content\/uploads\/usu1873\/2024\/10\/logo-erasmus.png 420w, https:\/\/agora.xtec.cat\/ceip-pilarmestres\/wp-content\/uploads\/usu1873\/2024\/10\/logo-erasmus-300x86.png 300w\" sizes=\"auto, (max-width: 420px) 100vw, 420px\" \/><\/a><\/figure>\n\n\n\n<p>L\u2019escola participa en el programa europeu&nbsp;<strong><a rel=\"noreferrer noopener\" href=\"https:\/\/erasmus-plus.ec.europa.eu\/\" target=\"_blank\">Erasmus+<\/a><\/strong>, un programa de la UE de suport a l\u2019educaci\u00f3, la formaci\u00f3, la joventut i l\u2019esport a Europa.<\/p>\n\n\n\n<p>En poden formar part&nbsp;<strong>els 27 pa\u00efsos de la UE<\/strong>&nbsp;aix\u00ed com Isl\u00e0ndia, Liechtenstein, Maced\u00f2nia del Nord, Noruega, S\u00e8rbia i Turquia; com a pa\u00efsos associats al programa. Tamb\u00e9 poden sol\u00b7licitar de participar en determinades accions del programa altres pa\u00efsos no inclosos entre aquests.<\/p>\n\n\n\n<p>En l\u2019\u00e0mbit de l\u2019Educaci\u00f3 i la Formaci\u00f3, el programa Erasmus+ d\u00f3na suport a les seg\u00fcents accions:<\/p>\n\n\n\n<ul class=\"wp-block-list\">\n<li>Acci\u00f3 Clau 1 (KA1): mobilitat de persones per motius d\u2019aprenentatge<\/li>\n\n\n\n<li>Acci\u00f3 Clau 2 (KA2): cooperaci\u00f3 per<strong>&nbsp;<\/strong>a la innovaci\u00f3 i intercanvi de bones pr\u00e0ctiques<\/li>\n\n\n\n<li>Acci\u00f3 Clau 3 (KA3): suport a les reformes pol\u00edtiques<\/li>\n<\/ul>\n\n\n\n<h2 class=\"wp-block-heading\">ERASMUS+ K101 ALAS<strong>VO<\/strong>: Active leaders for active students<\/h2>\n\n\n\n<p>Aquest curs 24-25 l&#8217;escola Pilar Mestres inicia la seva participaci\u00f3 en el programa&nbsp;<strong><a href=\"https:\/\/serveiseducatius.xtec.cat\/vallesoriental1\/tag\/erasmus\/\" target=\"_blank\" rel=\"noreferrer noopener\">Erasmus+ K121 ALASVO<\/a><\/strong>, conjuntament amb les escoles Salvador Espriu (Granollers), Granullarius (Granollers), Jacint Verdaguer (Canovelles) i Santa Agn\u00e8s (la Roca del Vall\u00e8s), Salvador Llobet (Granollers), Mogent (la Roca del Vall\u00e8s), el Tur\u00f3 de Can Gili (Granollers) en un consorci coordinat pel&nbsp;<a href=\"https:\/\/serveiseducatius.xtec.cat\/vallesoriental1\/\" target=\"_blank\" rel=\"noreferrer noopener\">Centre de Recursos Pedag\u00f2gics Vall\u00e8s Oriental I<\/a>.<\/p>\n\n\n\n<p>Les nostres mobilitats d&#8217;aquest curs han estat a <a href=\"https:\/\/agora.xtec.cat\/ceip-pilarmestres\/portada\/estada-a-lis-begam-aprendre-per-millorar\/\" data-type=\"link\" data-id=\"https:\/\/agora.xtec.cat\/ceip-pilarmestres\/portada\/estada-a-lis-begam-aprendre-per-millorar\/\"><strong>It\u00e0lia<\/strong><\/a>, <a href=\"https:\/\/agora.xtec.cat\/ceip-pilarmestres\/general\/erasmus-polonia\/\" target=\"_blank\" rel=\"noreferrer noopener\"><strong>Pol\u00f2nia<\/strong><\/a>, <a href=\"https:\/\/www.canva.com\/design\/DAGemwKVETA\/eXSGtPk3P0uW_7VoaDMWXw\/view?utm_content=DAGemwKVETA&amp;utm_campaign=designshare&amp;utm_medium=link&amp;utm_source=viewer\" target=\"_blank\" rel=\"noreferrer noopener\"><strong>Finl\u00e0ndia<\/strong><\/a> i A\u00e7ores (amb alumnat)<\/p>\n\n\n\n<p>Aquest curs 25-26 hem continuat formant part del consorci format per diferents escoles de la zona. Se&#8217;ns han incorporat l&#8217;escola Camins (Les Franqueses del Vall\u00e8s) i el Joan Solans (Granollers). Les mobilitats que proposades per aquest any escolar s\u00f3n: <a href=\"https:\/\/agora.xtec.cat\/ceip-pilarmestres\/general\/ens-acomiadem-doulu\/\"><strong>Finl\u00e0ndia (Oulu)<\/strong><\/a>,<a href=\"https:\/\/agora.xtec.cat\/ceip-pilarmestres\/general\/remida-i-el-valor-dels-materials-de-rebuig\/\"><strong> It\u00e0lia (Reggio Emilia)<\/strong><\/a>, <a href=\"https:\/\/agora.xtec.cat\/ceip-pilarmestres\/general\/erasmus-alemanya\/\"><strong>Alemanya<\/strong><\/a> i Eslov\u00e8nia (amb alumnat)<\/p>\n\n\n\n<p><\/p>\n\n\n\n<figure class=\"wp-block-gallery has-nested-images columns-default is-cropped wp-block-gallery-1 is-layout-flex wp-block-gallery-is-layout-flex\"><\/figure>\n\n\n\n<p><\/p>\n","protected":false},"excerpt":{"rendered":"<p><a href=\"https:\/\/agora.xtec.cat\/ceip-pilarmestres\/wp-content\/uploads\/usu1873\/2024\/10\/logo-erasmus.png\"><\/a><\/p>\n<p>L\u2019escola participa en el programa europeu&nbsp;<a rel=\"noreferrer noopener\" href=\"https:\/\/erasmus-plus.ec.europa.eu\/\" target=\"_blank\">Erasmus+<\/a>, un programa de la UE de suport a l\u2019educaci\u00f3, la formaci\u00f3, la joventut i l\u2019esport a Europa.<\/p>\n<p>En poden formar part&nbsp;els 27 pa\u00efsos de la UE&nbsp;aix\u00ed com Isl\u00e0ndia, Liechtenstein, Maced\u00f2nia del Nord, Noruega, S\u00e8rbia i&hellip;  <a href=\"https:\/\/agora.xtec.cat\/ceip-pilarmestres\/projectes-descola\/erasmus\/\" title=\"Read ERASMUS +\">Llegeix m\u00e9s\u00bb<\/a><\/p>\n","protected":false},"author":1,"featured_media":0,"parent":681,"menu_order":0,"comment_status":"closed","ping_status":"close","template":"","meta":{"_bbp_topic_count":0,"_bbp_reply_count":0,"_bbp_total_topic_count":0,"_bbp_total_reply_count":0,"_bbp_voice_count":0,"_bbp_anonymous_reply_count":0,"_bbp_topic_count_hidden":0,"_bbp_reply_count_hidden":0,"_bbp_forum_subforum_count":0,"footnotes":""},"class_list":["post-4291","page","type-page","status-publish","hentry"],"post_mailing_queue_ids":[],"_links":{"self":[{"href":"https:\/\/agora.xtec.cat\/ceip-pilarmestres\/wp-json\/wp\/v2\/pages\/4291","targetHints":{"allow":["GET"]}}],"collection":[{"href":"https:\/\/agora.xtec.cat\/ceip-pilarmestres\/wp-json\/wp\/v2\/pages"}],"about":[{"href":"https:\/\/agora.xtec.cat\/ceip-pilarmestres\/wp-json\/wp\/v2\/types\/page"}],"author":[{"embeddable":true,"href":"https:\/\/agora.xtec.cat\/ceip-pilarmestres\/wp-json\/wp\/v2\/users\/1"}],"replies":[{"embeddable":true,"href":"https:\/\/agora.xtec.cat\/ceip-pilarmestres\/wp-json\/wp\/v2\/comments?post=4291"}],"version-history":[{"count":6,"href":"https:\/\/agora.xtec.cat\/ceip-pilarmestres\/wp-json\/wp\/v2\/pages\/4291\/revisions"}],"predecessor-version":[{"id":5222,"href":"https:\/\/agora.xtec.cat\/ceip-pilarmestres\/wp-json\/wp\/v2\/pages\/4291\/revisions\/5222"}],"up":[{"embeddable":true,"href":"https:\/\/agora.xtec.cat\/ceip-pilarmestres\/wp-json\/wp\/v2\/pages\/681"}],"wp:attachment":[{"href":"https:\/\/agora.xtec.cat\/ceip-pilarmestres\/wp-json\/wp\/v2\/media?parent=4291"}],"curies":[{"name":"wp","href":"https:\/\/api.w.org\/{rel}","templated":true}]}}