{"id":4027,"date":"2024-01-30T23:42:08","date_gmt":"2024-01-30T22:42:08","guid":{"rendered":"https:\/\/agora.xtec.cat\/ceip-pilarmestres\/?page_id=4027"},"modified":"2024-10-22T23:34:37","modified_gmt":"2024-10-22T21:34:37","slug":"pilar-mestres-radio","status":"publish","type":"page","link":"https:\/\/agora.xtec.cat\/ceip-pilarmestres\/pilar-mestres-radio\/","title":{"rendered":"Pilar Mestres R\u00e0dio"},"content":{"rendered":"<h3><span style=\"color: #800080;\"><strong>Programa 1 &#8211; Setmana de l&#8217;art 2024<\/strong><\/span><\/h3>\n<!--[if lt IE 9]><script>document.createElement('audio');<\/script><![endif]-->\n<audio class=\"wp-audio-shortcode\" id=\"audio-4027-1\" preload=\"none\" style=\"width: 100%;\" controls=\"controls\"><source type=\"audio\/mpeg\" src=\"https:\/\/agora.xtec.cat\/ceip-pilarmestres\/wp-content\/uploads\/usu1873\/2024\/02\/La-Radio-de-4rt_Programa-0-3.mp3?_=1\" \/><a href=\"https:\/\/agora.xtec.cat\/ceip-pilarmestres\/wp-content\/uploads\/usu1873\/2024\/02\/La-Radio-de-4rt_Programa-0-3.mp3\">https:\/\/agora.xtec.cat\/ceip-pilarmestres\/wp-content\/uploads\/usu1873\/2024\/02\/La-Radio-de-4rt_Programa-0-3.mp3<\/a><\/audio>\n<h3>\u00a0<\/h3>\n<h3><strong><span style=\"color: #ff6600;\">Programa 2 &#8211; Setmana de Carnestoltes 2024<\/span><\/strong><\/h3>\n<audio class=\"wp-audio-shortcode\" id=\"audio-4027-2\" preload=\"none\" style=\"width: 100%;\" controls=\"controls\"><source type=\"audio\/mpeg\" src=\"https:\/\/agora.xtec.cat\/ceip-pilarmestres\/wp-content\/uploads\/usu1873\/2024\/02\/Audio-de-WhatsApp-2024-02-05-a-les-13.46.40_0bbd7109.mp3?_=2\" \/><a href=\"https:\/\/agora.xtec.cat\/ceip-pilarmestres\/wp-content\/uploads\/usu1873\/2024\/02\/Audio-de-WhatsApp-2024-02-05-a-les-13.46.40_0bbd7109.mp3\">https:\/\/agora.xtec.cat\/ceip-pilarmestres\/wp-content\/uploads\/usu1873\/2024\/02\/Audio-de-WhatsApp-2024-02-05-a-les-13.46.40_0bbd7109.mp3<\/a><\/audio>\n\n\n<p>.<\/p>\n\n\n\n<p class=\"has-vivid-green-cyan-color has-text-color has-link-color wp-elements-1ed5cd781f8ab69b49332bbcf0cba543\" style=\"font-size:22px\"><strong>Programa 3 &#8211; Primera gravaci\u00f3 curs 2024-2025 &#8211; Taller de r\u00e0dio 4t, 5\u00e8 i 6\u00e8<\/strong><\/p>\n\n\n\n<figure class=\"wp-block-audio\"><audio controls src=\"https:\/\/agora.xtec.cat\/ceip-pilarmestres\/wp-content\/uploads\/usu1873\/2024\/10\/radio-grup1-ok-2.mp3\"><\/audio><\/figure>\n","protected":false},"excerpt":{"rendered":"<p>Programa 1 &#8211; Setmana de l&#8217;art 2024<br \/>\n<a href=\"https:\/\/agora.xtec.cat\/ceip-pilarmestres\/wp-content\/uploads\/usu1873\/2024\/02\/La-Radio-de-4rt_Programa-0-3.mp3\">https:\/\/agora.xtec.cat\/ceip-pilarmestres\/wp-content\/uploads\/usu1873\/2024\/02\/La-Radio-de-4rt_Programa-0-3.mp3<\/a><br \/>\n\u00a0<br \/>\nPrograma 2 &#8211; Setmana de Carnestoltes 2024<br \/>\n<a href=\"https:\/\/agora.xtec.cat\/ceip-pilarmestres\/wp-content\/uploads\/usu1873\/2024\/02\/Audio-de-WhatsApp-2024-02-05-a-les-13.46.40_0bbd7109.mp3\">https:\/\/agora.xtec.cat\/ceip-pilarmestres\/wp-content\/uploads\/usu1873\/2024\/02\/Audio-de-WhatsApp-2024-02-05-a-les-13.46.40_0bbd7109.mp3<\/a><\/p>\n<p>.<\/p>\n<p>Programa 3 &#8211; Primera gravaci\u00f3 curs 2024-2025 &#8211; Taller de r\u00e0dio 4t, 5\u00e8 i 6\u00e8<\/p>\n","protected":false},"author":1,"featured_media":0,"parent":0,"menu_order":0,"comment_status":"closed","ping_status":"closed","template":"","meta":{"_bbp_topic_count":0,"_bbp_reply_count":0,"_bbp_total_topic_count":0,"_bbp_total_reply_count":0,"_bbp_voice_count":0,"_bbp_anonymous_reply_count":0,"_bbp_topic_count_hidden":0,"_bbp_reply_count_hidden":0,"_bbp_forum_subforum_count":0,"footnotes":""},"class_list":["post-4027","page","type-page","status-publish","hentry"],"post_mailing_queue_ids":[],"_links":{"self":[{"href":"https:\/\/agora.xtec.cat\/ceip-pilarmestres\/wp-json\/wp\/v2\/pages\/4027","targetHints":{"allow":["GET"]}}],"collection":[{"href":"https:\/\/agora.xtec.cat\/ceip-pilarmestres\/wp-json\/wp\/v2\/pages"}],"about":[{"href":"https:\/\/agora.xtec.cat\/ceip-pilarmestres\/wp-json\/wp\/v2\/types\/page"}],"author":[{"embeddable":true,"href":"https:\/\/agora.xtec.cat\/ceip-pilarmestres\/wp-json\/wp\/v2\/users\/1"}],"replies":[{"embeddable":true,"href":"https:\/\/agora.xtec.cat\/ceip-pilarmestres\/wp-json\/wp\/v2\/comments?post=4027"}],"version-history":[{"count":6,"href":"https:\/\/agora.xtec.cat\/ceip-pilarmestres\/wp-json\/wp\/v2\/pages\/4027\/revisions"}],"predecessor-version":[{"id":4310,"href":"https:\/\/agora.xtec.cat\/ceip-pilarmestres\/wp-json\/wp\/v2\/pages\/4027\/revisions\/4310"}],"wp:attachment":[{"href":"https:\/\/agora.xtec.cat\/ceip-pilarmestres\/wp-json\/wp\/v2\/media?parent=4027"}],"curies":[{"name":"wp","href":"https:\/\/api.w.org\/{rel}","templated":true}]}}