{"id":28,"date":"2014-09-18T12:29:35","date_gmt":"2014-09-18T10:29:35","guid":{"rendered":"http:\/\/agora.xtec.cat\/ceip-pilarmestres\/?page_id=28"},"modified":"2025-09-22T15:36:48","modified_gmt":"2025-09-22T13:36:48","slug":"equip","status":"publish","type":"page","link":"https:\/\/agora.xtec.cat\/ceip-pilarmestres\/lescola\/equip\/","title":{"rendered":"L&#8217;equip hum\u00e0"},"content":{"rendered":"<p><a href=\"https:\/\/agora.xtec.cat\/ceip-pilarmestres\/wp-content\/uploads\/usu1873\/2020\/10\/unnamed.jpg\"><img loading=\"lazy\" decoding=\"async\" class=\" wp-image-1208 aligncenter\" src=\"https:\/\/agora.xtec.cat\/ceip-pilarmestres\/wp-content\/uploads\/usu1873\/2020\/10\/unnamed.jpg\" alt=\"\" width=\"298\" height=\"174\" srcset=\"https:\/\/agora.xtec.cat\/ceip-pilarmestres\/wp-content\/uploads\/usu1873\/2020\/10\/unnamed.jpg 320w, https:\/\/agora.xtec.cat\/ceip-pilarmestres\/wp-content\/uploads\/usu1873\/2020\/10\/unnamed-300x175.jpg 300w\" sizes=\"auto, (max-width: 298px) 100vw, 298px\" \/><\/a><\/p>\n<p>:<\/p>\n<table style=\"height: 274px; width: 1245px; border-style: hidden;\">\n<tbody>\n<tr style=\"height: 372px;\">\n<td style=\"width: 1241px; height: 108px; vertical-align: top;\"><span style=\"color: #800000;\"><strong>EQUIP DE MESTRES CURS 2025-2026<\/strong><\/span><\/p>\n<table style=\"width: 76.7584%; height: 304px;\">\n<tbody>\n<tr>\n<td style=\"width: 21.9307%; vertical-align: top; height: 266px; border-style: double;\"><span style=\"color: #008000;\"><strong>TUTORIES<\/strong><\/span><\/p>\n<ul>\n<li><span style=\"color: #008000;\" data-mce-mark=\"1\"><strong>I3: Lupe S\u00e1nchez<\/strong><br \/>\n<\/span><\/li>\n<li><span style=\"color: #008000;\" data-mce-mark=\"1\"><strong>I4: L\u00eddia P\u00e9rez\u00a0<\/strong><\/span><\/li>\n<li><span style=\"color: #008000;\" data-mce-mark=\"1\"><strong>I5A: Eli Bar\u00f3<\/strong><br \/>\n<\/span><\/li>\n<li><span style=\"color: #008000;\" data-mce-mark=\"1\"><strong>I5B: Isa Fonoyet<\/strong><\/span><\/li>\n<li><span style=\"color: #008000;\"><strong>1r: Anna Duran<\/strong><\/span><\/li>\n<li><span style=\"color: #008000;\"><strong>2n : Xavi Artigas<\/strong><\/span><\/li>\n<li><span style=\"color: #008000;\"><strong>3r: Susanna Alameda<\/strong><\/span><\/li>\n<li><span style=\"color: #008000;\"><strong>4t : \u00c0ngels Brau<\/strong><\/span><\/li>\n<li><span style=\"color: #008000;\"><strong>5\u00e8 : Marc Palacio<\/strong><\/span><\/li>\n<li><span style=\"color: #008000;\"><strong>6\u00e8 : Jordi Castillo<\/strong><\/span><\/li>\n<\/ul>\n<\/td>\n<td style=\"width: 30.6401%; height: 266px; vertical-align: top; border-style: double;\"><span style=\"color: #008000;\"><strong>ESPECIALISTES<\/strong><\/span><\/p>\n<ul>\n<li><span style=\"color: #008000;\" data-mce-mark=\"1\"><strong>M\u00fasica: N\u00faria Gonz\u00e1lez<\/strong><b><\/b><\/span><\/li>\n<li><span style=\"color: #008000;\"><strong>Angl\u00e8s:\u00a0 Lidia Donnay \/ Gr\u00e0cia Corrales\u00a0<\/strong> \u00a0<\/span><\/li>\n<\/ul>\n<ul>\n<li><span style=\"color: #008000;\" data-mce-mark=\"1\"><strong>Educaci\u00f3 F\u00edsica: Jordi Pujol\u00a0<\/strong><\/span><\/li>\n<li><span style=\"color: #008000;\" data-mce-mark=\"1\"><strong>Atenci\u00f3 a la diversitat:\u00a0 Montse Osuna<\/strong><strong><br \/>\n<\/strong><\/span><\/li>\n<li><span style=\"color: #008000;\"><strong>Escola Verda: Dolors Garcia i Jordi Castillo<\/strong><\/span><\/li>\n<li><span style=\"color: #008000;\" data-mce-mark=\"1\"><strong>Religi\u00f3: Marina Vilaret<\/strong><\/span><\/li>\n<\/ul>\n<\/td>\n<td style=\"width: 20.3568%; vertical-align: top; height: 266px; border-style: double;\"><span style=\"color: #008000;\"><strong><span style=\"font-family: inherit; font-size: 1em;\">VETLLADOR\/A<\/span><\/strong><\/span><\/p>\n<ul>\n<li><span style=\"color: #008000;\" data-mce-mark=\"1\"><strong>Raquel G\u00f3mez<\/strong><\/span><\/li>\n<\/ul>\n<\/td>\n<td style=\"width: 25.8132%; vertical-align: top; height: 266px; border-style: double;\"><span style=\"color: #008000;\"><strong>EQUIP DIRECTIU<\/strong><\/span><\/p>\n<ul>\n<li><span style=\"color: #008000;\" data-mce-mark=\"1\"><strong>Director:\u00a0 Agust\u00ed Molero<\/strong><\/span><\/li>\n<li><span style=\"color: #008000;\" data-mce-mark=\"1\"><strong>Cap d&#8217;estudis:<\/strong> <strong>Gr\u00e0cia Corrales<\/strong><\/span><\/li>\n<li><strong><span style=\"color: #008000;\" data-mce-mark=\"1\">Secretari: Jordi Pujol<\/span><\/strong><\/li>\n<\/ul>\n<\/td>\n<\/tr>\n<\/tbody>\n<\/table>\n<\/td>\n<\/tr>\n<tr style=\"height: 166px;\">\n<td style=\"width: 1241px; height: 166px;\">\n<h2><strong><span style=\"color: #800080;\">PERSONAL D&#8217;ADMINISTRACI\u00d3 I SERVEIS<\/span><\/strong><\/h2>\n<ul>\n<li><strong>Administratiu<\/strong>:\u00a0Sergi Gonz\u00e1lez<\/li>\n<li><strong>Conserge<\/strong>:\u00a0Alfons Carmona<\/li>\n<\/ul>\n<\/td>\n<\/tr>\n<\/tbody>\n<\/table>\n","protected":false},"excerpt":{"rendered":"<p><a href=\"https:\/\/agora.xtec.cat\/ceip-pilarmestres\/wp-content\/uploads\/usu1873\/2020\/10\/unnamed.jpg\"><\/a><br \/>\n:<\/p>\n<p>EQUIP DE MESTRES CURS 2025-2026<\/p>\n<p>TUTORIES<\/p>\n<ul>\n<li>I3: Lupe S\u00e1nchez\n<\/li>\n<li>I4: L\u00eddia P\u00e9rez\u00a0<\/li>\n<li>I5A: Eli Bar\u00f3\n<\/li>\n<li>I5B: Isa Fonoyet<\/li>\n<li>1r: Anna Duran<\/li>\n<li>2n : Xavi Artigas<\/li>\n<li>3r: Susanna Alameda<\/li>\n<li>4t : \u00c0ngels Brau<\/li>\n<li>5\u00e8 : Marc Palacio<\/li>\n<li>6\u00e8 : Jordi Castillo<\/li>\n<\/ul>\n<p>ESPECIALISTES<\/p>\n<ul>\n<li>M\u00fasica: N\u00faria Gonz\u00e1lez<\/li>\n<li>Angl\u00e8s:\u00a0 Lidia Donnay \/ Gr\u00e0cia Corrales\u00a0 \u00a0<\/li>\n<\/ul>\n<ul>\n<li>Educaci\u00f3 F\u00edsica: Jordi Pujol\u00a0<\/li>\n<li>Atenci\u00f3 a la diversitat:\u00a0 Montse&hellip;  <a href=\"https:\/\/agora.xtec.cat\/ceip-pilarmestres\/lescola\/equip\/\" title=\"Read L&#8217;equip hum\u00e0\">Llegeix m\u00e9s\u00bb<\/a><br \/>\n","protected":false},"author":1,"featured_media":0,"parent":22,"menu_order":2,"comment_status":"closed","ping_status":"closed","template":"page-templates\/side-menu.php","meta":{"_bbp_topic_count":0,"_bbp_reply_count":0,"_bbp_total_topic_count":0,"_bbp_total_reply_count":0,"_bbp_voice_count":0,"_bbp_anonymous_reply_count":0,"_bbp_topic_count_hidden":0,"_bbp_reply_count_hidden":0,"_bbp_forum_subforum_count":0,"footnotes":""},"class_list":["post-28","page","type-page","status-publish","hentry"],"post_mailing_queue_ids":[],"_links":{"self":[{"href":"https:\/\/agora.xtec.cat\/ceip-pilarmestres\/wp-json\/wp\/v2\/pages\/28","targetHints":{"allow":["GET"]}}],"collection":[{"href":"https:\/\/agora.xtec.cat\/ceip-pilarmestres\/wp-json\/wp\/v2\/pages"}],"about":[{"href":"https:\/\/agora.xtec.cat\/ceip-pilarmestres\/wp-json\/wp\/v2\/types\/page"}],"author":[{"embeddable":true,"href":"https:\/\/agora.xtec.cat\/ceip-pilarmestres\/wp-json\/wp\/v2\/users\/1"}],"replies":[{"embeddable":true,"href":"https:\/\/agora.xtec.cat\/ceip-pilarmestres\/wp-json\/wp\/v2\/comments?post=28"}],"version-history":[{"count":6,"href":"https:\/\/agora.xtec.cat\/ceip-pilarmestres\/wp-json\/wp\/v2\/pages\/28\/revisions"}],"predecessor-version":[{"id":4927,"href":"https:\/\/agora.xtec.cat\/ceip-pilarmestres\/wp-json\/wp\/v2\/pages\/28\/revisions\/4927"}],"up":[{"embeddable":true,"href":"https:\/\/agora.xtec.cat\/ceip-pilarmestres\/wp-json\/wp\/v2\/pages\/22"}],"wp:attachment":[{"href":"https:\/\/agora.xtec.cat\/ceip-pilarmestres\/wp-json\/wp\/v2\/media?parent=28"}],"curies":[{"name":"wp","href":"https:\/\/api.w.org\/{rel}","templated":true}]}}