{"id":26,"date":"2014-09-18T12:24:32","date_gmt":"2014-09-18T11:24:32","guid":{"rendered":"http:\/\/agora.xtec.cat\/ceip-pilarmestres\/?page_id=26"},"modified":"2020-10-09T10:36:58","modified_gmt":"2020-10-09T08:36:58","slug":"historia","status":"publish","type":"page","link":"https:\/\/agora.xtec.cat\/ceip-pilarmestres\/lescola\/historia\/","title":{"rendered":"Presentaci\u00f3"},"content":{"rendered":"<p style=\"text-align: center;\"><a href=\"https:\/\/agora.xtec.cat\/ceip-pilarmestres\/wp-content\/uploads\/usu1873\/2020\/10\/Sense-t\u00edtol.png\">\u00a0 \u00a0<\/a><a href=\"https:\/\/agora.xtec.cat\/ceip-pilarmestres\/wp-content\/uploads\/usu1873\/2020\/10\/Sense-t\u00edtol-1.png\"><img loading=\"lazy\" decoding=\"async\" class=\"alignnone  wp-image-1206\" src=\"https:\/\/agora.xtec.cat\/ceip-pilarmestres\/wp-content\/uploads\/usu1873\/2020\/10\/Sense-t\u00edtol-1-1024x430.png\" alt=\"\" width=\"626\" height=\"263\" srcset=\"https:\/\/agora.xtec.cat\/ceip-pilarmestres\/wp-content\/uploads\/usu1873\/2020\/10\/Sense-t\u00edtol-1-1024x430.png 1024w, https:\/\/agora.xtec.cat\/ceip-pilarmestres\/wp-content\/uploads\/usu1873\/2020\/10\/Sense-t\u00edtol-1-300x126.png 300w, https:\/\/agora.xtec.cat\/ceip-pilarmestres\/wp-content\/uploads\/usu1873\/2020\/10\/Sense-t\u00edtol-1-768x322.png 768w, https:\/\/agora.xtec.cat\/ceip-pilarmestres\/wp-content\/uploads\/usu1873\/2020\/10\/Sense-t\u00edtol-1.png 1261w\" sizes=\"auto, (max-width: 626px) 100vw, 626px\" \/><\/a><\/p>\n<p><span data-mce-mark=\"1\">L\u2019Escola Pilar Mestres &#8211; Jaume Torrens \u00e9s una de les quatre escoles d\u2019educaci\u00f3 infantil i prim\u00e0ria de titularitat p\u00fablica (Departament d\u2019Ensenyament de la Generalitat de Catalunya) del municipi de La Roca del Vall\u00e8s i una de les dues escoles situades La Roca Centre.<\/span><\/p>\n<p>\u00c9s una escola amb un llarg recorregut, una escola amb un projecte educatiu renovat i amb un professorat estable i amb experi\u00e8ncia al centre.<\/p>\n<p>L&#8217;escola est\u00e0 situada enmig d&#8217;un entorn natural amb inter\u00e8s per con\u00e8ixer i preservar el mediambient. Vetllem per un aprenentatge individual i significatiu que integra la ci\u00e8ncia i les arts, les lleng\u00fces estrangeres, la rob\u00f2tica,&#8230; Treballem a partir de l&#8217;observaci\u00f3, l&#8217;experimentaci\u00f3 i el treball en equip, tot fomentant valors que eduquin persones amb sentit cr\u00edtic, responsables i aut\u00f2nomes. Preparem els nostres alumnes per ser capa\u00e7os d&#8217;encarar nous reptes.<\/p>\n<div><\/div>\n<p><span data-mce-mark=\"1\">En el marc del desplegament de la LEC, l\u2019escola treballa amb energia i il\u00b7lusi\u00f3 per tal d\u2019anar-se adaptant \u00a0als nous plantejaments metodol\u00f2gics i estrat\u00e8gics amb l\u2019objectiu final de seguir \u00a0millorant la seva qualitat pedag\u00f2gica.<\/span><\/p>\n<p><strong>BENVINGUTS A L&#8217;ESCOLA!<\/strong><\/p>\n","protected":false},"excerpt":{"rendered":"<p><a href=\"https:\/\/agora.xtec.cat\/ceip-pilarmestres\/wp-content\/uploads\/usu1873\/2020\/10\/Sense-t\u00edtol.png\">\u00a0 \u00a0<\/a><a href=\"https:\/\/agora.xtec.cat\/ceip-pilarmestres\/wp-content\/uploads\/usu1873\/2020\/10\/Sense-t\u00edtol-1.png\"><\/a><br \/>\nL\u2019Escola Pilar Mestres &#8211; Jaume Torrens \u00e9s una de les quatre escoles d\u2019educaci\u00f3 infantil i prim\u00e0ria de titularitat p\u00fablica (Departament d\u2019Ensenyament de la Generalitat de Catalunya) del municipi de La Roca del Vall\u00e8s i una de les dues escoles situades La Roca&hellip;  <a href=\"https:\/\/agora.xtec.cat\/ceip-pilarmestres\/lescola\/historia\/\" title=\"Read Presentaci\u00f3\">Llegeix m\u00e9s\u00bb<\/a><\/p>\n","protected":false},"author":1,"featured_media":0,"parent":22,"menu_order":1,"comment_status":"closed","ping_status":"closed","template":"page-templates\/side-menu.php","meta":{"_bbp_topic_count":0,"_bbp_reply_count":0,"_bbp_total_topic_count":0,"_bbp_total_reply_count":0,"_bbp_voice_count":0,"_bbp_anonymous_reply_count":0,"_bbp_topic_count_hidden":0,"_bbp_reply_count_hidden":0,"_bbp_forum_subforum_count":0,"footnotes":""},"class_list":["post-26","page","type-page","status-publish","hentry"],"post_mailing_queue_ids":[],"_links":{"self":[{"href":"https:\/\/agora.xtec.cat\/ceip-pilarmestres\/wp-json\/wp\/v2\/pages\/26","targetHints":{"allow":["GET"]}}],"collection":[{"href":"https:\/\/agora.xtec.cat\/ceip-pilarmestres\/wp-json\/wp\/v2\/pages"}],"about":[{"href":"https:\/\/agora.xtec.cat\/ceip-pilarmestres\/wp-json\/wp\/v2\/types\/page"}],"author":[{"embeddable":true,"href":"https:\/\/agora.xtec.cat\/ceip-pilarmestres\/wp-json\/wp\/v2\/users\/1"}],"replies":[{"embeddable":true,"href":"https:\/\/agora.xtec.cat\/ceip-pilarmestres\/wp-json\/wp\/v2\/comments?post=26"}],"version-history":[{"count":3,"href":"https:\/\/agora.xtec.cat\/ceip-pilarmestres\/wp-json\/wp\/v2\/pages\/26\/revisions"}],"predecessor-version":[{"id":1207,"href":"https:\/\/agora.xtec.cat\/ceip-pilarmestres\/wp-json\/wp\/v2\/pages\/26\/revisions\/1207"}],"up":[{"embeddable":true,"href":"https:\/\/agora.xtec.cat\/ceip-pilarmestres\/wp-json\/wp\/v2\/pages\/22"}],"wp:attachment":[{"href":"https:\/\/agora.xtec.cat\/ceip-pilarmestres\/wp-json\/wp\/v2\/media?parent=26"}],"curies":[{"name":"wp","href":"https:\/\/api.w.org\/{rel}","templated":true}]}}