{"id":77,"date":"2014-09-18T14:05:08","date_gmt":"2014-09-18T13:05:08","guid":{"rendered":"https:\/\/agora.xtec.cat\/ceip-pilarinbayes\/?page_id=77"},"modified":"2026-01-27T14:07:17","modified_gmt":"2026-01-27T13:07:17","slug":"contacte-afa","status":"publish","type":"page","link":"https:\/\/agora.xtec.cat\/ceip-pilarinbayes\/families\/contacte-afa\/","title":{"rendered":"Contacte i altres serveis AFA"},"content":{"rendered":"\n<p><strong>Contacta amb l&#8217;AFA<\/strong> de l&#8217;escola per a m\u00e9s informaci\u00f3 sobre els diferents serveis que s&#8217;ofereixen a trav\u00e9s dels correus electr\u00f2nics seg\u00fcents:<\/p>\n\n\n\n<p>Correu general AFA:\u00a0<a href=\"mailto:ampa.pilarin@gmail.com\" target=\"_blank\" rel=\"noreferrer noopener\">ampa.pilarin@gmail.com<\/a><\/p>\n\n\n\n<p>Correu Comissi\u00f3 d&#8217;extraescolars:\u00a0<a href=\"mailto:extraescolars.pilarin@gmail.com\" target=\"_blank\" rel=\"noreferrer noopener\">extraescolars.pilarin@gmail.com<\/a><\/p>\n\n\n\n<p>Correu Comissi\u00f3 de socialitzaci\u00f3 i venda de llibres:\u00a0<a href=\"mailto:llibres.pilarin@gmail.com\" target=\"_blank\" rel=\"noreferrer noopener\">llibres.pilarin@gmail.com<\/a><\/p>\n\n\n\n<p>Correu Comissi\u00f3 de l&#8217;acampada:\u00a0<a href=\"mailto:acampada.pilarin@gmail.com\" target=\"_blank\" rel=\"noreferrer noopener\">acampada.pilarin@gmail.com<\/a><\/p>\n\n\n\n<p>Correu Comissi\u00f3 del casal:\u00a0<a href=\"mailto:casal.pilarin@gmail.com\" target=\"_blank\" rel=\"noreferrer noopener\">casal.pilarin@gmail.com<\/a><\/p>\n\n\n\n<p>Correu Comissi\u00f3 del menjador:\u00a0<a href=\"mailto:menjador.pilarin@gmail.com\" target=\"_blank\" rel=\"noreferrer noopener\">menjador.pilarin@gmail.com<\/a><\/p>\n\n\n\n<p>Correu Comissi\u00f3 inclusiva:\u00a0<a href=\"mailto:inclusiva.pilarin@gmail.com\" target=\"_blank\" rel=\"noreferrer noopener\">inclusiva.pilarin@gmail.com<\/a><\/p>\n\n\n\n<p><\/p>\n\n\n\n<p><strong>Altres serveis AFA<\/strong><\/p>\n\n\n\n<p>Servei de logop\u00e8dia &#8211; Laura Vela:&nbsp;<a href=\"mailto:laura.vela.log@gmail.com\" target=\"_blank\" rel=\"noreferrer noopener\">laura.vela.log@gmail.com<\/a> M\u00f2bil: 628095985<strong><br><br><\/strong>Servei de psicologia &#8211; Raquel Montero:&nbsp;<a href=\"mailto:raquel.ml@copc.cat\" target=\"_blank\" rel=\"noreferrer noopener\">raquel.ml@copc.cat<\/a> M\u00f2bil: 65753333<strong><br><br><\/strong>Servei de menjador escolar &#8211; Campos Estela: <a href=\"mailto:menjador.pilarin@camposestela.com\" target=\"_blank\" rel=\"noreferrer noopener\">menjador.pilarin@camposestela.com<\/a> Tel\u00e8fon: 660760784 (Pili Arteaga)<\/p>\n\n\n\n<figure class=\"wp-block-image size-full is-resized\"><a href=\"https:\/\/agora.xtec.cat\/ceip-pilarinbayes\/wp-content\/uploads\/usu3474\/2026\/01\/AFA.jpg\"><img loading=\"lazy\" decoding=\"async\" width=\"391\" height=\"444\" src=\"https:\/\/agora.xtec.cat\/ceip-pilarinbayes\/wp-content\/uploads\/usu3474\/2026\/01\/AFA.jpg\" alt=\"\" class=\"wp-image-989\" style=\"width:190px;height:auto\" srcset=\"https:\/\/agora.xtec.cat\/ceip-pilarinbayes\/wp-content\/uploads\/usu3474\/2026\/01\/AFA.jpg 391w, https:\/\/agora.xtec.cat\/ceip-pilarinbayes\/wp-content\/uploads\/usu3474\/2026\/01\/AFA-264x300.jpg 264w\" sizes=\"auto, (max-width: 391px) 100vw, 391px\" \/><\/a><\/figure>\n","protected":false},"excerpt":{"rendered":"<p>Contacta amb l&#8217;AFA de l&#8217;escola per a m\u00e9s informaci\u00f3 sobre els diferents serveis que s&#8217;ofereixen a trav\u00e9s dels correus electr\u00f2nics seg\u00fcents: Correu general AFA:\u00a0ampa.pilarin@gmail.com Correu Comissi\u00f3 d&#8217;extraescolars:\u00a0extraescolars.pilarin@gmail.com Correu Comissi\u00f3 de socialitzaci\u00f3 i venda de llibres:\u00a0llibres.pilarin@gmail.com Correu Comissi\u00f3 de l&#8217;acampada:\u00a0acampada.pilarin@gmail.com Correu Comissi\u00f3 del casal:\u00a0casal.pilarin@gmail.com Correu Comissi\u00f3 del menjador:\u00a0menjador.pilarin@gmail.com Correu Comissi\u00f3 inclusiva:\u00a0inclusiva.pilarin@gmail.com Altres serveis AFA Servei de [&hellip;]<\/p>\n","protected":false},"author":1,"featured_media":0,"parent":631,"menu_order":50,"comment_status":"closed","ping_status":"closed","template":"","meta":{"site-sidebar-layout":"default","site-content-layout":"","ast-site-content-layout":"default","site-content-style":"default","site-sidebar-style":"default","ast-global-header-display":"","ast-banner-title-visibility":"","ast-main-header-display":"","ast-hfb-above-header-display":"","ast-hfb-below-header-display":"","ast-hfb-mobile-header-display":"","site-post-title":"","ast-breadcrumbs-content":"","ast-featured-img":"","footer-sml-layout":"","theme-transparent-header-meta":"","adv-header-id-meta":"","stick-header-meta":"","header-above-stick-meta":"","header-main-stick-meta":"","header-below-stick-meta":"","astra-migrate-meta-layouts":"set","ast-page-background-enabled":"default","ast-page-background-meta":{"desktop":{"background-color":"var(--ast-global-color-4)","background-image":"","background-repeat":"repeat","background-position":"center center","background-size":"auto","background-attachment":"scroll","background-type":"","background-media":"","overlay-type":"","overlay-color":"","overlay-opacity":"","overlay-gradient":""},"tablet":{"background-color":"","background-image":"","background-repeat":"repeat","background-position":"center center","background-size":"auto","background-attachment":"scroll","background-type":"","background-media":"","overlay-type":"","overlay-color":"","overlay-opacity":"","overlay-gradient":""},"mobile":{"background-color":"","background-image":"","background-repeat":"repeat","background-position":"center center","background-size":"auto","background-attachment":"scroll","background-type":"","background-media":"","overlay-type":"","overlay-color":"","overlay-opacity":"","overlay-gradient":""}},"ast-content-background-meta":{"desktop":{"background-color":"var(--ast-global-color-5)","background-image":"","background-repeat":"repeat","background-position":"center center","background-size":"auto","background-attachment":"scroll","background-type":"","background-media":"","overlay-type":"","overlay-color":"","overlay-opacity":"","overlay-gradient":""},"tablet":{"background-color":"var(--ast-global-color-5)","background-image":"","background-repeat":"repeat","background-position":"center center","background-size":"auto","background-attachment":"scroll","background-type":"","background-media":"","overlay-type":"","overlay-color":"","overlay-opacity":"","overlay-gradient":""},"mobile":{"background-color":"var(--ast-global-color-5)","background-image":"","background-repeat":"repeat","background-position":"center center","background-size":"auto","background-attachment":"scroll","background-type":"","background-media":"","overlay-type":"","overlay-color":"","overlay-opacity":"","overlay-gradient":""}},"footnotes":""},"class_list":["post-77","page","type-page","status-publish","hentry"],"post_mailing_queue_ids":[],"_links":{"self":[{"href":"https:\/\/agora.xtec.cat\/ceip-pilarinbayes\/wp-json\/wp\/v2\/pages\/77","targetHints":{"allow":["GET"]}}],"collection":[{"href":"https:\/\/agora.xtec.cat\/ceip-pilarinbayes\/wp-json\/wp\/v2\/pages"}],"about":[{"href":"https:\/\/agora.xtec.cat\/ceip-pilarinbayes\/wp-json\/wp\/v2\/types\/page"}],"author":[{"embeddable":true,"href":"https:\/\/agora.xtec.cat\/ceip-pilarinbayes\/wp-json\/wp\/v2\/users\/1"}],"replies":[{"embeddable":true,"href":"https:\/\/agora.xtec.cat\/ceip-pilarinbayes\/wp-json\/wp\/v2\/comments?post=77"}],"version-history":[{"count":5,"href":"https:\/\/agora.xtec.cat\/ceip-pilarinbayes\/wp-json\/wp\/v2\/pages\/77\/revisions"}],"predecessor-version":[{"id":1008,"href":"https:\/\/agora.xtec.cat\/ceip-pilarinbayes\/wp-json\/wp\/v2\/pages\/77\/revisions\/1008"}],"up":[{"embeddable":true,"href":"https:\/\/agora.xtec.cat\/ceip-pilarinbayes\/wp-json\/wp\/v2\/pages\/631"}],"wp:attachment":[{"href":"https:\/\/agora.xtec.cat\/ceip-pilarinbayes\/wp-json\/wp\/v2\/media?parent=77"}],"curies":[{"name":"wp","href":"https:\/\/api.w.org\/{rel}","templated":true}]}}