{"id":71,"date":"2014-09-18T12:44:56","date_gmt":"2014-09-18T11:44:56","guid":{"rendered":"https:\/\/agora.xtec.cat\/ceip-pilarinbayes\/?page_id=71"},"modified":"2026-01-27T13:19:08","modified_gmt":"2026-01-27T12:19:08","slug":"plataforma-mobil","status":"publish","type":"page","link":"https:\/\/agora.xtec.cat\/ceip-pilarinbayes\/families\/plataforma-mobil\/","title":{"rendered":"Plataforma m\u00f2bil"},"content":{"rendered":"\n<p>A l&#8217;escola utilitzem la plataforma <strong>TokApp<\/strong> com a canal oficial de comunicaci\u00f3 amb les fam\u00edlies. Aquesta eina ens permet compartir informaci\u00f3 important de manera r\u00e0pida, segura i directa, tot garantint una comunicaci\u00f3 fluida entre el centre i la comunitat educativa.<\/p>\n\n\n\n<figure class=\"wp-block-image aligncenter size-full is-resized\"><a href=\"https:\/\/agora.xtec.cat\/ceip-pilarinbayes\/wp-content\/uploads\/usu3474\/2026\/01\/tokapp.jpg\"><img loading=\"lazy\" decoding=\"async\" width=\"345\" height=\"162\" src=\"https:\/\/agora.xtec.cat\/ceip-pilarinbayes\/wp-content\/uploads\/usu3474\/2026\/01\/tokapp.jpg\" alt=\"\" class=\"wp-image-991\" style=\"width:151px;height:auto\" srcset=\"https:\/\/agora.xtec.cat\/ceip-pilarinbayes\/wp-content\/uploads\/usu3474\/2026\/01\/tokapp.jpg 345w, https:\/\/agora.xtec.cat\/ceip-pilarinbayes\/wp-content\/uploads\/usu3474\/2026\/01\/tokapp-300x141.jpg 300w\" sizes=\"auto, (max-width: 345px) 100vw, 345px\" \/><\/a><\/figure>\n\n\n\n<p>A trav\u00e9s de TokApp podreu rebre circulars, avisos, recordatoris, autoritzacions i altres comunicacions rellevants relacionades amb l\u2019activitat escolar dels vostres fills i filles.<\/p>\n\n\n\n<p>Us animem a mantenir l\u2019aplicaci\u00f3 actualitzada al vostre dispositiu m\u00f2bil per no perdre cap notificaci\u00f3 important i estar sempre al dia de tot el que passa a l\u2019escola.<\/p>\n\n\n\n<div data-wp-interactive=\"core\/file\" class=\"wp-block-file\"><object data-wp-bind--hidden=\"!state.hasPdfPreview\" hidden class=\"wp-block-file__embed\" data=\"https:\/\/agora.xtec.cat\/ceip-pilarinbayes\/wp-content\/uploads\/usu3474\/2026\/01\/Annex23-TokApp-School-resum-families.pdf\" type=\"application\/pdf\" style=\"width:100%;height:600px\" aria-label=\"Incrustaci\u00f3 del fitxer Annex23 TokApp School resum families.\"><\/object><a id=\"wp-block-file--media-df991db0-0166-4add-bf9d-f88f2e4a513c\" href=\"https:\/\/agora.xtec.cat\/ceip-pilarinbayes\/wp-content\/uploads\/usu3474\/2026\/01\/Annex23-TokApp-School-resum-families.pdf\">Annex23 TokApp School resum families<\/a><a href=\"https:\/\/agora.xtec.cat\/ceip-pilarinbayes\/wp-content\/uploads\/usu3474\/2026\/01\/Annex23-TokApp-School-resum-families.pdf\" class=\"wp-block-file__button wp-element-button\" download aria-describedby=\"wp-block-file--media-df991db0-0166-4add-bf9d-f88f2e4a513c\">Baixa<\/a><\/div>\n\n\n\n<p><\/p>\n\n\n\n<p><\/p>\n","protected":false},"excerpt":{"rendered":"<p>A l&#8217;escola utilitzem la plataforma TokApp com a canal oficial de comunicaci\u00f3 amb les fam\u00edlies. Aquesta eina ens permet compartir informaci\u00f3 important de manera r\u00e0pida, segura i directa, tot garantint una comunicaci\u00f3 fluida entre el centre i la comunitat educativa. A trav\u00e9s de TokApp podreu rebre circulars, avisos, recordatoris, autoritzacions i altres comunicacions rellevants relacionades [&hellip;]<\/p>\n","protected":false},"author":1,"featured_media":0,"parent":631,"menu_order":20,"comment_status":"closed","ping_status":"closed","template":"","meta":{"site-sidebar-layout":"default","site-content-layout":"","ast-site-content-layout":"default","site-content-style":"default","site-sidebar-style":"default","ast-global-header-display":"","ast-banner-title-visibility":"","ast-main-header-display":"","ast-hfb-above-header-display":"","ast-hfb-below-header-display":"","ast-hfb-mobile-header-display":"","site-post-title":"","ast-breadcrumbs-content":"","ast-featured-img":"","footer-sml-layout":"","theme-transparent-header-meta":"","adv-header-id-meta":"","stick-header-meta":"","header-above-stick-meta":"","header-main-stick-meta":"","header-below-stick-meta":"","astra-migrate-meta-layouts":"set","ast-page-background-enabled":"default","ast-page-background-meta":{"desktop":{"background-color":"var(--ast-global-color-4)","background-image":"","background-repeat":"repeat","background-position":"center center","background-size":"auto","background-attachment":"scroll","background-type":"","background-media":"","overlay-type":"","overlay-color":"","overlay-opacity":"","overlay-gradient":""},"tablet":{"background-color":"","background-image":"","background-repeat":"repeat","background-position":"center center","background-size":"auto","background-attachment":"scroll","background-type":"","background-media":"","overlay-type":"","overlay-color":"","overlay-opacity":"","overlay-gradient":""},"mobile":{"background-color":"","background-image":"","background-repeat":"repeat","background-position":"center center","background-size":"auto","background-attachment":"scroll","background-type":"","background-media":"","overlay-type":"","overlay-color":"","overlay-opacity":"","overlay-gradient":""}},"ast-content-background-meta":{"desktop":{"background-color":"var(--ast-global-color-5)","background-image":"","background-repeat":"repeat","background-position":"center center","background-size":"auto","background-attachment":"scroll","background-type":"","background-media":"","overlay-type":"","overlay-color":"","overlay-opacity":"","overlay-gradient":""},"tablet":{"background-color":"var(--ast-global-color-5)","background-image":"","background-repeat":"repeat","background-position":"center center","background-size":"auto","background-attachment":"scroll","background-type":"","background-media":"","overlay-type":"","overlay-color":"","overlay-opacity":"","overlay-gradient":""},"mobile":{"background-color":"var(--ast-global-color-5)","background-image":"","background-repeat":"repeat","background-position":"center center","background-size":"auto","background-attachment":"scroll","background-type":"","background-media":"","overlay-type":"","overlay-color":"","overlay-opacity":"","overlay-gradient":""}},"footnotes":""},"class_list":["post-71","page","type-page","status-publish","hentry"],"post_mailing_queue_ids":[],"_links":{"self":[{"href":"https:\/\/agora.xtec.cat\/ceip-pilarinbayes\/wp-json\/wp\/v2\/pages\/71","targetHints":{"allow":["GET"]}}],"collection":[{"href":"https:\/\/agora.xtec.cat\/ceip-pilarinbayes\/wp-json\/wp\/v2\/pages"}],"about":[{"href":"https:\/\/agora.xtec.cat\/ceip-pilarinbayes\/wp-json\/wp\/v2\/types\/page"}],"author":[{"embeddable":true,"href":"https:\/\/agora.xtec.cat\/ceip-pilarinbayes\/wp-json\/wp\/v2\/users\/1"}],"replies":[{"embeddable":true,"href":"https:\/\/agora.xtec.cat\/ceip-pilarinbayes\/wp-json\/wp\/v2\/comments?post=71"}],"version-history":[{"count":4,"href":"https:\/\/agora.xtec.cat\/ceip-pilarinbayes\/wp-json\/wp\/v2\/pages\/71\/revisions"}],"predecessor-version":[{"id":993,"href":"https:\/\/agora.xtec.cat\/ceip-pilarinbayes\/wp-json\/wp\/v2\/pages\/71\/revisions\/993"}],"up":[{"embeddable":true,"href":"https:\/\/agora.xtec.cat\/ceip-pilarinbayes\/wp-json\/wp\/v2\/pages\/631"}],"wp:attachment":[{"href":"https:\/\/agora.xtec.cat\/ceip-pilarinbayes\/wp-json\/wp\/v2\/media?parent=71"}],"curies":[{"name":"wp","href":"https:\/\/api.w.org\/{rel}","templated":true}]}}