{"id":566,"date":"2024-12-16T13:21:39","date_gmt":"2024-12-16T12:21:39","guid":{"rendered":"https:\/\/agora.xtec.cat\/ceip-pilarinbayes\/?page_id=566"},"modified":"2026-01-28T12:36:57","modified_gmt":"2026-01-28T11:36:57","slug":"projecte-2","status":"publish","type":"page","link":"https:\/\/agora.xtec.cat\/ceip-pilarinbayes\/projecte-educatiu\/projecte-2\/","title":{"rendered":"Estrat\u00e8gia Digital de Centre"},"content":{"rendered":"\n<p class=\"has-text-align-center\">                                                           <img loading=\"lazy\" decoding=\"async\" width=\"650\" height=\"156\" class=\"wp-image-771\" style=\"width: 650px;\" src=\"https:\/\/agora.xtec.cat\/ceip-pilarinbayes\/wp-content\/uploads\/usu3474\/2025\/05\/EDC.jpg\" alt=\"\" srcset=\"https:\/\/agora.xtec.cat\/ceip-pilarinbayes\/wp-content\/uploads\/usu3474\/2025\/05\/EDC.jpg 1903w, https:\/\/agora.xtec.cat\/ceip-pilarinbayes\/wp-content\/uploads\/usu3474\/2025\/05\/EDC-300x72.jpg 300w, https:\/\/agora.xtec.cat\/ceip-pilarinbayes\/wp-content\/uploads\/usu3474\/2025\/05\/EDC-1024x246.jpg 1024w, https:\/\/agora.xtec.cat\/ceip-pilarinbayes\/wp-content\/uploads\/usu3474\/2025\/05\/EDC-768x184.jpg 768w, https:\/\/agora.xtec.cat\/ceip-pilarinbayes\/wp-content\/uploads\/usu3474\/2025\/05\/EDC-1536x369.jpg 1536w\" sizes=\"auto, (max-width: 650px) 100vw, 650px\" \/><\/p>\n\n\n\n<p>L\u2019EDC \u00e9s un document que recull les l\u00ednies d\u2019actuaci\u00f3 per aconseguir l\u2019assoliment de la&nbsp; compet\u00e8ncia digital per part de l\u2019alumnat, els docents i el centre.<\/p>\n\n\n\n<p>Per aconseguir aquesta compet\u00e8ncia digital, l\u2019EDC compr\u00e8n tots els \u00e0mbits del centre: organitzatius, metodol\u00f2gics, curriculars i comunicatius, els quals s\u2019han de veure necess\u00e0riament implicats i, si escau, transformats, des d\u2019una perspectiva d\u2019innovaci\u00f3 i de millora cont\u00ednua.<\/p>\n\n\n\n<p>Per definir l&#8217;Estrat\u00e8gia Digital de Centre, realitzarem una diagnosi de l&#8217;escola, que ens permetr\u00e0 definir els objectius relacionats amb el PEC i aprofundir en aquells que marca el Pla d\u2019Educaci\u00f3 Digital de Catalunya. Aix\u00ed, obtindrem una visi\u00f3 clara d\u2019on vol arribar el centre en termes digitals. Seguidament, definirem la planificaci\u00f3 d&#8217;accions concretes per aconseguir aquests objectius i&nbsp; durem a terme l\u2019avaluaci\u00f3 del seguiment d\u2019aquestes activitats i de l\u2019assoliment dels objectius per si cal modificar i millorar l\u2019EDC.<\/p>\n\n\n\n<p>Tamb\u00e9 recollirem totes les accions ja consolidades al centre, plans, protocols, normatives, etc. que conformaran la cultura digital de l&#8217;Escola Pilar\u00edn Bay\u00e9s.<\/p>\n\n\n\n<div class=\"wp-block-columns is-layout-flex wp-container-core-columns-is-layout-1 wp-block-columns-is-layout-flex\">\n<div class=\"wp-block-column is-layout-flow wp-block-column-is-layout-flow\">\n<figure class=\"wp-block-image size-full\"><a href=\"https:\/\/sites.google.com\/xtec.cat\/edcpilarinbayes\/part-estrat%C3%A8gica\"><img loading=\"lazy\" decoding=\"async\" width=\"708\" height=\"600\" src=\"https:\/\/agora.xtec.cat\/ceip-pilarinbayes\/wp-content\/uploads\/usu3474\/2026\/01\/estrategica.jpg\" alt=\"\" class=\"wp-image-807\" srcset=\"https:\/\/agora.xtec.cat\/ceip-pilarinbayes\/wp-content\/uploads\/usu3474\/2026\/01\/estrategica.jpg 708w, https:\/\/agora.xtec.cat\/ceip-pilarinbayes\/wp-content\/uploads\/usu3474\/2026\/01\/estrategica-300x254.jpg 300w\" sizes=\"auto, (max-width: 708px) 100vw, 708px\" \/><\/a><\/figure>\n<\/div>\n\n\n\n<div class=\"wp-block-column is-layout-flow wp-block-column-is-layout-flow\">\n<figure class=\"wp-block-image size-full\"><a href=\"https:\/\/sites.google.com\/xtec.cat\/edcpilarinbayes\/cultura-digital\"><img loading=\"lazy\" decoding=\"async\" width=\"709\" height=\"601\" src=\"https:\/\/agora.xtec.cat\/ceip-pilarinbayes\/wp-content\/uploads\/usu3474\/2026\/01\/digital.jpg\" alt=\"\" class=\"wp-image-806\" srcset=\"https:\/\/agora.xtec.cat\/ceip-pilarinbayes\/wp-content\/uploads\/usu3474\/2026\/01\/digital.jpg 709w, https:\/\/agora.xtec.cat\/ceip-pilarinbayes\/wp-content\/uploads\/usu3474\/2026\/01\/digital-300x254.jpg 300w\" sizes=\"auto, (max-width: 709px) 100vw, 709px\" \/><\/a><\/figure>\n<\/div>\n<\/div>\n","protected":false},"excerpt":{"rendered":"<p>L\u2019EDC \u00e9s un document que recull les l\u00ednies d\u2019actuaci\u00f3 per aconseguir l\u2019assoliment de la&nbsp; compet\u00e8ncia digital per part de l\u2019alumnat, els docents i el centre. Per aconseguir aquesta compet\u00e8ncia digital, l\u2019EDC compr\u00e8n tots els \u00e0mbits del centre: organitzatius, metodol\u00f2gics, curriculars i comunicatius, els quals s\u2019han de veure necess\u00e0riament implicats i, si escau, transformats, des d\u2019una [&hellip;]<\/p>\n","protected":false},"author":1,"featured_media":0,"parent":64,"menu_order":0,"comment_status":"closed","ping_status":"close","template":"","meta":{"site-sidebar-layout":"default","site-content-layout":"","ast-site-content-layout":"default","site-content-style":"default","site-sidebar-style":"default","ast-global-header-display":"","ast-banner-title-visibility":"","ast-main-header-display":"","ast-hfb-above-header-display":"","ast-hfb-below-header-display":"","ast-hfb-mobile-header-display":"","site-post-title":"","ast-breadcrumbs-content":"","ast-featured-img":"disabled","footer-sml-layout":"","theme-transparent-header-meta":"","adv-header-id-meta":"","stick-header-meta":"","header-above-stick-meta":"","header-main-stick-meta":"","header-below-stick-meta":"","astra-migrate-meta-layouts":"set","ast-page-background-enabled":"default","ast-page-background-meta":{"desktop":{"background-color":"var(--ast-global-color-4)","background-image":"","background-repeat":"repeat","background-position":"center center","background-size":"auto","background-attachment":"scroll","background-type":"","background-media":"","overlay-type":"","overlay-color":"","overlay-opacity":"","overlay-gradient":""},"tablet":{"background-color":"","background-image":"","background-repeat":"repeat","background-position":"center center","background-size":"auto","background-attachment":"scroll","background-type":"","background-media":"","overlay-type":"","overlay-color":"","overlay-opacity":"","overlay-gradient":""},"mobile":{"background-color":"","background-image":"","background-repeat":"repeat","background-position":"center center","background-size":"auto","background-attachment":"scroll","background-type":"","background-media":"","overlay-type":"","overlay-color":"","overlay-opacity":"","overlay-gradient":""}},"ast-content-background-meta":{"desktop":{"background-color":"var(--ast-global-color-5)","background-image":"","background-repeat":"repeat","background-position":"center center","background-size":"auto","background-attachment":"scroll","background-type":"","background-media":"","overlay-type":"","overlay-color":"","overlay-opacity":"","overlay-gradient":""},"tablet":{"background-color":"var(--ast-global-color-5)","background-image":"","background-repeat":"repeat","background-position":"center center","background-size":"auto","background-attachment":"scroll","background-type":"","background-media":"","overlay-type":"","overlay-color":"","overlay-opacity":"","overlay-gradient":""},"mobile":{"background-color":"var(--ast-global-color-5)","background-image":"","background-repeat":"repeat","background-position":"center center","background-size":"auto","background-attachment":"scroll","background-type":"","background-media":"","overlay-type":"","overlay-color":"","overlay-opacity":"","overlay-gradient":""}},"footnotes":""},"class_list":["post-566","page","type-page","status-publish","hentry"],"post_mailing_queue_ids":[],"_links":{"self":[{"href":"https:\/\/agora.xtec.cat\/ceip-pilarinbayes\/wp-json\/wp\/v2\/pages\/566","targetHints":{"allow":["GET"]}}],"collection":[{"href":"https:\/\/agora.xtec.cat\/ceip-pilarinbayes\/wp-json\/wp\/v2\/pages"}],"about":[{"href":"https:\/\/agora.xtec.cat\/ceip-pilarinbayes\/wp-json\/wp\/v2\/types\/page"}],"author":[{"embeddable":true,"href":"https:\/\/agora.xtec.cat\/ceip-pilarinbayes\/wp-json\/wp\/v2\/users\/1"}],"replies":[{"embeddable":true,"href":"https:\/\/agora.xtec.cat\/ceip-pilarinbayes\/wp-json\/wp\/v2\/comments?post=566"}],"version-history":[{"count":5,"href":"https:\/\/agora.xtec.cat\/ceip-pilarinbayes\/wp-json\/wp\/v2\/pages\/566\/revisions"}],"predecessor-version":[{"id":1037,"href":"https:\/\/agora.xtec.cat\/ceip-pilarinbayes\/wp-json\/wp\/v2\/pages\/566\/revisions\/1037"}],"up":[{"embeddable":true,"href":"https:\/\/agora.xtec.cat\/ceip-pilarinbayes\/wp-json\/wp\/v2\/pages\/64"}],"wp:attachment":[{"href":"https:\/\/agora.xtec.cat\/ceip-pilarinbayes\/wp-json\/wp\/v2\/media?parent=566"}],"curies":[{"name":"wp","href":"https:\/\/api.w.org\/{rel}","templated":true}]}}