{"id":30,"date":"2014-09-18T12:30:23","date_gmt":"2014-09-18T11:30:23","guid":{"rendered":"https:\/\/agora.xtec.cat\/ceip-pilarinbayes\/?page_id=30"},"modified":"2026-01-26T16:02:11","modified_gmt":"2026-01-26T15:02:11","slug":"instal%c2%b7lacions","status":"publish","type":"page","link":"https:\/\/agora.xtec.cat\/ceip-pilarinbayes\/lescola\/instal%c2%b7lacions\/","title":{"rendered":"Instal\u00b7lacions"},"content":{"rendered":"\n<p>Actualment, l\u2019escola disposa de dos edificis: un destinat a l\u2019alumnat d\u2019educaci\u00f3 infantil i cicle inicial, i un altre de dues plantes per al cicle mitj\u00e0 i superior. A m\u00e9s, comptem amb una tercera edificaci\u00f3 on s\u2019ubiquen l\u2019aula d\u2019angl\u00e8s i la sala Maker. El centre es completa amb dos patis i un hort escolar per dur a terme les activitats m\u00e9s l\u00fadiques. <\/p>\n\n\n\n<p>Podeu gaudir d&#8217;imatges m\u00e9s detalles clicant als seg\u00fcents espais que trobeu a continuaci\u00f3:<\/p>\n\n\n\n<div class=\"wp-block-columns is-layout-flex wp-container-core-columns-is-layout-1 wp-block-columns-is-layout-flex\">\n<div class=\"wp-block-column is-layout-flow wp-block-column-is-layout-flow\">\n<figure class=\"wp-block-image size-large\"><a href=\"https:\/\/agora.xtec.cat\/ceip-pilarinbayes\/lescola\/instal%c2%b7lacions\/espai-educacio-infantil\/\"><img loading=\"lazy\" decoding=\"async\" width=\"1024\" height=\"768\" src=\"https:\/\/agora.xtec.cat\/ceip-pilarinbayes\/wp-content\/uploads\/usu3474\/2026\/01\/e07178f9-c7ad-40ef-aa6e-e1c790ecdd20_20_11zon-1024x768.jpg\" alt=\"\" class=\"wp-image-956\" srcset=\"https:\/\/agora.xtec.cat\/ceip-pilarinbayes\/wp-content\/uploads\/usu3474\/2026\/01\/e07178f9-c7ad-40ef-aa6e-e1c790ecdd20_20_11zon-1024x768.jpg 1024w, https:\/\/agora.xtec.cat\/ceip-pilarinbayes\/wp-content\/uploads\/usu3474\/2026\/01\/e07178f9-c7ad-40ef-aa6e-e1c790ecdd20_20_11zon-300x225.jpg 300w, https:\/\/agora.xtec.cat\/ceip-pilarinbayes\/wp-content\/uploads\/usu3474\/2026\/01\/e07178f9-c7ad-40ef-aa6e-e1c790ecdd20_20_11zon-768x576.jpg 768w, https:\/\/agora.xtec.cat\/ceip-pilarinbayes\/wp-content\/uploads\/usu3474\/2026\/01\/e07178f9-c7ad-40ef-aa6e-e1c790ecdd20_20_11zon-1536x1152.jpg 1536w, https:\/\/agora.xtec.cat\/ceip-pilarinbayes\/wp-content\/uploads\/usu3474\/2026\/01\/e07178f9-c7ad-40ef-aa6e-e1c790ecdd20_20_11zon.jpg 1600w\" sizes=\"auto, (max-width: 1024px) 100vw, 1024px\" \/><\/a><\/figure>\n\n\n\n<p class=\"has-text-align-center\" style=\"font-size:16px\">Espai educaci\u00f3 Infantil<\/p>\n<\/div>\n\n\n\n<div class=\"wp-block-column is-layout-flow wp-block-column-is-layout-flow\">\n<figure class=\"wp-block-image size-large\"><a href=\"https:\/\/agora.xtec.cat\/ceip-pilarinbayes\/lescola\/instal%c2%b7lacions\/espai-educacio-primaria\/\"><img loading=\"lazy\" decoding=\"async\" width=\"1024\" height=\"768\" src=\"https:\/\/agora.xtec.cat\/ceip-pilarinbayes\/wp-content\/uploads\/usu3474\/2026\/01\/8a3bb090-99a1-4045-998a-d82ccf104051_9_11zon-1024x768.jpg\" alt=\"\" class=\"wp-image-916\" srcset=\"https:\/\/agora.xtec.cat\/ceip-pilarinbayes\/wp-content\/uploads\/usu3474\/2026\/01\/8a3bb090-99a1-4045-998a-d82ccf104051_9_11zon-1024x768.jpg 1024w, https:\/\/agora.xtec.cat\/ceip-pilarinbayes\/wp-content\/uploads\/usu3474\/2026\/01\/8a3bb090-99a1-4045-998a-d82ccf104051_9_11zon-300x225.jpg 300w, https:\/\/agora.xtec.cat\/ceip-pilarinbayes\/wp-content\/uploads\/usu3474\/2026\/01\/8a3bb090-99a1-4045-998a-d82ccf104051_9_11zon-768x576.jpg 768w, https:\/\/agora.xtec.cat\/ceip-pilarinbayes\/wp-content\/uploads\/usu3474\/2026\/01\/8a3bb090-99a1-4045-998a-d82ccf104051_9_11zon-1536x1152.jpg 1536w, https:\/\/agora.xtec.cat\/ceip-pilarinbayes\/wp-content\/uploads\/usu3474\/2026\/01\/8a3bb090-99a1-4045-998a-d82ccf104051_9_11zon-2048x1536.jpg 2048w\" sizes=\"auto, (max-width: 1024px) 100vw, 1024px\" \/><\/a><\/figure>\n\n\n\n<p class=\"has-text-align-center\" style=\"font-size:16px\">Espai educaci\u00f3 Prim\u00e0ria<\/p>\n<\/div>\n\n\n\n<div class=\"wp-block-column is-layout-flow wp-block-column-is-layout-flow\">\n<figure class=\"wp-block-image size-large\"><a href=\"https:\/\/agora.xtec.cat\/ceip-pilarinbayes\/lescola\/instal%c2%b7lacions\/altres-espais\/\"><img loading=\"lazy\" decoding=\"async\" width=\"1024\" height=\"768\" src=\"https:\/\/agora.xtec.cat\/ceip-pilarinbayes\/wp-content\/uploads\/usu3474\/2026\/01\/14ff3d1a-b80e-4e4a-b2dc-db01b671ccf9_14_11zon-1024x768.jpg\" alt=\"\" class=\"wp-image-919\" srcset=\"https:\/\/agora.xtec.cat\/ceip-pilarinbayes\/wp-content\/uploads\/usu3474\/2026\/01\/14ff3d1a-b80e-4e4a-b2dc-db01b671ccf9_14_11zon-1024x768.jpg 1024w, https:\/\/agora.xtec.cat\/ceip-pilarinbayes\/wp-content\/uploads\/usu3474\/2026\/01\/14ff3d1a-b80e-4e4a-b2dc-db01b671ccf9_14_11zon-300x225.jpg 300w, https:\/\/agora.xtec.cat\/ceip-pilarinbayes\/wp-content\/uploads\/usu3474\/2026\/01\/14ff3d1a-b80e-4e4a-b2dc-db01b671ccf9_14_11zon-768x576.jpg 768w, https:\/\/agora.xtec.cat\/ceip-pilarinbayes\/wp-content\/uploads\/usu3474\/2026\/01\/14ff3d1a-b80e-4e4a-b2dc-db01b671ccf9_14_11zon-1536x1152.jpg 1536w, https:\/\/agora.xtec.cat\/ceip-pilarinbayes\/wp-content\/uploads\/usu3474\/2026\/01\/14ff3d1a-b80e-4e4a-b2dc-db01b671ccf9_14_11zon.jpg 1600w\" sizes=\"auto, (max-width: 1024px) 100vw, 1024px\" \/><\/a><\/figure>\n\n\n\n<p class=\"has-text-align-center\" style=\"font-size:16px\">Altres espais<\/p>\n<\/div>\n<\/div>\n\n\n\n<p><\/p>\n","protected":false},"excerpt":{"rendered":"<p>Actualment, l\u2019escola disposa de dos edificis: un destinat a l\u2019alumnat d\u2019educaci\u00f3 infantil i cicle inicial, i un altre de dues plantes per al cicle mitj\u00e0 i superior. A m\u00e9s, comptem amb una tercera edificaci\u00f3 on s\u2019ubiquen l\u2019aula d\u2019angl\u00e8s i la sala Maker. El centre es completa amb dos patis i un hort escolar per dur [&hellip;]<\/p>\n","protected":false},"author":1,"featured_media":0,"parent":22,"menu_order":40,"comment_status":"closed","ping_status":"closed","template":"","meta":{"site-sidebar-layout":"default","site-content-layout":"","ast-site-content-layout":"default","site-content-style":"default","site-sidebar-style":"default","ast-global-header-display":"","ast-banner-title-visibility":"","ast-main-header-display":"","ast-hfb-above-header-display":"","ast-hfb-below-header-display":"","ast-hfb-mobile-header-display":"","site-post-title":"","ast-breadcrumbs-content":"","ast-featured-img":"","footer-sml-layout":"","theme-transparent-header-meta":"","adv-header-id-meta":"","stick-header-meta":"","header-above-stick-meta":"","header-main-stick-meta":"","header-below-stick-meta":"","astra-migrate-meta-layouts":"set","ast-page-background-enabled":"default","ast-page-background-meta":{"desktop":{"background-color":"var(--ast-global-color-4)","background-image":"","background-repeat":"repeat","background-position":"center center","background-size":"auto","background-attachment":"scroll","background-type":"","background-media":"","overlay-type":"","overlay-color":"","overlay-opacity":"","overlay-gradient":""},"tablet":{"background-color":"","background-image":"","background-repeat":"repeat","background-position":"center center","background-size":"auto","background-attachment":"scroll","background-type":"","background-media":"","overlay-type":"","overlay-color":"","overlay-opacity":"","overlay-gradient":""},"mobile":{"background-color":"","background-image":"","background-repeat":"repeat","background-position":"center center","background-size":"auto","background-attachment":"scroll","background-type":"","background-media":"","overlay-type":"","overlay-color":"","overlay-opacity":"","overlay-gradient":""}},"ast-content-background-meta":{"desktop":{"background-color":"var(--ast-global-color-5)","background-image":"","background-repeat":"repeat","background-position":"center center","background-size":"auto","background-attachment":"scroll","background-type":"","background-media":"","overlay-type":"","overlay-color":"","overlay-opacity":"","overlay-gradient":""},"tablet":{"background-color":"var(--ast-global-color-5)","background-image":"","background-repeat":"repeat","background-position":"center center","background-size":"auto","background-attachment":"scroll","background-type":"","background-media":"","overlay-type":"","overlay-color":"","overlay-opacity":"","overlay-gradient":""},"mobile":{"background-color":"var(--ast-global-color-5)","background-image":"","background-repeat":"repeat","background-position":"center center","background-size":"auto","background-attachment":"scroll","background-type":"","background-media":"","overlay-type":"","overlay-color":"","overlay-opacity":"","overlay-gradient":""}},"footnotes":""},"class_list":["post-30","page","type-page","status-publish","hentry"],"post_mailing_queue_ids":[],"_links":{"self":[{"href":"https:\/\/agora.xtec.cat\/ceip-pilarinbayes\/wp-json\/wp\/v2\/pages\/30","targetHints":{"allow":["GET"]}}],"collection":[{"href":"https:\/\/agora.xtec.cat\/ceip-pilarinbayes\/wp-json\/wp\/v2\/pages"}],"about":[{"href":"https:\/\/agora.xtec.cat\/ceip-pilarinbayes\/wp-json\/wp\/v2\/types\/page"}],"author":[{"embeddable":true,"href":"https:\/\/agora.xtec.cat\/ceip-pilarinbayes\/wp-json\/wp\/v2\/users\/1"}],"replies":[{"embeddable":true,"href":"https:\/\/agora.xtec.cat\/ceip-pilarinbayes\/wp-json\/wp\/v2\/comments?post=30"}],"version-history":[{"count":5,"href":"https:\/\/agora.xtec.cat\/ceip-pilarinbayes\/wp-json\/wp\/v2\/pages\/30\/revisions"}],"predecessor-version":[{"id":976,"href":"https:\/\/agora.xtec.cat\/ceip-pilarinbayes\/wp-json\/wp\/v2\/pages\/30\/revisions\/976"}],"up":[{"embeddable":true,"href":"https:\/\/agora.xtec.cat\/ceip-pilarinbayes\/wp-json\/wp\/v2\/pages\/22"}],"wp:attachment":[{"href":"https:\/\/agora.xtec.cat\/ceip-pilarinbayes\/wp-json\/wp\/v2\/media?parent=30"}],"curies":[{"name":"wp","href":"https:\/\/api.w.org\/{rel}","templated":true}]}}