{"id":26,"date":"2014-09-18T12:24:32","date_gmt":"2014-09-18T11:24:32","guid":{"rendered":"https:\/\/agora.xtec.cat\/ceip-pilarinbayes\/?page_id=26"},"modified":"2026-01-26T16:23:44","modified_gmt":"2026-01-26T15:23:44","slug":"historia","status":"publish","type":"page","link":"https:\/\/agora.xtec.cat\/ceip-pilarinbayes\/lescola\/historia\/","title":{"rendered":"Hist\u00f2ria"},"content":{"rendered":"\n<div class=\"wp-block-getwid-content-timeline\" data-animation=\"none\" data-filling=\"true\"><div class=\"wp-block-getwid-content-timeline__line\"><div class=\"wp-block-getwid-content-timeline__bar\"><\/div><\/div><div class=\"wp-block-getwid-content-timeline__wrapper\">\n<div class=\"wp-block-getwid-content-timeline-item\"><div class=\"wp-block-getwid-content-timeline-item__wrapper\"><div class=\"wp-block-getwid-content-timeline-item__card\"><div class=\"wp-block-getwid-content-timeline-item__card-wrapper\"><div class=\"wp-block-getwid-content-timeline-item__image-wrapper\"><img loading=\"lazy\" decoding=\"async\" width=\"1600\" height=\"1200\" class=\"wp-block-getwid-content-timeline-item__image wp-image-952\" src=\"https:\/\/agora.xtec.cat\/ceip-pilarinbayes\/wp-content\/uploads\/usu3474\/2026\/01\/d1560232-f672-4fdb-b859-42340b823578_14_11zon.jpg\" alt=\"\" srcset=\"https:\/\/agora.xtec.cat\/ceip-pilarinbayes\/wp-content\/uploads\/usu3474\/2026\/01\/d1560232-f672-4fdb-b859-42340b823578_14_11zon.jpg 1600w, https:\/\/agora.xtec.cat\/ceip-pilarinbayes\/wp-content\/uploads\/usu3474\/2026\/01\/d1560232-f672-4fdb-b859-42340b823578_14_11zon-300x225.jpg 300w, https:\/\/agora.xtec.cat\/ceip-pilarinbayes\/wp-content\/uploads\/usu3474\/2026\/01\/d1560232-f672-4fdb-b859-42340b823578_14_11zon-1024x768.jpg 1024w, https:\/\/agora.xtec.cat\/ceip-pilarinbayes\/wp-content\/uploads\/usu3474\/2026\/01\/d1560232-f672-4fdb-b859-42340b823578_14_11zon-768x576.jpg 768w, https:\/\/agora.xtec.cat\/ceip-pilarinbayes\/wp-content\/uploads\/usu3474\/2026\/01\/d1560232-f672-4fdb-b859-42340b823578_14_11zon-1536x1152.jpg 1536w\" sizes=\"auto, (max-width: 1600px) 100vw, 1600px\" \/><\/div><div class=\"wp-block-getwid-content-timeline-item__content-wrapper\"><div class=\"wp-block-getwid-content-timeline-item__mobile-meta\"><p class=\"wp-block-getwid-content-timeline-item__meta-content\">Les Fonts \u00e9s una antiga urbanitzaci\u00f3 residencial que es va comen\u00e7ar a construir en el primer quart del segle XX al voltant de la masia de Can Falguera i al costat del baixador del ferrocarril, ja que molts industrials terrassencs hi van establir la segona resid\u00e8ncia per la riquesa de les seves aig\u00fces, d&#8217;aqu\u00ed el seu nom. A partir de la segona meitat del segle XX, com en la resta de poblacions industrials de Catalunya, hi va anar creixent el barraquisme d&#8217;autoconstrucci\u00f3 de la poblaci\u00f3 immigrada que s&#8217;hi anava instal\u00b7lant. El barri va cr\u00e9ixer considerablement durant el final del segle XX, moment en el qual tamb\u00e9 es va iniciar la construcci\u00f3 de pisos que es va allargar fins a principis del segle XXI.<\/p><\/div>\n<h3 class=\"wp-block-heading\">Primers anys (segle XX)<\/h3>\n\n\n\n<p>&nbsp;<\/p>\n<\/div><\/div><\/div><div class=\"wp-block-getwid-content-timeline-item__point\"><div class=\"wp-block-getwid-content-timeline-item__point-content\"><\/div><\/div><div class=\"wp-block-getwid-content-timeline-item__meta\"><p class=\"wp-block-getwid-content-timeline-item__meta-content\">Les Fonts \u00e9s una antiga urbanitzaci\u00f3 residencial que es va comen\u00e7ar a construir en el primer quart del segle XX al voltant de la masia de Can Falguera i al costat del baixador del ferrocarril, ja que molts industrials terrassencs hi van establir la segona resid\u00e8ncia per la riquesa de les seves aig\u00fces, d&#8217;aqu\u00ed el seu nom. A partir de la segona meitat del segle XX, com en la resta de poblacions industrials de Catalunya, hi va anar creixent el barraquisme d&#8217;autoconstrucci\u00f3 de la poblaci\u00f3 immigrada que s&#8217;hi anava instal\u00b7lant. El barri va cr\u00e9ixer considerablement durant el final del segle XX, moment en el qual tamb\u00e9 es va iniciar la construcci\u00f3 de pisos que es va allargar fins a principis del segle XXI.<\/p><\/div><\/div><\/div>\n\n\n\n<div class=\"wp-block-getwid-content-timeline-item\"><div class=\"wp-block-getwid-content-timeline-item__wrapper\"><div class=\"wp-block-getwid-content-timeline-item__card\"><div class=\"wp-block-getwid-content-timeline-item__card-wrapper\"><div class=\"wp-block-getwid-content-timeline-item__image-wrapper\"><img loading=\"lazy\" decoding=\"async\" width=\"1600\" height=\"1200\" class=\"wp-block-getwid-content-timeline-item__image wp-image-934\" src=\"https:\/\/agora.xtec.cat\/ceip-pilarinbayes\/wp-content\/uploads\/usu3474\/2026\/01\/627d2cb4-6122-489c-bfa8-b57c221ceb1c_30_11zon.jpg\" alt=\"\" srcset=\"https:\/\/agora.xtec.cat\/ceip-pilarinbayes\/wp-content\/uploads\/usu3474\/2026\/01\/627d2cb4-6122-489c-bfa8-b57c221ceb1c_30_11zon.jpg 1600w, https:\/\/agora.xtec.cat\/ceip-pilarinbayes\/wp-content\/uploads\/usu3474\/2026\/01\/627d2cb4-6122-489c-bfa8-b57c221ceb1c_30_11zon-300x225.jpg 300w, https:\/\/agora.xtec.cat\/ceip-pilarinbayes\/wp-content\/uploads\/usu3474\/2026\/01\/627d2cb4-6122-489c-bfa8-b57c221ceb1c_30_11zon-1024x768.jpg 1024w, https:\/\/agora.xtec.cat\/ceip-pilarinbayes\/wp-content\/uploads\/usu3474\/2026\/01\/627d2cb4-6122-489c-bfa8-b57c221ceb1c_30_11zon-768x576.jpg 768w, https:\/\/agora.xtec.cat\/ceip-pilarinbayes\/wp-content\/uploads\/usu3474\/2026\/01\/627d2cb4-6122-489c-bfa8-b57c221ceb1c_30_11zon-1536x1152.jpg 1536w\" sizes=\"auto, (max-width: 1600px) 100vw, 1600px\" \/><\/div><div class=\"wp-block-getwid-content-timeline-item__content-wrapper\"><div class=\"wp-block-getwid-content-timeline-item__mobile-meta\"><p class=\"wp-block-getwid-content-timeline-item__meta-content\">L&#8217;escola Pilar\u00edn Bay\u00e9s es va formar a partir del desdoblament produ\u00eft al CP Ventall\u00f3. Va estar ubicada de manera provisional en dos edificis, un aulari i un prefabricat situats al terme municipal de Terrassa. A l&#8217;inici del curs 1988-89 es va ubicar definitivament al terme municipal de Sant Quirze del Vall\u00e8s amb el nom de CP Les Fonts.&nbsp;<\/p><\/div>\n<h3 class=\"wp-block-heading\">Creaci\u00f3 escola (1988-1989)<\/h3>\n\n\n\n<p><\/p>\n<\/div><\/div><\/div><div class=\"wp-block-getwid-content-timeline-item__point\"><div class=\"wp-block-getwid-content-timeline-item__point-content\"><\/div><\/div><div class=\"wp-block-getwid-content-timeline-item__meta\"><p class=\"wp-block-getwid-content-timeline-item__meta-content\">L&#8217;escola Pilar\u00edn Bay\u00e9s es va formar a partir del desdoblament produ\u00eft al CP Ventall\u00f3. Va estar ubicada de manera provisional en dos edificis, un aulari i un prefabricat situats al terme municipal de Terrassa. A l&#8217;inici del curs 1988-89 es va ubicar definitivament al terme municipal de Sant Quirze del Vall\u00e8s amb el nom de CP Les Fonts.&nbsp;<\/p><\/div><\/div><\/div>\n\n\n\n<div class=\"wp-block-getwid-content-timeline-item\"><div class=\"wp-block-getwid-content-timeline-item__wrapper\"><div class=\"wp-block-getwid-content-timeline-item__card\"><div class=\"wp-block-getwid-content-timeline-item__card-wrapper\"><div class=\"wp-block-getwid-content-timeline-item__image-wrapper\"><img loading=\"lazy\" decoding=\"async\" width=\"1100\" height=\"974\" class=\"wp-block-getwid-content-timeline-item__image wp-image-883\" src=\"https:\/\/agora.xtec.cat\/ceip-pilarinbayes\/wp-content\/uploads\/usu3474\/2026\/01\/logo-nou-Pilarin-Ok-3.jpg\" alt=\"\" srcset=\"https:\/\/agora.xtec.cat\/ceip-pilarinbayes\/wp-content\/uploads\/usu3474\/2026\/01\/logo-nou-Pilarin-Ok-3.jpg 1100w, https:\/\/agora.xtec.cat\/ceip-pilarinbayes\/wp-content\/uploads\/usu3474\/2026\/01\/logo-nou-Pilarin-Ok-3-300x266.jpg 300w, https:\/\/agora.xtec.cat\/ceip-pilarinbayes\/wp-content\/uploads\/usu3474\/2026\/01\/logo-nou-Pilarin-Ok-3-1024x907.jpg 1024w, https:\/\/agora.xtec.cat\/ceip-pilarinbayes\/wp-content\/uploads\/usu3474\/2026\/01\/logo-nou-Pilarin-Ok-3-768x680.jpg 768w\" sizes=\"auto, (max-width: 1100px) 100vw, 1100px\" \/><\/div><div class=\"wp-block-getwid-content-timeline-item__content-wrapper\"><div class=\"wp-block-getwid-content-timeline-item__mobile-meta\"><p class=\"wp-block-getwid-content-timeline-item__meta-content\">Durant el curs 1991-92 es va canviar el nom del centre i va passar a dir-se Pilar\u00edn Bay\u00e9s.&nbsp;<\/p><\/div>\n<h3 class=\"wp-block-heading\">Canvi de nom (1991-1992)<\/h3>\n\n\n\n<p><\/p>\n<\/div><\/div><\/div><div class=\"wp-block-getwid-content-timeline-item__point\"><div class=\"wp-block-getwid-content-timeline-item__point-content\"><\/div><\/div><div class=\"wp-block-getwid-content-timeline-item__meta\"><p class=\"wp-block-getwid-content-timeline-item__meta-content\">Durant el curs 1991-92 es va canviar el nom del centre i va passar a dir-se Pilar\u00edn Bay\u00e9s.&nbsp;<\/p><\/div><\/div><\/div>\n\n\n\n<div class=\"wp-block-getwid-content-timeline-item\"><div class=\"wp-block-getwid-content-timeline-item__wrapper\"><div class=\"wp-block-getwid-content-timeline-item__card\"><div class=\"wp-block-getwid-content-timeline-item__card-wrapper\"><div class=\"wp-block-getwid-content-timeline-item__image-wrapper\"><img loading=\"lazy\" decoding=\"async\" width=\"841\" height=\"595\" class=\"wp-block-getwid-content-timeline-item__image wp-image-878\" src=\"https:\/\/agora.xtec.cat\/ceip-pilarinbayes\/wp-content\/uploads\/usu3474\/2026\/01\/coleantic.jpg\" alt=\"\" srcset=\"https:\/\/agora.xtec.cat\/ceip-pilarinbayes\/wp-content\/uploads\/usu3474\/2026\/01\/coleantic.jpg 841w, https:\/\/agora.xtec.cat\/ceip-pilarinbayes\/wp-content\/uploads\/usu3474\/2026\/01\/coleantic-300x212.jpg 300w, https:\/\/agora.xtec.cat\/ceip-pilarinbayes\/wp-content\/uploads\/usu3474\/2026\/01\/coleantic-768x543.jpg 768w\" sizes=\"auto, (max-width: 841px) 100vw, 841px\" \/><\/div><div class=\"wp-block-getwid-content-timeline-item__content-wrapper\"><div class=\"wp-block-getwid-content-timeline-item__mobile-meta\"><p class=\"wp-block-getwid-content-timeline-item__meta-content\">Degut a les necessitats derivades de l&#8217;augment de la poblaci\u00f3 de la zona, el curs 2006-2007 es van iniciar les obres d&#8217;ampliaci\u00f3 de les escola fent un segon edifici.<br>Actualment disposem de dos edificis principals, m\u00e9s dos altres annexats<\/p><\/div>\n<h3 class=\"wp-block-heading\">Ampliaci\u00f3 instal\u00b7lacions (2006-2007)<\/h3>\n\n\n\n<p><\/p>\n<\/div><\/div><\/div><div class=\"wp-block-getwid-content-timeline-item__point\"><div class=\"wp-block-getwid-content-timeline-item__point-content\"><\/div><\/div><div class=\"wp-block-getwid-content-timeline-item__meta\"><p class=\"wp-block-getwid-content-timeline-item__meta-content\">Degut a les necessitats derivades de l&#8217;augment de la poblaci\u00f3 de la zona, el curs 2006-2007 es van iniciar les obres d&#8217;ampliaci\u00f3 de les escola fent un segon edifici.<br>Actualment disposem de dos edificis principals, m\u00e9s dos altres annexats<\/p><\/div><\/div><\/div>\n\n\n\n<div class=\"wp-block-getwid-content-timeline-item\"><div class=\"wp-block-getwid-content-timeline-item__wrapper\"><div class=\"wp-block-getwid-content-timeline-item__card\"><div class=\"wp-block-getwid-content-timeline-item__card-wrapper\"><div class=\"wp-block-getwid-content-timeline-item__content-wrapper\"><div class=\"wp-block-getwid-content-timeline-item__mobile-meta\"><p class=\"wp-block-getwid-content-timeline-item__meta-content\">En els darrers anys, els serveis del barri de Les Fonts no han crescut de manera proporcional al nombre d\u2019habitants. Amb tot, el barri ha tingut certa millora gr\u00e0cies a l\u2019adequaci\u00f3 de la Torre Juli\u00e0 i del poliesportiu aix\u00ed com de petits comer\u00e7os oberts, juntament amb el centre c\u00edvic Casal Les Fonts i les diferents associacions de ve\u00efns que hi s\u00f3n molt presents des de fa temps. &nbsp;Aix\u00ed que en aquest entorn, l\u2019escola se situa com un dels grans motors culturals i educatius de qu\u00e8 disposa el barri, trobant a faltar sovint altres serveis culturals com s\u00f3n biblioteques escolars, teatres de dimensions i aforament adequats, poliesportius tancats aptes per a qualsevol estat meteorol\u00f2gic, llars d\u2019infants, ludoteques&#8230; &nbsp;<\/p><\/div>\n<h3 class=\"wp-block-heading\">Actualment<\/h3>\n\n\n\n<p><\/p>\n\n\n\n<figure class=\"wp-block-image size-large\"><a href=\"https:\/\/agora.xtec.cat\/ceip-pilarinbayes\/wp-content\/uploads\/usu3474\/2026\/01\/d3904ea7-c135-4f28-9f25-14c53c7e2378_12_11zon.jpg\"><img loading=\"lazy\" decoding=\"async\" width=\"1024\" height=\"768\" src=\"https:\/\/agora.xtec.cat\/ceip-pilarinbayes\/wp-content\/uploads\/usu3474\/2026\/01\/d3904ea7-c135-4f28-9f25-14c53c7e2378_12_11zon-1024x768.jpg\" alt=\"\" class=\"wp-image-950\" srcset=\"https:\/\/agora.xtec.cat\/ceip-pilarinbayes\/wp-content\/uploads\/usu3474\/2026\/01\/d3904ea7-c135-4f28-9f25-14c53c7e2378_12_11zon-1024x768.jpg 1024w, https:\/\/agora.xtec.cat\/ceip-pilarinbayes\/wp-content\/uploads\/usu3474\/2026\/01\/d3904ea7-c135-4f28-9f25-14c53c7e2378_12_11zon-300x225.jpg 300w, https:\/\/agora.xtec.cat\/ceip-pilarinbayes\/wp-content\/uploads\/usu3474\/2026\/01\/d3904ea7-c135-4f28-9f25-14c53c7e2378_12_11zon-768x576.jpg 768w, https:\/\/agora.xtec.cat\/ceip-pilarinbayes\/wp-content\/uploads\/usu3474\/2026\/01\/d3904ea7-c135-4f28-9f25-14c53c7e2378_12_11zon-1536x1152.jpg 1536w, https:\/\/agora.xtec.cat\/ceip-pilarinbayes\/wp-content\/uploads\/usu3474\/2026\/01\/d3904ea7-c135-4f28-9f25-14c53c7e2378_12_11zon.jpg 1600w\" sizes=\"auto, (max-width: 1024px) 100vw, 1024px\" \/><\/a><\/figure>\n<\/div><\/div><\/div><div class=\"wp-block-getwid-content-timeline-item__point\"><div class=\"wp-block-getwid-content-timeline-item__point-content\"><\/div><\/div><div class=\"wp-block-getwid-content-timeline-item__meta\"><p class=\"wp-block-getwid-content-timeline-item__meta-content\">En els darrers anys, els serveis del barri de Les Fonts no han crescut de manera proporcional al nombre d\u2019habitants. Amb tot, el barri ha tingut certa millora gr\u00e0cies a l\u2019adequaci\u00f3 de la Torre Juli\u00e0 i del poliesportiu aix\u00ed com de petits comer\u00e7os oberts, juntament amb el centre c\u00edvic Casal Les Fonts i les diferents associacions de ve\u00efns que hi s\u00f3n molt presents des de fa temps. &nbsp;Aix\u00ed que en aquest entorn, l\u2019escola se situa com un dels grans motors culturals i educatius de qu\u00e8 disposa el barri, trobant a faltar sovint altres serveis culturals com s\u00f3n biblioteques escolars, teatres de dimensions i aforament adequats, poliesportius tancats aptes per a qualsevol estat meteorol\u00f2gic, llars d\u2019infants, ludoteques&#8230; &nbsp;<\/p><\/div><\/div><\/div>\n<\/div><\/div>\n","protected":false},"excerpt":{"rendered":"","protected":false},"author":1,"featured_media":0,"parent":22,"menu_order":20,"comment_status":"closed","ping_status":"closed","template":"","meta":{"site-sidebar-layout":"default","site-content-layout":"","ast-site-content-layout":"default","site-content-style":"default","site-sidebar-style":"default","ast-global-header-display":"","ast-banner-title-visibility":"","ast-main-header-display":"","ast-hfb-above-header-display":"","ast-hfb-below-header-display":"","ast-hfb-mobile-header-display":"","site-post-title":"","ast-breadcrumbs-content":"","ast-featured-img":"","footer-sml-layout":"","theme-transparent-header-meta":"","adv-header-id-meta":"","stick-header-meta":"","header-above-stick-meta":"","header-main-stick-meta":"","header-below-stick-meta":"","astra-migrate-meta-layouts":"set","ast-page-background-enabled":"default","ast-page-background-meta":{"desktop":{"background-color":"var(--ast-global-color-4)","background-image":"","background-repeat":"repeat","background-position":"center center","background-size":"auto","background-attachment":"scroll","background-type":"","background-media":"","overlay-type":"","overlay-color":"","overlay-opacity":"","overlay-gradient":""},"tablet":{"background-color":"","background-image":"","background-repeat":"repeat","background-position":"center center","background-size":"auto","background-attachment":"scroll","background-type":"","background-media":"","overlay-type":"","overlay-color":"","overlay-opacity":"","overlay-gradient":""},"mobile":{"background-color":"","background-image":"","background-repeat":"repeat","background-position":"center center","background-size":"auto","background-attachment":"scroll","background-type":"","background-media":"","overlay-type":"","overlay-color":"","overlay-opacity":"","overlay-gradient":""}},"ast-content-background-meta":{"desktop":{"background-color":"var(--ast-global-color-5)","background-image":"","background-repeat":"repeat","background-position":"center center","background-size":"auto","background-attachment":"scroll","background-type":"","background-media":"","overlay-type":"","overlay-color":"","overlay-opacity":"","overlay-gradient":""},"tablet":{"background-color":"var(--ast-global-color-5)","background-image":"","background-repeat":"repeat","background-position":"center center","background-size":"auto","background-attachment":"scroll","background-type":"","background-media":"","overlay-type":"","overlay-color":"","overlay-opacity":"","overlay-gradient":""},"mobile":{"background-color":"var(--ast-global-color-5)","background-image":"","background-repeat":"repeat","background-position":"center center","background-size":"auto","background-attachment":"scroll","background-type":"","background-media":"","overlay-type":"","overlay-color":"","overlay-opacity":"","overlay-gradient":""}},"footnotes":""},"class_list":["post-26","page","type-page","status-publish","hentry"],"post_mailing_queue_ids":[],"_links":{"self":[{"href":"https:\/\/agora.xtec.cat\/ceip-pilarinbayes\/wp-json\/wp\/v2\/pages\/26","targetHints":{"allow":["GET"]}}],"collection":[{"href":"https:\/\/agora.xtec.cat\/ceip-pilarinbayes\/wp-json\/wp\/v2\/pages"}],"about":[{"href":"https:\/\/agora.xtec.cat\/ceip-pilarinbayes\/wp-json\/wp\/v2\/types\/page"}],"author":[{"embeddable":true,"href":"https:\/\/agora.xtec.cat\/ceip-pilarinbayes\/wp-json\/wp\/v2\/users\/1"}],"replies":[{"embeddable":true,"href":"https:\/\/agora.xtec.cat\/ceip-pilarinbayes\/wp-json\/wp\/v2\/comments?post=26"}],"version-history":[{"count":6,"href":"https:\/\/agora.xtec.cat\/ceip-pilarinbayes\/wp-json\/wp\/v2\/pages\/26\/revisions"}],"predecessor-version":[{"id":985,"href":"https:\/\/agora.xtec.cat\/ceip-pilarinbayes\/wp-json\/wp\/v2\/pages\/26\/revisions\/985"}],"up":[{"embeddable":true,"href":"https:\/\/agora.xtec.cat\/ceip-pilarinbayes\/wp-json\/wp\/v2\/pages\/22"}],"wp:attachment":[{"href":"https:\/\/agora.xtec.cat\/ceip-pilarinbayes\/wp-json\/wp\/v2\/media?parent=26"}],"curies":[{"name":"wp","href":"https:\/\/api.w.org\/{rel}","templated":true}]}}