{"id":22,"date":"2014-09-18T12:19:57","date_gmt":"2014-09-18T11:19:57","guid":{"rendered":"https:\/\/agora.xtec.cat\/ceip-pilarinbayes\/?page_id=22"},"modified":"2026-01-29T11:51:11","modified_gmt":"2026-01-29T10:51:11","slug":"lescola","status":"publish","type":"page","link":"https:\/\/agora.xtec.cat\/ceip-pilarinbayes\/lescola\/","title":{"rendered":"L&#8217;escola"},"content":{"rendered":"\n<p><strong>L\u2019escola Pilar\u00edn Bay\u00e9s<\/strong> \u00e9s un centre educatiu d&#8217;educaci\u00f3 Infantil i Prim\u00e0ria, que aposta per un model de creixement integral, oferint un espai on tots els infants puguin desenvolupar-se com a persones compromeses, capaces de contribuir a la millora del nostre futur i d\u2019assumir responsabilitats en el m\u00f3n que els tocar\u00e0 viure.<\/p>\n\n\n\n<p>Apostem per una escola innovadora, amb els recursos humans i materials necessaris per garantir un ensenyament de qualitat. Entenem l\u2019educaci\u00f3 com una tasca compartida entre escola, fam\u00edlies i alumnat, basada en la cooperaci\u00f3 i el treball conjunt.<\/p>\n\n\n\n<p>Ens definim com una escola <strong>catalana, participativa i oberta a tothom<\/strong>, amb una clara voluntat integradora. Valorem i respectem la diversitat en totes les seves formes \u2014f\u00edsica, ps\u00edquica, cultural i social\u2014 com a riquesa que fomenta la solidaritat i la conviv\u00e8ncia.<\/p>\n\n\n\n<p>Creiem en la diversitat com a punt de partida: cada infant \u00e9s \u00fanic i, per tant, necessita un acompanyament personalitzat i una mirada educativa que tingui en compte les seves necessitats i potencialitats.<\/p>\n\n\n\n<p>La nostra proposta pedag\u00f2gica parteix dels interessos de l\u2019alumnat i promou aprenentatges significatius a trav\u00e9s de l\u2019experimentaci\u00f3, el raonament, la comunicaci\u00f3, l\u2019expressi\u00f3, el desenvolupament art\u00edstic i la pr\u00e0ctica esportiva. Tot aix\u00f2, sense perdre de vista la import\u00e0ncia de l\u2019esfor\u00e7 com a motor per assolir nous reptes i superar objectius personals.<\/p>\n\n\n\n<p>Participem activament en projectes que enriqueixen la nostra tasca educativa, treballant conjuntament amb l\u2019AFA, l\u2019Ajuntament de Sant Quirze, l\u2019Ajuntament de Terrassa, l\u2019EAP, el Centre de Recursos Pedag\u00f2gics de Sabadell, el Departament d\u2019Educaci\u00f3 i Formaci\u00f3 Professional i altres entitats col\u00b7laboradores. A m\u00e9s, el <strong>Consell Escolar del centre<\/strong> actua com a m\u00e0xim \u00f2rgan de participaci\u00f3, representant tota la comunitat educativa.<\/p>\n","protected":false},"excerpt":{"rendered":"<p>L\u2019escola Pilar\u00edn Bay\u00e9s \u00e9s un centre educatiu d&#8217;educaci\u00f3 Infantil i Prim\u00e0ria, que aposta per un model de creixement integral, oferint un espai on tots els infants puguin desenvolupar-se com a persones compromeses, capaces de contribuir a la millora del nostre futur i d\u2019assumir responsabilitats en el m\u00f3n que els tocar\u00e0 viure. Apostem per una escola [&hellip;]<\/p>\n","protected":false},"author":1,"featured_media":0,"parent":0,"menu_order":0,"comment_status":"closed","ping_status":"closed","template":"","meta":{"site-sidebar-layout":"default","site-content-layout":"","ast-site-content-layout":"default","site-content-style":"default","site-sidebar-style":"default","ast-global-header-display":"","ast-banner-title-visibility":"","ast-main-header-display":"","ast-hfb-above-header-display":"","ast-hfb-below-header-display":"","ast-hfb-mobile-header-display":"","site-post-title":"","ast-breadcrumbs-content":"","ast-featured-img":"","footer-sml-layout":"","theme-transparent-header-meta":"","adv-header-id-meta":"","stick-header-meta":"","header-above-stick-meta":"","header-main-stick-meta":"","header-below-stick-meta":"","astra-migrate-meta-layouts":"set","ast-page-background-enabled":"default","ast-page-background-meta":{"desktop":{"background-color":"var(--ast-global-color-4)","background-image":"","background-repeat":"repeat","background-position":"center center","background-size":"auto","background-attachment":"scroll","background-type":"","background-media":"","overlay-type":"","overlay-color":"","overlay-opacity":"","overlay-gradient":""},"tablet":{"background-color":"","background-image":"","background-repeat":"repeat","background-position":"center center","background-size":"auto","background-attachment":"scroll","background-type":"","background-media":"","overlay-type":"","overlay-color":"","overlay-opacity":"","overlay-gradient":""},"mobile":{"background-color":"","background-image":"","background-repeat":"repeat","background-position":"center center","background-size":"auto","background-attachment":"scroll","background-type":"","background-media":"","overlay-type":"","overlay-color":"","overlay-opacity":"","overlay-gradient":""}},"ast-content-background-meta":{"desktop":{"background-color":"var(--ast-global-color-5)","background-image":"","background-repeat":"repeat","background-position":"center center","background-size":"auto","background-attachment":"scroll","background-type":"","background-media":"","overlay-type":"","overlay-color":"","overlay-opacity":"","overlay-gradient":""},"tablet":{"background-color":"var(--ast-global-color-5)","background-image":"","background-repeat":"repeat","background-position":"center center","background-size":"auto","background-attachment":"scroll","background-type":"","background-media":"","overlay-type":"","overlay-color":"","overlay-opacity":"","overlay-gradient":""},"mobile":{"background-color":"var(--ast-global-color-5)","background-image":"","background-repeat":"repeat","background-position":"center center","background-size":"auto","background-attachment":"scroll","background-type":"","background-media":"","overlay-type":"","overlay-color":"","overlay-opacity":"","overlay-gradient":""}},"footnotes":""},"class_list":["post-22","page","type-page","status-publish","hentry"],"post_mailing_queue_ids":[],"_links":{"self":[{"href":"https:\/\/agora.xtec.cat\/ceip-pilarinbayes\/wp-json\/wp\/v2\/pages\/22","targetHints":{"allow":["GET"]}}],"collection":[{"href":"https:\/\/agora.xtec.cat\/ceip-pilarinbayes\/wp-json\/wp\/v2\/pages"}],"about":[{"href":"https:\/\/agora.xtec.cat\/ceip-pilarinbayes\/wp-json\/wp\/v2\/types\/page"}],"author":[{"embeddable":true,"href":"https:\/\/agora.xtec.cat\/ceip-pilarinbayes\/wp-json\/wp\/v2\/users\/1"}],"replies":[{"embeddable":true,"href":"https:\/\/agora.xtec.cat\/ceip-pilarinbayes\/wp-json\/wp\/v2\/comments?post=22"}],"version-history":[{"count":5,"href":"https:\/\/agora.xtec.cat\/ceip-pilarinbayes\/wp-json\/wp\/v2\/pages\/22\/revisions"}],"predecessor-version":[{"id":1093,"href":"https:\/\/agora.xtec.cat\/ceip-pilarinbayes\/wp-json\/wp\/v2\/pages\/22\/revisions\/1093"}],"wp:attachment":[{"href":"https:\/\/agora.xtec.cat\/ceip-pilarinbayes\/wp-json\/wp\/v2\/media?parent=22"}],"curies":[{"name":"wp","href":"https:\/\/api.w.org\/{rel}","templated":true}]}}